{"id":448,"date":"2017-01-09T16:36:46","date_gmt":"2017-01-09T15:36:46","guid":{"rendered":"http:\/\/WWW.derivesdansleglisecatholique.fr\/?page_id=448"},"modified":"2017-11-29T17:07:13","modified_gmt":"2017-11-29T16:07:13","slug":"liens","status":"publish","type":"page","link":"http:\/\/WWW.derivesdansleglisecatholique.fr\/?page_id=448","title":{"rendered":"Liens"},"content":{"rendered":"<p><span style=\"color: #ffcc99;\">.<\/span><\/p>\n<p style=\"padding-left: 30px;\"><a href=\"https:\/\/www.ccmm.asso.fr\/\" target=\"_blank\" rel=\"noopener\"><img loading=\"lazy\" decoding=\"async\" class=\"alignnone wp-image-1287 size-medium\" src=\"http:\/\/derivesdansleglisecatholique.fr\/wp-content\/uploads\/2017\/08\/logo-ccmm-1-300x49.png\" alt=\"\" width=\"300\" height=\"49\" srcset=\"http:\/\/derivesdansleglisecatholique.fr\/wp-content\/uploads\/2017\/08\/logo-ccmm-1-300x49.png 300w, http:\/\/derivesdansleglisecatholique.fr\/wp-content\/uploads\/2017\/08\/logo-ccmm-1.png 568w\" sizes=\"auto, (max-width: 300px) 100vw, 300px\" \/><\/a><\/p>\n<p style=\"padding-left: 30px;\"><span style=\"font-family: times new roman,times,serif; font-size: 12pt;\">le CCMM d\u00e9fend la personne humaine contre toutes les formes de manipulations et d&#8217;emprises mentale d&rsquo;o\u00f9 qu&rsquo;elles viennent.<\/span><\/p>\n<p style=\"padding-left: 30px;\"><span style=\"color: #ffcc99;\">.<\/span><\/p>\n<p style=\"padding-left: 30px;\"><a href=\"http:\/\/apemc.fr\/\" target=\"_blank\" rel=\"noopener\"><img loading=\"lazy\" decoding=\"async\" class=\"alignnone wp-image-1289\" src=\"http:\/\/derivesdansleglisecatholique.fr\/wp-content\/uploads\/2017\/08\/siteon0-300x150.jpg\" alt=\"\" width=\"182\" height=\"91\" \/><\/a><\/p>\n<p style=\"padding-left: 30px;\"><span style=\"font-size: 12pt; font-family: times new roman,times,serif;\">Ce site a une triple vocation\u00a0:<br \/>\nil permet l\u2019\u00e9change entre familles d\u00e9sempar\u00e9es qui veulent comprendre,<br \/>\nil se veut un espace de ressources pour la recherche, dans de nombreux domaines\u00a0: philosophique, juridique, social, psychologique, m\u00e9dical, \u2026,<br \/>\nil est un espace d\u2019information pour le grand public<\/span><\/p>\n<p style=\"padding-left: 30px;\"><span style=\"color: #ffcc99;\">.<\/span><\/p>\n<p style=\"padding-left: 30px;\"><a href=\"http:\/\/pncds72.free.fr\/\" target=\"_blank\" rel=\"noopener\"><img loading=\"lazy\" decoding=\"async\" class=\"alignnone wp-image-1292\" src=\"http:\/\/derivesdansleglisecatholique.fr\/wp-content\/uploads\/2017\/08\/logopastorale.gif\" alt=\"\" width=\"130\" height=\"128\" \/><\/a><\/p>\n<p style=\"padding-left: 30px;\"><span style=\"font-size: 12pt; font-family: times new roman,times,serif;\"><span style=\"white-space: normal; word-spacing: 0px; text-transform: none; float: none; text-align: center; display: inline ! important; letter-spacing: normal; text-indent: 0px; font-variant-ligatures: normal; font-variant-caps: normal; -webkit-text-stroke-width: 0px;\">Pastorale Nouvelles Croyances <\/span><span style=\"white-space: normal; word-spacing: 0px; text-transform: none; float: none; text-align: center; display: inline ! important; letter-spacing: normal; text-indent: 0px; font-variant-ligatures: normal; font-variant-caps: normal; -webkit-text-stroke-width: 0px;\">et D\u00e9rives Sectaires<span class=\"Apple-converted-space\">\u00a0<\/span><\/span><span class=\"titre72\" style=\"white-space: normal; word-spacing: 0px; text-transform: none; text-align: center; letter-spacing: normal; text-indent: 0px; font-variant-ligatures: normal; font-variant-caps: normal; -webkit-text-stroke-width: 0px;\">72<\/span><\/span><\/p>\n<p>&nbsp;<\/p>\n<p style=\"padding-left: 30px;\"><a href=\"http:\/\/sosdiscernement.org\/\" target=\"_blank\" rel=\"noopener\"><img loading=\"lazy\" decoding=\"async\" class=\"alignnone wp-image-1431 size-full\" src=\"http:\/\/derivesdansleglisecatholique.fr\/wp-content\/uploads\/2017\/10\/cropped-logo-discernement-1-1.png\" alt=\"\" width=\"240\" height=\"259\" \/><\/a><\/p>\n<p style=\"padding-left: 30px;\"><span style=\"font-family: times new roman,times,serif; font-size: 12pt;\">Celui qui fait la v\u00e9rit\u00e9 vient \u00e0 la lumi\u00e8re<\/span><\/p>\n<p style=\"padding-left: 30px;\"><a href=\"http:\/\/www.gemppi.org\/accueil\/\" target=\"_blank\" rel=\"noopener\"><img loading=\"lazy\" decoding=\"async\" class=\"alignnone wp-image-2438 size-medium\" src=\"http:\/\/derivesdansleglisecatholique.fr\/wp-content\/uploads\/2017\/11\/GEMPPI-oiseaux-300x187.jpg\" alt=\"\" width=\"300\" height=\"187\" srcset=\"http:\/\/derivesdansleglisecatholique.fr\/wp-content\/uploads\/2017\/11\/GEMPPI-oiseaux-300x187.jpg 300w, http:\/\/derivesdansleglisecatholique.fr\/wp-content\/uploads\/2017\/11\/GEMPPI-oiseaux.jpg 462w\" sizes=\"auto, (max-width: 300px) 100vw, 300px\" \/><\/a><\/p>\n<p style=\"padding-left: 30px;\"><span style=\"font-family: times new roman, times, serif;\">Groupe d\u2019\u00c9tude des Mouvements de Pens\u00e9e en vue de la Protection de l\u2019Individu<\/span><\/p>\n<p><span style=\"color: #ffcc99;\">.<\/span><\/p>\n","protected":false},"excerpt":{"rendered":"<p>. le CCMM d\u00e9fend la personne humaine contre toutes les formes de manipulations et d&#8217;emprises mentale d&rsquo;o\u00f9 qu&rsquo;elles viennent. . Ce site a une triple vocation\u00a0: il permet l\u2019\u00e9change entre familles d\u00e9sempar\u00e9es qui veulent comprendre, il se veut un espace de ressources pour la recherche, dans de nombreux domaines\u00a0: philosophique, juridique, social, psychologique, m\u00e9dical, \u2026, <span class=\"ellipsis\">&hellip;<\/span> <span class=\"more-link-wrap\"><a href=\"http:\/\/WWW.derivesdansleglisecatholique.fr\/?page_id=448\" class=\"more-link\"><span>Read More &rarr;<\/span><\/a><\/span><\/p>\n","protected":false},"author":2,"featured_media":0,"parent":0,"menu_order":0,"comment_status":"closed","ping_status":"closed","template":"","meta":{"footnotes":""},"class_list":["post-448","page","type-page","status-publish","hentry"],"yoast_head":"<!-- This site is optimized with the Yoast SEO plugin v27.4 - https:\/\/yoast.com\/product\/yoast-seo-wordpress\/ -->\n<title>Liens - D\u00e9rives dans l&#039;eglise catholique<\/title>\n<meta name=\"robots\" content=\"index, follow, max-snippet:-1, max-image-preview:large, max-video-preview:-1\" \/>\n<link rel=\"canonical\" href=\"http:\/\/WWW.derivesdansleglisecatholique.fr\/?page_id=448\" \/>\n<meta property=\"og:locale\" content=\"fr_FR\" \/>\n<meta property=\"og:type\" content=\"article\" \/>\n<meta property=\"og:title\" content=\"Liens - D\u00e9rives dans l&#039;eglise catholique\" \/>\n<meta property=\"og:description\" content=\". le CCMM d\u00e9fend la personne humaine contre toutes les formes de manipulations et d&#8217;emprises mentale d&rsquo;o\u00f9 qu&rsquo;elles viennent. . Ce site a une triple vocation\u00a0: il permet l\u2019\u00e9change entre familles d\u00e9sempar\u00e9es qui veulent comprendre, il se veut un espace de ressources pour la recherche, dans de nombreux domaines\u00a0: philosophique, juridique, social, psychologique, m\u00e9dical, \u2026, &hellip; Read More &rarr;\" \/>\n<meta property=\"og:url\" content=\"http:\/\/WWW.derivesdansleglisecatholique.fr\/?page_id=448\" \/>\n<meta property=\"og:site_name\" content=\"D\u00e9rives dans l&#039;eglise catholique\" \/>\n<meta property=\"article:modified_time\" content=\"2017-11-29T16:07:13+00:00\" \/>\n<meta property=\"og:image\" content=\"http:\/\/derivesdansleglisecatholique.fr\/wp-content\/uploads\/2017\/08\/logo-ccmm-1-300x49.png\" \/>\n<meta name=\"twitter:label1\" content=\"Dur\u00e9e de lecture estim\u00e9e\" \/>\n\t<meta name=\"twitter:data1\" content=\"1 minute\" \/>\n<script type=\"application\/ld+json\" class=\"yoast-schema-graph\">{\"@context\":\"https:\\\/\\\/schema.org\",\"@graph\":[{\"@type\":\"WebPage\",\"@id\":\"http:\\\/\\\/WWW.derivesdansleglisecatholique.fr\\\/?page_id=448\",\"url\":\"http:\\\/\\\/WWW.derivesdansleglisecatholique.fr\\\/?page_id=448\",\"name\":\"Liens - D\u00e9rives dans l&#039;eglise catholique\",\"isPartOf\":{\"@id\":\"https:\\\/\\\/WWW.derivesdansleglisecatholique.fr\\\/#website\"},\"primaryImageOfPage\":{\"@id\":\"http:\\\/\\\/WWW.derivesdansleglisecatholique.fr\\\/?page_id=448#primaryimage\"},\"image\":{\"@id\":\"http:\\\/\\\/WWW.derivesdansleglisecatholique.fr\\\/?page_id=448#primaryimage\"},\"thumbnailUrl\":\"http:\\\/\\\/derivesdansleglisecatholique.fr\\\/wp-content\\\/uploads\\\/2017\\\/08\\\/logo-ccmm-1-300x49.png\",\"datePublished\":\"2017-01-09T15:36:46+00:00\",\"dateModified\":\"2017-11-29T16:07:13+00:00\",\"breadcrumb\":{\"@id\":\"http:\\\/\\\/WWW.derivesdansleglisecatholique.fr\\\/?page_id=448#breadcrumb\"},\"inLanguage\":\"fr-FR\",\"potentialAction\":[{\"@type\":\"ReadAction\",\"target\":[\"http:\\\/\\\/WWW.derivesdansleglisecatholique.fr\\\/?page_id=448\"]}]},{\"@type\":\"ImageObject\",\"inLanguage\":\"fr-FR\",\"@id\":\"http:\\\/\\\/WWW.derivesdansleglisecatholique.fr\\\/?page_id=448#primaryimage\",\"url\":\"http:\\\/\\\/derivesdansleglisecatholique.fr\\\/wp-content\\\/uploads\\\/2017\\\/08\\\/logo-ccmm-1-300x49.png\",\"contentUrl\":\"http:\\\/\\\/derivesdansleglisecatholique.fr\\\/wp-content\\\/uploads\\\/2017\\\/08\\\/logo-ccmm-1-300x49.png\"},{\"@type\":\"BreadcrumbList\",\"@id\":\"http:\\\/\\\/WWW.derivesdansleglisecatholique.fr\\\/?page_id=448#breadcrumb\",\"itemListElement\":[{\"@type\":\"ListItem\",\"position\":1,\"name\":\"Accueil\",\"item\":\"https:\\\/\\\/WWW.derivesdansleglisecatholique.fr\\\/\"},{\"@type\":\"ListItem\",\"position\":2,\"name\":\"Liens\"}]},{\"@type\":\"WebSite\",\"@id\":\"https:\\\/\\\/WWW.derivesdansleglisecatholique.fr\\\/#website\",\"url\":\"https:\\\/\\\/WWW.derivesdansleglisecatholique.fr\\\/\",\"name\":\"D\u00e9rives dans l&#039;eglise catholique\",\"description\":\"Justice et V\u00e9rit\u00e9 pour les familles\",\"potentialAction\":[{\"@type\":\"SearchAction\",\"target\":{\"@type\":\"EntryPoint\",\"urlTemplate\":\"https:\\\/\\\/WWW.derivesdansleglisecatholique.fr\\\/?s={search_term_string}\"},\"query-input\":{\"@type\":\"PropertyValueSpecification\",\"valueRequired\":true,\"valueName\":\"search_term_string\"}}],\"inLanguage\":\"fr-FR\"}]}<\/script>\n<!-- \/ Yoast SEO plugin. -->","yoast_head_json":{"title":"Liens - D\u00e9rives dans l&#039;eglise catholique","robots":{"index":"index","follow":"follow","max-snippet":"max-snippet:-1","max-image-preview":"max-image-preview:large","max-video-preview":"max-video-preview:-1"},"canonical":"http:\/\/WWW.derivesdansleglisecatholique.fr\/?page_id=448","og_locale":"fr_FR","og_type":"article","og_title":"Liens - D\u00e9rives dans l&#039;eglise catholique","og_description":". le CCMM d\u00e9fend la personne humaine contre toutes les formes de manipulations et d&#8217;emprises mentale d&rsquo;o\u00f9 qu&rsquo;elles viennent. . Ce site a une triple vocation\u00a0: il permet l\u2019\u00e9change entre familles d\u00e9sempar\u00e9es qui veulent comprendre, il se veut un espace de ressources pour la recherche, dans de nombreux domaines\u00a0: philosophique, juridique, social, psychologique, m\u00e9dical, \u2026, &hellip; Read More &rarr;","og_url":"http:\/\/WWW.derivesdansleglisecatholique.fr\/?page_id=448","og_site_name":"D\u00e9rives dans l&#039;eglise catholique","article_modified_time":"2017-11-29T16:07:13+00:00","og_image":[{"url":"http:\/\/derivesdansleglisecatholique.fr\/wp-content\/uploads\/2017\/08\/logo-ccmm-1-300x49.png","type":"","width":"","height":""}],"twitter_misc":{"Dur\u00e9e de lecture estim\u00e9e":"1 minute"},"schema":{"@context":"https:\/\/schema.org","@graph":[{"@type":"WebPage","@id":"http:\/\/WWW.derivesdansleglisecatholique.fr\/?page_id=448","url":"http:\/\/WWW.derivesdansleglisecatholique.fr\/?page_id=448","name":"Liens - D\u00e9rives dans l&#039;eglise catholique","isPartOf":{"@id":"https:\/\/WWW.derivesdansleglisecatholique.fr\/#website"},"primaryImageOfPage":{"@id":"http:\/\/WWW.derivesdansleglisecatholique.fr\/?page_id=448#primaryimage"},"image":{"@id":"http:\/\/WWW.derivesdansleglisecatholique.fr\/?page_id=448#primaryimage"},"thumbnailUrl":"http:\/\/derivesdansleglisecatholique.fr\/wp-content\/uploads\/2017\/08\/logo-ccmm-1-300x49.png","datePublished":"2017-01-09T15:36:46+00:00","dateModified":"2017-11-29T16:07:13+00:00","breadcrumb":{"@id":"http:\/\/WWW.derivesdansleglisecatholique.fr\/?page_id=448#breadcrumb"},"inLanguage":"fr-FR","potentialAction":[{"@type":"ReadAction","target":["http:\/\/WWW.derivesdansleglisecatholique.fr\/?page_id=448"]}]},{"@type":"ImageObject","inLanguage":"fr-FR","@id":"http:\/\/WWW.derivesdansleglisecatholique.fr\/?page_id=448#primaryimage","url":"http:\/\/derivesdansleglisecatholique.fr\/wp-content\/uploads\/2017\/08\/logo-ccmm-1-300x49.png","contentUrl":"http:\/\/derivesdansleglisecatholique.fr\/wp-content\/uploads\/2017\/08\/logo-ccmm-1-300x49.png"},{"@type":"BreadcrumbList","@id":"http:\/\/WWW.derivesdansleglisecatholique.fr\/?page_id=448#breadcrumb","itemListElement":[{"@type":"ListItem","position":1,"name":"Accueil","item":"https:\/\/WWW.derivesdansleglisecatholique.fr\/"},{"@type":"ListItem","position":2,"name":"Liens"}]},{"@type":"WebSite","@id":"https:\/\/WWW.derivesdansleglisecatholique.fr\/#website","url":"https:\/\/WWW.derivesdansleglisecatholique.fr\/","name":"D\u00e9rives dans l&#039;eglise catholique","description":"Justice et V\u00e9rit\u00e9 pour les familles","potentialAction":[{"@type":"SearchAction","target":{"@type":"EntryPoint","urlTemplate":"https:\/\/WWW.derivesdansleglisecatholique.fr\/?s={search_term_string}"},"query-input":{"@type":"PropertyValueSpecification","valueRequired":true,"valueName":"search_term_string"}}],"inLanguage":"fr-FR"}]}},"_links":{"self":[{"href":"http:\/\/WWW.derivesdansleglisecatholique.fr\/index.php?rest_route=\/wp\/v2\/pages\/448","targetHints":{"allow":["GET"]}}],"collection":[{"href":"http:\/\/WWW.derivesdansleglisecatholique.fr\/index.php?rest_route=\/wp\/v2\/pages"}],"about":[{"href":"http:\/\/WWW.derivesdansleglisecatholique.fr\/index.php?rest_route=\/wp\/v2\/types\/page"}],"author":[{"embeddable":true,"href":"http:\/\/WWW.derivesdansleglisecatholique.fr\/index.php?rest_route=\/wp\/v2\/users\/2"}],"replies":[{"embeddable":true,"href":"http:\/\/WWW.derivesdansleglisecatholique.fr\/index.php?rest_route=%2Fwp%2Fv2%2Fcomments&post=448"}],"version-history":[{"count":17,"href":"http:\/\/WWW.derivesdansleglisecatholique.fr\/index.php?rest_route=\/wp\/v2\/pages\/448\/revisions"}],"predecessor-version":[{"id":2439,"href":"http:\/\/WWW.derivesdansleglisecatholique.fr\/index.php?rest_route=\/wp\/v2\/pages\/448\/revisions\/2439"}],"wp:attachment":[{"href":"http:\/\/WWW.derivesdansleglisecatholique.fr\/index.php?rest_route=%2Fwp%2Fv2%2Fmedia&parent=448"}],"curies":[{"name":"wp","href":"https:\/\/api.w.org\/{rel}","templated":true}]}}