{"id":460,"date":"2017-01-10T14:56:50","date_gmt":"2017-01-10T13:56:50","guid":{"rendered":"http:\/\/WWW.derivesdansleglisecatholique.fr\/?page_id=460"},"modified":"2017-01-10T15:09:14","modified_gmt":"2017-01-10T14:09:14","slug":"paroles-dex-communautaires","status":"publish","type":"page","link":"http:\/\/WWW.derivesdansleglisecatholique.fr\/?page_id=460","title":{"rendered":"Paroles d&rsquo;ex-communautaires"},"content":{"rendered":"<p><span style=\"color: #ffcc99;\">.<\/span><\/p>\n<p style=\"padding-left: 30px;\"><span style=\"font-family: times new roman,times,serif; font-size: 12pt;\">&#8211; \u00ab\u00a0Parler du rapport avec les familles est quelque chose de douloureux, car la rupture avec les proches est ce qui fragilise le plus. Rentrer \u00e0 la communaut\u00e9 signifie renoncer au monde, mais en plus c&rsquo;est justifi\u00e9 parce que le monde est mauvais en soi, que ceux qui l&rsquo;habitent sont donc des ti\u00e8des car ils n&rsquo;ont pas choisis la \u00ab radicalit\u00e9 de vie \u00bb de la communaut\u00e9, et sont plus ou moins en connivence avec le diable. Rentrer \u00e0 la communaut\u00e9 c&rsquo;est aussi renoncer \u00e0 son pass\u00e9, a ses racines, a son identit\u00e9, a ceux qui sont signe de ce pass\u00e9, ses proches et sa famille. Sauf si la famille est elle-m\u00eame proche de la communaut\u00e9, ou donne de l&rsquo;argent\u2026.\u00a0\u00bb<\/span><\/p>\n<p style=\"padding-left: 30px;\"><span style=\"color: #ffcc99;\">.<\/span><\/p>\n<p style=\"padding-left: 30px;\"><span style=\"font-family: times new roman,times,serif; font-size: 12pt;\">&#8211; \u00ab\u00a0Quatorze ans, cela fait quatorze ans que j&rsquo;ai quitt\u00e9 cette communaut\u00e9 charismatique, et ce v\u00e9cu empoisonne toujours ma vie, comme un abc\u00e8s purulent qui n&rsquo;en fini pas de suinter, et parfois d&rsquo;\u00eatre \u00e9corch\u00e9 par les exp\u00e9riences de la vie quotidienne.\u00a0\u00bb<\/span><\/p>\n<p style=\"padding-left: 30px;\"><span style=\"color: #ffcc99;\">.<\/span><\/p>\n<p style=\"padding-left: 30px;\"><span style=\"font-family: times new roman,times,serif; font-size: 12pt;\">&#8211; \u00ab J\u2019\u00e9tais dans un perp\u00e9tuel \u00e9tat d&rsquo;\u00e9puisement, les journ\u00e9es \u00e9taient longues (de 7h le matin jusqu&rsquo;\u00e0 22h apr\u00e8s complies), bien remplies. L&rsquo;impression aussi de travailler toujours dans l&rsquo;urgence, justifi\u00e9e par la fin des temps prochaine, mais qui occasionnait stress et fatigue parce qu&rsquo;on devait s&rsquo;adapter en permanence.\u00a0\u00bb<\/span><\/p>\n<p><span style=\"color: #ffcc99;\">.<\/span><\/p>\n","protected":false},"excerpt":{"rendered":"<p>. &#8211; \u00ab\u00a0Parler du rapport avec les familles est quelque chose de douloureux, car la rupture avec les proches est ce qui fragilise le plus. Rentrer \u00e0 la communaut\u00e9 signifie renoncer au monde, mais en plus c&rsquo;est justifi\u00e9 parce que le monde est mauvais en soi, que ceux qui l&rsquo;habitent sont donc des ti\u00e8des car <span class=\"ellipsis\">&hellip;<\/span> <span class=\"more-link-wrap\"><a href=\"http:\/\/WWW.derivesdansleglisecatholique.fr\/?page_id=460\" class=\"more-link\"><span>Read More &rarr;<\/span><\/a><\/span><\/p>\n","protected":false},"author":3,"featured_media":0,"parent":0,"menu_order":0,"comment_status":"closed","ping_status":"closed","template":"","meta":{"footnotes":""},"class_list":["post-460","page","type-page","status-publish","hentry"],"yoast_head":"<!-- This site is optimized with the Yoast SEO plugin v27.4 - https:\/\/yoast.com\/product\/yoast-seo-wordpress\/ -->\n<title>Paroles d&#039;ex-communautaires - D\u00e9rives dans l&#039;eglise catholique<\/title>\n<meta name=\"robots\" content=\"index, follow, max-snippet:-1, max-image-preview:large, max-video-preview:-1\" \/>\n<link rel=\"canonical\" href=\"http:\/\/WWW.derivesdansleglisecatholique.fr\/?page_id=460\" \/>\n<meta property=\"og:locale\" content=\"fr_FR\" \/>\n<meta property=\"og:type\" content=\"article\" \/>\n<meta property=\"og:title\" content=\"Paroles d&#039;ex-communautaires - D\u00e9rives dans l&#039;eglise catholique\" \/>\n<meta property=\"og:description\" content=\". &#8211; \u00ab\u00a0Parler du rapport avec les familles est quelque chose de douloureux, car la rupture avec les proches est ce qui fragilise le plus. Rentrer \u00e0 la communaut\u00e9 signifie renoncer au monde, mais en plus c&rsquo;est justifi\u00e9 parce que le monde est mauvais en soi, que ceux qui l&rsquo;habitent sont donc des ti\u00e8des car &hellip; Read More &rarr;\" \/>\n<meta property=\"og:url\" content=\"http:\/\/WWW.derivesdansleglisecatholique.fr\/?page_id=460\" \/>\n<meta property=\"og:site_name\" content=\"D\u00e9rives dans l&#039;eglise catholique\" \/>\n<meta property=\"article:modified_time\" content=\"2017-01-10T14:09:14+00:00\" \/>\n<meta name=\"twitter:label1\" content=\"Dur\u00e9e de lecture estim\u00e9e\" \/>\n\t<meta name=\"twitter:data1\" content=\"1 minute\" \/>\n<script type=\"application\/ld+json\" class=\"yoast-schema-graph\">{\"@context\":\"https:\\\/\\\/schema.org\",\"@graph\":[{\"@type\":\"WebPage\",\"@id\":\"http:\\\/\\\/WWW.derivesdansleglisecatholique.fr\\\/?page_id=460\",\"url\":\"http:\\\/\\\/WWW.derivesdansleglisecatholique.fr\\\/?page_id=460\",\"name\":\"Paroles d'ex-communautaires - D\u00e9rives dans l&#039;eglise catholique\",\"isPartOf\":{\"@id\":\"http:\\\/\\\/WWW.derivesdansleglisecatholique.fr\\\/#website\"},\"datePublished\":\"2017-01-10T13:56:50+00:00\",\"dateModified\":\"2017-01-10T14:09:14+00:00\",\"breadcrumb\":{\"@id\":\"http:\\\/\\\/WWW.derivesdansleglisecatholique.fr\\\/?page_id=460#breadcrumb\"},\"inLanguage\":\"fr-FR\",\"potentialAction\":[{\"@type\":\"ReadAction\",\"target\":[\"http:\\\/\\\/WWW.derivesdansleglisecatholique.fr\\\/?page_id=460\"]}]},{\"@type\":\"BreadcrumbList\",\"@id\":\"http:\\\/\\\/WWW.derivesdansleglisecatholique.fr\\\/?page_id=460#breadcrumb\",\"itemListElement\":[{\"@type\":\"ListItem\",\"position\":1,\"name\":\"Accueil\",\"item\":\"http:\\\/\\\/WWW.derivesdansleglisecatholique.fr\\\/\"},{\"@type\":\"ListItem\",\"position\":2,\"name\":\"Paroles d&rsquo;ex-communautaires\"}]},{\"@type\":\"WebSite\",\"@id\":\"http:\\\/\\\/WWW.derivesdansleglisecatholique.fr\\\/#website\",\"url\":\"http:\\\/\\\/WWW.derivesdansleglisecatholique.fr\\\/\",\"name\":\"D\u00e9rives dans l&#039;eglise catholique\",\"description\":\"Justice et V\u00e9rit\u00e9 pour les familles\",\"potentialAction\":[{\"@type\":\"SearchAction\",\"target\":{\"@type\":\"EntryPoint\",\"urlTemplate\":\"http:\\\/\\\/WWW.derivesdansleglisecatholique.fr\\\/?s={search_term_string}\"},\"query-input\":{\"@type\":\"PropertyValueSpecification\",\"valueRequired\":true,\"valueName\":\"search_term_string\"}}],\"inLanguage\":\"fr-FR\"}]}<\/script>\n<!-- \/ Yoast SEO plugin. -->","yoast_head_json":{"title":"Paroles d'ex-communautaires - D\u00e9rives dans l&#039;eglise catholique","robots":{"index":"index","follow":"follow","max-snippet":"max-snippet:-1","max-image-preview":"max-image-preview:large","max-video-preview":"max-video-preview:-1"},"canonical":"http:\/\/WWW.derivesdansleglisecatholique.fr\/?page_id=460","og_locale":"fr_FR","og_type":"article","og_title":"Paroles d'ex-communautaires - D\u00e9rives dans l&#039;eglise catholique","og_description":". &#8211; \u00ab\u00a0Parler du rapport avec les familles est quelque chose de douloureux, car la rupture avec les proches est ce qui fragilise le plus. Rentrer \u00e0 la communaut\u00e9 signifie renoncer au monde, mais en plus c&rsquo;est justifi\u00e9 parce que le monde est mauvais en soi, que ceux qui l&rsquo;habitent sont donc des ti\u00e8des car &hellip; Read More &rarr;","og_url":"http:\/\/WWW.derivesdansleglisecatholique.fr\/?page_id=460","og_site_name":"D\u00e9rives dans l&#039;eglise catholique","article_modified_time":"2017-01-10T14:09:14+00:00","twitter_misc":{"Dur\u00e9e de lecture estim\u00e9e":"1 minute"},"schema":{"@context":"https:\/\/schema.org","@graph":[{"@type":"WebPage","@id":"http:\/\/WWW.derivesdansleglisecatholique.fr\/?page_id=460","url":"http:\/\/WWW.derivesdansleglisecatholique.fr\/?page_id=460","name":"Paroles d'ex-communautaires - D\u00e9rives dans l&#039;eglise catholique","isPartOf":{"@id":"http:\/\/WWW.derivesdansleglisecatholique.fr\/#website"},"datePublished":"2017-01-10T13:56:50+00:00","dateModified":"2017-01-10T14:09:14+00:00","breadcrumb":{"@id":"http:\/\/WWW.derivesdansleglisecatholique.fr\/?page_id=460#breadcrumb"},"inLanguage":"fr-FR","potentialAction":[{"@type":"ReadAction","target":["http:\/\/WWW.derivesdansleglisecatholique.fr\/?page_id=460"]}]},{"@type":"BreadcrumbList","@id":"http:\/\/WWW.derivesdansleglisecatholique.fr\/?page_id=460#breadcrumb","itemListElement":[{"@type":"ListItem","position":1,"name":"Accueil","item":"http:\/\/WWW.derivesdansleglisecatholique.fr\/"},{"@type":"ListItem","position":2,"name":"Paroles d&rsquo;ex-communautaires"}]},{"@type":"WebSite","@id":"http:\/\/WWW.derivesdansleglisecatholique.fr\/#website","url":"http:\/\/WWW.derivesdansleglisecatholique.fr\/","name":"D\u00e9rives dans l&#039;eglise catholique","description":"Justice et V\u00e9rit\u00e9 pour les familles","potentialAction":[{"@type":"SearchAction","target":{"@type":"EntryPoint","urlTemplate":"http:\/\/WWW.derivesdansleglisecatholique.fr\/?s={search_term_string}"},"query-input":{"@type":"PropertyValueSpecification","valueRequired":true,"valueName":"search_term_string"}}],"inLanguage":"fr-FR"}]}},"_links":{"self":[{"href":"http:\/\/WWW.derivesdansleglisecatholique.fr\/index.php?rest_route=\/wp\/v2\/pages\/460","targetHints":{"allow":["GET"]}}],"collection":[{"href":"http:\/\/WWW.derivesdansleglisecatholique.fr\/index.php?rest_route=\/wp\/v2\/pages"}],"about":[{"href":"http:\/\/WWW.derivesdansleglisecatholique.fr\/index.php?rest_route=\/wp\/v2\/types\/page"}],"author":[{"embeddable":true,"href":"http:\/\/WWW.derivesdansleglisecatholique.fr\/index.php?rest_route=\/wp\/v2\/users\/3"}],"replies":[{"embeddable":true,"href":"http:\/\/WWW.derivesdansleglisecatholique.fr\/index.php?rest_route=%2Fwp%2Fv2%2Fcomments&post=460"}],"version-history":[{"count":4,"href":"http:\/\/WWW.derivesdansleglisecatholique.fr\/index.php?rest_route=\/wp\/v2\/pages\/460\/revisions"}],"predecessor-version":[{"id":469,"href":"http:\/\/WWW.derivesdansleglisecatholique.fr\/index.php?rest_route=\/wp\/v2\/pages\/460\/revisions\/469"}],"wp:attachment":[{"href":"http:\/\/WWW.derivesdansleglisecatholique.fr\/index.php?rest_route=%2Fwp%2Fv2%2Fmedia&parent=460"}],"curies":[{"name":"wp","href":"https:\/\/api.w.org\/{rel}","templated":true}]}}