{"id":522,"date":"2017-01-16T16:04:01","date_gmt":"2017-01-16T15:04:01","guid":{"rendered":"http:\/\/WWW.derivesdansleglisecatholique.fr\/?page_id=522"},"modified":"2018-02-22T15:34:36","modified_gmt":"2018-02-22T14:34:36","slug":"la-jouissance-des-gourous","status":"publish","type":"page","link":"http:\/\/WWW.derivesdansleglisecatholique.fr\/?page_id=522","title":{"rendered":"La jouissance des gourous"},"content":{"rendered":"<p>&nbsp;<\/p>\n<p style=\"text-align: center; padding-left: 30px;\"><a href=\"http:\/\/derivesdansleglisecatholique.fr\/wp-content\/uploads\/2018\/02\/wolf-2227541_960_720.jpg\"><img loading=\"lazy\" decoding=\"async\" class=\"alignnone size-medium wp-image-4136\" src=\"http:\/\/derivesdansleglisecatholique.fr\/wp-content\/uploads\/2018\/02\/wolf-2227541_960_720-300x200.jpg\" alt=\"\" width=\"300\" height=\"200\" \/><\/a><\/p>\n<p>&nbsp;<\/p>\n<p style=\"padding-left: 30px;\"><span style=\"font-family: 'times new roman', times, serif; font-size: 12pt;\">Le gourou a grav\u00e9 dans la m\u00e9moire d\u2019un jeune, par implants successifs et r\u00e9p\u00e9t\u00e9s, de faux souvenirs, au moyen du psycho-spirituel.<\/span><\/p>\n<p style=\"padding-left: 30px;\"><span style=\"font-family: 'times new roman', times, serif; font-size: 12pt;\">Pour arriver \u00e0 ses fins, c\u2019est-\u00e0-dire d\u00e9truire, asservir ce jeune, le gourou va m\u00e9ticuleusement, patiemment l\u2019amener \u00e0 couper les liens affectifs qui l\u2019unissent \u00e0 ses parents, \u00e0 sa famille, \u00a0pourtant ces liens sont profonds et puissants.\u00a0<\/span><span style=\"font-family: 'times new roman', times, serif; font-size: 12pt;\">Plus la famille est unie, plus la violence de destruction sera puissante. Le pire est au rendez-vous.<\/span><\/p>\n<p style=\"padding-left: 30px;\"><span style=\"color: #ffcc99;\">.<\/span><\/p>\n<p style=\"padding-left: 30px;\"><span style=\"font-family: 'times new roman', times, serif; font-size: 12pt;\">Le jeune, manipul\u00e9, instrumentalis\u00e9 par le gourou, portera des accusations graves contre son p\u00e8re, sa m\u00e8re, accusations de maltraitances ou d\u2019inceste. L\u2019horreur a frapp\u00e9 avec moult d\u00e9tails plus glauques les uns que les autres puis\u00e9s dans l\u2019\u00e9gout psycho-spirituel. Certains parents se sont adress\u00e9s au procureur de la R\u00e9publique et des enqu\u00eates ont \u00e9t\u00e9 instruites concluant en l\u2019innocence des parents.<\/span><\/p>\n<p style=\"padding-left: 30px;\"><span style=\"color: #ffcc99;\">.<\/span><\/p>\n<p style=\"padding-left: 30px;\"><span style=\"font-family: 'times new roman', times, serif; font-size: 12pt;\">Les parents auraient pu se retourner contre leur enfant en portant plainte et tr\u00e8s certainement gagner le proc\u00e8s. Ce passage \u00e0 l\u2019acte n\u2019a pas \u00e9t\u00e9 franchi parce que le gourou \u00e0 l\u2019affut n\u2019attendait que ce faux pas et assister \u00e0 la destruction mutuelle parents et enfants face \u00e0 face et lui, manipulant le jeune au gr\u00e9 de sa jouissance. La descente au\u00a0 tombeau \u00a0pour leur enfant.<\/span><\/p>\n<p style=\"padding-left: 30px;\"><span style=\"color: #ffcc99;\">.<\/span><\/p>\n<p style=\"padding-left: 30px;\"><span style=\"font-family: 'times new roman', times, serif; font-size: 12pt;\">Ceci ne vous rappelle t-il pas certaines pratiques terrifiantes d\u2019une\u00a0 id\u00e9ologie ? Pourtant, les gourous sont des t\u00eates de proue de \u00ab\u00a0la civilisation de l\u2019amour\u00a0\u00bb mise au monde par Jean-Paul II dans ladite mouvance charismatique qui pr\u00f4ne l\u2019ersatz de l\u2019amour, de la mis\u00e9ricorde, et toute une autre kyrielle l\u00e9nifiante insupportable \u00e0 entendre pour ceux qui en connaissent, et en subissent la face cach\u00e9e. Le visage terrifiant d\u2019une id\u00e9ologie totalitaire. Un gourou disait \u00e0 un pr\u00eatre qui t\u00e9moigne, en parlant avec haine d\u2019un p\u00e8re de famille malade\u00a0qui voulait revoir son enfant: \u00ab\u00a0il n\u2019en finit pas de mourir\u2026\u00a0\u00bb<\/span><\/p>\n<p style=\"padding-left: 30px;\"><span style=\"color: #ffcc99;\">.<\/span><\/p>\n<p style=\"padding-left: 30px;\"><span style=\"font-family: 'times new roman', times, serif; font-size: 12pt;\">Les gourous se trouvent sous l\u2019autorit\u00e9 de l\u2019\u00e9piscopat qui peut agir et laisse courir. Les responsables eccl\u00e9siaux estiment que les jeunes sont majeurs et libres. Quel cynisme! Aurons-nous droit dans quelques ann\u00e9es, apr\u00e8s combien de morts,\u00a0 au th\u00e9\u00e2tre de boulevard de leurs messes de repentance, ou \u00e0 des interventions m\u00e9diatiques affligeantes comme celle d\u2019un certain monseigneur qui bat ridiculement sa coulpe bien avant car\u00eame. Nous sommes dans Feydeau\u00a0! Personne n\u2019est dupe.<\/span><\/p>\n<p style=\"padding-left: 30px;\"><span style=\"color: #ffcc99;\">.<\/span><\/p>\n<p style=\"padding-left: 30px;\"><span style=\"font-family: 'times new roman', times, serif; font-size: 12pt;\">Certains parents, en lisant ces lignes, penseront qu\u2019il s\u2019agit d\u2019un \u00e9piph\u00e9nom\u00e8ne, que nous exag\u00e9rons, \u00a0qu\u2019ils ne peuvent \u00eatre concern\u00e9s. C\u2019est bien connu cela n\u2019arrive qu\u2019aux autres\u2026 Nous leur disons que le tsunami est galopant. Pour exemple\u00a0: une seule session de \u00ab\u00a0relecture de vie\u00a0\u00bb tracte plusieurs centaines de jeunes. Devant l\u2019inflation de ces propositions faites sous diverses appellations,\u00a0\u00a0 combien de jeunes, de familles vont \u00eatre touch\u00e9s\u00a0? Notre r\u00f4le est d\u2019alerter, chacun en fera ce qu\u2019il voudra, en conscience.<\/span><\/p>\n<p style=\"padding-left: 30px;\"><span style=\"color: #ffcc99;\">.<\/span><\/p>\n","protected":false},"excerpt":{"rendered":"<p>&nbsp; &nbsp; Le gourou a grav\u00e9 dans la m\u00e9moire d\u2019un jeune, par implants successifs et r\u00e9p\u00e9t\u00e9s, de faux souvenirs, au moyen du psycho-spirituel. Pour arriver \u00e0 ses fins, c\u2019est-\u00e0-dire d\u00e9truire, asservir ce jeune, le gourou va m\u00e9ticuleusement, patiemment l\u2019amener \u00e0 couper les liens affectifs qui l\u2019unissent \u00e0 ses parents, \u00e0 sa famille, \u00a0pourtant ces liens <span class=\"ellipsis\">&hellip;<\/span> <span class=\"more-link-wrap\"><a href=\"http:\/\/WWW.derivesdansleglisecatholique.fr\/?page_id=522\" class=\"more-link\"><span>Read More &rarr;<\/span><\/a><\/span><\/p>\n","protected":false},"author":3,"featured_media":0,"parent":0,"menu_order":0,"comment_status":"closed","ping_status":"closed","template":"","meta":{"footnotes":""},"class_list":["post-522","page","type-page","status-publish","hentry"],"yoast_head":"<!-- This site is optimized with the Yoast SEO plugin v27.4 - https:\/\/yoast.com\/product\/yoast-seo-wordpress\/ -->\n<title>La jouissance des gourous - D\u00e9rives dans l&#039;eglise catholique<\/title>\n<meta name=\"robots\" content=\"index, follow, max-snippet:-1, max-image-preview:large, max-video-preview:-1\" \/>\n<link rel=\"canonical\" href=\"http:\/\/WWW.derivesdansleglisecatholique.fr\/?page_id=522\" \/>\n<meta property=\"og:locale\" content=\"fr_FR\" \/>\n<meta property=\"og:type\" content=\"article\" \/>\n<meta property=\"og:title\" content=\"La jouissance des gourous - D\u00e9rives dans l&#039;eglise catholique\" \/>\n<meta property=\"og:description\" content=\"&nbsp; &nbsp; Le gourou a grav\u00e9 dans la m\u00e9moire d\u2019un jeune, par implants successifs et r\u00e9p\u00e9t\u00e9s, de faux souvenirs, au moyen du psycho-spirituel. Pour arriver \u00e0 ses fins, c\u2019est-\u00e0-dire d\u00e9truire, asservir ce jeune, le gourou va m\u00e9ticuleusement, patiemment l\u2019amener \u00e0 couper les liens affectifs qui l\u2019unissent \u00e0 ses parents, \u00e0 sa famille, \u00a0pourtant ces liens &hellip; Read More &rarr;\" \/>\n<meta property=\"og:url\" content=\"http:\/\/WWW.derivesdansleglisecatholique.fr\/?page_id=522\" \/>\n<meta property=\"og:site_name\" content=\"D\u00e9rives dans l&#039;eglise catholique\" \/>\n<meta property=\"article:modified_time\" content=\"2018-02-22T14:34:36+00:00\" \/>\n<meta property=\"og:image\" content=\"http:\/\/derivesdansleglisecatholique.fr\/wp-content\/uploads\/2018\/02\/wolf-2227541_960_720-300x200.jpg\" \/>\n<meta name=\"twitter:label1\" content=\"Dur\u00e9e de lecture estim\u00e9e\" \/>\n\t<meta name=\"twitter:data1\" content=\"3 minutes\" \/>\n<script type=\"application\/ld+json\" class=\"yoast-schema-graph\">{\"@context\":\"https:\\\/\\\/schema.org\",\"@graph\":[{\"@type\":\"WebPage\",\"@id\":\"http:\\\/\\\/WWW.derivesdansleglisecatholique.fr\\\/?page_id=522\",\"url\":\"http:\\\/\\\/WWW.derivesdansleglisecatholique.fr\\\/?page_id=522\",\"name\":\"La jouissance des gourous - D\u00e9rives dans l&#039;eglise catholique\",\"isPartOf\":{\"@id\":\"https:\\\/\\\/WWW.derivesdansleglisecatholique.fr\\\/#website\"},\"primaryImageOfPage\":{\"@id\":\"http:\\\/\\\/WWW.derivesdansleglisecatholique.fr\\\/?page_id=522#primaryimage\"},\"image\":{\"@id\":\"http:\\\/\\\/WWW.derivesdansleglisecatholique.fr\\\/?page_id=522#primaryimage\"},\"thumbnailUrl\":\"http:\\\/\\\/derivesdansleglisecatholique.fr\\\/wp-content\\\/uploads\\\/2018\\\/02\\\/wolf-2227541_960_720-300x200.jpg\",\"datePublished\":\"2017-01-16T15:04:01+00:00\",\"dateModified\":\"2018-02-22T14:34:36+00:00\",\"breadcrumb\":{\"@id\":\"http:\\\/\\\/WWW.derivesdansleglisecatholique.fr\\\/?page_id=522#breadcrumb\"},\"inLanguage\":\"fr-FR\",\"potentialAction\":[{\"@type\":\"ReadAction\",\"target\":[\"http:\\\/\\\/WWW.derivesdansleglisecatholique.fr\\\/?page_id=522\"]}]},{\"@type\":\"ImageObject\",\"inLanguage\":\"fr-FR\",\"@id\":\"http:\\\/\\\/WWW.derivesdansleglisecatholique.fr\\\/?page_id=522#primaryimage\",\"url\":\"http:\\\/\\\/derivesdansleglisecatholique.fr\\\/wp-content\\\/uploads\\\/2018\\\/02\\\/wolf-2227541_960_720-300x200.jpg\",\"contentUrl\":\"http:\\\/\\\/derivesdansleglisecatholique.fr\\\/wp-content\\\/uploads\\\/2018\\\/02\\\/wolf-2227541_960_720-300x200.jpg\"},{\"@type\":\"BreadcrumbList\",\"@id\":\"http:\\\/\\\/WWW.derivesdansleglisecatholique.fr\\\/?page_id=522#breadcrumb\",\"itemListElement\":[{\"@type\":\"ListItem\",\"position\":1,\"name\":\"Accueil\",\"item\":\"https:\\\/\\\/WWW.derivesdansleglisecatholique.fr\\\/\"},{\"@type\":\"ListItem\",\"position\":2,\"name\":\"La jouissance des gourous\"}]},{\"@type\":\"WebSite\",\"@id\":\"https:\\\/\\\/WWW.derivesdansleglisecatholique.fr\\\/#website\",\"url\":\"https:\\\/\\\/WWW.derivesdansleglisecatholique.fr\\\/\",\"name\":\"D\u00e9rives dans l&#039;eglise catholique\",\"description\":\"Justice et V\u00e9rit\u00e9 pour les familles\",\"potentialAction\":[{\"@type\":\"SearchAction\",\"target\":{\"@type\":\"EntryPoint\",\"urlTemplate\":\"https:\\\/\\\/WWW.derivesdansleglisecatholique.fr\\\/?s={search_term_string}\"},\"query-input\":{\"@type\":\"PropertyValueSpecification\",\"valueRequired\":true,\"valueName\":\"search_term_string\"}}],\"inLanguage\":\"fr-FR\"}]}<\/script>\n<!-- \/ Yoast SEO plugin. -->","yoast_head_json":{"title":"La jouissance des gourous - D\u00e9rives dans l&#039;eglise catholique","robots":{"index":"index","follow":"follow","max-snippet":"max-snippet:-1","max-image-preview":"max-image-preview:large","max-video-preview":"max-video-preview:-1"},"canonical":"http:\/\/WWW.derivesdansleglisecatholique.fr\/?page_id=522","og_locale":"fr_FR","og_type":"article","og_title":"La jouissance des gourous - D\u00e9rives dans l&#039;eglise catholique","og_description":"&nbsp; &nbsp; Le gourou a grav\u00e9 dans la m\u00e9moire d\u2019un jeune, par implants successifs et r\u00e9p\u00e9t\u00e9s, de faux souvenirs, au moyen du psycho-spirituel. Pour arriver \u00e0 ses fins, c\u2019est-\u00e0-dire d\u00e9truire, asservir ce jeune, le gourou va m\u00e9ticuleusement, patiemment l\u2019amener \u00e0 couper les liens affectifs qui l\u2019unissent \u00e0 ses parents, \u00e0 sa famille, \u00a0pourtant ces liens &hellip; Read More &rarr;","og_url":"http:\/\/WWW.derivesdansleglisecatholique.fr\/?page_id=522","og_site_name":"D\u00e9rives dans l&#039;eglise catholique","article_modified_time":"2018-02-22T14:34:36+00:00","og_image":[{"url":"http:\/\/derivesdansleglisecatholique.fr\/wp-content\/uploads\/2018\/02\/wolf-2227541_960_720-300x200.jpg","type":"","width":"","height":""}],"twitter_misc":{"Dur\u00e9e de lecture estim\u00e9e":"3 minutes"},"schema":{"@context":"https:\/\/schema.org","@graph":[{"@type":"WebPage","@id":"http:\/\/WWW.derivesdansleglisecatholique.fr\/?page_id=522","url":"http:\/\/WWW.derivesdansleglisecatholique.fr\/?page_id=522","name":"La jouissance des gourous - D\u00e9rives dans l&#039;eglise catholique","isPartOf":{"@id":"https:\/\/WWW.derivesdansleglisecatholique.fr\/#website"},"primaryImageOfPage":{"@id":"http:\/\/WWW.derivesdansleglisecatholique.fr\/?page_id=522#primaryimage"},"image":{"@id":"http:\/\/WWW.derivesdansleglisecatholique.fr\/?page_id=522#primaryimage"},"thumbnailUrl":"http:\/\/derivesdansleglisecatholique.fr\/wp-content\/uploads\/2018\/02\/wolf-2227541_960_720-300x200.jpg","datePublished":"2017-01-16T15:04:01+00:00","dateModified":"2018-02-22T14:34:36+00:00","breadcrumb":{"@id":"http:\/\/WWW.derivesdansleglisecatholique.fr\/?page_id=522#breadcrumb"},"inLanguage":"fr-FR","potentialAction":[{"@type":"ReadAction","target":["http:\/\/WWW.derivesdansleglisecatholique.fr\/?page_id=522"]}]},{"@type":"ImageObject","inLanguage":"fr-FR","@id":"http:\/\/WWW.derivesdansleglisecatholique.fr\/?page_id=522#primaryimage","url":"http:\/\/derivesdansleglisecatholique.fr\/wp-content\/uploads\/2018\/02\/wolf-2227541_960_720-300x200.jpg","contentUrl":"http:\/\/derivesdansleglisecatholique.fr\/wp-content\/uploads\/2018\/02\/wolf-2227541_960_720-300x200.jpg"},{"@type":"BreadcrumbList","@id":"http:\/\/WWW.derivesdansleglisecatholique.fr\/?page_id=522#breadcrumb","itemListElement":[{"@type":"ListItem","position":1,"name":"Accueil","item":"https:\/\/WWW.derivesdansleglisecatholique.fr\/"},{"@type":"ListItem","position":2,"name":"La jouissance des gourous"}]},{"@type":"WebSite","@id":"https:\/\/WWW.derivesdansleglisecatholique.fr\/#website","url":"https:\/\/WWW.derivesdansleglisecatholique.fr\/","name":"D\u00e9rives dans l&#039;eglise catholique","description":"Justice et V\u00e9rit\u00e9 pour les familles","potentialAction":[{"@type":"SearchAction","target":{"@type":"EntryPoint","urlTemplate":"https:\/\/WWW.derivesdansleglisecatholique.fr\/?s={search_term_string}"},"query-input":{"@type":"PropertyValueSpecification","valueRequired":true,"valueName":"search_term_string"}}],"inLanguage":"fr-FR"}]}},"_links":{"self":[{"href":"http:\/\/WWW.derivesdansleglisecatholique.fr\/index.php?rest_route=\/wp\/v2\/pages\/522","targetHints":{"allow":["GET"]}}],"collection":[{"href":"http:\/\/WWW.derivesdansleglisecatholique.fr\/index.php?rest_route=\/wp\/v2\/pages"}],"about":[{"href":"http:\/\/WWW.derivesdansleglisecatholique.fr\/index.php?rest_route=\/wp\/v2\/types\/page"}],"author":[{"embeddable":true,"href":"http:\/\/WWW.derivesdansleglisecatholique.fr\/index.php?rest_route=\/wp\/v2\/users\/3"}],"replies":[{"embeddable":true,"href":"http:\/\/WWW.derivesdansleglisecatholique.fr\/index.php?rest_route=%2Fwp%2Fv2%2Fcomments&post=522"}],"version-history":[{"count":2,"href":"http:\/\/WWW.derivesdansleglisecatholique.fr\/index.php?rest_route=\/wp\/v2\/pages\/522\/revisions"}],"predecessor-version":[{"id":4137,"href":"http:\/\/WWW.derivesdansleglisecatholique.fr\/index.php?rest_route=\/wp\/v2\/pages\/522\/revisions\/4137"}],"wp:attachment":[{"href":"http:\/\/WWW.derivesdansleglisecatholique.fr\/index.php?rest_route=%2Fwp%2Fv2%2Fmedia&parent=522"}],"curies":[{"name":"wp","href":"https:\/\/api.w.org\/{rel}","templated":true}]}}