{"id":562,"date":"2017-01-20T15:44:50","date_gmt":"2017-01-20T14:44:50","guid":{"rendered":"http:\/\/WWW.derivesdansleglisecatholique.fr\/?page_id=562"},"modified":"2017-01-20T15:44:50","modified_gmt":"2017-01-20T14:44:50","slug":"nouvel-age-leglise","status":"publish","type":"page","link":"http:\/\/WWW.derivesdansleglisecatholique.fr\/?page_id=562","title":{"rendered":"Le Nouvel \u00c2ge dans l&rsquo;Eglise"},"content":{"rendered":"<p>&nbsp;<\/p>\n<p><strong>\u00a0<\/strong><\/p>\n<p style=\"padding-left: 30px;\"><span style=\"font-family: 'times new roman', times, serif; font-size: 12pt;\">Que ne ferait-on pas aujourd&rsquo;hui pour augmenter son bien-\u00eatre? Ce n&rsquo;est pas une doctrine spirituelle o\u00f9 le renoncement a sa part qui fait courir les foules\u2026 Le christianisme n&rsquo;est donc pas en vogue. Par contre, s&rsquo;il est agr\u00e9ment\u00e9 de quelques ingr\u00e9dients qui assurent le bien-\u00eatre, beaucoup accourent s\u00e9duits par cette mystification\u2026 et n&rsquo;h\u00e9sitent pas \u00e0 all\u00e9ger leur portefeuille car le bonheur a un prix.<\/span><\/p>\n<p style=\"padding-left: 30px;\"><span style=\"color: #ffcc99;\">.<\/span><\/p>\n<p style=\"padding-left: 30px;\">\n<p style=\"padding-left: 30px;\"><span style=\"font-family: 'times new roman', times, serif; font-size: 12pt;\">Le monde du bien-\u00eatre est vaste. Il concerne bien des domaines: la sant\u00e9, l&rsquo;environnement, l&rsquo;habitat, le d\u00e9veloppement personnel et l&rsquo;estime de soi, la psychologie, la qualit\u00e9 des relations\u2026<\/span><\/p>\n<p style=\"padding-left: 30px;\"><span style=\"color: #ffcc99;\">.<\/span><\/p>\n<p style=\"padding-left: 30px;\">\n<p style=\"padding-left: 30px;\"><span style=\"font-family: 'times new roman', times, serif; font-size: 12pt;\">Tout est bon dans cette recherche \u00e9perdue vers un bien-\u00eatre toujours plus grand. Pour cela, il faut un guide. Les propositions ne manquent pas dans la pl\u00e9thore de formateurs que l&rsquo;on peut trouver par relation ou sur le web: coach, gourou, m\u00e9decin, accompagnateur, psychologue, ou autre personne \u00e0 titre non identifi\u00e9. Si de plus, cette personne se r\u00e9clame d&rsquo;une reconnaissance eccl\u00e9siale, elle emporte d&#8217;embl\u00e9e la confiance, sans chercher plus loin. Tout n&rsquo;est pas \u00e0 rejeter, loin de l\u00e0, car beaucoup ont de r\u00e9elles comp\u00e9tences qu&rsquo;ils mettent au service des autres. Mais il existe aussi des mystificateurs, qui ne sont pas les derniers pour le succ\u00e8s. Ce qu&rsquo;ils ont en commun, c&rsquo;est un sch\u00e9ma de base plus ou moins dilu\u00e9, que nous allons essayer de r\u00e9sumer.<\/span><\/p>\n<p style=\"padding-left: 30px;\"><span style=\"color: #ffcc99;\">.<\/span><\/p>\n<p style=\"padding-left: 30px;\">\n<p style=\"padding-left: 30px;\"><span style=\"font-family: 'times new roman', times, serif; font-size: 12pt;\">Tout commence par l&rsquo;attirance, en apparence anodine, qu&rsquo;exerce une promesse de bien-\u00eatre et la rencontre de l&rsquo;initi\u00e9 qu&rsquo;est le formateur, le plus souvent sans qualification professionnelle r\u00e9elle. Par un jeu de s\u00e9duction qui capte la\u00a0 personne en recherche, donc en attente de celui qui sait, une fusion s&rsquo;\u00e9tablit avec ledit formateur entra\u00eenant une d\u00e9pendance, avec abdication de la volont\u00e9 et de la raison; la personne ne doit pas chercher \u00e0 comprendre, mais suivre l&rsquo;intuition, plonger dans les \u00e9motions, exp\u00e9rimenter le sensible, pour d\u00e9couvrir ce qui est cach\u00e9, profond\u00e9ment enfoui, et qui est suppos\u00e9 provoquer souffrance ou mal \u00eatre. Enferm\u00e9e dans cette d\u00e9marche et subtilement amen\u00e9e sur le terrain de l&rsquo;irrationnel, la personne risque de se trouver livr\u00e9e sans le savoir soit directement \u00e0 un m\u00e9dium, soit \u00e0 quelqu&rsquo;un form\u00e9 par un m\u00e9dium: l&rsquo;influence peut se r\u00e9percuter par personnes interpos\u00e9es. Le guide-formateur qui est cens\u00e9 avoir une connaissance particuli\u00e8re de chemins cach\u00e9s, commence \u00e0 d\u00e9voiler, ou conduit \u00e0 d\u00e9voiler des \u00e9v\u00e9nements pass\u00e9s qui s&rsquo;av\u00e8rent exacts ou ont toutes les apparences de la r\u00e9alit\u00e9; cette \u00ab\u00a0prise de conscience\u00a0\u00bb semble avoir un pouvoir de gu\u00e9rison dont la rapidit\u00e9 d\u00e9passe l&rsquo;action d&rsquo;un th\u00e9rapeute classique. Ce qui n&rsquo;est pas per\u00e7u, c&rsquo;est que derri\u00e8re le m\u00e9dium il y a le monde occulte et \u00e0 la source le diable. Une grande importance est m\u00eame souvent accord\u00e9e au diable et les soi-disant exorcismes risquent forts de mettre sous l&#8217;emprise du diable plus que d&rsquo;en lib\u00e9rer.<\/span><\/p>\n<p style=\"padding-left: 30px;\"><span style=\"color: #ffcc99;\">.<\/span><\/p>\n<p style=\"padding-left: 30px;\">\n<p style=\"padding-left: 30px;\"><span style=\"font-family: 'times new roman', times, serif; font-size: 12pt;\">La doctrine pr\u00e9sent\u00e9e est agr\u00e9ment\u00e9e d&rsquo;\u00e9l\u00e9ments de la foi catholique, mais elle fait basculer l&rsquo;axe qui les organisent. Leur amalgame \u00e0 des propositions \u00e9trang\u00e8res les d\u00e9forment \u00e0 leur racine; en r\u00e9alit\u00e9, la doctrine catholique n&rsquo;est l\u00e0 que pour donner du cr\u00e9dit aux propos, comme peut le faire \u00e9quivalemment une doctrine bouddhiste ou autre. N&rsquo;est-il pas significatif que le plus souvent il est bien sp\u00e9cifi\u00e9 que les sessions sont ouvertes aux croyants et aux incroyants? La Bible n&rsquo;est d&rsquo;ailleurs pas propos\u00e9e \u00e0 des incroyants comme chemin de conversion, mais de moyen pour r\u00e9gler des probl\u00e8mes. Elle est utilis\u00e9e\u00a0 en dernier lieu \u00e0 des fins de bien-\u00eatre. L&rsquo;axiome vivre, prier, comme l&rsquo;on croit, n&rsquo;est plus un crit\u00e8re cl\u00e9. Peu importe de quel Dieu il s&rsquo;agit.<\/span><\/p>\n<p>&nbsp;<\/p>\n<p style=\"padding-left: 30px;\"><span style=\"color: #ffcc99;\">.<\/span><\/p>\n<p style=\"padding-left: 30px;\"><span style=\"font-family: 'times new roman', times, serif; font-size: 12pt;\">Qui dit bien-\u00eatre dit aussi nuisances. Tout ce qui fait obstacle au bien-\u00eatre doit \u00eatre \u00e9limin\u00e9. Il faut nettoyer, purifier, gu\u00e9rir, aussi bien la m\u00e9moire, que la famille, l&rsquo;arbre g\u00e9n\u00e9alogique, etc.; la pri\u00e8re est alors utilis\u00e9e pour couper les liens, pour purifier et lib\u00e9rer. On en attend des changements positifs\u2026 Mais ce bien-\u00eatre entra\u00eene souvent des ruptures familiales; ceci est dans la logique m\u00eame du chemin emprunt\u00e9 qui conduit \u00e0 regarder l&rsquo;autre sous l&rsquo;angle du bien-\u00eatre qu&rsquo;il doit m&rsquo;apporter. Si je per\u00e7ois sa pr\u00e9sence ou son influence comme contraire \u00e0 mon bien-\u00eatre, la solution radicale sera de le repousser \u00e0 cause de sa nuisance\u2026 Nous sommes dans le m\u00eame contexte que la recherche d&rsquo;\u00e9mission de \u00ab\u00a0bonnes vibrations\u00a0\u00bb, \u00ab\u00a0d&rsquo;ondes harmonieuses\u00a0\u00bb, \u00ab\u00a0d&rsquo;\u00e9nergie positive\u00a0\u00bb, que l&rsquo;on trouve dans le Nouvel \u00c2ge. Les personnes ne comptent plus, quoi qu&rsquo;on en dise; c&rsquo;est une spiritualit\u00e9 de l&rsquo;exaltation du moi: le moi au centre, les autres ne doivent en\u00a0 aucun cas perturber mon bien-\u00eatre, ils sont en r\u00e9alit\u00e9 asservis ou deviennent \u00e9trangers \u00e0 celui qui emprunte ces nouveaux chemins spirituels.<\/span><\/p>\n<p style=\"padding-left: 30px;\"><span style=\"color: #ffcc99;\">.<\/span><\/p>\n<p style=\"padding-left: 30px;\"><span style=\"font-family: 'times new roman', times, serif; font-size: 12pt;\">Nous sommes dans une spiritualit\u00e9 dont l&rsquo;amour est le grand absent, la prospection permanente de l&rsquo;ego ne laisse pas de place \u00e0 l&rsquo;autre perdu dans les m\u00e9andres de cette recherche utopique du paradis perdu. Ne serait-ce pas une religiosit\u00e9 m\u00e9phistoph\u00e9lique introduite subtilement dans l&rsquo;Eglise sous couvert de psycho-spirituel, par un Nouvel \u00c2ge masqu\u00e9, prometteur de meilleur avec son cort\u00e8ge du pire?<\/span><\/p>\n<p style=\"padding-left: 30px;\"><span style=\"color: #ffcc99;\">.<\/span><\/p>\n<p style=\"padding-left: 30px;\"><span style=\"font-family: 'times new roman', times, serif; font-size: 12pt;\">Il serait temps d&rsquo;examiner, dans tous les courants issus du Renouveau charismatique, ce qui est du domaine du charisme, de la voyance ou m\u00eame du spiritisme.<\/span><\/p>\n<p style=\"padding-left: 30px;\"><span style=\"color: #ffcc99;\">.<\/span><\/p>\n","protected":false},"excerpt":{"rendered":"<p>&nbsp; \u00a0 Que ne ferait-on pas aujourd&rsquo;hui pour augmenter son bien-\u00eatre? Ce n&rsquo;est pas une doctrine spirituelle o\u00f9 le renoncement a sa part qui fait courir les foules\u2026 Le christianisme n&rsquo;est donc pas en vogue. Par contre, s&rsquo;il est agr\u00e9ment\u00e9 de quelques ingr\u00e9dients qui assurent le bien-\u00eatre, beaucoup accourent s\u00e9duits par cette mystification\u2026 et n&rsquo;h\u00e9sitent <span class=\"ellipsis\">&hellip;<\/span> <span class=\"more-link-wrap\"><a href=\"http:\/\/WWW.derivesdansleglisecatholique.fr\/?page_id=562\" class=\"more-link\"><span>Read More &rarr;<\/span><\/a><\/span><\/p>\n","protected":false},"author":3,"featured_media":0,"parent":0,"menu_order":0,"comment_status":"closed","ping_status":"closed","template":"","meta":{"footnotes":""},"class_list":["post-562","page","type-page","status-publish","hentry"],"yoast_head":"<!-- This site is optimized with the Yoast SEO plugin v27.4 - https:\/\/yoast.com\/product\/yoast-seo-wordpress\/ -->\n<title>Le Nouvel \u00c2ge dans l&#039;Eglise - D\u00e9rives dans l&#039;eglise catholique<\/title>\n<meta name=\"robots\" content=\"index, follow, max-snippet:-1, max-image-preview:large, max-video-preview:-1\" \/>\n<link rel=\"canonical\" href=\"http:\/\/WWW.derivesdansleglisecatholique.fr\/?page_id=562\" \/>\n<meta property=\"og:locale\" content=\"fr_FR\" \/>\n<meta property=\"og:type\" content=\"article\" \/>\n<meta property=\"og:title\" content=\"Le Nouvel \u00c2ge dans l&#039;Eglise - D\u00e9rives dans l&#039;eglise catholique\" \/>\n<meta property=\"og:description\" content=\"&nbsp; \u00a0 Que ne ferait-on pas aujourd&rsquo;hui pour augmenter son bien-\u00eatre? Ce n&rsquo;est pas une doctrine spirituelle o\u00f9 le renoncement a sa part qui fait courir les foules\u2026 Le christianisme n&rsquo;est donc pas en vogue. Par contre, s&rsquo;il est agr\u00e9ment\u00e9 de quelques ingr\u00e9dients qui assurent le bien-\u00eatre, beaucoup accourent s\u00e9duits par cette mystification\u2026 et n&rsquo;h\u00e9sitent &hellip; Read More &rarr;\" \/>\n<meta property=\"og:url\" content=\"http:\/\/WWW.derivesdansleglisecatholique.fr\/?page_id=562\" \/>\n<meta property=\"og:site_name\" content=\"D\u00e9rives dans l&#039;eglise catholique\" \/>\n<meta name=\"twitter:label1\" content=\"Dur\u00e9e de lecture estim\u00e9e\" \/>\n\t<meta name=\"twitter:data1\" content=\"5 minutes\" \/>\n<script type=\"application\/ld+json\" class=\"yoast-schema-graph\">{\"@context\":\"https:\\\/\\\/schema.org\",\"@graph\":[{\"@type\":\"WebPage\",\"@id\":\"http:\\\/\\\/WWW.derivesdansleglisecatholique.fr\\\/?page_id=562\",\"url\":\"http:\\\/\\\/WWW.derivesdansleglisecatholique.fr\\\/?page_id=562\",\"name\":\"Le Nouvel \u00c2ge dans l'Eglise - D\u00e9rives dans l&#039;eglise catholique\",\"isPartOf\":{\"@id\":\"http:\\\/\\\/WWW.derivesdansleglisecatholique.fr\\\/#website\"},\"datePublished\":\"2017-01-20T14:44:50+00:00\",\"breadcrumb\":{\"@id\":\"http:\\\/\\\/WWW.derivesdansleglisecatholique.fr\\\/?page_id=562#breadcrumb\"},\"inLanguage\":\"fr-FR\",\"potentialAction\":[{\"@type\":\"ReadAction\",\"target\":[\"http:\\\/\\\/WWW.derivesdansleglisecatholique.fr\\\/?page_id=562\"]}]},{\"@type\":\"BreadcrumbList\",\"@id\":\"http:\\\/\\\/WWW.derivesdansleglisecatholique.fr\\\/?page_id=562#breadcrumb\",\"itemListElement\":[{\"@type\":\"ListItem\",\"position\":1,\"name\":\"Accueil\",\"item\":\"http:\\\/\\\/WWW.derivesdansleglisecatholique.fr\\\/\"},{\"@type\":\"ListItem\",\"position\":2,\"name\":\"Le Nouvel \u00c2ge dans l&rsquo;Eglise\"}]},{\"@type\":\"WebSite\",\"@id\":\"http:\\\/\\\/WWW.derivesdansleglisecatholique.fr\\\/#website\",\"url\":\"http:\\\/\\\/WWW.derivesdansleglisecatholique.fr\\\/\",\"name\":\"D\u00e9rives dans l&#039;eglise catholique\",\"description\":\"Justice et V\u00e9rit\u00e9 pour les familles\",\"potentialAction\":[{\"@type\":\"SearchAction\",\"target\":{\"@type\":\"EntryPoint\",\"urlTemplate\":\"http:\\\/\\\/WWW.derivesdansleglisecatholique.fr\\\/?s={search_term_string}\"},\"query-input\":{\"@type\":\"PropertyValueSpecification\",\"valueRequired\":true,\"valueName\":\"search_term_string\"}}],\"inLanguage\":\"fr-FR\"}]}<\/script>\n<!-- \/ Yoast SEO plugin. -->","yoast_head_json":{"title":"Le Nouvel \u00c2ge dans l'Eglise - D\u00e9rives dans l&#039;eglise catholique","robots":{"index":"index","follow":"follow","max-snippet":"max-snippet:-1","max-image-preview":"max-image-preview:large","max-video-preview":"max-video-preview:-1"},"canonical":"http:\/\/WWW.derivesdansleglisecatholique.fr\/?page_id=562","og_locale":"fr_FR","og_type":"article","og_title":"Le Nouvel \u00c2ge dans l'Eglise - D\u00e9rives dans l&#039;eglise catholique","og_description":"&nbsp; \u00a0 Que ne ferait-on pas aujourd&rsquo;hui pour augmenter son bien-\u00eatre? Ce n&rsquo;est pas une doctrine spirituelle o\u00f9 le renoncement a sa part qui fait courir les foules\u2026 Le christianisme n&rsquo;est donc pas en vogue. Par contre, s&rsquo;il est agr\u00e9ment\u00e9 de quelques ingr\u00e9dients qui assurent le bien-\u00eatre, beaucoup accourent s\u00e9duits par cette mystification\u2026 et n&rsquo;h\u00e9sitent &hellip; Read More &rarr;","og_url":"http:\/\/WWW.derivesdansleglisecatholique.fr\/?page_id=562","og_site_name":"D\u00e9rives dans l&#039;eglise catholique","twitter_misc":{"Dur\u00e9e de lecture estim\u00e9e":"5 minutes"},"schema":{"@context":"https:\/\/schema.org","@graph":[{"@type":"WebPage","@id":"http:\/\/WWW.derivesdansleglisecatholique.fr\/?page_id=562","url":"http:\/\/WWW.derivesdansleglisecatholique.fr\/?page_id=562","name":"Le Nouvel \u00c2ge dans l'Eglise - D\u00e9rives dans l&#039;eglise catholique","isPartOf":{"@id":"http:\/\/WWW.derivesdansleglisecatholique.fr\/#website"},"datePublished":"2017-01-20T14:44:50+00:00","breadcrumb":{"@id":"http:\/\/WWW.derivesdansleglisecatholique.fr\/?page_id=562#breadcrumb"},"inLanguage":"fr-FR","potentialAction":[{"@type":"ReadAction","target":["http:\/\/WWW.derivesdansleglisecatholique.fr\/?page_id=562"]}]},{"@type":"BreadcrumbList","@id":"http:\/\/WWW.derivesdansleglisecatholique.fr\/?page_id=562#breadcrumb","itemListElement":[{"@type":"ListItem","position":1,"name":"Accueil","item":"http:\/\/WWW.derivesdansleglisecatholique.fr\/"},{"@type":"ListItem","position":2,"name":"Le Nouvel \u00c2ge dans l&rsquo;Eglise"}]},{"@type":"WebSite","@id":"http:\/\/WWW.derivesdansleglisecatholique.fr\/#website","url":"http:\/\/WWW.derivesdansleglisecatholique.fr\/","name":"D\u00e9rives dans l&#039;eglise catholique","description":"Justice et V\u00e9rit\u00e9 pour les familles","potentialAction":[{"@type":"SearchAction","target":{"@type":"EntryPoint","urlTemplate":"http:\/\/WWW.derivesdansleglisecatholique.fr\/?s={search_term_string}"},"query-input":{"@type":"PropertyValueSpecification","valueRequired":true,"valueName":"search_term_string"}}],"inLanguage":"fr-FR"}]}},"_links":{"self":[{"href":"http:\/\/WWW.derivesdansleglisecatholique.fr\/index.php?rest_route=\/wp\/v2\/pages\/562","targetHints":{"allow":["GET"]}}],"collection":[{"href":"http:\/\/WWW.derivesdansleglisecatholique.fr\/index.php?rest_route=\/wp\/v2\/pages"}],"about":[{"href":"http:\/\/WWW.derivesdansleglisecatholique.fr\/index.php?rest_route=\/wp\/v2\/types\/page"}],"author":[{"embeddable":true,"href":"http:\/\/WWW.derivesdansleglisecatholique.fr\/index.php?rest_route=\/wp\/v2\/users\/3"}],"replies":[{"embeddable":true,"href":"http:\/\/WWW.derivesdansleglisecatholique.fr\/index.php?rest_route=%2Fwp%2Fv2%2Fcomments&post=562"}],"version-history":[{"count":1,"href":"http:\/\/WWW.derivesdansleglisecatholique.fr\/index.php?rest_route=\/wp\/v2\/pages\/562\/revisions"}],"predecessor-version":[{"id":563,"href":"http:\/\/WWW.derivesdansleglisecatholique.fr\/index.php?rest_route=\/wp\/v2\/pages\/562\/revisions\/563"}],"wp:attachment":[{"href":"http:\/\/WWW.derivesdansleglisecatholique.fr\/index.php?rest_route=%2Fwp%2Fv2%2Fmedia&parent=562"}],"curies":[{"name":"wp","href":"https:\/\/api.w.org\/{rel}","templated":true}]}}