{"id":855,"date":"2017-03-29T15:51:50","date_gmt":"2017-03-29T14:51:50","guid":{"rendered":"http:\/\/WWW.derivesdansleglisecatholique.fr\/?page_id=855"},"modified":"2017-06-14T14:09:58","modified_gmt":"2017-06-14T13:09:58","slug":"dictionnaire","status":"publish","type":"page","link":"http:\/\/WWW.derivesdansleglisecatholique.fr\/?page_id=855","title":{"rendered":"Dictionnaire"},"content":{"rendered":"<p style=\"text-align: justify; margin: 7.5pt 0cm; padding-left: 30px;\"><span style=\"color: #ffcc99;\">.<\/span><\/p>\n<p style=\"text-align: justify; margin: 7.5pt 0cm; padding-left: 30px;\"><span style=\"font-family: times new roman,times,serif; font-size: 12pt;\"><strong><span style=\"color: blue;\">\u00ab\u00a0Lorsque les mots perdent leur sens, les gens perdent leur libert\u00e9\u00a0\u00bb<\/span><\/strong><\/span><\/p>\n<p style=\"text-align: justify; margin: 7.5pt 0cm; padding-left: 30px;\"><span style=\"font-family: times new roman,times,serif; font-size: 12pt;\"><strong><span style=\"color: #ffcc99;\">\u00a0.<\/span><\/strong><\/span><\/p>\n<p style=\"text-align: justify; margin: 7.5pt 0cm; padding-left: 30px;\"><span style=\"color: #283543; font-family: times new roman,times,serif; font-size: 12pt;\">C\u2019est par cette citation de Confucius que nous ouvrons cette rubrique. Pour pouvoir communiquer, encore faut-il donner aux mots le m\u00eame sens. Le langage charismatique, habilement transform\u00e9, utilise des mots et des termes dont le contenu est d\u00e9voy\u00e9. <strong>Une confusion intellectuelle s\u2019en suit qui modifie, voire inverse, le sens des phrases.<\/strong><span class=\"apple-converted-space\">\u00a0<\/span>Ce qui permet \u00e0 partir de l\u00e0, d\u2019\u00e9laborer des th\u00e9ories qui semblent plus vraies que vraies mais dont le fondement est faux.<\/span><\/p>\n<p style=\"text-align: justify; margin: 7.5pt 0cm; padding-left: 30px;\"><span style=\"color: #283543; font-family: times new roman,times,serif; font-size: 12pt;\">Ce sont des pratiques qu\u2019on retrouve aussi chez bien des responsables eccl\u00e9siaux pour se d\u00e9fausser de leurs responsabilit\u00e9s \u2026<\/span><\/p>\n<p style=\"text-align: justify; margin: 7.5pt 0cm; padding-left: 30px;\"><span style=\"color: #ffcc99;\">.<\/span><\/p>\n<p style=\"text-align: center;\"><a href=\"http:\/\/WWW.derivesdansleglisecatholique.fr\/?p=1134\">LA PAILLE ET LA POUTRE<\/a><\/p>\n<p style=\"margin: 7.5pt 0cm; padding-left: 30px; text-align: center;\"><a href=\"http:\/\/www.derivesdansleglisecatholique.fr\/?p=1118\">NI RESPONSABLE, NI COUPABLE<\/a><\/p>\n<p style=\"margin: 7.5pt 0cm; padding-left: 30px; text-align: center;\"><a href=\"http:\/\/www.derivesdansleglisecatholique.fr\/?page_id=1039\">LA DOCTRINE ET L&rsquo;IMPOSTURE<\/a><\/p>\n<p style=\"margin: 7.5pt 0cm; padding-left: 30px; text-align: center;\"><a href=\"http:\/\/www.derivesdansleglisecatholique.fr\/?page_id=857\">LES MOTS TROMPEURS<\/a><\/p>\n<p style=\"margin: 7.5pt 0cm; padding-left: 30px; text-align: center;\"><a href=\"http:\/\/www.derivesdansleglisecatholique.fr\/?page_id=931\">LA MISERICORDE ?<\/a><\/p>\n<p style=\"margin: 7.5pt 0cm; padding-left: 30px; text-align: center;\"><a href=\"http:\/\/www.derivesdansleglisecatholique.fr\/?page_id=965\">MALHEUR A CELUI PAR QUI LE SCANDALE ARRIVE<\/a><\/p>\n<p style=\"margin: 7.5pt 0cm; padding-left: 30px; text-align: center;\"><a href=\"http:\/\/www.derivesdansleglisecatholique.fr\/?page_id=977\">TU QUITTERAS TON P\u00c8RE ET TA M\u00c8RE<\/a><\/p>\n<p style=\"margin: 7.5pt 0cm; padding-left: 30px; text-align: center;\"><a href=\"http:\/\/www.derivesdansleglisecatholique.fr\/?page_id=984\">TU HONORERAS TON P\u00c8RE ET TA M\u00c8RE<\/a><\/p>\n<p style=\"text-align: justify; margin: 7.5pt 0cm; padding-left: 30px;\"><span style=\"color: #ffcc99;\">.<\/span><\/p>\n","protected":false},"excerpt":{"rendered":"<p>. \u00ab\u00a0Lorsque les mots perdent leur sens, les gens perdent leur libert\u00e9\u00a0\u00bb \u00a0. C\u2019est par cette citation de Confucius que nous ouvrons cette rubrique. Pour pouvoir communiquer, encore faut-il donner aux mots le m\u00eame sens. Le langage charismatique, habilement transform\u00e9, utilise des mots et des termes dont le contenu est d\u00e9voy\u00e9. Une confusion intellectuelle s\u2019en <span class=\"ellipsis\">&hellip;<\/span> <span class=\"more-link-wrap\"><a href=\"http:\/\/WWW.derivesdansleglisecatholique.fr\/?page_id=855\" class=\"more-link\"><span>Read More &rarr;<\/span><\/a><\/span><\/p>\n","protected":false},"author":3,"featured_media":0,"parent":0,"menu_order":0,"comment_status":"closed","ping_status":"closed","template":"","meta":{"footnotes":""},"class_list":["post-855","page","type-page","status-publish","hentry"],"yoast_head":"<!-- This site is optimized with the Yoast SEO plugin v27.4 - https:\/\/yoast.com\/product\/yoast-seo-wordpress\/ -->\n<title>Dictionnaire - D\u00e9rives dans l&#039;eglise catholique<\/title>\n<meta name=\"robots\" content=\"index, follow, max-snippet:-1, max-image-preview:large, max-video-preview:-1\" \/>\n<link rel=\"canonical\" href=\"http:\/\/WWW.derivesdansleglisecatholique.fr\/?page_id=855\" \/>\n<meta property=\"og:locale\" content=\"fr_FR\" \/>\n<meta property=\"og:type\" content=\"article\" \/>\n<meta property=\"og:title\" content=\"Dictionnaire - D\u00e9rives dans l&#039;eglise catholique\" \/>\n<meta property=\"og:description\" content=\". \u00ab\u00a0Lorsque les mots perdent leur sens, les gens perdent leur libert\u00e9\u00a0\u00bb \u00a0. C\u2019est par cette citation de Confucius que nous ouvrons cette rubrique. Pour pouvoir communiquer, encore faut-il donner aux mots le m\u00eame sens. Le langage charismatique, habilement transform\u00e9, utilise des mots et des termes dont le contenu est d\u00e9voy\u00e9. Une confusion intellectuelle s\u2019en &hellip; Read More &rarr;\" \/>\n<meta property=\"og:url\" content=\"http:\/\/WWW.derivesdansleglisecatholique.fr\/?page_id=855\" \/>\n<meta property=\"og:site_name\" content=\"D\u00e9rives dans l&#039;eglise catholique\" \/>\n<meta property=\"article:modified_time\" content=\"2017-06-14T13:09:58+00:00\" \/>\n<meta name=\"twitter:label1\" content=\"Dur\u00e9e de lecture estim\u00e9e\" \/>\n\t<meta name=\"twitter:data1\" content=\"1 minute\" \/>\n<script type=\"application\/ld+json\" class=\"yoast-schema-graph\">{\"@context\":\"https:\\\/\\\/schema.org\",\"@graph\":[{\"@type\":\"WebPage\",\"@id\":\"http:\\\/\\\/WWW.derivesdansleglisecatholique.fr\\\/?page_id=855\",\"url\":\"http:\\\/\\\/WWW.derivesdansleglisecatholique.fr\\\/?page_id=855\",\"name\":\"Dictionnaire - D\u00e9rives dans l&#039;eglise catholique\",\"isPartOf\":{\"@id\":\"http:\\\/\\\/WWW.derivesdansleglisecatholique.fr\\\/#website\"},\"datePublished\":\"2017-03-29T14:51:50+00:00\",\"dateModified\":\"2017-06-14T13:09:58+00:00\",\"breadcrumb\":{\"@id\":\"http:\\\/\\\/WWW.derivesdansleglisecatholique.fr\\\/?page_id=855#breadcrumb\"},\"inLanguage\":\"fr-FR\",\"potentialAction\":[{\"@type\":\"ReadAction\",\"target\":[\"http:\\\/\\\/WWW.derivesdansleglisecatholique.fr\\\/?page_id=855\"]}]},{\"@type\":\"BreadcrumbList\",\"@id\":\"http:\\\/\\\/WWW.derivesdansleglisecatholique.fr\\\/?page_id=855#breadcrumb\",\"itemListElement\":[{\"@type\":\"ListItem\",\"position\":1,\"name\":\"Accueil\",\"item\":\"http:\\\/\\\/WWW.derivesdansleglisecatholique.fr\\\/\"},{\"@type\":\"ListItem\",\"position\":2,\"name\":\"Dictionnaire\"}]},{\"@type\":\"WebSite\",\"@id\":\"http:\\\/\\\/WWW.derivesdansleglisecatholique.fr\\\/#website\",\"url\":\"http:\\\/\\\/WWW.derivesdansleglisecatholique.fr\\\/\",\"name\":\"D\u00e9rives dans l&#039;eglise catholique\",\"description\":\"Justice et V\u00e9rit\u00e9 pour les familles\",\"potentialAction\":[{\"@type\":\"SearchAction\",\"target\":{\"@type\":\"EntryPoint\",\"urlTemplate\":\"http:\\\/\\\/WWW.derivesdansleglisecatholique.fr\\\/?s={search_term_string}\"},\"query-input\":{\"@type\":\"PropertyValueSpecification\",\"valueRequired\":true,\"valueName\":\"search_term_string\"}}],\"inLanguage\":\"fr-FR\"}]}<\/script>\n<!-- \/ Yoast SEO plugin. -->","yoast_head_json":{"title":"Dictionnaire - D\u00e9rives dans l&#039;eglise catholique","robots":{"index":"index","follow":"follow","max-snippet":"max-snippet:-1","max-image-preview":"max-image-preview:large","max-video-preview":"max-video-preview:-1"},"canonical":"http:\/\/WWW.derivesdansleglisecatholique.fr\/?page_id=855","og_locale":"fr_FR","og_type":"article","og_title":"Dictionnaire - D\u00e9rives dans l&#039;eglise catholique","og_description":". \u00ab\u00a0Lorsque les mots perdent leur sens, les gens perdent leur libert\u00e9\u00a0\u00bb \u00a0. C\u2019est par cette citation de Confucius que nous ouvrons cette rubrique. Pour pouvoir communiquer, encore faut-il donner aux mots le m\u00eame sens. Le langage charismatique, habilement transform\u00e9, utilise des mots et des termes dont le contenu est d\u00e9voy\u00e9. Une confusion intellectuelle s\u2019en &hellip; Read More &rarr;","og_url":"http:\/\/WWW.derivesdansleglisecatholique.fr\/?page_id=855","og_site_name":"D\u00e9rives dans l&#039;eglise catholique","article_modified_time":"2017-06-14T13:09:58+00:00","twitter_misc":{"Dur\u00e9e de lecture estim\u00e9e":"1 minute"},"schema":{"@context":"https:\/\/schema.org","@graph":[{"@type":"WebPage","@id":"http:\/\/WWW.derivesdansleglisecatholique.fr\/?page_id=855","url":"http:\/\/WWW.derivesdansleglisecatholique.fr\/?page_id=855","name":"Dictionnaire - D\u00e9rives dans l&#039;eglise catholique","isPartOf":{"@id":"http:\/\/WWW.derivesdansleglisecatholique.fr\/#website"},"datePublished":"2017-03-29T14:51:50+00:00","dateModified":"2017-06-14T13:09:58+00:00","breadcrumb":{"@id":"http:\/\/WWW.derivesdansleglisecatholique.fr\/?page_id=855#breadcrumb"},"inLanguage":"fr-FR","potentialAction":[{"@type":"ReadAction","target":["http:\/\/WWW.derivesdansleglisecatholique.fr\/?page_id=855"]}]},{"@type":"BreadcrumbList","@id":"http:\/\/WWW.derivesdansleglisecatholique.fr\/?page_id=855#breadcrumb","itemListElement":[{"@type":"ListItem","position":1,"name":"Accueil","item":"http:\/\/WWW.derivesdansleglisecatholique.fr\/"},{"@type":"ListItem","position":2,"name":"Dictionnaire"}]},{"@type":"WebSite","@id":"http:\/\/WWW.derivesdansleglisecatholique.fr\/#website","url":"http:\/\/WWW.derivesdansleglisecatholique.fr\/","name":"D\u00e9rives dans l&#039;eglise catholique","description":"Justice et V\u00e9rit\u00e9 pour les familles","potentialAction":[{"@type":"SearchAction","target":{"@type":"EntryPoint","urlTemplate":"http:\/\/WWW.derivesdansleglisecatholique.fr\/?s={search_term_string}"},"query-input":{"@type":"PropertyValueSpecification","valueRequired":true,"valueName":"search_term_string"}}],"inLanguage":"fr-FR"}]}},"_links":{"self":[{"href":"http:\/\/WWW.derivesdansleglisecatholique.fr\/index.php?rest_route=\/wp\/v2\/pages\/855","targetHints":{"allow":["GET"]}}],"collection":[{"href":"http:\/\/WWW.derivesdansleglisecatholique.fr\/index.php?rest_route=\/wp\/v2\/pages"}],"about":[{"href":"http:\/\/WWW.derivesdansleglisecatholique.fr\/index.php?rest_route=\/wp\/v2\/types\/page"}],"author":[{"embeddable":true,"href":"http:\/\/WWW.derivesdansleglisecatholique.fr\/index.php?rest_route=\/wp\/v2\/users\/3"}],"replies":[{"embeddable":true,"href":"http:\/\/WWW.derivesdansleglisecatholique.fr\/index.php?rest_route=%2Fwp%2Fv2%2Fcomments&post=855"}],"version-history":[{"count":16,"href":"http:\/\/WWW.derivesdansleglisecatholique.fr\/index.php?rest_route=\/wp\/v2\/pages\/855\/revisions"}],"predecessor-version":[{"id":1136,"href":"http:\/\/WWW.derivesdansleglisecatholique.fr\/index.php?rest_route=\/wp\/v2\/pages\/855\/revisions\/1136"}],"wp:attachment":[{"href":"http:\/\/WWW.derivesdansleglisecatholique.fr\/index.php?rest_route=%2Fwp%2Fv2%2Fmedia&parent=855"}],"curies":[{"name":"wp","href":"https:\/\/api.w.org\/{rel}","templated":true}]}}