{"id":857,"date":"2017-03-29T15:55:40","date_gmt":"2017-03-29T14:55:40","guid":{"rendered":"http:\/\/WWW.derivesdansleglisecatholique.fr\/?page_id=857"},"modified":"2017-03-29T15:55:40","modified_gmt":"2017-03-29T14:55:40","slug":"les-mots-trompeurs","status":"publish","type":"page","link":"http:\/\/WWW.derivesdansleglisecatholique.fr\/?page_id=857","title":{"rendered":"Les mots trompeurs"},"content":{"rendered":"<p>&nbsp;<\/p>\n<p style=\"padding-left: 30px;\"><span style=\"font-family: 'times new roman', times, serif; font-size: 12pt; color: #ffcc99;\"><strong>.<\/strong><\/span><\/p>\n<p style=\"padding-left: 30px;\"><span style=\"color: #0000ff; font-family: 'times new roman', times, serif; font-size: 14pt;\"><strong>\u00ab\u00a0Lorsque les mots perdent leur sens, les gens perdent leur libert\u00e9\u00a0\u00bb<\/strong><\/span><\/p>\n<p style=\"padding-left: 30px;\"><span style=\"font-family: 'times new roman', times, serif; font-size: 12pt; color: #ffcc99;\"><strong>\u00a0.<\/strong><\/span><\/p>\n<p style=\"padding-left: 30px;\"><span style=\"font-family: 'times new roman', times, serif; font-size: 12pt;\">C\u2019est par cette citation de Confucius que nous ouvrons cette nouvelle rubrique. Pour pouvoir communiquer, encore faut-il donner aux mots le m\u00eame sens. Le langage charismatique, habilement transform\u00e9, utilise des mots et des termes dont le contenu est d\u00e9voy\u00e9. <strong>Une confusion intellectuelle s\u2019en suit qui modifie, voire inverse, le sens des phrases.<\/strong> Ce qui permet \u00e0 partir de l\u00e0, d\u2019\u00e9laborer des th\u00e9ories qui semblent plus vraies que vraies mais dont le fondement est faux.<\/span><\/p>\n<p style=\"padding-left: 30px;\"><span style=\"color: #ffcc99;\">.<\/span><\/p>\n<p style=\"padding-left: 30px;\"><span style=\"font-family: 'times new roman', times, serif; font-size: 12pt;\">Concr\u00e8tement, le \u00a0psycho-spirituel qui se veut catholique justifie sa doctrine par la phrase de l\u2019Evangile de St Matthieu, au chapitre 22, verset 39 \u00ab\u00a0 Tu aimeras ton prochain comme toi-m\u00eame\u00a0\u00bb. Selon cette religiosit\u00e9, la premi\u00e8re \u00e9tape c\u2019est d\u2019abord de s\u2019aimer soi. Ce qu\u2019il faut \u00ab\u00a0apprendre\u00a0\u00bb,\u00a0 puisque cette doctrine se fonde sur l\u2019incapacit\u00e9 de s\u2019aimer \u00e0 cause des blessures de l\u2019enfance. D\u2019o\u00f9 un long chemin de gu\u00e9rison impos\u00e9 pour pouvoir, par la suite, aimer son prochain. Cet amour en deux \u00e9tapes est d\u2019autant plus\u00a0 surprenant que lesdites blessures vont \u00eatre induites par des m\u00e9thodes qui annihilent la raison, plongent dans l\u2019\u00e9motion et induisent de faux souvenirs. Dans ce cursus, \u00a0la personne\u00a0 va s\u2019enfoncer de plus en plus dans un narcissisme qui va la couper de ses proches. Tout sera sacrifi\u00e9 au culte de l\u2019<em>ego<\/em> devenu imp\u00e9ratif, puisqu\u2019un doctrinaire affirme que pour rentrer au ciel, il faut \u00eatre gu\u00e9ri. Un enjeu qui exige tous les sacrifices. De nombreuses personnes sont malheureusement plong\u00e9es dans ce cursus depuis des dizaines d\u2019ann\u00e9es sans avoir \u00ab\u00a0gu\u00e9ri\u00a0\u00bb \u2026 et sans avoir aim\u00e9.<\/span><\/p>\n<p style=\"padding-left: 30px;\"><span style=\"color: #ffcc99;\">.<\/span><\/p>\n<p style=\"padding-left: 30px;\"><span style=\"font-family: 'times new roman', times, serif; font-size: 12pt;\">Que devient le prochain dans ce chemin vers le ciel\u00a0? Il subit l\u2019enfer. Accus\u00e9 de tous les maux, de toutes les blessures, il est rejet\u00e9 dans le m\u00e9pris de la souffrance qui lui est impos\u00e9.<\/span><\/p>\n<p style=\"padding-left: 30px;\"><span style=\"color: #ffcc99;\">.<\/span><\/p>\n<p style=\"padding-left: 30px;\"><span style=\"font-family: 'times new roman', times, serif; font-size: 12pt;\">Que devient l\u2019adepte de cet amour de soi\u00a0? Un m\u00e2t cahotant sur un radeau de naufrag\u00e9 qui va l\u00e0 o\u00f9 le portent les vagues\u2026<\/span><\/p>\n<p style=\"padding-left: 30px;\"><span style=\"color: #ffcc99;\">.<\/span><\/p>\n<p style=\"padding-left: 30px;\"><span style=\"font-family: 'times new roman', times, serif; font-size: 12pt;\"><strong>Et la souffrance dans cette si belle recherche d\u2019amour\u00a0? Voici ce qu\u2019en dit une ex-communautaire dans \u00ab\u00a0la lettre sous emprise\u00a0\u00bb que vous trouverez sur ce site\u00a0: http:\/\/www.derivesdansleglisecatholique.fr\/?page_id=542<\/strong><\/span><\/p>\n<p style=\"padding-left: 30px;\"><span style=\"font-family: 'times new roman', times, serif; font-size: 12pt; color: #ffcc99;\"><strong>\u00a0.<\/strong><\/span><\/p>\n<p style=\"padding-left: 30px;\"><span style=\"font-family: 'times new roman', times, serif; font-size: 12pt;\"><em>\u00ab\u00a0(\u2026) la souffrance est \u00e9norme, cach\u00e9e (\u2026) Parents (\u2026) Sachez r\u00e9sister aux mots blessants (\u2026) Que la personne qui re\u00e7oit ce courrier ou ce coup de fil assassin se dise qu&rsquo;elle n&rsquo;est pas coupable, qu&rsquo;elle a en face d&rsquo;elle un pantin manipul\u00e9 et qui souffre et que la souffrance peut faire devenir m\u00e9chant. Car c&rsquo;est ce qui est le plus fort dans ce syst\u00e8me\u00a0: il faut une fa\u00e7on de d\u00e9verser sa souffrance quelque part.<\/em><\/span><\/p>\n<p style=\"padding-left: 30px;\"><span style=\"font-family: 'times new roman', times, serif; font-size: 12pt;\"><em>\u00a0Je m&rsquo;explique\u00a0: le psycho-spirituel suppos\u00e9 comprendre ce qui nous entoure et y trouver un sens, devrait rendre la personne heureuse. Or pour rentrer dans le cadre, tr\u00e8s vite des dissonances se font jour, dissonances qui entra\u00eenent une souffrance, souffrance que l&rsquo;on doit ext\u00e9rioriser par l&rsquo;appel au blessures et pour beaucoup celles \u00ab\u00a0inflig\u00e9es\u00a0\u00bb par nos parents.<\/em><\/span><\/p>\n<p style=\"padding-left: 30px;\"><span style=\"font-family: 'times new roman', times, serif; font-size: 12pt;\"><em>Un parent normal, devient donc un bourreau plus ou moins gentil\u00a0!\u00a0\u00bb<\/em><\/span><\/p>\n<p style=\"padding-left: 30px;\"><span style=\"color: #ffcc99;\">.<\/span><\/p>\n<p style=\"padding-left: 30px;\"><span style=\"font-family: 'times new roman', times, serif; font-size: 12pt;\"><strong>\u00ab\u00a0 Aimez son prochain comme soi-m\u00eame\u00a0\u00bb\u00a0? Un cataclysme rendu possible en inversant le sens de mots, des phrases, pour induire une confusion intellectuelle, tromper une personne confiante et la manipuler. <\/strong><\/span><\/p>\n<p style=\"padding-left: 30px;\"><span style=\"font-family: 'times new roman', times, serif; font-size: 12pt; color: #ffcc99;\"><strong>\u00a0.<\/strong><\/span><\/p>\n<p style=\"text-align: center; padding-left: 30px;\"><span style=\"font-family: 'times new roman', times, serif; font-size: 14pt; color: #0000ff;\"><strong>Les mots sont redoutables lorsqu\u2019ils servent \u00e0 ali\u00e9ner la libert\u00e9.<\/strong><\/span><\/p>\n<p style=\"padding-left: 30px;\"><span style=\"color: #ffcc99;\">.<\/span><\/p>\n<p style=\"padding-left: 30px;\"><span style=\"font-family: 'times new roman', times, serif; font-size: 12pt;\">Pour se prot\u00e9ger et prot\u00e9ger ceux qu\u2019on aime, il faut s\u2019informer. Vous trouverez d\u00e9sormais dans cette rubrique quelques explications basiques qui vous donneront les cl\u00e9s pour comprendre les mots d\u00e9voy\u00e9s les plus utilis\u00e9s. \u00a0<\/span><\/p>\n<p style=\"padding-left: 30px;\"><span style=\"color: #ffcc99;\">.<\/span><\/p>\n","protected":false},"excerpt":{"rendered":"<p>&nbsp; . \u00ab\u00a0Lorsque les mots perdent leur sens, les gens perdent leur libert\u00e9\u00a0\u00bb \u00a0. C\u2019est par cette citation de Confucius que nous ouvrons cette nouvelle rubrique. Pour pouvoir communiquer, encore faut-il donner aux mots le m\u00eame sens. Le langage charismatique, habilement transform\u00e9, utilise des mots et des termes dont le contenu est d\u00e9voy\u00e9. Une confusion <span class=\"ellipsis\">&hellip;<\/span> <span class=\"more-link-wrap\"><a href=\"http:\/\/WWW.derivesdansleglisecatholique.fr\/?page_id=857\" class=\"more-link\"><span>Read More &rarr;<\/span><\/a><\/span><\/p>\n","protected":false},"author":3,"featured_media":0,"parent":0,"menu_order":0,"comment_status":"closed","ping_status":"closed","template":"","meta":{"footnotes":""},"class_list":["post-857","page","type-page","status-publish","hentry"],"yoast_head":"<!-- This site is optimized with the Yoast SEO plugin v27.4 - https:\/\/yoast.com\/product\/yoast-seo-wordpress\/ -->\n<title>Les mots trompeurs - D\u00e9rives dans l&#039;eglise catholique<\/title>\n<meta name=\"robots\" content=\"index, follow, max-snippet:-1, max-image-preview:large, max-video-preview:-1\" \/>\n<link rel=\"canonical\" href=\"http:\/\/WWW.derivesdansleglisecatholique.fr\/?page_id=857\" \/>\n<meta property=\"og:locale\" content=\"fr_FR\" \/>\n<meta property=\"og:type\" content=\"article\" \/>\n<meta property=\"og:title\" content=\"Les mots trompeurs - D\u00e9rives dans l&#039;eglise catholique\" \/>\n<meta property=\"og:description\" content=\"&nbsp; . \u00ab\u00a0Lorsque les mots perdent leur sens, les gens perdent leur libert\u00e9\u00a0\u00bb \u00a0. C\u2019est par cette citation de Confucius que nous ouvrons cette nouvelle rubrique. Pour pouvoir communiquer, encore faut-il donner aux mots le m\u00eame sens. Le langage charismatique, habilement transform\u00e9, utilise des mots et des termes dont le contenu est d\u00e9voy\u00e9. Une confusion &hellip; Read More &rarr;\" \/>\n<meta property=\"og:url\" content=\"http:\/\/WWW.derivesdansleglisecatholique.fr\/?page_id=857\" \/>\n<meta property=\"og:site_name\" content=\"D\u00e9rives dans l&#039;eglise catholique\" \/>\n<meta name=\"twitter:label1\" content=\"Dur\u00e9e de lecture estim\u00e9e\" \/>\n\t<meta name=\"twitter:data1\" content=\"3 minutes\" \/>\n<script type=\"application\/ld+json\" class=\"yoast-schema-graph\">{\"@context\":\"https:\\\/\\\/schema.org\",\"@graph\":[{\"@type\":\"WebPage\",\"@id\":\"http:\\\/\\\/WWW.derivesdansleglisecatholique.fr\\\/?page_id=857\",\"url\":\"http:\\\/\\\/WWW.derivesdansleglisecatholique.fr\\\/?page_id=857\",\"name\":\"Les mots trompeurs - D\u00e9rives dans l&#039;eglise catholique\",\"isPartOf\":{\"@id\":\"http:\\\/\\\/WWW.derivesdansleglisecatholique.fr\\\/#website\"},\"datePublished\":\"2017-03-29T14:55:40+00:00\",\"breadcrumb\":{\"@id\":\"http:\\\/\\\/WWW.derivesdansleglisecatholique.fr\\\/?page_id=857#breadcrumb\"},\"inLanguage\":\"fr-FR\",\"potentialAction\":[{\"@type\":\"ReadAction\",\"target\":[\"http:\\\/\\\/WWW.derivesdansleglisecatholique.fr\\\/?page_id=857\"]}]},{\"@type\":\"BreadcrumbList\",\"@id\":\"http:\\\/\\\/WWW.derivesdansleglisecatholique.fr\\\/?page_id=857#breadcrumb\",\"itemListElement\":[{\"@type\":\"ListItem\",\"position\":1,\"name\":\"Accueil\",\"item\":\"http:\\\/\\\/WWW.derivesdansleglisecatholique.fr\\\/\"},{\"@type\":\"ListItem\",\"position\":2,\"name\":\"Les mots trompeurs\"}]},{\"@type\":\"WebSite\",\"@id\":\"http:\\\/\\\/WWW.derivesdansleglisecatholique.fr\\\/#website\",\"url\":\"http:\\\/\\\/WWW.derivesdansleglisecatholique.fr\\\/\",\"name\":\"D\u00e9rives dans l&#039;eglise catholique\",\"description\":\"Justice et V\u00e9rit\u00e9 pour les familles\",\"potentialAction\":[{\"@type\":\"SearchAction\",\"target\":{\"@type\":\"EntryPoint\",\"urlTemplate\":\"http:\\\/\\\/WWW.derivesdansleglisecatholique.fr\\\/?s={search_term_string}\"},\"query-input\":{\"@type\":\"PropertyValueSpecification\",\"valueRequired\":true,\"valueName\":\"search_term_string\"}}],\"inLanguage\":\"fr-FR\"}]}<\/script>\n<!-- \/ Yoast SEO plugin. -->","yoast_head_json":{"title":"Les mots trompeurs - D\u00e9rives dans l&#039;eglise catholique","robots":{"index":"index","follow":"follow","max-snippet":"max-snippet:-1","max-image-preview":"max-image-preview:large","max-video-preview":"max-video-preview:-1"},"canonical":"http:\/\/WWW.derivesdansleglisecatholique.fr\/?page_id=857","og_locale":"fr_FR","og_type":"article","og_title":"Les mots trompeurs - D\u00e9rives dans l&#039;eglise catholique","og_description":"&nbsp; . \u00ab\u00a0Lorsque les mots perdent leur sens, les gens perdent leur libert\u00e9\u00a0\u00bb \u00a0. C\u2019est par cette citation de Confucius que nous ouvrons cette nouvelle rubrique. Pour pouvoir communiquer, encore faut-il donner aux mots le m\u00eame sens. Le langage charismatique, habilement transform\u00e9, utilise des mots et des termes dont le contenu est d\u00e9voy\u00e9. Une confusion &hellip; Read More &rarr;","og_url":"http:\/\/WWW.derivesdansleglisecatholique.fr\/?page_id=857","og_site_name":"D\u00e9rives dans l&#039;eglise catholique","twitter_misc":{"Dur\u00e9e de lecture estim\u00e9e":"3 minutes"},"schema":{"@context":"https:\/\/schema.org","@graph":[{"@type":"WebPage","@id":"http:\/\/WWW.derivesdansleglisecatholique.fr\/?page_id=857","url":"http:\/\/WWW.derivesdansleglisecatholique.fr\/?page_id=857","name":"Les mots trompeurs - D\u00e9rives dans l&#039;eglise catholique","isPartOf":{"@id":"http:\/\/WWW.derivesdansleglisecatholique.fr\/#website"},"datePublished":"2017-03-29T14:55:40+00:00","breadcrumb":{"@id":"http:\/\/WWW.derivesdansleglisecatholique.fr\/?page_id=857#breadcrumb"},"inLanguage":"fr-FR","potentialAction":[{"@type":"ReadAction","target":["http:\/\/WWW.derivesdansleglisecatholique.fr\/?page_id=857"]}]},{"@type":"BreadcrumbList","@id":"http:\/\/WWW.derivesdansleglisecatholique.fr\/?page_id=857#breadcrumb","itemListElement":[{"@type":"ListItem","position":1,"name":"Accueil","item":"http:\/\/WWW.derivesdansleglisecatholique.fr\/"},{"@type":"ListItem","position":2,"name":"Les mots trompeurs"}]},{"@type":"WebSite","@id":"http:\/\/WWW.derivesdansleglisecatholique.fr\/#website","url":"http:\/\/WWW.derivesdansleglisecatholique.fr\/","name":"D\u00e9rives dans l&#039;eglise catholique","description":"Justice et V\u00e9rit\u00e9 pour les familles","potentialAction":[{"@type":"SearchAction","target":{"@type":"EntryPoint","urlTemplate":"http:\/\/WWW.derivesdansleglisecatholique.fr\/?s={search_term_string}"},"query-input":{"@type":"PropertyValueSpecification","valueRequired":true,"valueName":"search_term_string"}}],"inLanguage":"fr-FR"}]}},"_links":{"self":[{"href":"http:\/\/WWW.derivesdansleglisecatholique.fr\/index.php?rest_route=\/wp\/v2\/pages\/857","targetHints":{"allow":["GET"]}}],"collection":[{"href":"http:\/\/WWW.derivesdansleglisecatholique.fr\/index.php?rest_route=\/wp\/v2\/pages"}],"about":[{"href":"http:\/\/WWW.derivesdansleglisecatholique.fr\/index.php?rest_route=\/wp\/v2\/types\/page"}],"author":[{"embeddable":true,"href":"http:\/\/WWW.derivesdansleglisecatholique.fr\/index.php?rest_route=\/wp\/v2\/users\/3"}],"replies":[{"embeddable":true,"href":"http:\/\/WWW.derivesdansleglisecatholique.fr\/index.php?rest_route=%2Fwp%2Fv2%2Fcomments&post=857"}],"version-history":[{"count":1,"href":"http:\/\/WWW.derivesdansleglisecatholique.fr\/index.php?rest_route=\/wp\/v2\/pages\/857\/revisions"}],"predecessor-version":[{"id":858,"href":"http:\/\/WWW.derivesdansleglisecatholique.fr\/index.php?rest_route=\/wp\/v2\/pages\/857\/revisions\/858"}],"wp:attachment":[{"href":"http:\/\/WWW.derivesdansleglisecatholique.fr\/index.php?rest_route=%2Fwp%2Fv2%2Fmedia&parent=857"}],"curies":[{"name":"wp","href":"https:\/\/api.w.org\/{rel}","templated":true}]}}