{"id":931,"date":"2017-04-05T20:22:47","date_gmt":"2017-04-05T19:22:47","guid":{"rendered":"http:\/\/WWW.derivesdansleglisecatholique.fr\/?page_id=931"},"modified":"2017-06-22T15:04:37","modified_gmt":"2017-06-22T14:04:37","slug":"la-misericorde","status":"publish","type":"page","link":"http:\/\/WWW.derivesdansleglisecatholique.fr\/?page_id=931","title":{"rendered":"La Mis\u00e9ricorde ?"},"content":{"rendered":"<p><strong><span style=\"color: #ffcc99;\">.<\/span><br \/>\n<\/strong><\/p>\n<p style=\"padding-left: 30px;\"><span style=\"font-family: times new roman,times,serif; font-size: 14pt;\"><strong><span style=\"color: #0000ff;\">Qu\u2019est ce que la mis\u00e9ricorde\u00a0?<\/span> <\/strong><\/span><\/p>\n<p style=\"padding-left: 30px;\"><span style=\"color: #ffcc99;\">.<\/span><\/p>\n<p style=\"padding-left: 30px;\"><span style=\"font-family: times new roman,times,serif; font-size: 12pt;\"><strong>Dans le glossaire de l\u2019Eglise catholique, la d\u00e9finition de la mis\u00e9ricorde est\u00a0:<\/strong><\/span><\/p>\n<p style=\"padding-left: 30px;\"><span style=\"font-family: times new roman,times,serif; font-size: 12pt;\"><a href=\"http:\/\/www.eglise.catholique.fr\/glossaire\/misericorde\/\">http:\/\/www.eglise.catholique.fr\/glossaire\/misericorde\/<\/a><\/span><\/p>\n<p style=\"padding-left: 30px;\"><span style=\"color: #ffcc99;\">.<\/span><\/p>\n<p style=\"padding-left: 30px;\"><span style=\"font-family: times new roman,times,serif; font-size: 12pt;\">\u00ab\u00a0<em>du latin misereri\u00a0: avoir piti\u00e9 et cor\u00a0: c\u0153ur\u00a0\u00bb<\/em><\/span><\/p>\n<p style=\"padding-left: 30px;\"><span style=\"font-family: times new roman,times,serif; font-size: 12pt;\"><em>\u00ab\u00a0Attribut de Dieu qui explique son dessein de salut pour l\u2019humanit\u00e9. La bont\u00e9 de Dieu est infinie car elle est un des aspects de sa mis\u00e9ricorde (PS 86,5). On nomme ainsi l\u2019attitude profonde de l\u2019\u00eatre caract\u00e9ris\u00e9e pas la disposition d\u2019amour au pardon.\u00a0 La sensibilit\u00e9 \u00e0 la mis\u00e8re et \u00e0 la souffrance d\u2019autrui et \u00e0 une bienveillance fondamentale vis-\u00e0-vis du prochain.\u00a0\u00bb \u00ab\u00a0En l\u2019ann\u00e9e jubilaire 2000, le Pape Jean-Paul II a d\u00e9cr\u00e9t\u00e9 que le deuxi\u00e8me dimanche apr\u00e8s P\u00e2ques serait d\u00e9sormais celui de la mis\u00e9ricorde divine.\u00a0\u00bb <\/em><\/span><\/p>\n<p style=\"padding-left: 30px;\"><span style=\"color: #ffcc99;\">.<\/span><\/p>\n<p style=\"padding-left: 30px;\"><span style=\"font-family: times new roman,times,serif; font-size: 12pt;\">Depuis des ann\u00e9es, ladite mis\u00e9ricorde est servie \u00e0 toutes les sauces et cette confusion la vide de son sens. Il est urgent de revenir au sens du mot et \u00e0 la r\u00e9alit\u00e9 qu\u2019il recouvre. Citons en premier le Pape Jean Paul II qui a \u00e9t\u00e9 l\u2019ap\u00f4tre de la Mis\u00e9ricorde. Sa deuxi\u00e8me encyclique\u00a0<em>\u00ab\u00a0<strong>Dives in Misericordia<\/strong>\u00a0<\/em>\u00bb\u00a0 parue le 30 novembre en 1980, lui \u00e9tait consacr\u00e9e. Un texte de r\u00e9f\u00e9rence \u00e0 lire ou relire.<\/span><\/p>\n<p style=\"padding-left: 30px;\"><span style=\"color: #ffcc99;\">.<\/span><\/p>\n<p style=\"padding-left: 30px;\"><span style=\"font-family: times new roman,times,serif; font-size: 12pt; color: #0000ff;\"><strong>Quelques petits passages parmi bien d\u2019autres, peuvent \u00eatre cit\u00e9s\u00a0:<\/strong><\/span><\/p>\n<p style=\"padding-left: 30px;\"><span style=\"font-family: times new roman,times,serif; font-size: 12pt;\"><em>\u00ab\u00a0127. Le monde des hommes ne pourra devenir toujours plus humain que si nous introduisons dans le cadre multiforme des rapports interpersonnels et sociaux, en m\u00eame temps que la justice, cet \u00abamour mis\u00e9ricordieux\u00bb qui constitue le message messianique de l&rsquo;Evangile.\u00a0\u00bb<\/em><\/span><\/p>\n<p style=\"padding-left: 30px;\"><span style=\"font-family: times new roman,times,serif; font-size: 12pt; color: #ffcc99;\"><em>\u00a0.<\/em><\/span><\/p>\n<p style=\"padding-left: 30px;\"><span style=\"font-family: times new roman,times,serif; font-size: 12pt;\"><em>\u00ab\u00a0131.<\/em><em> la structure fonci\u00e8re de la justice entre toujours dans le champ de la mis\u00e9ricorde (\u2026) L&rsquo;accomplissement des conditions de la justice est indispensable surtout pour que l&rsquo;amour puisse r\u00e9v\u00e9ler son propre visage\u00a0\u00bb<\/em><\/span><\/p>\n<p style=\"padding-left: 30px;\"><span style=\"font-family: times new roman,times,serif; font-size: 12pt; color: #ffcc99;\"><em>\u00a0.<\/em><\/span><\/p>\n<p style=\"padding-left: 30px;\"><span style=\"font-family: times new roman,times,serif; font-size: 12pt;\"><em>\u00ab\u00a0132. Dans l&rsquo;analyse de la parabole de l&rsquo;enfant prodigue, nous avons d\u00e9j\u00e0 attir\u00e9 l&rsquo;attention sur le fait que celui qui pardonne et celui qui est pardonn\u00e9 se rencontrent sur un point essentiel, qui est la dignit\u00e9 ou la valeur essentielle de l&rsquo;homme, qui ne peut \u00eatre perdue et dont l&rsquo;affirmation ou la red\u00e9couverte sont la source de la plus grande joie.\u00a0\u00bb<\/em><\/span><\/p>\n<p style=\"padding-left: 30px;\"><span style=\"font-family: times new roman,times,serif; font-size: 12pt; color: #ffcc99;\"><em>\u00a0.<\/em><\/span><\/p>\n<p style=\"padding-left: 30px;\"><span style=\"font-family: times new roman,times,serif; font-size: 12pt; color: #0000ff;\"><strong>Dans la conclusion de cet article du 2 avril 2017, en peu de phrases sont r\u00e9sum\u00e9es sa source et sa finalit\u00e9\u00a0:<\/strong><\/span><\/p>\n<p style=\"padding-left: 30px;\"><span style=\"font-family: times new roman,times,serif; font-size: 12pt; color: #ffcc99;\"><strong>\u00a0.<\/strong><\/span><\/p>\n<p style=\"padding-left: 30px;\"><span style=\"font-family: times new roman,times,serif; font-size: 12pt; color: #0000ff;\"><strong>\u00abDans la mis\u00e9ricorde de Dieu, le monde trouvera la paix\u00bb: l\u2019h\u00e9ritage de Jean-Paul II <\/strong>\u00a0\u00a0<\/span><\/p>\n<p style=\"padding-left: 30px;\"><span style=\"color: #ffcc99;\">.<\/span><\/p>\n<p style=\"padding-left: 30px;\"><span style=\"font-family: times new roman,times,serif; font-size: 12pt;\"><a href=\"https:\/\/fr.zenit.org\/articles\/dans-la-misericorde-de-dieu-le-monde-trouvera-la-paix-lheritage-de-jean-paul-ii\/\">https:\/\/fr.zenit.org\/articles\/dans-la-misericorde-de-dieu-le-monde-trouvera-la-paix-lheritage-de-jean-paul-ii\/<\/a><\/span><\/p>\n<p style=\"padding-left: 30px;\"><span style=\"color: #ffcc99;\">.<\/span><\/p>\n<p style=\"padding-left: 30px;\"><span style=\"font-family: times new roman,times,serif; font-size: 12pt;\"><em>\u00ab\u00a0 C\u2019est l\u2019Esprit Saint, Consolateur et Esprit de V\u00e9rit\u00e9, qui nous conduit sur les voies de la Divine Mis\u00e9ricorde(\u2026) L\u00e0 o\u00f9 manque le respect pour la vie et pour\u00a0<\/em><\/span><span style=\"font-family: times new roman,times,serif; font-size: 12pt;\"><em>la dignit\u00e9 de l\u2019homme, l\u2019amour mis\u00e9ricordieux de Dieu est n\u00e9cessaire, car \u00e0 sa lumi\u00e8re se manifeste la valeur inestimable de chaque \u00eatre humain. La mis\u00e9ricorde est n\u00e9cessaire pour faire en sorte que chaque injustice du monde trouve son terme dans la splendeur de la v\u00e9rit\u00e9.\u00a0\u00bb<\/em><\/span><\/p>\n<p style=\"padding-left: 30px;\"><span style=\"color: #ffcc99;\">.<\/span><\/p>\n<p style=\"padding-left: 30px;\"><span style=\"color: #0000ff;\"><strong><span style=\"font-family: times new roman,times,serif; font-size: 12pt;\">Reprenons encore quelques autres extraits de la\u00a0<\/span><\/strong><\/span><\/p>\n<p style=\"padding-left: 30px;\"><span style=\"font-family: times new roman,times,serif; font-size: 12pt; color: #ffcc99;\"><em>\u00a0.<\/em><\/span><\/p>\n<p style=\"padding-left: 30px;\"><strong><span style=\"font-family: times new roman,times,serif; font-size: 12pt;\">BULLE D&rsquo;INDICTION<\/span><\/strong><\/p>\n<p style=\"padding-left: 30px;\"><strong><span style=\"font-family: times new roman,times,serif; font-size: 12pt;\">DU JUBIL\u00c9 EXTRAORDINAIRE<\/span><\/strong><\/p>\n<p style=\"padding-left: 30px;\"><strong><span style=\"font-family: times new roman,times,serif; font-size: 12pt;\">DE LA MIS\u00c9RICORDE<\/span><\/strong><\/p>\n<p style=\"padding-left: 30px;\"><span style=\"color: #ffcc99;\">.<\/span><\/p>\n<p style=\"padding-left: 30px;\"><span style=\"font-family: times new roman,times,serif; font-size: 12pt;\"><a href=\"http:\/\/w2.vatican.va\/content\/francesco\/fr\/apost_letters\/documents\/papa-francesco_bolla_20150411_misericordiae-vultus.html\">http:\/\/w2.vatican.va\/content\/francesco\/fr\/apost_letters\/documents\/papa-francesco_bolla_20150411_misericordiae-vultus.html<\/a><\/span><\/p>\n<p style=\"padding-left: 30px;\"><span style=\"color: #ffcc99;\">.<\/span><\/p>\n<p style=\"padding-left: 30px;\"><span style=\"font-family: times new roman,times,serif; font-size: 12pt;\">4.: <em>\u00ab\u00a0lors de la conclusion du Concile, le bienheureux Paul VI s\u2019exprimait ainsi : \u00ab Nous voulons plut\u00f4t souligner que la r\u00e8gle de notre Concile a \u00e9t\u00e9 avant tout la charit\u00e9 \u2026 La vieille histoire du bon Samaritain a \u00e9t\u00e9 le mod\u00e8le et la r\u00e8gle de la spiritualit\u00e9 du Concile\u2026(\u2026) Oui, parce que c\u2019est l\u2019exigence de la charit\u00e9 comme de la v\u00e9rit\u00e9 mais, \u00e0 l\u2019adresse des personnes.\u00a0\u00bb<\/em> (voir dans\u00a0 St Luc chapitre 10 versets 25-37 la parabole du bon samaritain)<\/span><\/p>\n<p><span style=\"color: #ffcc99;\">.<\/span><\/p>\n<p style=\"padding-left: 60px;\"><span style=\"font-family: times new roman,times,serif; font-size: 12pt;\"><em>18 \u00ab\u00a0Voici le moment favorable pour changer de vie ! Voici le temps de se laisser toucher au coeur. Face au mal commis, et m\u00eame aux crimes graves, voici le moment d\u2019\u00e9couter pleurer les innocents\u00a0\u00bb (\u2026) <\/em><\/span><\/p>\n<p style=\"padding-left: 60px;\"><span style=\"color: #ffcc99;\">.<\/span><\/p>\n<p style=\"padding-left: 60px;\"><span style=\"font-family: times new roman,times,serif; font-size: 12pt;\">15<em>. \u00ab\u00a0C\u2019est dans chacun de ces \u00ab plus petits \u00bb que le Christ est pr\u00e9sent. Sa chair devient de nouveau visible en tant que corps tortur\u00e9, bless\u00e9, flagell\u00e9, affam\u00e9, \u00e9gar\u00e9\u2026 pour \u00eatre reconnu par nous, touch\u00e9 et assist\u00e9 avec soin. N\u2019oublions pas les paroles de Saint Jean de la Croix : \u00ab Au soir de notre vie, nous serons jug\u00e9s sur l\u2019amour \u00bb.<\/em><\/span><\/p>\n<p><span style=\"color: #ffcc99;\">.<\/span><\/p>\n<p style=\"padding-left: 30px;\"><span style=\"font-family: times new roman,times,serif; font-size: 12pt;\">Bien \u00e9videmment, il faudrait relire tous ces textes d\u2019une grande richesse. A partir de leur enseignement, dont nous citons de modestes extraits, on constate que <strong>la mis\u00e9ricorde \u00a0a ses exigences\u00a0: la charit\u00e9, la justice, la v\u00e9rit\u00e9, en sont le socle qui l\u2019enracine dans l\u2019amour de Dieu, ins\u00e9parable de l\u2019amour du prochain. <\/strong><\/span><\/p>\n<p style=\"padding-left: 30px;\"><span style=\"font-family: times new roman,times,serif; font-size: 12pt; color: #ffcc99;\"><strong>\u00a0.<\/strong><\/span><\/p>\n<p style=\"padding-left: 30px;\"><span style=\"font-family: times new roman,times,serif; font-size: 12pt;\"><strong><span style=\"color: #0000ff;\">O\u00f9 sont pass\u00e9es les exigences de la mis\u00e9ricorde\u00a0?<\/span> <\/strong><\/span><\/p>\n<p style=\"padding-left: 30px;\"><span style=\"color: #ffcc99;\">.<\/span><\/p>\n<p style=\"padding-left: 30px;\"><span style=\"font-family: times new roman,times,serif; font-size: 12pt;\">Le pape Fran\u00e7ois, a d\u00e9cr\u00e9t\u00e9 2016 ann\u00e9e de la mis\u00e9ricorde. Les portiques de la mis\u00e9ricorde ont \u00e9t\u00e9 dress\u00e9s dans la plupart des \u00e9glises, avec promesses \u00ab\u00a0d\u2019indulgences\u00a0\u00bb, c&rsquo;est-\u00e0-dire de r\u00e9mission des p\u00e9ch\u00e9s, pour ceux qui y passaient dessous. C\u2019est ainsi que les \u00e9v\u00eaques r\u00e9unis \u00e0 Lourdes ont tous d\u00e9fil\u00e9 solennellement sous la porte dress\u00e9e dans les sanctuaires. Ils y ont ajout\u00e9 des messes dites de repentance, et certains d\u2019entre eux battent leur coulpe dans leur dioc\u00e8se, d\u2019une mani\u00e8re guignolesque. La mis\u00e9ricorde serait-elle\u00a0 une \u00ab\u00a0machine \u00e0 laver\u00a0\u00bb les p\u00e9ch\u00e9s, \u00a0utilis\u00e9e selon les besoins et les circonstances\u00a0? \u00a0Une mis\u00e9ricorde pratique et primaire \u00e0 r\u00e9sumer selon ce qu\u2019elle m\u00e9rite\u00a0: Dieu m\u2019aime, il me pardonne tout mes p\u00e9ch\u00e9s.<\/span><\/p>\n<p style=\"padding-left: 30px;\"><span style=\"color: #ffcc99;\">.<\/span><\/p>\n<p style=\"padding-left: 30px;\"><span style=\"font-family: times new roman,times,serif; font-size: 12pt;\"><strong>Et les victimes dans tout ce cin\u00e9ma ? Face \u00ab\u00a0<em>au mal commis et m\u00eame aux crimes graves<\/em>\u00a0\u00bb \u00a0dans notre Eglise, il ne semble pas que soit encore venu <em>\u00ab\u00a0le temps d\u2019\u00e9couter pleurer les innocents\u00a0\u00bb.<\/em> Pour cela, il faudrait que <\/strong><strong>\u00a0\u00ab\u00a0<\/strong><strong><em>celui qui pardonne et celui qui est pardonn\u00e9 se rencontrent sur un point essentiel, qui est la dignit\u00e9 ou la valeur essentielle de l&rsquo;homme\u00a0\u00bb<\/em><\/strong><strong> un chemin humain qui reconnaisse le Christ pr\u00e9sent dans chacun de ces \u00ab\u00a0<em>plus petits<\/em>\u00a0\u00bb. <\/strong><\/span><\/p>\n<p style=\"padding-left: 30px;\"><span style=\"color: #ffcc99;\">.<\/span><\/p>\n<p style=\"padding-left: 30px;\"><span style=\"font-family: times new roman,times,serif; font-size: 12pt; color: #0000ff;\"><strong>On en est loin dans cette mascarade de mis\u00e9ricorde.<\/strong><\/span><\/p>\n<p style=\"padding-left: 30px;\"><span style=\"color: #ffcc99;\">.<\/span><\/p>\n","protected":false},"excerpt":{"rendered":"<p>. Qu\u2019est ce que la mis\u00e9ricorde\u00a0? . Dans le glossaire de l\u2019Eglise catholique, la d\u00e9finition de la mis\u00e9ricorde est\u00a0: http:\/\/www.eglise.catholique.fr\/glossaire\/misericorde\/ . \u00ab\u00a0du latin misereri\u00a0: avoir piti\u00e9 et cor\u00a0: c\u0153ur\u00a0\u00bb \u00ab\u00a0Attribut de Dieu qui explique son dessein de salut pour l\u2019humanit\u00e9. La bont\u00e9 de Dieu est infinie car elle est un des aspects de sa mis\u00e9ricorde <span class=\"ellipsis\">&hellip;<\/span> <span class=\"more-link-wrap\"><a href=\"http:\/\/WWW.derivesdansleglisecatholique.fr\/?page_id=931\" class=\"more-link\"><span>Read More &rarr;<\/span><\/a><\/span><\/p>\n","protected":false},"author":2,"featured_media":0,"parent":0,"menu_order":0,"comment_status":"closed","ping_status":"closed","template":"","meta":{"footnotes":""},"class_list":["post-931","page","type-page","status-publish","hentry"],"yoast_head":"<!-- This site is optimized with the Yoast SEO plugin v27.4 - https:\/\/yoast.com\/product\/yoast-seo-wordpress\/ -->\n<title>La Mis\u00e9ricorde ? - D\u00e9rives dans l&#039;eglise catholique<\/title>\n<meta name=\"robots\" content=\"index, follow, max-snippet:-1, max-image-preview:large, max-video-preview:-1\" \/>\n<link rel=\"canonical\" href=\"http:\/\/WWW.derivesdansleglisecatholique.fr\/?page_id=931\" \/>\n<meta property=\"og:locale\" content=\"fr_FR\" \/>\n<meta property=\"og:type\" content=\"article\" \/>\n<meta property=\"og:title\" content=\"La Mis\u00e9ricorde ? - D\u00e9rives dans l&#039;eglise catholique\" \/>\n<meta property=\"og:description\" content=\". Qu\u2019est ce que la mis\u00e9ricorde\u00a0? . Dans le glossaire de l\u2019Eglise catholique, la d\u00e9finition de la mis\u00e9ricorde est\u00a0: http:\/\/www.eglise.catholique.fr\/glossaire\/misericorde\/ . \u00ab\u00a0du latin misereri\u00a0: avoir piti\u00e9 et cor\u00a0: c\u0153ur\u00a0\u00bb \u00ab\u00a0Attribut de Dieu qui explique son dessein de salut pour l\u2019humanit\u00e9. La bont\u00e9 de Dieu est infinie car elle est un des aspects de sa mis\u00e9ricorde &hellip; Read More &rarr;\" \/>\n<meta property=\"og:url\" content=\"http:\/\/WWW.derivesdansleglisecatholique.fr\/?page_id=931\" \/>\n<meta property=\"og:site_name\" content=\"D\u00e9rives dans l&#039;eglise catholique\" \/>\n<meta property=\"article:modified_time\" content=\"2017-06-22T14:04:37+00:00\" \/>\n<meta name=\"twitter:label1\" content=\"Dur\u00e9e de lecture estim\u00e9e\" \/>\n\t<meta name=\"twitter:data1\" content=\"5 minutes\" \/>\n<script type=\"application\/ld+json\" class=\"yoast-schema-graph\">{\"@context\":\"https:\\\/\\\/schema.org\",\"@graph\":[{\"@type\":\"WebPage\",\"@id\":\"http:\\\/\\\/WWW.derivesdansleglisecatholique.fr\\\/?page_id=931\",\"url\":\"http:\\\/\\\/WWW.derivesdansleglisecatholique.fr\\\/?page_id=931\",\"name\":\"La Mis\u00e9ricorde ? - D\u00e9rives dans l&#039;eglise catholique\",\"isPartOf\":{\"@id\":\"http:\\\/\\\/WWW.derivesdansleglisecatholique.fr\\\/#website\"},\"datePublished\":\"2017-04-05T19:22:47+00:00\",\"dateModified\":\"2017-06-22T14:04:37+00:00\",\"breadcrumb\":{\"@id\":\"http:\\\/\\\/WWW.derivesdansleglisecatholique.fr\\\/?page_id=931#breadcrumb\"},\"inLanguage\":\"fr-FR\",\"potentialAction\":[{\"@type\":\"ReadAction\",\"target\":[\"http:\\\/\\\/WWW.derivesdansleglisecatholique.fr\\\/?page_id=931\"]}]},{\"@type\":\"BreadcrumbList\",\"@id\":\"http:\\\/\\\/WWW.derivesdansleglisecatholique.fr\\\/?page_id=931#breadcrumb\",\"itemListElement\":[{\"@type\":\"ListItem\",\"position\":1,\"name\":\"Accueil\",\"item\":\"http:\\\/\\\/WWW.derivesdansleglisecatholique.fr\\\/\"},{\"@type\":\"ListItem\",\"position\":2,\"name\":\"La Mis\u00e9ricorde ?\"}]},{\"@type\":\"WebSite\",\"@id\":\"http:\\\/\\\/WWW.derivesdansleglisecatholique.fr\\\/#website\",\"url\":\"http:\\\/\\\/WWW.derivesdansleglisecatholique.fr\\\/\",\"name\":\"D\u00e9rives dans l&#039;eglise catholique\",\"description\":\"Justice et V\u00e9rit\u00e9 pour les familles\",\"potentialAction\":[{\"@type\":\"SearchAction\",\"target\":{\"@type\":\"EntryPoint\",\"urlTemplate\":\"http:\\\/\\\/WWW.derivesdansleglisecatholique.fr\\\/?s={search_term_string}\"},\"query-input\":{\"@type\":\"PropertyValueSpecification\",\"valueRequired\":true,\"valueName\":\"search_term_string\"}}],\"inLanguage\":\"fr-FR\"}]}<\/script>\n<!-- \/ Yoast SEO plugin. -->","yoast_head_json":{"title":"La Mis\u00e9ricorde ? - D\u00e9rives dans l&#039;eglise catholique","robots":{"index":"index","follow":"follow","max-snippet":"max-snippet:-1","max-image-preview":"max-image-preview:large","max-video-preview":"max-video-preview:-1"},"canonical":"http:\/\/WWW.derivesdansleglisecatholique.fr\/?page_id=931","og_locale":"fr_FR","og_type":"article","og_title":"La Mis\u00e9ricorde ? - D\u00e9rives dans l&#039;eglise catholique","og_description":". Qu\u2019est ce que la mis\u00e9ricorde\u00a0? . Dans le glossaire de l\u2019Eglise catholique, la d\u00e9finition de la mis\u00e9ricorde est\u00a0: http:\/\/www.eglise.catholique.fr\/glossaire\/misericorde\/ . \u00ab\u00a0du latin misereri\u00a0: avoir piti\u00e9 et cor\u00a0: c\u0153ur\u00a0\u00bb \u00ab\u00a0Attribut de Dieu qui explique son dessein de salut pour l\u2019humanit\u00e9. La bont\u00e9 de Dieu est infinie car elle est un des aspects de sa mis\u00e9ricorde &hellip; Read More &rarr;","og_url":"http:\/\/WWW.derivesdansleglisecatholique.fr\/?page_id=931","og_site_name":"D\u00e9rives dans l&#039;eglise catholique","article_modified_time":"2017-06-22T14:04:37+00:00","twitter_misc":{"Dur\u00e9e de lecture estim\u00e9e":"5 minutes"},"schema":{"@context":"https:\/\/schema.org","@graph":[{"@type":"WebPage","@id":"http:\/\/WWW.derivesdansleglisecatholique.fr\/?page_id=931","url":"http:\/\/WWW.derivesdansleglisecatholique.fr\/?page_id=931","name":"La Mis\u00e9ricorde ? - D\u00e9rives dans l&#039;eglise catholique","isPartOf":{"@id":"http:\/\/WWW.derivesdansleglisecatholique.fr\/#website"},"datePublished":"2017-04-05T19:22:47+00:00","dateModified":"2017-06-22T14:04:37+00:00","breadcrumb":{"@id":"http:\/\/WWW.derivesdansleglisecatholique.fr\/?page_id=931#breadcrumb"},"inLanguage":"fr-FR","potentialAction":[{"@type":"ReadAction","target":["http:\/\/WWW.derivesdansleglisecatholique.fr\/?page_id=931"]}]},{"@type":"BreadcrumbList","@id":"http:\/\/WWW.derivesdansleglisecatholique.fr\/?page_id=931#breadcrumb","itemListElement":[{"@type":"ListItem","position":1,"name":"Accueil","item":"http:\/\/WWW.derivesdansleglisecatholique.fr\/"},{"@type":"ListItem","position":2,"name":"La Mis\u00e9ricorde ?"}]},{"@type":"WebSite","@id":"http:\/\/WWW.derivesdansleglisecatholique.fr\/#website","url":"http:\/\/WWW.derivesdansleglisecatholique.fr\/","name":"D\u00e9rives dans l&#039;eglise catholique","description":"Justice et V\u00e9rit\u00e9 pour les familles","potentialAction":[{"@type":"SearchAction","target":{"@type":"EntryPoint","urlTemplate":"http:\/\/WWW.derivesdansleglisecatholique.fr\/?s={search_term_string}"},"query-input":{"@type":"PropertyValueSpecification","valueRequired":true,"valueName":"search_term_string"}}],"inLanguage":"fr-FR"}]}},"_links":{"self":[{"href":"http:\/\/WWW.derivesdansleglisecatholique.fr\/index.php?rest_route=\/wp\/v2\/pages\/931","targetHints":{"allow":["GET"]}}],"collection":[{"href":"http:\/\/WWW.derivesdansleglisecatholique.fr\/index.php?rest_route=\/wp\/v2\/pages"}],"about":[{"href":"http:\/\/WWW.derivesdansleglisecatholique.fr\/index.php?rest_route=\/wp\/v2\/types\/page"}],"author":[{"embeddable":true,"href":"http:\/\/WWW.derivesdansleglisecatholique.fr\/index.php?rest_route=\/wp\/v2\/users\/2"}],"replies":[{"embeddable":true,"href":"http:\/\/WWW.derivesdansleglisecatholique.fr\/index.php?rest_route=%2Fwp%2Fv2%2Fcomments&post=931"}],"version-history":[{"count":5,"href":"http:\/\/WWW.derivesdansleglisecatholique.fr\/index.php?rest_route=\/wp\/v2\/pages\/931\/revisions"}],"predecessor-version":[{"id":1156,"href":"http:\/\/WWW.derivesdansleglisecatholique.fr\/index.php?rest_route=\/wp\/v2\/pages\/931\/revisions\/1156"}],"wp:attachment":[{"href":"http:\/\/WWW.derivesdansleglisecatholique.fr\/index.php?rest_route=%2Fwp%2Fv2%2Fmedia&parent=931"}],"curies":[{"name":"wp","href":"https:\/\/api.w.org\/{rel}","templated":true}]}}