{"id":965,"date":"2017-04-12T20:06:57","date_gmt":"2017-04-12T19:06:57","guid":{"rendered":"http:\/\/WWW.derivesdansleglisecatholique.fr\/?page_id=965"},"modified":"2017-04-21T10:48:17","modified_gmt":"2017-04-21T09:48:17","slug":"malheur-a-celui-scandale-arrive","status":"publish","type":"page","link":"http:\/\/WWW.derivesdansleglisecatholique.fr\/?page_id=965","title":{"rendered":"Malheur \u00e0 celui par qui le scandale arrive"},"content":{"rendered":"<p><strong><span style=\"color: #ffcc99;\">.<\/span><br \/>\n<\/strong><\/p>\n<p style=\"padding-left: 30px;\"><span style=\"font-family: times new roman,times,serif; font-size: 12pt;\">Combien de victimes nous ont dit qu\u2019elles craignaient de t\u00e9moigner pour ne pas faire scandale et porter tort \u00e0 l\u2019\u00c9glise ! Combien de parents, encore aujourd\u2019hui, se taisent pour les m\u00eames raisons, alors que leurs enfants sont compl\u00e8tement d\u00e9labr\u00e9s par des sessions psycho-spirituelles\u2026<\/span><\/p>\n<p style=\"padding-left: 30px;\"><span style=\"color: #ffcc99;\">.<\/span><\/p>\n<p style=\"padding-left: 30px;\"><span style=\"font-family: times new roman,times,serif; font-size: 12pt;\">Un silence qui \u00e9crase les victimes et permet aux gourous du psycho-spirituel, voire aux bourreaux en ce qui concerne la p\u00e9dophilie, de continuer en toute impunit\u00e9.<\/span><\/p>\n<p style=\"padding-left: 30px;\"><span style=\"color: #ffcc99;\">.<\/span><\/p>\n<p style=\"padding-left: 30px;\"><span style=\"font-family: times new roman,times,serif; font-size: 12pt;\">Cela d\u00e9fie la raison, alors comment est-ce possible\u00a0? Tout simplement parce que les victimes sont de bons catholiques qui ont toujours eu beaucoup de respect pour la hi\u00e9rarchie et lui restent ob\u00e9issants. Elles sont habitu\u00e9s \u00e0 faire confiance \u2026 On leur donne d\u2019ailleurs un \u00ab\u00a0argument\u00a0\u00bb de force en leur citant la parole d\u2019\u00e9vangile\u00a0:<\/span><\/p>\n<p style=\"padding-left: 30px;\"><span style=\"font-family: times new roman,times,serif; font-size: 12pt;\"><em>Luc chapitre 17 verset 1 \u00ab\u00a0 J\u00e9sus dit \u00e0 ses disciples\u00a0: il est impossible qu\u2019il n\u2019arrive pas des scandales\u00a0; mais malheur \u00e0 celui par qui ils arrivent\u00a0!\u00a0\u00bb<\/em><\/span><\/p>\n<p style=\"padding-left: 30px;\"><span style=\"color: #ffcc99;\">.<\/span><\/p>\n<p style=\"padding-left: 30px;\"><span style=\"font-family: times new roman,times,serif; font-size: 12pt;\"><span style=\"color: #0000ff;\"><strong>Parole utilis\u00e9e et d\u00e9voy\u00e9e pour non seulement leur faire porter\u00a0 la responsabilit\u00e9 d\u2019un scandale, mais aussi pour \u00a0traiter en brebis galeuses les victimes qui \u00a0osent\u00a0parler.<\/strong><\/span><\/span><\/p>\n<p style=\"padding-left: 30px;\"><span style=\"font-family: times new roman,times,serif; font-size: 12pt;\"> Concr\u00e8tement le mal reste acceptable, ce qui ne l\u2019est pas, c\u2019est qu\u2019il se sache.<\/span><\/p>\n<p style=\"padding-left: 30px;\"><span style=\"color: #ffcc99;\">.<\/span><\/p>\n<p style=\"padding-left: 30px;\"><span style=\"font-family: times new roman,times,serif; font-size: 12pt;\">Nous proposons \u00e0 ces pharisiens un autre passage de l\u2019\u00c9vangile qui, entre bien d\u2019autres, les concerne\u00a0et les accable :<\/span><\/p>\n<p style=\"padding-left: 30px;\"><span style=\"font-family: times new roman,times,serif; font-size: 12pt;\"><em>Matthieu chapitre 17 versets 5-6 \u00ab (\u2026 Et quiconque re\u00e7oit en mon nom un petit enfant comme celui-ci, me re\u00e7oit moi-m\u00eame. Mais si quelqu\u2019un scandalisait un de ces petits qui croient en moi, il vaudrait mieux pour lui qu\u2019on suspend\u00eet \u00e0 son cou une meule de moulin, et qu\u2019on la jet\u00e2t au fond de la mer.\u00a0\u00bb <\/em><\/span><\/p>\n<p style=\"padding-left: 30px;\"><span style=\"color: #ffcc99;\">.<\/span><\/p>\n<p style=\"padding-left: 30px;\"><span style=\"font-family: times new roman,times,serif; font-size: 12pt;\">La parole de J\u00e9sus se suffit, nous ne nous permettrons pas de la commenter.<\/span><\/p>\n<p style=\"padding-left: 30px;\"><span style=\"color: #ffcc99;\">.<\/span><\/p>\n<p style=\"padding-left: 30px;\"><span style=\"font-family: times new roman,times,serif; font-size: 12pt; color: #0000ff;\"><strong>Selon la d\u00e9finition du mot \u00ab\u00a0scandale\u00a0\u00bb dans le dictionnaire\u00a0:<\/strong><\/span><\/p>\n<p style=\"padding-left: 30px;\"><span style=\"font-family: times new roman,times,serif; font-size: 12pt;\"><a href=\"http:\/\/www.larousse.fr\/dictionnaires\/francais\/scandale\/71298\">http:\/\/www.larousse.fr\/dictionnaires\/francais\/scandale\/71298<\/a><\/span><\/p>\n<p style=\"padding-left: 30px;\"><span style=\"font-family: times new roman,times,serif; font-size: 12pt;\"><em>&#8211; <\/em><em>Effet f\u00e2cheux, indignation produits dans l&rsquo;opinion publique par un fait, un acte estim\u00e9 contraire \u00e0 la morale, aux usages\u00a0:\u00a0<\/em><em>Agir sans craindre le scandale.<\/em><\/span><\/p>\n<p style=\"padding-left: 30px;\"><span style=\"font-family: times new roman,times,serif; font-size: 12pt;\"><em>&#8211; <\/em><em>Grave affaire malhonn\u00eate, honteuse, qui a un grand retentissement dans le public<\/em><\/span><\/p>\n<p style=\"padding-left: 30px;\"><span style=\"font-family: times new roman,times,serif; font-size: 12pt;\"><em>&#8211; <\/em><em>Fait qui heurte la conscience, le bon sens, la morale, suscite l&rsquo;\u00e9motion, la r\u00e9volte\u00a0<\/em><\/span><\/p>\n<p style=\"padding-left: 30px;\"><span style=\"font-family: times new roman,times,serif; font-size: 12pt;\"><em>&#8211; <\/em><em>Parole ou acte r\u00e9pr\u00e9hensibles qui sont pour le prochain une occasion de p\u00e9ch\u00e9 ou de dommage spirituel.<\/em><\/span><\/p>\n<p>&nbsp;<\/p>\n<p style=\"padding-left: 30px;\"><span style=\"color: #ffcc99;\">.<\/span><\/p>\n<p style=\"padding-left: 30px; text-align: center;\"><span style=\"font-family: 'times new roman', times, serif; font-size: 14pt; color: #0000ff;\"><strong>Qui est responsable du scandale\u00a0: le gourou, le bourreau ou sa victime\u00a0?<\/strong><\/span><\/p>\n<p style=\"padding-left: 30px; text-align: center;\"><span style=\"color: #ffcc99; font-size: 14pt;\">.<\/span><\/p>\n<p style=\"padding-left: 30px; text-align: center;\"><span style=\"font-family: 'times new roman', times, serif; font-size: 14pt; color: #0000ff;\"><strong>Ceux qui commettent le mal ou ceux qui le subissent\u00a0?<\/strong><\/span><\/p>\n<p style=\"padding-left: 30px;\"><span style=\"color: #ffcc99;\">.<\/span><\/p>\n","protected":false},"excerpt":{"rendered":"<p>. Combien de victimes nous ont dit qu\u2019elles craignaient de t\u00e9moigner pour ne pas faire scandale et porter tort \u00e0 l\u2019\u00c9glise ! Combien de parents, encore aujourd\u2019hui, se taisent pour les m\u00eames raisons, alors que leurs enfants sont compl\u00e8tement d\u00e9labr\u00e9s par des sessions psycho-spirituelles\u2026 . Un silence qui \u00e9crase les victimes et permet aux gourous <span class=\"ellipsis\">&hellip;<\/span> <span class=\"more-link-wrap\"><a href=\"http:\/\/WWW.derivesdansleglisecatholique.fr\/?page_id=965\" class=\"more-link\"><span>Read More &rarr;<\/span><\/a><\/span><\/p>\n","protected":false},"author":2,"featured_media":0,"parent":0,"menu_order":0,"comment_status":"closed","ping_status":"closed","template":"","meta":{"footnotes":""},"class_list":["post-965","page","type-page","status-publish","hentry"],"yoast_head":"<!-- This site is optimized with the Yoast SEO plugin v27.4 - https:\/\/yoast.com\/product\/yoast-seo-wordpress\/ -->\n<title>Malheur \u00e0 celui par qui le scandale arrive - D\u00e9rives dans l&#039;eglise catholique<\/title>\n<meta name=\"robots\" content=\"index, follow, max-snippet:-1, max-image-preview:large, max-video-preview:-1\" \/>\n<link rel=\"canonical\" href=\"http:\/\/WWW.derivesdansleglisecatholique.fr\/?page_id=965\" \/>\n<meta property=\"og:locale\" content=\"fr_FR\" \/>\n<meta property=\"og:type\" content=\"article\" \/>\n<meta property=\"og:title\" content=\"Malheur \u00e0 celui par qui le scandale arrive - D\u00e9rives dans l&#039;eglise catholique\" \/>\n<meta property=\"og:description\" content=\". Combien de victimes nous ont dit qu\u2019elles craignaient de t\u00e9moigner pour ne pas faire scandale et porter tort \u00e0 l\u2019\u00c9glise ! Combien de parents, encore aujourd\u2019hui, se taisent pour les m\u00eames raisons, alors que leurs enfants sont compl\u00e8tement d\u00e9labr\u00e9s par des sessions psycho-spirituelles\u2026 . Un silence qui \u00e9crase les victimes et permet aux gourous &hellip; Read More &rarr;\" \/>\n<meta property=\"og:url\" content=\"http:\/\/WWW.derivesdansleglisecatholique.fr\/?page_id=965\" \/>\n<meta property=\"og:site_name\" content=\"D\u00e9rives dans l&#039;eglise catholique\" \/>\n<meta property=\"article:modified_time\" content=\"2017-04-21T09:48:17+00:00\" \/>\n<meta name=\"twitter:label1\" content=\"Dur\u00e9e de lecture estim\u00e9e\" \/>\n\t<meta name=\"twitter:data1\" content=\"2 minutes\" \/>\n<script type=\"application\/ld+json\" class=\"yoast-schema-graph\">{\"@context\":\"https:\\\/\\\/schema.org\",\"@graph\":[{\"@type\":\"WebPage\",\"@id\":\"http:\\\/\\\/WWW.derivesdansleglisecatholique.fr\\\/?page_id=965\",\"url\":\"http:\\\/\\\/WWW.derivesdansleglisecatholique.fr\\\/?page_id=965\",\"name\":\"Malheur \u00e0 celui par qui le scandale arrive - D\u00e9rives dans l&#039;eglise catholique\",\"isPartOf\":{\"@id\":\"http:\\\/\\\/WWW.derivesdansleglisecatholique.fr\\\/#website\"},\"datePublished\":\"2017-04-12T19:06:57+00:00\",\"dateModified\":\"2017-04-21T09:48:17+00:00\",\"breadcrumb\":{\"@id\":\"http:\\\/\\\/WWW.derivesdansleglisecatholique.fr\\\/?page_id=965#breadcrumb\"},\"inLanguage\":\"fr-FR\",\"potentialAction\":[{\"@type\":\"ReadAction\",\"target\":[\"http:\\\/\\\/WWW.derivesdansleglisecatholique.fr\\\/?page_id=965\"]}]},{\"@type\":\"BreadcrumbList\",\"@id\":\"http:\\\/\\\/WWW.derivesdansleglisecatholique.fr\\\/?page_id=965#breadcrumb\",\"itemListElement\":[{\"@type\":\"ListItem\",\"position\":1,\"name\":\"Accueil\",\"item\":\"http:\\\/\\\/WWW.derivesdansleglisecatholique.fr\\\/\"},{\"@type\":\"ListItem\",\"position\":2,\"name\":\"Malheur \u00e0 celui par qui le scandale arrive\"}]},{\"@type\":\"WebSite\",\"@id\":\"http:\\\/\\\/WWW.derivesdansleglisecatholique.fr\\\/#website\",\"url\":\"http:\\\/\\\/WWW.derivesdansleglisecatholique.fr\\\/\",\"name\":\"D\u00e9rives dans l&#039;eglise catholique\",\"description\":\"Justice et V\u00e9rit\u00e9 pour les familles\",\"potentialAction\":[{\"@type\":\"SearchAction\",\"target\":{\"@type\":\"EntryPoint\",\"urlTemplate\":\"http:\\\/\\\/WWW.derivesdansleglisecatholique.fr\\\/?s={search_term_string}\"},\"query-input\":{\"@type\":\"PropertyValueSpecification\",\"valueRequired\":true,\"valueName\":\"search_term_string\"}}],\"inLanguage\":\"fr-FR\"}]}<\/script>\n<!-- \/ Yoast SEO plugin. -->","yoast_head_json":{"title":"Malheur \u00e0 celui par qui le scandale arrive - D\u00e9rives dans l&#039;eglise catholique","robots":{"index":"index","follow":"follow","max-snippet":"max-snippet:-1","max-image-preview":"max-image-preview:large","max-video-preview":"max-video-preview:-1"},"canonical":"http:\/\/WWW.derivesdansleglisecatholique.fr\/?page_id=965","og_locale":"fr_FR","og_type":"article","og_title":"Malheur \u00e0 celui par qui le scandale arrive - D\u00e9rives dans l&#039;eglise catholique","og_description":". Combien de victimes nous ont dit qu\u2019elles craignaient de t\u00e9moigner pour ne pas faire scandale et porter tort \u00e0 l\u2019\u00c9glise ! Combien de parents, encore aujourd\u2019hui, se taisent pour les m\u00eames raisons, alors que leurs enfants sont compl\u00e8tement d\u00e9labr\u00e9s par des sessions psycho-spirituelles\u2026 . Un silence qui \u00e9crase les victimes et permet aux gourous &hellip; Read More &rarr;","og_url":"http:\/\/WWW.derivesdansleglisecatholique.fr\/?page_id=965","og_site_name":"D\u00e9rives dans l&#039;eglise catholique","article_modified_time":"2017-04-21T09:48:17+00:00","twitter_misc":{"Dur\u00e9e de lecture estim\u00e9e":"2 minutes"},"schema":{"@context":"https:\/\/schema.org","@graph":[{"@type":"WebPage","@id":"http:\/\/WWW.derivesdansleglisecatholique.fr\/?page_id=965","url":"http:\/\/WWW.derivesdansleglisecatholique.fr\/?page_id=965","name":"Malheur \u00e0 celui par qui le scandale arrive - D\u00e9rives dans l&#039;eglise catholique","isPartOf":{"@id":"http:\/\/WWW.derivesdansleglisecatholique.fr\/#website"},"datePublished":"2017-04-12T19:06:57+00:00","dateModified":"2017-04-21T09:48:17+00:00","breadcrumb":{"@id":"http:\/\/WWW.derivesdansleglisecatholique.fr\/?page_id=965#breadcrumb"},"inLanguage":"fr-FR","potentialAction":[{"@type":"ReadAction","target":["http:\/\/WWW.derivesdansleglisecatholique.fr\/?page_id=965"]}]},{"@type":"BreadcrumbList","@id":"http:\/\/WWW.derivesdansleglisecatholique.fr\/?page_id=965#breadcrumb","itemListElement":[{"@type":"ListItem","position":1,"name":"Accueil","item":"http:\/\/WWW.derivesdansleglisecatholique.fr\/"},{"@type":"ListItem","position":2,"name":"Malheur \u00e0 celui par qui le scandale arrive"}]},{"@type":"WebSite","@id":"http:\/\/WWW.derivesdansleglisecatholique.fr\/#website","url":"http:\/\/WWW.derivesdansleglisecatholique.fr\/","name":"D\u00e9rives dans l&#039;eglise catholique","description":"Justice et V\u00e9rit\u00e9 pour les familles","potentialAction":[{"@type":"SearchAction","target":{"@type":"EntryPoint","urlTemplate":"http:\/\/WWW.derivesdansleglisecatholique.fr\/?s={search_term_string}"},"query-input":{"@type":"PropertyValueSpecification","valueRequired":true,"valueName":"search_term_string"}}],"inLanguage":"fr-FR"}]}},"_links":{"self":[{"href":"http:\/\/WWW.derivesdansleglisecatholique.fr\/index.php?rest_route=\/wp\/v2\/pages\/965","targetHints":{"allow":["GET"]}}],"collection":[{"href":"http:\/\/WWW.derivesdansleglisecatholique.fr\/index.php?rest_route=\/wp\/v2\/pages"}],"about":[{"href":"http:\/\/WWW.derivesdansleglisecatholique.fr\/index.php?rest_route=\/wp\/v2\/types\/page"}],"author":[{"embeddable":true,"href":"http:\/\/WWW.derivesdansleglisecatholique.fr\/index.php?rest_route=\/wp\/v2\/users\/2"}],"replies":[{"embeddable":true,"href":"http:\/\/WWW.derivesdansleglisecatholique.fr\/index.php?rest_route=%2Fwp%2Fv2%2Fcomments&post=965"}],"version-history":[{"count":2,"href":"http:\/\/WWW.derivesdansleglisecatholique.fr\/index.php?rest_route=\/wp\/v2\/pages\/965\/revisions"}],"predecessor-version":[{"id":972,"href":"http:\/\/WWW.derivesdansleglisecatholique.fr\/index.php?rest_route=\/wp\/v2\/pages\/965\/revisions\/972"}],"wp:attachment":[{"href":"http:\/\/WWW.derivesdansleglisecatholique.fr\/index.php?rest_route=%2Fwp%2Fv2%2Fmedia&parent=965"}],"curies":[{"name":"wp","href":"https:\/\/api.w.org\/{rel}","templated":true}]}}