{"id":1070,"date":"2017-06-06T20:39:05","date_gmt":"2017-06-06T19:39:05","guid":{"rendered":"http:\/\/WWW.derivesdansleglisecatholique.fr\/?page_id=1070"},"modified":"2018-09-12T19:51:47","modified_gmt":"2018-09-12T18:51:47","slug":"la-presse-en-parle","status":"publish","type":"page","link":"https:\/\/WWW.derivesdansleglisecatholique.fr\/?page_id=1070","title":{"rendered":"La presse en parle"},"content":{"rendered":"<p style=\"padding-left: 30px;\"><span style=\"color: #ffcc99;\">.<\/span><\/p>\n<p style=\"padding-left: 30px;\"><span style=\"font-family: times new roman,times,serif; font-size: 12pt;\">Dans cette rubrique <span style=\"color: #0000ff;\">\u00ab\u00a0<strong>La presse en parle\u00a0<\/strong>\u00bb<\/span> nous vous proposons en ligne les articles qui mettent en lumi\u00e8re, dans l\u2019\u00c9glise, l\u2019emprise sectaire et ses victimes.<\/span><\/p>\n<p style=\"padding-left: 30px;\"><span style=\"color: #ffcc99;\">.<\/span><\/p>\n<p style=\"padding-left: 30px;\"><span style=\"font-family: times new roman,times,serif; font-size: 12pt;\">Depuis des ann\u00e9es, les m\u00e9dias, gr\u00e2ce aux actions men\u00e9es par les victimes, ont port\u00e9 \u00e0 la connaissance de tous des faits d\u2019emprise. \u00a0Ces reportages, ces articles pr\u00e9sentent toujours les d\u00e9rives d\u2019un cas particulier\u00a0: une victime et ses d\u00e9marches, un groupe et\/ou un responsable d\u00e9viant, une famille dans la d\u00e9tresse &#8230; Ce qui ne permet pas toujours une prise de conscience de l&rsquo;ampleur de la r\u00e9alit\u00e9.<\/span><\/p>\n<p style=\"padding-left: 30px;\"><span style=\"font-family: times new roman,times,serif; font-size: 12pt;\">On reste dans LE FAIT DIVERS avec le risque de ne voir qu&rsquo;un cas isol\u00e9, particulier. \u00c9crire un papier \u00ab\u00a0fait divers\u00a0\u00bb ne donne pas une vision du ph\u00e9nom\u00e8ne. C\u2019est donc d\u2019une mani\u00e8re \u00e9parse que ce grave ph\u00e9nom\u00e8ne d\u2019emprise sectaire, a \u00e9t\u00e9 \u00e9voqu\u00e9. Mais en r\u00e9alit\u00e9 jamais trait\u00e9 comme tel.<\/span><\/p>\n<p style=\"padding-left: 30px;\"><span style=\"font-family: times new roman,times,serif; font-size: 12pt;\">Nous constatons que non seulement ces articles \u00ab\u00a0au coup par coup\u00a0\u00bb, ne sont pas suffisants, mais qu\u2019ils ont eu au fil des ann\u00e9es un effet pervers. \u00a0L&rsquo;absence de suivi des enqu\u00eates, l\u2019espacement des articles, contribuent \u00e0 la politique \u00ab\u00a0du temps qui passe et qui enterre les sujets sensibles\u00a0\u00bb. \u00a0<\/span><\/p>\n<p style=\"padding-left: 30px;\"><span style=\"font-family: times new roman,times,serif; font-size: 12pt;\">Un certain journalisme chr\u00e9tien peut m\u00eame \u00eatre tr\u00e8s rentable car il semble tout r\u00e9ussir\u00a0: sauvegarder L\u2019\u00c9glise, tout en d\u00e9non\u00e7ant ses erreurs, d\u00e9noncer des d\u00e9rives sectaires de communaut\u00e9s sans parler des victimes, annoncer le redressement de communaut\u00e9s d\u00e9viantes en occultant le devenir de leurs victimes\u2026<\/span><\/p>\n<p style=\"padding-left: 30px;\"><span style=\"color: #ffcc99;\">.<\/span><\/p>\n<p style=\"padding-left: 30px;\"><span style=\"font-family: times new roman,times,serif; font-size: 12pt; color: #0000ff;\"><strong>Or,<\/strong> <strong>le travail d\u2019un journaliste consiste, en toute impartialit\u00e9, \u00e0<\/strong>\u00a0:<\/span><\/p>\n<p style=\"padding-left: 30px;\"><span style=\"font-family: times new roman,times,serif; font-size: 12pt;\">&#8211; Informer pour donner acc\u00e8s \u00e0 l\u2019information<\/span><\/p>\n<p style=\"padding-left: 30px;\"><span style=\"font-family: times new roman,times,serif; font-size: 12pt;\">&#8211; \u00c9clairer les consciences<\/span><\/p>\n<p style=\"padding-left: 30px;\"><span style=\"font-family: times new roman,times,serif; font-size: 12pt;\">&#8211; Prot\u00e9ger les personnes<\/span><\/p>\n<p style=\"padding-left: 30px;\"><span style=\"color: #ffcc99;\">.<\/span><\/p>\n<p style=\"padding-left: 30px;\"><span style=\"font-family: times new roman,times,serif; font-size: 12pt; color: #0000ff;\"><strong>Le journaliste chr\u00e9tien doit aussi en r\u00e9f\u00e9rence \u00e0 l\u2019\u00c9vangile<\/strong> :<\/span><\/p>\n<p style=\"padding-left: 30px;\"><span style=\"font-family: times new roman,times,serif; font-size: 12pt;\">-Informer pour prendre soin, soutenir les plus \u00ab\u00a0pauvres\u00a0\u00bb, les plus \u00ab\u00a0fragiles\u00a0\u00bb. Ce qui est le cas des personnes sous emprise mentale mises dans la confusion, utilis\u00e9es au profit de communaut\u00e9s d\u00e9viantes ou de gourous, priv\u00e9es de libert\u00e9, de l\u2019amour de leurs proches<\/span><\/p>\n<p style=\"padding-left: 30px;\"><span style=\"font-family: times new roman,times,serif; font-size: 12pt;\">&#8211; Pour veiller \u00e0 ce que la V\u00e9rit\u00e9 et la Justice priment<\/span><\/p>\n<p style=\"padding-left: 30px;\"><span style=\"font-family: times new roman,times,serif; font-size: 12pt;\">&#8211; Pour \u0153uvrer \u00e0 l\u2019Esp\u00e9rance<\/span><\/p>\n<p style=\"padding-left: 30px;\"><span style=\"color: #ffcc99;\">.<\/span><\/p>\n<p style=\"padding-left: 30px;\"><span style=\"font-family: times new roman,times,serif; font-size: 12pt;\">Aujourd\u2019hui, de nombreux scandales de p\u00e9dophilie, camoufl\u00e9s depuis des d\u00e9cennies, sont en train d\u2019exploser.<\/span><\/p>\n<p style=\"padding-left: 30px;\"><span style=\"color: #ffcc99;\">.<\/span><\/p>\n<p style=\"padding-left: 30px;\"><span style=\"font-family: times new roman,times,serif; font-size: 12pt;\">Jean-Pierre Denis, dans son \u00e9ditorial de la Vie du 8 novembre 2016, a compris que la p\u00e9dophilie et les manipulations mentales sont li\u00e9es. Voici son \u00e9ditorial\u00a0:<\/span><\/p>\n<p style=\"padding-left: 30px;\"><span style=\"color: #ffcc99;\">.<\/span><\/p>\n<p style=\"padding-left: 30px;\"><span style=\"font-family: times new roman,times,serif; font-size: 12pt;\">\u00a0\u00ab P\u00e9dophilie, on avance mais\u2026 \u00bb :<\/span><\/p>\n<p style=\"padding-left: 30px;\"><span style=\"font-family: times new roman,times,serif; font-size: 12pt;\"><em>\u00a0\u00ab \u2026Enfin et surtout, il faut redire que les scandales dits p\u00e9dophiles ne sont que l\u2019une des facettes d\u2019un plus grave probl\u00e8me, celui de l\u2019emprise mentale. L\u2019abus de pouvoir existe sous diverses formes&#8230; La lutte contre toutes les formes de manipulations mentales dans les paroisses, les mouvements catholiques et surtout les communaut\u00e9s religieuses en particulier les communaut\u00e9s dites nouvelles, devrait \u00eatre abord\u00e9e globalement et frontalement. Sur ce point beaucoup reste \u00e0 faire. \u00bb<\/em><\/span><\/p>\n<p style=\"padding-left: 30px;\"><span style=\"font-family: times new roman,times,serif; font-size: 12pt;\">\u00ab\u00a0Beaucoup reste \u00e0 faire\u00a0\u00bb Un constat \u00e9vident. Constater ne suffit pas, si l\u2019on veut \u00eatre coh\u00e9rent, il faut prendre des risques, agir ou se taire. <em>\u00a0<\/em><\/span><\/p>\n<p style=\"padding-left: 30px;\"><span style=\"color: #ffcc99;\">.<\/span><\/p>\n<p style=\"padding-left: 30px; text-align: center;\"><span style=\"font-size: 12pt;\"><a href=\"http:\/\/www.derivesdansleglisecatholique.fr\/?p=1073\"><span style=\"font-family: times new roman,times,serif;\">BLOC NOTES de La Vie, paru le 29 septembre 2016<\/span><\/a><\/span><\/p>\n<p style=\"text-align: center; padding-left: 30px;\"><span style=\"font-size: 12pt;\"><a href=\"http:\/\/www.derivesdansleglisecatholique.fr\/?p=1167\"><span style=\"font-family: times new roman,times,serif;\">\u00ab\u00a0Comment accompagner nos parents qui vieillissent?\u00a0\u00bb<\/span><\/a><\/span><\/p>\n<p style=\"padding-left: 30px; text-align: center;\"><a href=\"http:\/\/www.derivesdansleglisecatholique.fr\/?p=6233\">Pierre VIGNON : La parole transgressive<\/a><\/p>\n<p style=\"padding-left: 30px;\"><span style=\"color: #ffcc99;\">.<\/span><\/p>\n","protected":false},"excerpt":{"rendered":"<p>. Dans cette rubrique \u00ab\u00a0La presse en parle\u00a0\u00bb nous vous proposons en ligne les articles qui mettent en lumi\u00e8re, dans l\u2019\u00c9glise, l\u2019emprise sectaire et ses victimes. . Depuis des ann\u00e9es, les m\u00e9dias, gr\u00e2ce aux actions men\u00e9es par les victimes, ont port\u00e9 \u00e0 la connaissance de tous des faits d\u2019emprise. \u00a0Ces reportages, ces articles pr\u00e9sentent toujours <span class=\"ellipsis\">&hellip;<\/span> <span class=\"more-link-wrap\"><a href=\"https:\/\/WWW.derivesdansleglisecatholique.fr\/?page_id=1070\" class=\"more-link\"><span>Read More &rarr;<\/span><\/a><\/span><\/p>\n","protected":false},"author":2,"featured_media":0,"parent":0,"menu_order":0,"comment_status":"closed","ping_status":"closed","template":"","meta":{"footnotes":""},"class_list":["post-1070","page","type-page","status-publish","hentry"],"yoast_head":"<!-- This site is optimized with the Yoast SEO plugin v27.4 - https:\/\/yoast.com\/product\/yoast-seo-wordpress\/ -->\n<title>La presse en parle - D\u00e9rives dans l&#039;eglise catholique<\/title>\n<meta name=\"robots\" content=\"index, follow, max-snippet:-1, max-image-preview:large, max-video-preview:-1\" \/>\n<link rel=\"canonical\" href=\"https:\/\/WWW.derivesdansleglisecatholique.fr\/?page_id=1070\" \/>\n<meta property=\"og:locale\" content=\"fr_FR\" \/>\n<meta property=\"og:type\" content=\"article\" \/>\n<meta property=\"og:title\" content=\"La presse en parle - D\u00e9rives dans l&#039;eglise catholique\" \/>\n<meta property=\"og:description\" content=\". Dans cette rubrique \u00ab\u00a0La presse en parle\u00a0\u00bb nous vous proposons en ligne les articles qui mettent en lumi\u00e8re, dans l\u2019\u00c9glise, l\u2019emprise sectaire et ses victimes. . Depuis des ann\u00e9es, les m\u00e9dias, gr\u00e2ce aux actions men\u00e9es par les victimes, ont port\u00e9 \u00e0 la connaissance de tous des faits d\u2019emprise. \u00a0Ces reportages, ces articles pr\u00e9sentent toujours &hellip; Read More &rarr;\" \/>\n<meta property=\"og:url\" content=\"https:\/\/WWW.derivesdansleglisecatholique.fr\/?page_id=1070\" \/>\n<meta property=\"og:site_name\" content=\"D\u00e9rives dans l&#039;eglise catholique\" \/>\n<meta property=\"article:modified_time\" content=\"2018-09-12T18:51:47+00:00\" \/>\n<meta name=\"twitter:label1\" content=\"Dur\u00e9e de lecture estim\u00e9e\" \/>\n\t<meta name=\"twitter:data1\" content=\"3 minutes\" \/>\n<script type=\"application\/ld+json\" class=\"yoast-schema-graph\">{\"@context\":\"https:\\\/\\\/schema.org\",\"@graph\":[{\"@type\":\"WebPage\",\"@id\":\"https:\\\/\\\/WWW.derivesdansleglisecatholique.fr\\\/?page_id=1070\",\"url\":\"https:\\\/\\\/WWW.derivesdansleglisecatholique.fr\\\/?page_id=1070\",\"name\":\"La presse en parle - D\u00e9rives dans l&#039;eglise catholique\",\"isPartOf\":{\"@id\":\"https:\\\/\\\/WWW.derivesdansleglisecatholique.fr\\\/#website\"},\"datePublished\":\"2017-06-06T19:39:05+00:00\",\"dateModified\":\"2018-09-12T18:51:47+00:00\",\"breadcrumb\":{\"@id\":\"https:\\\/\\\/WWW.derivesdansleglisecatholique.fr\\\/?page_id=1070#breadcrumb\"},\"inLanguage\":\"fr-FR\",\"potentialAction\":[{\"@type\":\"ReadAction\",\"target\":[\"https:\\\/\\\/WWW.derivesdansleglisecatholique.fr\\\/?page_id=1070\"]}]},{\"@type\":\"BreadcrumbList\",\"@id\":\"https:\\\/\\\/WWW.derivesdansleglisecatholique.fr\\\/?page_id=1070#breadcrumb\",\"itemListElement\":[{\"@type\":\"ListItem\",\"position\":1,\"name\":\"Accueil\",\"item\":\"https:\\\/\\\/WWW.derivesdansleglisecatholique.fr\\\/\"},{\"@type\":\"ListItem\",\"position\":2,\"name\":\"La presse en parle\"}]},{\"@type\":\"WebSite\",\"@id\":\"https:\\\/\\\/WWW.derivesdansleglisecatholique.fr\\\/#website\",\"url\":\"https:\\\/\\\/WWW.derivesdansleglisecatholique.fr\\\/\",\"name\":\"D\u00e9rives dans l&#039;eglise catholique\",\"description\":\"Justice et V\u00e9rit\u00e9 pour les familles\",\"potentialAction\":[{\"@type\":\"SearchAction\",\"target\":{\"@type\":\"EntryPoint\",\"urlTemplate\":\"https:\\\/\\\/WWW.derivesdansleglisecatholique.fr\\\/?s={search_term_string}\"},\"query-input\":{\"@type\":\"PropertyValueSpecification\",\"valueRequired\":true,\"valueName\":\"search_term_string\"}}],\"inLanguage\":\"fr-FR\"}]}<\/script>\n<!-- \/ Yoast SEO plugin. -->","yoast_head_json":{"title":"La presse en parle - D\u00e9rives dans l&#039;eglise catholique","robots":{"index":"index","follow":"follow","max-snippet":"max-snippet:-1","max-image-preview":"max-image-preview:large","max-video-preview":"max-video-preview:-1"},"canonical":"https:\/\/WWW.derivesdansleglisecatholique.fr\/?page_id=1070","og_locale":"fr_FR","og_type":"article","og_title":"La presse en parle - D\u00e9rives dans l&#039;eglise catholique","og_description":". Dans cette rubrique \u00ab\u00a0La presse en parle\u00a0\u00bb nous vous proposons en ligne les articles qui mettent en lumi\u00e8re, dans l\u2019\u00c9glise, l\u2019emprise sectaire et ses victimes. . Depuis des ann\u00e9es, les m\u00e9dias, gr\u00e2ce aux actions men\u00e9es par les victimes, ont port\u00e9 \u00e0 la connaissance de tous des faits d\u2019emprise. \u00a0Ces reportages, ces articles pr\u00e9sentent toujours &hellip; Read More &rarr;","og_url":"https:\/\/WWW.derivesdansleglisecatholique.fr\/?page_id=1070","og_site_name":"D\u00e9rives dans l&#039;eglise catholique","article_modified_time":"2018-09-12T18:51:47+00:00","twitter_misc":{"Dur\u00e9e de lecture estim\u00e9e":"3 minutes"},"schema":{"@context":"https:\/\/schema.org","@graph":[{"@type":"WebPage","@id":"https:\/\/WWW.derivesdansleglisecatholique.fr\/?page_id=1070","url":"https:\/\/WWW.derivesdansleglisecatholique.fr\/?page_id=1070","name":"La presse en parle - D\u00e9rives dans l&#039;eglise catholique","isPartOf":{"@id":"https:\/\/WWW.derivesdansleglisecatholique.fr\/#website"},"datePublished":"2017-06-06T19:39:05+00:00","dateModified":"2018-09-12T18:51:47+00:00","breadcrumb":{"@id":"https:\/\/WWW.derivesdansleglisecatholique.fr\/?page_id=1070#breadcrumb"},"inLanguage":"fr-FR","potentialAction":[{"@type":"ReadAction","target":["https:\/\/WWW.derivesdansleglisecatholique.fr\/?page_id=1070"]}]},{"@type":"BreadcrumbList","@id":"https:\/\/WWW.derivesdansleglisecatholique.fr\/?page_id=1070#breadcrumb","itemListElement":[{"@type":"ListItem","position":1,"name":"Accueil","item":"https:\/\/WWW.derivesdansleglisecatholique.fr\/"},{"@type":"ListItem","position":2,"name":"La presse en parle"}]},{"@type":"WebSite","@id":"https:\/\/WWW.derivesdansleglisecatholique.fr\/#website","url":"https:\/\/WWW.derivesdansleglisecatholique.fr\/","name":"D\u00e9rives dans l&#039;eglise catholique","description":"Justice et V\u00e9rit\u00e9 pour les familles","potentialAction":[{"@type":"SearchAction","target":{"@type":"EntryPoint","urlTemplate":"https:\/\/WWW.derivesdansleglisecatholique.fr\/?s={search_term_string}"},"query-input":{"@type":"PropertyValueSpecification","valueRequired":true,"valueName":"search_term_string"}}],"inLanguage":"fr-FR"}]}},"_links":{"self":[{"href":"https:\/\/WWW.derivesdansleglisecatholique.fr\/index.php?rest_route=\/wp\/v2\/pages\/1070","targetHints":{"allow":["GET"]}}],"collection":[{"href":"https:\/\/WWW.derivesdansleglisecatholique.fr\/index.php?rest_route=\/wp\/v2\/pages"}],"about":[{"href":"https:\/\/WWW.derivesdansleglisecatholique.fr\/index.php?rest_route=\/wp\/v2\/types\/page"}],"author":[{"embeddable":true,"href":"https:\/\/WWW.derivesdansleglisecatholique.fr\/index.php?rest_route=\/wp\/v2\/users\/2"}],"replies":[{"embeddable":true,"href":"https:\/\/WWW.derivesdansleglisecatholique.fr\/index.php?rest_route=%2Fwp%2Fv2%2Fcomments&post=1070"}],"version-history":[{"count":11,"href":"https:\/\/WWW.derivesdansleglisecatholique.fr\/index.php?rest_route=\/wp\/v2\/pages\/1070\/revisions"}],"predecessor-version":[{"id":6243,"href":"https:\/\/WWW.derivesdansleglisecatholique.fr\/index.php?rest_route=\/wp\/v2\/pages\/1070\/revisions\/6243"}],"wp:attachment":[{"href":"https:\/\/WWW.derivesdansleglisecatholique.fr\/index.php?rest_route=%2Fwp%2Fv2%2Fmedia&parent=1070"}],"curies":[{"name":"wp","href":"https:\/\/api.w.org\/{rel}","templated":true}]}}