{"id":1392,"date":"2017-09-27T14:36:44","date_gmt":"2017-09-27T13:36:44","guid":{"rendered":"http:\/\/WWW.derivesdansleglisecatholique.fr\/?page_id=1392"},"modified":"2018-03-19T17:27:56","modified_gmt":"2018-03-19T16:27:56","slug":"videos-merveilleuses-aventures-de-bebe-gourou","status":"publish","type":"page","link":"https:\/\/WWW.derivesdansleglisecatholique.fr\/?page_id=1392","title":{"rendered":"Vid\u00e9os \u00ab Les merveilleuses aventures de B\u00e9b\u00e9 Gourou \u00bb"},"content":{"rendered":"<p>&nbsp;<\/p>\n<p style=\"text-align: center; padding-left: 30px;\"><span style=\"color: #0000ff; font-family: 'times new roman', times, serif; font-size: 14pt;\"><strong>LA SAGA DE B\u00c9B\u00c9 GOUROU<\/strong><\/span><\/p>\n<p style=\"text-align: center; padding-left: 30px;\"><span style=\"color: #0000ff; font-family: 'times new roman', times, serif; font-size: 14pt;\"><strong>\u00c9pisode 1 : On p\u00eache le poisson<\/strong><\/span><\/p>\n<div style=\"width: 580px;\" class=\"wp-video\"><video class=\"wp-video-shortcode\" id=\"video-1392-1\" width=\"580\" height=\"326\" preload=\"metadata\" controls=\"controls\"><source type=\"video\/mp4\" src=\"http:\/\/derivesdansleglisecatholique.fr\/wp-content\/uploads\/2017\/09\/on-p\u00eache-le-poisson.mp4?_=1\" \/><a href=\"http:\/\/derivesdansleglisecatholique.fr\/wp-content\/uploads\/2017\/09\/on-p\u00eache-le-poisson.mp4\">http:\/\/derivesdansleglisecatholique.fr\/wp-content\/uploads\/2017\/09\/on-p\u00eache-le-poisson.mp4<\/a><\/video><\/div>\n<p style=\"text-align: center; padding-left: 30px;\"><span style=\"font-family: 'times new roman', times, serif; color: #0000ff; font-size: 14pt;\"><strong>\u00c9pisode 2 : La pression monte dans le bocal<\/strong><\/span><\/p>\n<div style=\"width: 580px;\" class=\"wp-video\"><video class=\"wp-video-shortcode\" id=\"video-1392-2\" width=\"580\" height=\"326\" preload=\"metadata\" controls=\"controls\"><source type=\"video\/mp4\" src=\"http:\/\/derivesdansleglisecatholique.fr\/wp-content\/uploads\/2017\/09\/La-pression-monte-dans-le-bocal.mp4?_=2\" \/><a href=\"http:\/\/derivesdansleglisecatholique.fr\/wp-content\/uploads\/2017\/09\/La-pression-monte-dans-le-bocal.mp4\">http:\/\/derivesdansleglisecatholique.fr\/wp-content\/uploads\/2017\/09\/La-pression-monte-dans-le-bocal.mp4<\/a><\/video><\/div>\n<p style=\"text-align: center; padding-left: 30px;\"><span style=\"font-family: 'times new roman', times, serif; font-size: 14pt; color: #0000ff;\"><strong>\u00c9pisode 3 : Le Tsunami dans le bocal<\/strong><\/span><\/p>\n<div style=\"width: 580px;\" class=\"wp-video\"><video class=\"wp-video-shortcode\" id=\"video-1392-3\" width=\"580\" height=\"326\" preload=\"metadata\" controls=\"controls\"><source type=\"video\/mp4\" src=\"http:\/\/derivesdansleglisecatholique.fr\/wp-content\/uploads\/2017\/09\/Le-Tsunami-dans-le-bocal.mp4?_=3\" \/><a href=\"http:\/\/derivesdansleglisecatholique.fr\/wp-content\/uploads\/2017\/09\/Le-Tsunami-dans-le-bocal.mp4\">http:\/\/derivesdansleglisecatholique.fr\/wp-content\/uploads\/2017\/09\/Le-Tsunami-dans-le-bocal.mp4<\/a><\/video><\/div>\n<p style=\"text-align: center;\"><span style=\"font-family: times new roman,times,serif; font-size: 14pt;\"><strong><span style=\"color: #0000ff;\">\u00c9pisode 4 : L&rsquo;Apocalypse dans le bocal<\/span><\/strong><\/span><\/p>\n<div style=\"width: 580px;\" class=\"wp-video\"><video class=\"wp-video-shortcode\" id=\"video-1392-4\" width=\"580\" height=\"326\" preload=\"metadata\" controls=\"controls\"><source type=\"video\/mp4\" src=\"http:\/\/derivesdansleglisecatholique.fr\/wp-content\/uploads\/2017\/09\/Lapocalypse-dans-le-bocal.mp4?_=4\" \/><a href=\"http:\/\/derivesdansleglisecatholique.fr\/wp-content\/uploads\/2017\/09\/Lapocalypse-dans-le-bocal.mp4\">http:\/\/derivesdansleglisecatholique.fr\/wp-content\/uploads\/2017\/09\/Lapocalypse-dans-le-bocal.mp4<\/a><\/video><\/div>\n<p style=\"text-align: center;\"><span style=\"font-size: 14pt; color: #0000ff;\"><strong><span style=\"font-family: times new roman,times,serif;\">\u00c9pisode 5 : Retour vers le futur<\/span><\/strong><\/span><\/p>\n<div style=\"width: 580px;\" class=\"wp-video\"><video class=\"wp-video-shortcode\" id=\"video-1392-5\" width=\"580\" height=\"326\" preload=\"metadata\" controls=\"controls\"><source type=\"video\/mp4\" src=\"http:\/\/derivesdansleglisecatholique.fr\/wp-content\/uploads\/2017\/10\/Retour-vers-le-futur.mp4?_=5\" \/><a href=\"http:\/\/derivesdansleglisecatholique.fr\/wp-content\/uploads\/2017\/10\/Retour-vers-le-futur.mp4\">http:\/\/derivesdansleglisecatholique.fr\/wp-content\/uploads\/2017\/10\/Retour-vers-le-futur.mp4<\/a><\/video><\/div>\n<p style=\"text-align: center;\"><span style=\"font-size: 14pt;\"><strong><span style=\"color: #0000ff; font-family: times new roman,times,serif;\">\u00c9pisode 6 : Libre ! Comme un mouton<\/span><\/strong><\/span><\/p>\n<div style=\"width: 580px;\" class=\"wp-video\"><video class=\"wp-video-shortcode\" id=\"video-1392-6\" width=\"580\" height=\"326\" preload=\"metadata\" controls=\"controls\"><source type=\"video\/mp4\" src=\"http:\/\/derivesdansleglisecatholique.fr\/wp-content\/uploads\/2017\/10\/Libre-Comme-un-mouton.mp4?_=6\" \/><a href=\"http:\/\/derivesdansleglisecatholique.fr\/wp-content\/uploads\/2017\/10\/Libre-Comme-un-mouton.mp4\">http:\/\/derivesdansleglisecatholique.fr\/wp-content\/uploads\/2017\/10\/Libre-Comme-un-mouton.mp4<\/a><\/video><\/div>\n<p style=\"text-align: center;\"><span style=\"font-family: times new roman,times,serif; font-size: 14pt;\"><strong><span style=\"color: #0000ff;\">\u00c9pisode 7 : Un de plus dans le troupeau !<\/span><\/strong><\/span><\/p>\n<div style=\"width: 580px;\" class=\"wp-video\"><video class=\"wp-video-shortcode\" id=\"video-1392-7\" width=\"580\" height=\"326\" preload=\"metadata\" controls=\"controls\"><source type=\"video\/mp4\" src=\"http:\/\/derivesdansleglisecatholique.fr\/wp-content\/uploads\/2017\/10\/un-de-plus-dans-le-troupeau.mp4?_=7\" \/><a href=\"http:\/\/derivesdansleglisecatholique.fr\/wp-content\/uploads\/2017\/10\/un-de-plus-dans-le-troupeau.mp4\">http:\/\/derivesdansleglisecatholique.fr\/wp-content\/uploads\/2017\/10\/un-de-plus-dans-le-troupeau.mp4<\/a><\/video><\/div>\n<p style=\"text-align: center;\"><span style=\"color: #0000ff; font-family: times new roman,times,serif; font-size: 14pt;\"><strong>\u00c9pisode 8 : Les g\u00e9niteurs s&rsquo;agitent !<\/strong><\/span><\/p>\n<div style=\"width: 580px;\" class=\"wp-video\"><video class=\"wp-video-shortcode\" id=\"video-1392-8\" width=\"580\" height=\"326\" preload=\"metadata\" controls=\"controls\"><source type=\"video\/mp4\" src=\"http:\/\/derivesdansleglisecatholique.fr\/wp-content\/uploads\/2017\/10\/Les-g\u00e9niteurs-sagitent.mp4?_=8\" \/><a href=\"http:\/\/derivesdansleglisecatholique.fr\/wp-content\/uploads\/2017\/10\/Les-g\u00e9niteurs-sagitent.mp4\">http:\/\/derivesdansleglisecatholique.fr\/wp-content\/uploads\/2017\/10\/Les-g\u00e9niteurs-sagitent.mp4<\/a><\/video><\/div>\n<p style=\"text-align: center;\"><span style=\"font-size: 14pt; color: #0000ff;\"><strong><span style=\"font-family: times new roman,times,serif;\">\u00c9pisode 9 : La visite du grand Mitr\u00e9 !<\/span><\/strong><\/span><\/p>\n<div style=\"width: 580px;\" class=\"wp-video\"><video class=\"wp-video-shortcode\" id=\"video-1392-9\" width=\"580\" height=\"326\" preload=\"metadata\" controls=\"controls\"><source type=\"video\/mp4\" src=\"http:\/\/derivesdansleglisecatholique.fr\/wp-content\/uploads\/2017\/11\/La-visite-du-grand-mitr\u00e9.mp4?_=9\" \/><a href=\"http:\/\/derivesdansleglisecatholique.fr\/wp-content\/uploads\/2017\/11\/La-visite-du-grand-mitr\u00e9.mp4\">http:\/\/derivesdansleglisecatholique.fr\/wp-content\/uploads\/2017\/11\/La-visite-du-grand-mitr\u00e9.mp4<\/a><\/video><\/div>\n<p style=\"text-align: center;\"><span style=\"font-family: times new roman, times, serif; font-size: 14pt;\"><strong><span style=\"color: #0000ff;\">\u00c9pisode 10 : La vie en rose !<\/span><\/strong><\/span><\/p>\n<div style=\"width: 580px;\" class=\"wp-video\"><video class=\"wp-video-shortcode\" id=\"video-1392-10\" width=\"580\" height=\"326\" preload=\"metadata\" controls=\"controls\"><source type=\"video\/mp4\" src=\"http:\/\/derivesdansleglisecatholique.fr\/wp-content\/uploads\/2017\/11\/La-vie-en-rose.mp4?_=10\" \/><a href=\"http:\/\/derivesdansleglisecatholique.fr\/wp-content\/uploads\/2017\/11\/La-vie-en-rose.mp4\">http:\/\/derivesdansleglisecatholique.fr\/wp-content\/uploads\/2017\/11\/La-vie-en-rose.mp4<\/a><\/video><\/div>\n<p style=\"text-align: center; padding-left: 30px;\"><span style=\"font-family: times new roman, times, serif; font-size: 14pt;\"><strong><span style=\"color: #0000ff;\">\u00c9pisode 11 : Le mouton encha\u00een\u00e9 !<\/span><\/strong><\/span><\/p>\n<div style=\"width: 580px;\" class=\"wp-video\"><video class=\"wp-video-shortcode\" id=\"video-1392-11\" width=\"580\" height=\"326\" preload=\"metadata\" controls=\"controls\"><source type=\"video\/mp4\" src=\"http:\/\/derivesdansleglisecatholique.fr\/wp-content\/uploads\/2017\/12\/Le-mouton-ench\u00e2in\u00e9.mp4?_=11\" \/><a href=\"http:\/\/derivesdansleglisecatholique.fr\/wp-content\/uploads\/2017\/12\/Le-mouton-ench\u00e2in\u00e9.mp4\">http:\/\/derivesdansleglisecatholique.fr\/wp-content\/uploads\/2017\/12\/Le-mouton-ench\u00e2in\u00e9.mp4<\/a><\/video><\/div>\n<p style=\"padding-left: 30px; text-align: center;\"><span style=\"color: #0000ff; font-size: 14pt;\"><strong><span style=\"font-family: times new roman, times, serif;\">\u00c9pisode 12 : L&rsquo;idiot du village !<\/span><\/strong><\/span><\/p>\n<div style=\"width: 580px;\" class=\"wp-video\"><video class=\"wp-video-shortcode\" id=\"video-1392-12\" width=\"580\" height=\"326\" preload=\"metadata\" controls=\"controls\"><source type=\"video\/mp4\" src=\"http:\/\/derivesdansleglisecatholique.fr\/wp-content\/uploads\/2017\/12\/Lidiot-du-village.mp4?_=12\" \/><a href=\"http:\/\/derivesdansleglisecatholique.fr\/wp-content\/uploads\/2017\/12\/Lidiot-du-village.mp4\">http:\/\/derivesdansleglisecatholique.fr\/wp-content\/uploads\/2017\/12\/Lidiot-du-village.mp4<\/a><\/video><\/div>\n<p style=\"text-align: center; padding-left: 30px;\"><strong><span style=\"font-family: times\\ new\\ roman, times, serif; font-size: 14pt; color: #0000ff;\">\u00c9pisode 13 : Mon premier petit agneau<\/span><\/strong><\/p>\n<div style=\"width: 580px;\" class=\"wp-video\"><video class=\"wp-video-shortcode\" id=\"video-1392-13\" width=\"580\" height=\"326\" preload=\"metadata\" controls=\"controls\"><source type=\"video\/mp4\" src=\"http:\/\/derivesdansleglisecatholique.fr\/wp-content\/uploads\/2018\/03\/Mon-premier-petit-agneau.mp4?_=13\" \/><a href=\"http:\/\/derivesdansleglisecatholique.fr\/wp-content\/uploads\/2018\/03\/Mon-premier-petit-agneau.mp4\">http:\/\/derivesdansleglisecatholique.fr\/wp-content\/uploads\/2018\/03\/Mon-premier-petit-agneau.mp4<\/a><\/video><\/div>\n<p>&nbsp;<\/p>\n","protected":false},"excerpt":{"rendered":"<p>&nbsp; LA SAGA DE B\u00c9B\u00c9 GOUROU \u00c9pisode 1 : On p\u00eache le poisson \u00c9pisode 2 : La pression monte dans le bocal \u00c9pisode 3 : Le Tsunami dans le bocal \u00c9pisode 4 : L&rsquo;Apocalypse dans le bocal \u00c9pisode 5 : Retour vers le futur \u00c9pisode 6 : Libre ! Comme un mouton \u00c9pisode 7 : <span class=\"ellipsis\">&hellip;<\/span> <span class=\"more-link-wrap\"><a href=\"https:\/\/WWW.derivesdansleglisecatholique.fr\/?page_id=1392\" class=\"more-link\"><span>Read More &rarr;<\/span><\/a><\/span><\/p>\n","protected":false},"author":3,"featured_media":0,"parent":0,"menu_order":0,"comment_status":"closed","ping_status":"closed","template":"","meta":{"footnotes":""},"class_list":["post-1392","page","type-page","status-publish","hentry"],"yoast_head":"<!-- This site is optimized with the Yoast SEO plugin v27.4 - https:\/\/yoast.com\/product\/yoast-seo-wordpress\/ -->\n<title>Vid\u00e9os \u00ab Les merveilleuses aventures de B\u00e9b\u00e9 Gourou \u00bb - D\u00e9rives dans l&#039;eglise catholique<\/title>\n<meta name=\"robots\" content=\"index, follow, max-snippet:-1, max-image-preview:large, max-video-preview:-1\" \/>\n<link rel=\"canonical\" href=\"https:\/\/WWW.derivesdansleglisecatholique.fr\/?page_id=1392\" \/>\n<meta property=\"og:locale\" content=\"fr_FR\" \/>\n<meta property=\"og:type\" content=\"article\" \/>\n<meta property=\"og:title\" content=\"Vid\u00e9os \u00ab Les merveilleuses aventures de B\u00e9b\u00e9 Gourou \u00bb - D\u00e9rives dans l&#039;eglise catholique\" \/>\n<meta property=\"og:description\" content=\"&nbsp; LA SAGA DE B\u00c9B\u00c9 GOUROU \u00c9pisode 1 : On p\u00eache le poisson \u00c9pisode 2 : La pression monte dans le bocal \u00c9pisode 3 : Le Tsunami dans le bocal \u00c9pisode 4 : L&rsquo;Apocalypse dans le bocal \u00c9pisode 5 : Retour vers le futur \u00c9pisode 6 : Libre ! Comme un mouton \u00c9pisode 7 : &hellip; Read More &rarr;\" \/>\n<meta property=\"og:url\" content=\"https:\/\/WWW.derivesdansleglisecatholique.fr\/?page_id=1392\" \/>\n<meta property=\"og:site_name\" content=\"D\u00e9rives dans l&#039;eglise catholique\" \/>\n<meta property=\"article:modified_time\" content=\"2018-03-19T16:27:56+00:00\" \/>\n<meta name=\"twitter:label1\" content=\"Dur\u00e9e de lecture estim\u00e9e\" \/>\n\t<meta name=\"twitter:data1\" content=\"1 minute\" \/>\n<script type=\"application\/ld+json\" class=\"yoast-schema-graph\">{\"@context\":\"https:\\\/\\\/schema.org\",\"@graph\":[{\"@type\":\"WebPage\",\"@id\":\"https:\\\/\\\/WWW.derivesdansleglisecatholique.fr\\\/?page_id=1392\",\"url\":\"https:\\\/\\\/WWW.derivesdansleglisecatholique.fr\\\/?page_id=1392\",\"name\":\"Vid\u00e9os \u00ab Les merveilleuses aventures de B\u00e9b\u00e9 Gourou \u00bb - D\u00e9rives dans l&#039;eglise catholique\",\"isPartOf\":{\"@id\":\"https:\\\/\\\/WWW.derivesdansleglisecatholique.fr\\\/#website\"},\"datePublished\":\"2017-09-27T13:36:44+00:00\",\"dateModified\":\"2018-03-19T16:27:56+00:00\",\"breadcrumb\":{\"@id\":\"https:\\\/\\\/WWW.derivesdansleglisecatholique.fr\\\/?page_id=1392#breadcrumb\"},\"inLanguage\":\"fr-FR\",\"potentialAction\":[{\"@type\":\"ReadAction\",\"target\":[\"https:\\\/\\\/WWW.derivesdansleglisecatholique.fr\\\/?page_id=1392\"]}]},{\"@type\":\"BreadcrumbList\",\"@id\":\"https:\\\/\\\/WWW.derivesdansleglisecatholique.fr\\\/?page_id=1392#breadcrumb\",\"itemListElement\":[{\"@type\":\"ListItem\",\"position\":1,\"name\":\"Accueil\",\"item\":\"https:\\\/\\\/WWW.derivesdansleglisecatholique.fr\\\/\"},{\"@type\":\"ListItem\",\"position\":2,\"name\":\"Vid\u00e9os \u00ab Les merveilleuses aventures de B\u00e9b\u00e9 Gourou \u00bb\"}]},{\"@type\":\"WebSite\",\"@id\":\"https:\\\/\\\/WWW.derivesdansleglisecatholique.fr\\\/#website\",\"url\":\"https:\\\/\\\/WWW.derivesdansleglisecatholique.fr\\\/\",\"name\":\"D\u00e9rives dans l&#039;eglise catholique\",\"description\":\"Justice et V\u00e9rit\u00e9 pour les familles\",\"potentialAction\":[{\"@type\":\"SearchAction\",\"target\":{\"@type\":\"EntryPoint\",\"urlTemplate\":\"https:\\\/\\\/WWW.derivesdansleglisecatholique.fr\\\/?s={search_term_string}\"},\"query-input\":{\"@type\":\"PropertyValueSpecification\",\"valueRequired\":true,\"valueName\":\"search_term_string\"}}],\"inLanguage\":\"fr-FR\"}]}<\/script>\n<!-- \/ Yoast SEO plugin. -->","yoast_head_json":{"title":"Vid\u00e9os \u00ab Les merveilleuses aventures de B\u00e9b\u00e9 Gourou \u00bb - D\u00e9rives dans l&#039;eglise catholique","robots":{"index":"index","follow":"follow","max-snippet":"max-snippet:-1","max-image-preview":"max-image-preview:large","max-video-preview":"max-video-preview:-1"},"canonical":"https:\/\/WWW.derivesdansleglisecatholique.fr\/?page_id=1392","og_locale":"fr_FR","og_type":"article","og_title":"Vid\u00e9os \u00ab Les merveilleuses aventures de B\u00e9b\u00e9 Gourou \u00bb - D\u00e9rives dans l&#039;eglise catholique","og_description":"&nbsp; LA SAGA DE B\u00c9B\u00c9 GOUROU \u00c9pisode 1 : On p\u00eache le poisson \u00c9pisode 2 : La pression monte dans le bocal \u00c9pisode 3 : Le Tsunami dans le bocal \u00c9pisode 4 : L&rsquo;Apocalypse dans le bocal \u00c9pisode 5 : Retour vers le futur \u00c9pisode 6 : Libre ! Comme un mouton \u00c9pisode 7 : &hellip; Read More &rarr;","og_url":"https:\/\/WWW.derivesdansleglisecatholique.fr\/?page_id=1392","og_site_name":"D\u00e9rives dans l&#039;eglise catholique","article_modified_time":"2018-03-19T16:27:56+00:00","twitter_misc":{"Dur\u00e9e de lecture estim\u00e9e":"1 minute"},"schema":{"@context":"https:\/\/schema.org","@graph":[{"@type":"WebPage","@id":"https:\/\/WWW.derivesdansleglisecatholique.fr\/?page_id=1392","url":"https:\/\/WWW.derivesdansleglisecatholique.fr\/?page_id=1392","name":"Vid\u00e9os \u00ab Les merveilleuses aventures de B\u00e9b\u00e9 Gourou \u00bb - D\u00e9rives dans l&#039;eglise catholique","isPartOf":{"@id":"https:\/\/WWW.derivesdansleglisecatholique.fr\/#website"},"datePublished":"2017-09-27T13:36:44+00:00","dateModified":"2018-03-19T16:27:56+00:00","breadcrumb":{"@id":"https:\/\/WWW.derivesdansleglisecatholique.fr\/?page_id=1392#breadcrumb"},"inLanguage":"fr-FR","potentialAction":[{"@type":"ReadAction","target":["https:\/\/WWW.derivesdansleglisecatholique.fr\/?page_id=1392"]}]},{"@type":"BreadcrumbList","@id":"https:\/\/WWW.derivesdansleglisecatholique.fr\/?page_id=1392#breadcrumb","itemListElement":[{"@type":"ListItem","position":1,"name":"Accueil","item":"https:\/\/WWW.derivesdansleglisecatholique.fr\/"},{"@type":"ListItem","position":2,"name":"Vid\u00e9os \u00ab Les merveilleuses aventures de B\u00e9b\u00e9 Gourou \u00bb"}]},{"@type":"WebSite","@id":"https:\/\/WWW.derivesdansleglisecatholique.fr\/#website","url":"https:\/\/WWW.derivesdansleglisecatholique.fr\/","name":"D\u00e9rives dans l&#039;eglise catholique","description":"Justice et V\u00e9rit\u00e9 pour les familles","potentialAction":[{"@type":"SearchAction","target":{"@type":"EntryPoint","urlTemplate":"https:\/\/WWW.derivesdansleglisecatholique.fr\/?s={search_term_string}"},"query-input":{"@type":"PropertyValueSpecification","valueRequired":true,"valueName":"search_term_string"}}],"inLanguage":"fr-FR"}]}},"_links":{"self":[{"href":"https:\/\/WWW.derivesdansleglisecatholique.fr\/index.php?rest_route=\/wp\/v2\/pages\/1392","targetHints":{"allow":["GET"]}}],"collection":[{"href":"https:\/\/WWW.derivesdansleglisecatholique.fr\/index.php?rest_route=\/wp\/v2\/pages"}],"about":[{"href":"https:\/\/WWW.derivesdansleglisecatholique.fr\/index.php?rest_route=\/wp\/v2\/types\/page"}],"author":[{"embeddable":true,"href":"https:\/\/WWW.derivesdansleglisecatholique.fr\/index.php?rest_route=\/wp\/v2\/users\/3"}],"replies":[{"embeddable":true,"href":"https:\/\/WWW.derivesdansleglisecatholique.fr\/index.php?rest_route=%2Fwp%2Fv2%2Fcomments&post=1392"}],"version-history":[{"count":20,"href":"https:\/\/WWW.derivesdansleglisecatholique.fr\/index.php?rest_route=\/wp\/v2\/pages\/1392\/revisions"}],"predecessor-version":[{"id":4549,"href":"https:\/\/WWW.derivesdansleglisecatholique.fr\/index.php?rest_route=\/wp\/v2\/pages\/1392\/revisions\/4549"}],"wp:attachment":[{"href":"https:\/\/WWW.derivesdansleglisecatholique.fr\/index.php?rest_route=%2Fwp%2Fv2%2Fmedia&parent=1392"}],"curies":[{"name":"wp","href":"https:\/\/api.w.org\/{rel}","templated":true}]}}