{"id":146,"date":"2016-12-23T15:48:18","date_gmt":"2016-12-23T14:48:18","guid":{"rendered":"http:\/\/WWW.derivesdansleglisecatholique.fr\/?page_id=146"},"modified":"2026-04-07T21:41:00","modified_gmt":"2026-04-07T20:41:00","slug":"documentations","status":"publish","type":"page","link":"https:\/\/WWW.derivesdansleglisecatholique.fr\/?page_id=146","title":{"rendered":"Documentations"},"content":{"rendered":"<p><span style=\"color: #ffcc99;\">.<\/span><\/p>\n<p style=\"text-align: center;\">\n<p style=\"text-align: center;\"><a href=\"https:\/\/WWW.derivesdansleglisecatholique.fr\/?attachment_id=6406\">La Gu\u00e9rison Int\u00e9rieure <\/a><\/p>\n<p style=\"text-align: center;\"><a href=\"https:\/\/WWW.derivesdansleglisecatholique.fr\/?attachment_id=567\">M\u00e9moires<\/a><\/p>\n<p style=\"text-align: center;\"><a href=\"http:\/\/derivesdansleglisecatholique.fr\/wp-content\/uploads\/2017\/01\/Charismes-et-minist\u00e8res.pdf\">Charismes et Minist\u00e8res<\/a><\/p>\n<p style=\"text-align: center;\"><a href=\"http:\/\/derivesdansleglisecatholique.fr\/wp-content\/uploads\/2017\/01\/0-note-doctrinale-n\u00b0-6.pdf\">Note doctrinale N\u00b06<\/a><\/p>\n<p style=\"text-align: center;\"><a href=\"http:\/\/derivesdansleglisecatholique.fr\/wp-content\/uploads\/2017\/01\/L-obeissance.pdf\">La Vertu d&rsquo;Ob\u00e9issance Selon Saint-Thomas<\/a><\/p>\n<p style=\"text-align: center;\"><a href=\"http:\/\/derivesdansleglisecatholique.fr\/wp-content\/uploads\/2017\/02\/RAPPORT-conference-episcopale-2011.pdf\">Rapport de la Conf\u00e9rence \u00c9piscopale 2011<\/a><\/p>\n<p style=\"text-align: center;\"><a href=\"http:\/\/derivesdansleglisecatholique.fr\/wp-content\/uploads\/2017\/02\/RAPPORT-conference-episcopale-2011.pdf\">Un chemin Spirituelle SAIN pour devenir SAINT !<\/a><\/p>\n<p style=\"text-align: center;\"><a href=\"http:\/\/derivesdansleglisecatholique.fr\/wp-content\/uploads\/2017\/02\/RAPPORT-conference-episcopale-2011.pdf\">La Religion du Monde &#8211; S\u0153ur Marie Ancilla<\/a><\/p>\n<p style=\"text-align: center;\"><span style=\"color: #ffcc99;\">.<a href=\"http:\/\/derivesdansleglisecatholique.fr\/wp-content\/uploads\/2017\/02\/RAPPORT-conference-episcopale-2011.pdf\">Foi et Gu\u00e9rison &#8211; S\u0153ur Marie Ancilla<\/a><\/span><\/p>\n<p style=\"text-align: center;\">\u200b<a href=\"http:\/\/derivesdansleglisecatholique.fr\/wp-content\/uploads\/2017\/06\/Livre-Gu\u00e9rison-et-d\u00e9livrance-Sr-Ancilla.pdf\">Gu\u00e9rison et d\u00e9livrance des Minist\u00e8res ? &#8211; S\u0153ur Marie Ancilla<\/a><\/p>\n<p style=\"text-align: center;\"><a href=\"http:\/\/derivesdansleglisecatholique.fr\/wp-content\/uploads\/2018\/03\/4-Des-rapport-du-psy-spi.pdf\">Des rapports du psychologique et du Spirituel dans les Communaut\u00e9s <\/a><\/p>\n<p style=\"text-align: center;\">\n<p>&nbsp;<\/p>\n<p>&nbsp;<\/p>\n<p>&nbsp;<\/p>\n<table style=\"height: 34px;\" width=\"24\">\n<tbody>\n<tr>\n<td><\/td>\n<td><\/td>\n<td><\/td>\n<\/tr>\n<\/tbody>\n<\/table>\n","protected":false},"excerpt":{"rendered":"<p>. La Gu\u00e9rison Int\u00e9rieure M\u00e9moires Charismes et Minist\u00e8res Note doctrinale N\u00b06 La Vertu d&rsquo;Ob\u00e9issance Selon Saint-Thomas Rapport de la Conf\u00e9rence \u00c9piscopale 2011 Un chemin Spirituelle SAIN pour devenir SAINT ! La Religion du Monde &#8211; S\u0153ur Marie Ancilla .Foi et Gu\u00e9rison &#8211; S\u0153ur Marie Ancilla \u200bGu\u00e9rison et d\u00e9livrance des Minist\u00e8res ? &#8211; S\u0153ur Marie Ancilla <span class=\"ellipsis\">&hellip;<\/span> <span class=\"more-link-wrap\"><a href=\"https:\/\/WWW.derivesdansleglisecatholique.fr\/?page_id=146\" class=\"more-link\"><span>Read More &rarr;<\/span><\/a><\/span><\/p>\n","protected":false},"author":2,"featured_media":0,"parent":0,"menu_order":0,"comment_status":"closed","ping_status":"closed","template":"","meta":{"footnotes":""},"class_list":["post-146","page","type-page","status-publish","hentry"],"yoast_head":"<!-- This site is optimized with the Yoast SEO plugin v27.4 - https:\/\/yoast.com\/product\/yoast-seo-wordpress\/ -->\n<title>Documentations - D\u00e9rives dans l&#039;eglise catholique<\/title>\n<meta name=\"robots\" content=\"index, follow, max-snippet:-1, max-image-preview:large, max-video-preview:-1\" \/>\n<link rel=\"canonical\" href=\"https:\/\/WWW.derivesdansleglisecatholique.fr\/?page_id=146\" \/>\n<meta property=\"og:locale\" content=\"fr_FR\" \/>\n<meta property=\"og:type\" content=\"article\" \/>\n<meta property=\"og:title\" content=\"Documentations - D\u00e9rives dans l&#039;eglise catholique\" \/>\n<meta property=\"og:description\" content=\". La Gu\u00e9rison Int\u00e9rieure M\u00e9moires Charismes et Minist\u00e8res Note doctrinale N\u00b06 La Vertu d&rsquo;Ob\u00e9issance Selon Saint-Thomas Rapport de la Conf\u00e9rence \u00c9piscopale 2011 Un chemin Spirituelle SAIN pour devenir SAINT ! La Religion du Monde &#8211; S\u0153ur Marie Ancilla .Foi et Gu\u00e9rison &#8211; S\u0153ur Marie Ancilla \u200bGu\u00e9rison et d\u00e9livrance des Minist\u00e8res ? &#8211; S\u0153ur Marie Ancilla &hellip; Read More &rarr;\" \/>\n<meta property=\"og:url\" content=\"https:\/\/WWW.derivesdansleglisecatholique.fr\/?page_id=146\" \/>\n<meta property=\"og:site_name\" content=\"D\u00e9rives dans l&#039;eglise catholique\" \/>\n<meta property=\"article:modified_time\" content=\"2026-04-07T20:41:00+00:00\" \/>\n<meta name=\"twitter:label1\" content=\"Dur\u00e9e de lecture estim\u00e9e\" \/>\n\t<meta name=\"twitter:data1\" content=\"1 minute\" \/>\n<script type=\"application\/ld+json\" class=\"yoast-schema-graph\">{\"@context\":\"https:\\\/\\\/schema.org\",\"@graph\":[{\"@type\":\"WebPage\",\"@id\":\"https:\\\/\\\/WWW.derivesdansleglisecatholique.fr\\\/?page_id=146\",\"url\":\"https:\\\/\\\/WWW.derivesdansleglisecatholique.fr\\\/?page_id=146\",\"name\":\"Documentations - D\u00e9rives dans l&#039;eglise catholique\",\"isPartOf\":{\"@id\":\"https:\\\/\\\/WWW.derivesdansleglisecatholique.fr\\\/#website\"},\"datePublished\":\"2016-12-23T14:48:18+00:00\",\"dateModified\":\"2026-04-07T20:41:00+00:00\",\"breadcrumb\":{\"@id\":\"https:\\\/\\\/WWW.derivesdansleglisecatholique.fr\\\/?page_id=146#breadcrumb\"},\"inLanguage\":\"fr-FR\",\"potentialAction\":[{\"@type\":\"ReadAction\",\"target\":[\"https:\\\/\\\/WWW.derivesdansleglisecatholique.fr\\\/?page_id=146\"]}]},{\"@type\":\"BreadcrumbList\",\"@id\":\"https:\\\/\\\/WWW.derivesdansleglisecatholique.fr\\\/?page_id=146#breadcrumb\",\"itemListElement\":[{\"@type\":\"ListItem\",\"position\":1,\"name\":\"Accueil\",\"item\":\"https:\\\/\\\/WWW.derivesdansleglisecatholique.fr\\\/\"},{\"@type\":\"ListItem\",\"position\":2,\"name\":\"Documentations\"}]},{\"@type\":\"WebSite\",\"@id\":\"https:\\\/\\\/WWW.derivesdansleglisecatholique.fr\\\/#website\",\"url\":\"https:\\\/\\\/WWW.derivesdansleglisecatholique.fr\\\/\",\"name\":\"D\u00e9rives dans l&#039;eglise catholique\",\"description\":\"Justice et V\u00e9rit\u00e9 pour les familles\",\"potentialAction\":[{\"@type\":\"SearchAction\",\"target\":{\"@type\":\"EntryPoint\",\"urlTemplate\":\"https:\\\/\\\/WWW.derivesdansleglisecatholique.fr\\\/?s={search_term_string}\"},\"query-input\":{\"@type\":\"PropertyValueSpecification\",\"valueRequired\":true,\"valueName\":\"search_term_string\"}}],\"inLanguage\":\"fr-FR\"}]}<\/script>\n<!-- \/ Yoast SEO plugin. -->","yoast_head_json":{"title":"Documentations - D\u00e9rives dans l&#039;eglise catholique","robots":{"index":"index","follow":"follow","max-snippet":"max-snippet:-1","max-image-preview":"max-image-preview:large","max-video-preview":"max-video-preview:-1"},"canonical":"https:\/\/WWW.derivesdansleglisecatholique.fr\/?page_id=146","og_locale":"fr_FR","og_type":"article","og_title":"Documentations - D\u00e9rives dans l&#039;eglise catholique","og_description":". La Gu\u00e9rison Int\u00e9rieure M\u00e9moires Charismes et Minist\u00e8res Note doctrinale N\u00b06 La Vertu d&rsquo;Ob\u00e9issance Selon Saint-Thomas Rapport de la Conf\u00e9rence \u00c9piscopale 2011 Un chemin Spirituelle SAIN pour devenir SAINT ! La Religion du Monde &#8211; S\u0153ur Marie Ancilla .Foi et Gu\u00e9rison &#8211; S\u0153ur Marie Ancilla \u200bGu\u00e9rison et d\u00e9livrance des Minist\u00e8res ? &#8211; S\u0153ur Marie Ancilla &hellip; Read More &rarr;","og_url":"https:\/\/WWW.derivesdansleglisecatholique.fr\/?page_id=146","og_site_name":"D\u00e9rives dans l&#039;eglise catholique","article_modified_time":"2026-04-07T20:41:00+00:00","twitter_misc":{"Dur\u00e9e de lecture estim\u00e9e":"1 minute"},"schema":{"@context":"https:\/\/schema.org","@graph":[{"@type":"WebPage","@id":"https:\/\/WWW.derivesdansleglisecatholique.fr\/?page_id=146","url":"https:\/\/WWW.derivesdansleglisecatholique.fr\/?page_id=146","name":"Documentations - D\u00e9rives dans l&#039;eglise catholique","isPartOf":{"@id":"https:\/\/WWW.derivesdansleglisecatholique.fr\/#website"},"datePublished":"2016-12-23T14:48:18+00:00","dateModified":"2026-04-07T20:41:00+00:00","breadcrumb":{"@id":"https:\/\/WWW.derivesdansleglisecatholique.fr\/?page_id=146#breadcrumb"},"inLanguage":"fr-FR","potentialAction":[{"@type":"ReadAction","target":["https:\/\/WWW.derivesdansleglisecatholique.fr\/?page_id=146"]}]},{"@type":"BreadcrumbList","@id":"https:\/\/WWW.derivesdansleglisecatholique.fr\/?page_id=146#breadcrumb","itemListElement":[{"@type":"ListItem","position":1,"name":"Accueil","item":"https:\/\/WWW.derivesdansleglisecatholique.fr\/"},{"@type":"ListItem","position":2,"name":"Documentations"}]},{"@type":"WebSite","@id":"https:\/\/WWW.derivesdansleglisecatholique.fr\/#website","url":"https:\/\/WWW.derivesdansleglisecatholique.fr\/","name":"D\u00e9rives dans l&#039;eglise catholique","description":"Justice et V\u00e9rit\u00e9 pour les familles","potentialAction":[{"@type":"SearchAction","target":{"@type":"EntryPoint","urlTemplate":"https:\/\/WWW.derivesdansleglisecatholique.fr\/?s={search_term_string}"},"query-input":{"@type":"PropertyValueSpecification","valueRequired":true,"valueName":"search_term_string"}}],"inLanguage":"fr-FR"}]}},"_links":{"self":[{"href":"https:\/\/WWW.derivesdansleglisecatholique.fr\/index.php?rest_route=\/wp\/v2\/pages\/146","targetHints":{"allow":["GET"]}}],"collection":[{"href":"https:\/\/WWW.derivesdansleglisecatholique.fr\/index.php?rest_route=\/wp\/v2\/pages"}],"about":[{"href":"https:\/\/WWW.derivesdansleglisecatholique.fr\/index.php?rest_route=\/wp\/v2\/types\/page"}],"author":[{"embeddable":true,"href":"https:\/\/WWW.derivesdansleglisecatholique.fr\/index.php?rest_route=\/wp\/v2\/users\/2"}],"replies":[{"embeddable":true,"href":"https:\/\/WWW.derivesdansleglisecatholique.fr\/index.php?rest_route=%2Fwp%2Fv2%2Fcomments&post=146"}],"version-history":[{"count":35,"href":"https:\/\/WWW.derivesdansleglisecatholique.fr\/index.php?rest_route=\/wp\/v2\/pages\/146\/revisions"}],"predecessor-version":[{"id":6748,"href":"https:\/\/WWW.derivesdansleglisecatholique.fr\/index.php?rest_route=\/wp\/v2\/pages\/146\/revisions\/6748"}],"wp:attachment":[{"href":"https:\/\/WWW.derivesdansleglisecatholique.fr\/index.php?rest_route=%2Fwp%2Fv2%2Fmedia&parent=146"}],"curies":[{"name":"wp","href":"https:\/\/api.w.org\/{rel}","templated":true}]}}