{"id":152,"date":"2016-12-23T16:10:09","date_gmt":"2016-12-23T15:10:09","guid":{"rendered":"http:\/\/WWW.derivesdansleglisecatholique.fr\/?page_id=152"},"modified":"2024-06-24T13:47:10","modified_gmt":"2024-06-24T12:47:10","slug":"theologie","status":"publish","type":"page","link":"https:\/\/WWW.derivesdansleglisecatholique.fr\/?page_id=152","title":{"rendered":"Documents eccl\u00e9siaux"},"content":{"rendered":"<p>&nbsp;<\/p>\n<div id=\"attachment_586\" style=\"width: 579px\" class=\"wp-caption aligncenter\"><a href=\"http:\/\/derivesdansleglisecatholique.fr\/wp-content\/uploads\/2017\/01\/0-note-doctrinale-n\u00b0-6.pdf\" rel=\"attachment wp-att-586\"><img loading=\"lazy\" decoding=\"async\" aria-describedby=\"caption-attachment-586\" class=\"wp-image-586 size-full\" src=\"http:\/\/derivesdansleglisecatholique.fr\/wp-content\/uploads\/2017\/01\/note-doctrinale6.jpg\" alt=\"Sur la Gu\u00e9rison des Racines Familiales par l'Eucharistie\" width=\"569\" height=\"848\" srcset=\"http:\/\/derivesdansleglisecatholique.fr\/wp-content\/uploads\/2017\/01\/note-doctrinale6.jpg 569w, http:\/\/derivesdansleglisecatholique.fr\/wp-content\/uploads\/2017\/01\/note-doctrinale6-201x300.jpg 201w\" sizes=\"auto, (max-width: 569px) 100vw, 569px\" \/><\/a><p id=\"caption-attachment-586\" class=\"wp-caption-text\">Sur la Gu\u00e9rison des Racines Familiales par l&rsquo;Eucharistie<\/p><\/div>\n<div id=\"attachment_718\" style=\"width: 654px\" class=\"wp-caption aligncenter\"><a href=\"http:\/\/derivesdansleglisecatholique.fr\/wp-content\/uploads\/2017\/02\/RAPPORT-conference-episcopale-2011.pdf\" rel=\"attachment wp-att-718\"><img loading=\"lazy\" decoding=\"async\" aria-describedby=\"caption-attachment-718\" class=\"wp-image-718 size-full\" src=\"http:\/\/derivesdansleglisecatholique.fr\/wp-content\/uploads\/2017\/02\/RAPPORT-conference-episcopale-2011.jpg\" alt=\"Groupe de R\u00e9flexion &quot;Spirituel et Psychologie&quot;\" width=\"644\" height=\"671\" srcset=\"http:\/\/derivesdansleglisecatholique.fr\/wp-content\/uploads\/2017\/02\/RAPPORT-conference-episcopale-2011.jpg 644w, http:\/\/derivesdansleglisecatholique.fr\/wp-content\/uploads\/2017\/02\/RAPPORT-conference-episcopale-2011-288x300.jpg 288w\" sizes=\"auto, (max-width: 644px) 100vw, 644px\" \/><\/a><p id=\"caption-attachment-718\" class=\"wp-caption-text\">Groupe de R\u00e9flexion \u00ab\u00a0Spirituel et Psychologie\u00a0\u00bb<\/p><\/div>\n<div id=\"attachment_4553\" style=\"width: 599px\" class=\"wp-caption aligncenter\"><a href=\"http:\/\/derivesdansleglisecatholique.fr\/wp-content\/uploads\/2018\/03\/4-Des-rapport-du-psy-spi.pdf\" rel=\"attachment wp-att-4553\"><img loading=\"lazy\" decoding=\"async\" aria-describedby=\"caption-attachment-4553\" class=\"wp-image-4553 size-full\" src=\"http:\/\/derivesdansleglisecatholique.fr\/wp-content\/uploads\/2018\/03\/Rapport-psyspi.jpg\" alt=\"Des Rapports du Psychologique et du Spirituel dans les Communaut\u00e9s\" width=\"589\" height=\"837\" srcset=\"http:\/\/derivesdansleglisecatholique.fr\/wp-content\/uploads\/2018\/03\/Rapport-psyspi.jpg 589w, http:\/\/derivesdansleglisecatholique.fr\/wp-content\/uploads\/2018\/03\/Rapport-psyspi-211x300.jpg 211w\" sizes=\"auto, (max-width: 589px) 100vw, 589px\" \/><\/a><p id=\"caption-attachment-4553\" class=\"wp-caption-text\">Des Rapports du Psychologique et du Spirituel dans les Communaut\u00e9s<\/p><\/div>\n","protected":false},"excerpt":{"rendered":"<p>&nbsp;<\/p>\n","protected":false},"author":2,"featured_media":0,"parent":0,"menu_order":0,"comment_status":"closed","ping_status":"closed","template":"","meta":{"footnotes":""},"class_list":["post-152","page","type-page","status-publish","hentry"],"yoast_head":"<!-- This site is optimized with the Yoast SEO plugin v27.4 - https:\/\/yoast.com\/product\/yoast-seo-wordpress\/ -->\n<title>Documents eccl\u00e9siaux - D\u00e9rives dans l&#039;eglise catholique<\/title>\n<meta name=\"robots\" content=\"index, follow, max-snippet:-1, max-image-preview:large, max-video-preview:-1\" \/>\n<link rel=\"canonical\" href=\"https:\/\/WWW.derivesdansleglisecatholique.fr\/?page_id=152\" \/>\n<meta property=\"og:locale\" content=\"fr_FR\" \/>\n<meta property=\"og:type\" content=\"article\" \/>\n<meta property=\"og:title\" content=\"Documents eccl\u00e9siaux - D\u00e9rives dans l&#039;eglise catholique\" \/>\n<meta property=\"og:description\" content=\"&nbsp;\" \/>\n<meta property=\"og:url\" content=\"https:\/\/WWW.derivesdansleglisecatholique.fr\/?page_id=152\" \/>\n<meta property=\"og:site_name\" content=\"D\u00e9rives dans l&#039;eglise catholique\" \/>\n<meta property=\"article:modified_time\" content=\"2024-06-24T12:47:10+00:00\" \/>\n<meta property=\"og:image\" content=\"http:\/\/derivesdansleglisecatholique.fr\/wp-content\/uploads\/2017\/01\/note-doctrinale6.jpg\" \/>\n<meta name=\"twitter:label1\" content=\"Dur\u00e9e de lecture estim\u00e9e\" \/>\n\t<meta name=\"twitter:data1\" content=\"1 minute\" \/>\n<script type=\"application\/ld+json\" class=\"yoast-schema-graph\">{\"@context\":\"https:\\\/\\\/schema.org\",\"@graph\":[{\"@type\":\"WebPage\",\"@id\":\"https:\\\/\\\/WWW.derivesdansleglisecatholique.fr\\\/?page_id=152\",\"url\":\"https:\\\/\\\/WWW.derivesdansleglisecatholique.fr\\\/?page_id=152\",\"name\":\"Documents eccl\u00e9siaux - D\u00e9rives dans l&#039;eglise catholique\",\"isPartOf\":{\"@id\":\"https:\\\/\\\/WWW.derivesdansleglisecatholique.fr\\\/#website\"},\"primaryImageOfPage\":{\"@id\":\"https:\\\/\\\/WWW.derivesdansleglisecatholique.fr\\\/?page_id=152#primaryimage\"},\"image\":{\"@id\":\"https:\\\/\\\/WWW.derivesdansleglisecatholique.fr\\\/?page_id=152#primaryimage\"},\"thumbnailUrl\":\"http:\\\/\\\/derivesdansleglisecatholique.fr\\\/wp-content\\\/uploads\\\/2017\\\/01\\\/note-doctrinale6.jpg\",\"datePublished\":\"2016-12-23T15:10:09+00:00\",\"dateModified\":\"2024-06-24T12:47:10+00:00\",\"breadcrumb\":{\"@id\":\"https:\\\/\\\/WWW.derivesdansleglisecatholique.fr\\\/?page_id=152#breadcrumb\"},\"inLanguage\":\"fr-FR\",\"potentialAction\":[{\"@type\":\"ReadAction\",\"target\":[\"https:\\\/\\\/WWW.derivesdansleglisecatholique.fr\\\/?page_id=152\"]}]},{\"@type\":\"ImageObject\",\"inLanguage\":\"fr-FR\",\"@id\":\"https:\\\/\\\/WWW.derivesdansleglisecatholique.fr\\\/?page_id=152#primaryimage\",\"url\":\"http:\\\/\\\/derivesdansleglisecatholique.fr\\\/wp-content\\\/uploads\\\/2017\\\/01\\\/note-doctrinale6.jpg\",\"contentUrl\":\"http:\\\/\\\/derivesdansleglisecatholique.fr\\\/wp-content\\\/uploads\\\/2017\\\/01\\\/note-doctrinale6.jpg\"},{\"@type\":\"BreadcrumbList\",\"@id\":\"https:\\\/\\\/WWW.derivesdansleglisecatholique.fr\\\/?page_id=152#breadcrumb\",\"itemListElement\":[{\"@type\":\"ListItem\",\"position\":1,\"name\":\"Accueil\",\"item\":\"https:\\\/\\\/WWW.derivesdansleglisecatholique.fr\\\/\"},{\"@type\":\"ListItem\",\"position\":2,\"name\":\"Documents eccl\u00e9siaux\"}]},{\"@type\":\"WebSite\",\"@id\":\"https:\\\/\\\/WWW.derivesdansleglisecatholique.fr\\\/#website\",\"url\":\"https:\\\/\\\/WWW.derivesdansleglisecatholique.fr\\\/\",\"name\":\"D\u00e9rives dans l&#039;eglise catholique\",\"description\":\"Justice et V\u00e9rit\u00e9 pour les familles\",\"potentialAction\":[{\"@type\":\"SearchAction\",\"target\":{\"@type\":\"EntryPoint\",\"urlTemplate\":\"https:\\\/\\\/WWW.derivesdansleglisecatholique.fr\\\/?s={search_term_string}\"},\"query-input\":{\"@type\":\"PropertyValueSpecification\",\"valueRequired\":true,\"valueName\":\"search_term_string\"}}],\"inLanguage\":\"fr-FR\"}]}<\/script>\n<!-- \/ Yoast SEO plugin. -->","yoast_head_json":{"title":"Documents eccl\u00e9siaux - D\u00e9rives dans l&#039;eglise catholique","robots":{"index":"index","follow":"follow","max-snippet":"max-snippet:-1","max-image-preview":"max-image-preview:large","max-video-preview":"max-video-preview:-1"},"canonical":"https:\/\/WWW.derivesdansleglisecatholique.fr\/?page_id=152","og_locale":"fr_FR","og_type":"article","og_title":"Documents eccl\u00e9siaux - D\u00e9rives dans l&#039;eglise catholique","og_description":"&nbsp;","og_url":"https:\/\/WWW.derivesdansleglisecatholique.fr\/?page_id=152","og_site_name":"D\u00e9rives dans l&#039;eglise catholique","article_modified_time":"2024-06-24T12:47:10+00:00","og_image":[{"url":"http:\/\/derivesdansleglisecatholique.fr\/wp-content\/uploads\/2017\/01\/note-doctrinale6.jpg","type":"","width":"","height":""}],"twitter_misc":{"Dur\u00e9e de lecture estim\u00e9e":"1 minute"},"schema":{"@context":"https:\/\/schema.org","@graph":[{"@type":"WebPage","@id":"https:\/\/WWW.derivesdansleglisecatholique.fr\/?page_id=152","url":"https:\/\/WWW.derivesdansleglisecatholique.fr\/?page_id=152","name":"Documents eccl\u00e9siaux - D\u00e9rives dans l&#039;eglise catholique","isPartOf":{"@id":"https:\/\/WWW.derivesdansleglisecatholique.fr\/#website"},"primaryImageOfPage":{"@id":"https:\/\/WWW.derivesdansleglisecatholique.fr\/?page_id=152#primaryimage"},"image":{"@id":"https:\/\/WWW.derivesdansleglisecatholique.fr\/?page_id=152#primaryimage"},"thumbnailUrl":"http:\/\/derivesdansleglisecatholique.fr\/wp-content\/uploads\/2017\/01\/note-doctrinale6.jpg","datePublished":"2016-12-23T15:10:09+00:00","dateModified":"2024-06-24T12:47:10+00:00","breadcrumb":{"@id":"https:\/\/WWW.derivesdansleglisecatholique.fr\/?page_id=152#breadcrumb"},"inLanguage":"fr-FR","potentialAction":[{"@type":"ReadAction","target":["https:\/\/WWW.derivesdansleglisecatholique.fr\/?page_id=152"]}]},{"@type":"ImageObject","inLanguage":"fr-FR","@id":"https:\/\/WWW.derivesdansleglisecatholique.fr\/?page_id=152#primaryimage","url":"http:\/\/derivesdansleglisecatholique.fr\/wp-content\/uploads\/2017\/01\/note-doctrinale6.jpg","contentUrl":"http:\/\/derivesdansleglisecatholique.fr\/wp-content\/uploads\/2017\/01\/note-doctrinale6.jpg"},{"@type":"BreadcrumbList","@id":"https:\/\/WWW.derivesdansleglisecatholique.fr\/?page_id=152#breadcrumb","itemListElement":[{"@type":"ListItem","position":1,"name":"Accueil","item":"https:\/\/WWW.derivesdansleglisecatholique.fr\/"},{"@type":"ListItem","position":2,"name":"Documents eccl\u00e9siaux"}]},{"@type":"WebSite","@id":"https:\/\/WWW.derivesdansleglisecatholique.fr\/#website","url":"https:\/\/WWW.derivesdansleglisecatholique.fr\/","name":"D\u00e9rives dans l&#039;eglise catholique","description":"Justice et V\u00e9rit\u00e9 pour les familles","potentialAction":[{"@type":"SearchAction","target":{"@type":"EntryPoint","urlTemplate":"https:\/\/WWW.derivesdansleglisecatholique.fr\/?s={search_term_string}"},"query-input":{"@type":"PropertyValueSpecification","valueRequired":true,"valueName":"search_term_string"}}],"inLanguage":"fr-FR"}]}},"_links":{"self":[{"href":"https:\/\/WWW.derivesdansleglisecatholique.fr\/index.php?rest_route=\/wp\/v2\/pages\/152","targetHints":{"allow":["GET"]}}],"collection":[{"href":"https:\/\/WWW.derivesdansleglisecatholique.fr\/index.php?rest_route=\/wp\/v2\/pages"}],"about":[{"href":"https:\/\/WWW.derivesdansleglisecatholique.fr\/index.php?rest_route=\/wp\/v2\/types\/page"}],"author":[{"embeddable":true,"href":"https:\/\/WWW.derivesdansleglisecatholique.fr\/index.php?rest_route=\/wp\/v2\/users\/2"}],"replies":[{"embeddable":true,"href":"https:\/\/WWW.derivesdansleglisecatholique.fr\/index.php?rest_route=%2Fwp%2Fv2%2Fcomments&post=152"}],"version-history":[{"count":14,"href":"https:\/\/WWW.derivesdansleglisecatholique.fr\/index.php?rest_route=\/wp\/v2\/pages\/152\/revisions"}],"predecessor-version":[{"id":6708,"href":"https:\/\/WWW.derivesdansleglisecatholique.fr\/index.php?rest_route=\/wp\/v2\/pages\/152\/revisions\/6708"}],"wp:attachment":[{"href":"https:\/\/WWW.derivesdansleglisecatholique.fr\/index.php?rest_route=%2Fwp%2Fv2%2Fmedia&parent=152"}],"curies":[{"name":"wp","href":"https:\/\/api.w.org\/{rel}","templated":true}]}}