{"id":259,"date":"2016-12-30T15:00:08","date_gmt":"2016-12-30T14:00:08","guid":{"rendered":"http:\/\/WWW.derivesdansleglisecatholique.fr\/?page_id=259"},"modified":"2016-12-30T21:27:45","modified_gmt":"2016-12-30T20:27:45","slug":"criteres-de-communaute-deviante","status":"publish","type":"page","link":"https:\/\/WWW.derivesdansleglisecatholique.fr\/?page_id=259","title":{"rendered":"Crit\u00e8res de la communaut\u00e9 d\u00e9viante"},"content":{"rendered":"<p><span style=\"font-size: 12pt; font-family: times new roman,times,serif;\"><strong>\u00a0<\/strong><\/span><\/p>\n<p><span style=\"font-size: 12pt; font-family: times new roman,times,serif;\"><strong>\u00a0<\/strong><\/span><\/p>\n<p style=\"padding-left: 30px;\"><span style=\"font-size: 14pt; font-family: times new roman,times,serif; color: #0000ff;\"><strong>Vous avez \u00e9t\u00e9 s\u00e9duit<\/strong><\/span><\/p>\n<p style=\"padding-left: 30px;\"><span style=\"font-size: 12pt; font-family: times new roman,times,serif;\">Vous avez d\u00e9couvert cette communaut\u00e9 charismatique, ou bien certains de ses membres qui vous ont s\u00e9duit. Par leur joie, leur liturgie, leur fa\u00e7on de vivre, la nouveaut\u00e9 de l\u2019approche dite catholique, etc. Et vous avez eu envie de les rejoindre. Tout est nouveau. Le discours rassurant, vous vous sentez reconnu, aim\u00e9, consid\u00e9r\u00e9 dans des aspects que votre famille ne voyait pas. Il se peut qu\u2019on vous ait d\u00e9montr\u00e9 que vos \u00e9tudes n\u2019\u00e9taient que le d\u00e9sir de vos parents, que vous aviez bien d\u2019autres possibilit\u00e9s, etc. Que vous, \u00ab\u00a0 un super catho\u00a0\u00bb est incompris dans ce monde perverti,\u00a0 o\u00f9 il n\u2019a rien \u00e0 faire. Que Dieu vous appelait. Que vous \u00eates cette merveille ignor\u00e9e de tous jusqu\u2019\u00e0 pr\u00e9sent. Bref, vous avez rejoint \u00ab\u00a0l\u2019\u00e9lite\u00a0\u00bb. Vous d\u00e9couvrirez \u00e9merveill\u00e9 la communaut\u00e9 \u00ab\u00a0gu\u00e9rissante\u00a0\u00bb. Vous \u00eates port\u00e9 par les \u00e9motions de ses \u00ab\u00a0charismes\u00a0\u00bb, ses paroles de connaissance etc. ses liturgies aux odeurs d\u2019encens, ses chants r\u00e9p\u00e9titifs, les balancements hypnotiques. Vous d\u00e9couvrez un nouveau monde.\u00a0 <\/span><\/p>\n<p style=\"padding-left: 30px;\"><span style=\"color: #ffcc00;\">.<\/span><\/p>\n<p style=\"padding-left: 30px;\"><span style=\"font-size: 14pt; font-family: times new roman,times,serif;\"><strong><span style=\"color: #0000ff;\">Le psycho-spirituel<\/span> <\/strong><\/span><\/p>\n<p style=\"padding-left: 30px;\"><span style=\"font-size: 12pt; font-family: times new roman,times,serif;\">Cette religiosit\u00e9 va faire de vous un parfait charismatique. Elle va noyer votre raison dans la confusion de sa bouillasse. Faire sombrer votre pauvre ego, dans le bouillonnement d\u2019\u00e9motions provoqu\u00e9es. Changer votre histoire par les \u00ab\u00a0r\u00e9v\u00e9lations\u00a0\u00bb de pr\u00e9tendues \u00ab\u00a0blessures\u00a0\u00bb. Vous d\u00e9boussoler dans une traque \u00a0\u00e9perdue de \u00ab\u00a0gu\u00e9rison\u00a0\u00bb sans fin. Tout ceci dans l\u2019Eglise, pourtant il est\u00a0 irr\u00e9futable que ce n\u2019est pas dans la foi catholique. Le psycho-spirituel pr\u00f4ne un J\u00e9sus gu\u00e9risseur en vu d\u2019un royaume temporel. Celui des Pentec\u00f4tistes.\u00a0 Notre Credo annonce J\u00e9sus R\u00e9dempteur pour la Vie Eternelle. Le psycho-spirituel est la religiosit\u00e9 du Nouvel Age d\u2019o\u00f9 viennent toutes ces th\u00e9ories nocives de \u00ab\u00a0blessures-gu\u00e9rison\u00a0\u00bb, aussi fumeuses sur le plan psychologique que th\u00e9ologique et dont la dangerosit\u00e9 n\u2019est plus \u00e0 d\u00e9montrer.<\/span><\/p>\n<p style=\"padding-left: 30px;\"><span style=\"font-size: 12pt; font-family: times new roman,times,serif;\"><strong>\u00a0<\/strong><\/span><\/p>\n<p style=\"padding-left: 30px;\"><span style=\"font-size: 14pt; font-family: times new roman,times,serif; color: #0000ff;\"><strong>L\u2019engagement est imm\u00e9diat<\/strong><\/span><\/p>\n<p style=\"padding-left: 30px;\"><span style=\"font-size: 12pt; font-family: times new roman,times,serif;\">L\u2019engagement c\u2019est votre entr\u00e9e. Le temps de \u00ab\u00a0noviciat\u00a0\u00bb est flou\u2026Vous \u00eates absorb\u00e9 d\u2019embl\u00e9e par les t\u00e2ches qui sont impos\u00e9es. De plus, vous \u00eates soumis \u00e0 des v\u0153ux religieux. Or, dans la plupart des communaut\u00e9s du renouveau charismatique, vous \u00eates sans le savoir dans une communaut\u00e9 qui n\u2019est pas une communaut\u00e9 religieuse mais une association de la\u00efcs. Les v\u0153ux religieux sont abusifs. Tout comme l\u2019habit que chacun porte et que l\u2019on vous mettra sur le dos dans peu de temps pour votre plus grand bonheur. C\u2019est une mascarade.\u00a0<\/span><\/p>\n<p style=\"padding-left: 30px;\"><span style=\"font-size: 12pt; font-family: times new roman,times,serif;\">Dans ce cadre, les v\u0153ux abusifs n\u2019ont pour seule utilit\u00e9 la soumission de chacun au \u00ab\u00a0responsable\u00a0\u00bb qui n\u2019a aucune autorit\u00e9 reconnue pour cela. Le sachant pourquoi il se la donne\u00a0? Comment l\u2019\u00e9v\u00eaque responsable de la communaut\u00e9 laisse t-il faire\u00a0? Cette mystification est la source de nombreuses d\u00e9rives pr\u00e9visibles dont l\u2019\u00e9v\u00eaque devient responsable par sa caution\u00a0: qui ne dit mot consent.<\/span><\/p>\n<p style=\"padding-left: 30px;\"><span style=\"font-size: 12pt; font-family: times new roman,times,serif;\"><strong>\u00a0<\/strong><\/span><\/p>\n<p style=\"padding-left: 30px;\"><span style=\"font-size: 14pt; font-family: times new roman,times,serif; color: #0000ff;\"><strong>L\u2019utilisation d\u00e9voy\u00e9e du v\u0153u d\u2019ob\u00e9issance\u00a0:<\/strong><\/span><\/p>\n<p style=\"padding-left: 30px;\"><span style=\"font-size: 12pt; font-family: times new roman,times,serif;\">C\u2019est par le v\u0153u d\u2019ob\u00e9issance abusif que vous sera impos\u00e9 et justifi\u00e9 de faire ce que l\u2019on veut vous faire faire. Il vous faut ob\u00e9ir sans comprendre, sans discuter, aveuglement, au nom de Dieu. Le responsable vous impose sa volont\u00e9 pr\u00e9sent\u00e9e comme celle de Dieu. Une mani\u00e8re d\u2019annihiler l\u2019esprit critique, la raison et la volont\u00e9. Au nom de l\u2019ob\u00e9issance, peu \u00e0 peu, vous \u00eates totalement soumis \u00e0 la volont\u00e9 d\u2019un \u00ab\u00a0sup\u00e9rieur\u00a0\u00bb. Vous n\u2019existez plus comme personne, vous n\u2019\u00eates plus qu\u2019un objet utilis\u00e9 selon son bon vouloir.<\/span><\/p>\n<p style=\"padding-left: 30px;\"><span style=\"font-size: 12pt; font-family: times new roman,times,serif;\">La relation avec les autres communautaires sera soumise au \u00ab\u00a0responsable\u00a0\u00bb qui la g\u00e8rera et interviendra selon son bon plaisir et ses besoins.\u00a0<\/span><\/p>\n<p style=\"padding-left: 30px;\"><span style=\"font-size: 12pt; font-family: times new roman,times,serif;\">Vous allez travailler pour la communaut\u00e9, pr\u00e9sent\u00e9e comme l\u2019Eglise. Un ersatz qui justifiera que vous ne rechigniez pas au travail jusqu\u2019\u00e0 l\u2019\u00e9puisement. \u00a0<\/span><\/p>\n<p style=\"padding-left: 30px;\"><span style=\"font-size: 12pt; font-family: times new roman,times,serif;\">Les communautaires sont comme vous, des insulaires dont la \u00ab\u00a0relation\u00a0\u00bb passe par le cordon ombilical qui relie chacun au gourou. C\u2019est lui qui tire les ficelles de ses marionnettes.<\/span><\/p>\n<p style=\"padding-left: 30px;\"><span style=\"font-size: 12pt; font-family: times new roman,times,serif;\"><strong>\u00a0<\/strong><\/span><\/p>\n<p style=\"padding-left: 30px;\"><span style=\"font-size: 14pt; font-family: times new roman,times,serif; color: #0000ff;\"><strong>Le for externe et le for interne<\/strong><\/span><\/p>\n<p style=\"padding-left: 30px;\"><span style=\"font-size: 12pt; font-family: times new roman,times,serif;\">L\u2019ob\u00e9issance, rel\u00e8ve strictement du for externe. C&rsquo;est-\u00e0-dire de ce qui regarde la r\u00e8gle de vie de la communaut\u00e9. Elle ne concerne pas le for interne, c&rsquo;est-\u00e0-dire ce que vous vivez int\u00e9rieurement et que vous n\u2019avez pas \u00e0 livrer \u00e0 votre responsable de communaut\u00e9. S\u2019il est pr\u00eatre, il ne doit pas \u00eatre votre confesseur, pas davantage votre directeur spirituel. De la m\u00eame mani\u00e8re une th\u00e9rapie, si elle est n\u00e9cessaire, \u00a0doit se faire par quelqu\u2019un de dipl\u00f4m\u00e9 et comp\u00e9tent, en dehors de la communaut\u00e9.. Ceci rel\u00e8ve de la sagesse. En effet, s\u2019approprier le for interne d\u2019une personne est un viol psychique et spirituel qui le livre \u00e0 son pr\u00e9dateur.<\/span><\/p>\n<p style=\"padding-left: 30px;\"><span style=\"font-size: 12pt; font-family: times new roman,times,serif;\"><strong>La conscience et la libert\u00e9 d\u2019\u00eatre et de pens\u00e9e ne peuvent \u00eatre soumises \u00e0 l\u2019ob\u00e9issance.<\/strong>\u00a0 En termes clairs\u00a0: ob\u00e9ir, oui, \u00e0 une r\u00e8gle que vous avez choisie mais si cette r\u00e8gle va \u00e0 l\u2019encontre de votre conscience, de la loi naturelle, de la loi morale, vous devez la refuser.<\/span><\/p>\n<p style=\"padding-left: 30px;\"><span style=\"color: #ffcc00;\">.<\/span><\/p>\n<p style=\"padding-left: 30px;\"><span style=\"font-size: 14pt; font-family: times new roman,times,serif;\"><strong><span style=\"color: #0000ff;\">La \u00a0communaut\u00e9<\/span> <\/strong><\/span><\/p>\n<p style=\"padding-left: 30px;\"><span style=\"font-size: 12pt; font-family: times new roman,times,serif;\">Que vous propose la communaut\u00e9 comme avenir\u00a0? Elle exige de vous un engagement sans faille\u00a0 mais \u00e0 quoi s\u2019engage t-elle envers vous\u00a0? Quels sont vos droits\u00a0? Comment sont utilis\u00e9es vos comp\u00e9tences, vos \u00e9tudes\u00a0? Au service de qui\u00a0? Quelles garanties sont les v\u00f4tres si vous d\u00e9cidez de quitter la communaut\u00e9\u00a0? B\u00e9n\u00e9ficiez-vous\u00a0 des cotisations sociales et de retraites obligatoires\u00a0?<\/span><\/p>\n<p style=\"padding-left: 30px;\"><span style=\"font-size: 12pt; font-family: times new roman,times,serif;\">Des jeunes s\u2019\u00e9puisent dans des travaux de construction tr\u00e8s lourds. L\u2019argent rentre souvent par les sessions, retraites et autres activit\u00e9s d\u2019accueil dont la charge de travail est assur\u00e9e par les communautaires \u00a0: m\u00e9nage, cuisine, service etc. \u00a0Certaines\u00a0 communaut\u00e9s ont des activit\u00e9s lucratives (m\u00e9dias, \u00e9ditions, etc.) toujours \u00e0 la charge des communautaires. Certaines jeunes ont \u00e9t\u00e9 utilis\u00e9es comme\u00a0 bonne d\u2019enfants des\u00a0 responsables. De telles conditions sont-elles acceptables et justifiables\u00a0? \u00a0Peut-on\u00a0 parler de \u00ab\u00a0vocation religieuse\u00a0\u00bb\u00a0 ou d\u2019utilisation de jeunes au seul profit de la communaut\u00e9\u00a0? Le service de Dieu n\u2019a pas \u00e0 se confondre avec l\u2019int\u00e9r\u00eat des responsables.<\/span><\/p>\n<p style=\"padding-left: 30px;\"><span style=\"font-size: 12pt; font-family: times new roman,times,serif;\">Nombre de communaut\u00e9s charismatiques ont d\u00e9raill\u00e9, laissant du monde sur le carreau sans que les responsables eccl\u00e9siaux s\u2019en \u00e9meuvent. Ce sont des ann\u00e9es perdues, des personnes d\u00e9labr\u00e9es \u00a0voire des vies an\u00e9anties. Ces communaut\u00e9s dont la p\u00e9rennit\u00e9 est loin d\u2019\u00eatre assur\u00e9e, qu\u2019ont-elles \u00e0 offrir \u00e0 un jeune hormis l\u2019avenir plus qu\u2019incertain de leur \u00ab\u00a0exp\u00e9rience\u00a0\u00bb charismatique ? Une exp\u00e9rience dont les d\u00e9rives ont fait la une des m\u00e9dias. Voir, entre autres, l\u2019\u00e9mission de Canal +\u00a0: <strong><em>Les B\u00e9atitudes une secte aux portes du Vatican<\/em><\/strong> qui d\u00e9montre toutes ces d\u00e9rives\u00a0:<\/span><\/p>\n<p style=\"padding-left: 30px; text-align: center;\"><iframe loading=\"lazy\" src=\"\/\/www.youtube.com\/embed\/jLFMyjuRU10\" width=\"560\" height=\"314\" allowfullscreen=\"allowfullscreen\"><\/iframe><\/p>\n","protected":false},"excerpt":{"rendered":"<p>\u00a0 \u00a0 Vous avez \u00e9t\u00e9 s\u00e9duit Vous avez d\u00e9couvert cette communaut\u00e9 charismatique, ou bien certains de ses membres qui vous ont s\u00e9duit. Par leur joie, leur liturgie, leur fa\u00e7on de vivre, la nouveaut\u00e9 de l\u2019approche dite catholique, etc. Et vous avez eu envie de les rejoindre. Tout est nouveau. Le discours rassurant, vous vous sentez <span class=\"ellipsis\">&hellip;<\/span> <span class=\"more-link-wrap\"><a href=\"https:\/\/WWW.derivesdansleglisecatholique.fr\/?page_id=259\" class=\"more-link\"><span>Read More &rarr;<\/span><\/a><\/span><\/p>\n","protected":false},"author":2,"featured_media":0,"parent":0,"menu_order":0,"comment_status":"closed","ping_status":"closed","template":"","meta":{"footnotes":""},"class_list":["post-259","page","type-page","status-publish","hentry"],"yoast_head":"<!-- This site is optimized with the Yoast SEO plugin v27.4 - https:\/\/yoast.com\/product\/yoast-seo-wordpress\/ -->\n<title>Crit\u00e8res de la communaut\u00e9 d\u00e9viante - D\u00e9rives dans l&#039;eglise catholique<\/title>\n<meta name=\"robots\" content=\"index, follow, max-snippet:-1, max-image-preview:large, max-video-preview:-1\" \/>\n<link rel=\"canonical\" href=\"http:\/\/WWW.derivesdansleglisecatholique.fr\/?page_id=259\" \/>\n<meta property=\"og:locale\" content=\"fr_FR\" \/>\n<meta property=\"og:type\" content=\"article\" \/>\n<meta property=\"og:title\" content=\"Crit\u00e8res de la communaut\u00e9 d\u00e9viante - D\u00e9rives dans l&#039;eglise catholique\" \/>\n<meta property=\"og:description\" content=\"\u00a0 \u00a0 Vous avez \u00e9t\u00e9 s\u00e9duit Vous avez d\u00e9couvert cette communaut\u00e9 charismatique, ou bien certains de ses membres qui vous ont s\u00e9duit. Par leur joie, leur liturgie, leur fa\u00e7on de vivre, la nouveaut\u00e9 de l\u2019approche dite catholique, etc. Et vous avez eu envie de les rejoindre. Tout est nouveau. Le discours rassurant, vous vous sentez &hellip; Read More &rarr;\" \/>\n<meta property=\"og:url\" content=\"http:\/\/WWW.derivesdansleglisecatholique.fr\/?page_id=259\" \/>\n<meta property=\"og:site_name\" content=\"D\u00e9rives dans l&#039;eglise catholique\" \/>\n<meta property=\"article:modified_time\" content=\"2016-12-30T20:27:45+00:00\" \/>\n<meta name=\"twitter:label1\" content=\"Dur\u00e9e de lecture estim\u00e9e\" \/>\n\t<meta name=\"twitter:data1\" content=\"6 minutes\" \/>\n<script type=\"application\/ld+json\" class=\"yoast-schema-graph\">{\"@context\":\"https:\\\/\\\/schema.org\",\"@graph\":[{\"@type\":\"WebPage\",\"@id\":\"http:\\\/\\\/WWW.derivesdansleglisecatholique.fr\\\/?page_id=259\",\"url\":\"http:\\\/\\\/WWW.derivesdansleglisecatholique.fr\\\/?page_id=259\",\"name\":\"Crit\u00e8res de la communaut\u00e9 d\u00e9viante - D\u00e9rives dans l&#039;eglise catholique\",\"isPartOf\":{\"@id\":\"https:\\\/\\\/WWW.derivesdansleglisecatholique.fr\\\/#website\"},\"datePublished\":\"2016-12-30T14:00:08+00:00\",\"dateModified\":\"2016-12-30T20:27:45+00:00\",\"breadcrumb\":{\"@id\":\"http:\\\/\\\/WWW.derivesdansleglisecatholique.fr\\\/?page_id=259#breadcrumb\"},\"inLanguage\":\"fr-FR\",\"potentialAction\":[{\"@type\":\"ReadAction\",\"target\":[\"http:\\\/\\\/WWW.derivesdansleglisecatholique.fr\\\/?page_id=259\"]}]},{\"@type\":\"BreadcrumbList\",\"@id\":\"http:\\\/\\\/WWW.derivesdansleglisecatholique.fr\\\/?page_id=259#breadcrumb\",\"itemListElement\":[{\"@type\":\"ListItem\",\"position\":1,\"name\":\"Accueil\",\"item\":\"https:\\\/\\\/WWW.derivesdansleglisecatholique.fr\\\/\"},{\"@type\":\"ListItem\",\"position\":2,\"name\":\"Crit\u00e8res de la communaut\u00e9 d\u00e9viante\"}]},{\"@type\":\"WebSite\",\"@id\":\"https:\\\/\\\/WWW.derivesdansleglisecatholique.fr\\\/#website\",\"url\":\"https:\\\/\\\/WWW.derivesdansleglisecatholique.fr\\\/\",\"name\":\"D\u00e9rives dans l&#039;eglise catholique\",\"description\":\"Justice et V\u00e9rit\u00e9 pour les familles\",\"potentialAction\":[{\"@type\":\"SearchAction\",\"target\":{\"@type\":\"EntryPoint\",\"urlTemplate\":\"https:\\\/\\\/WWW.derivesdansleglisecatholique.fr\\\/?s={search_term_string}\"},\"query-input\":{\"@type\":\"PropertyValueSpecification\",\"valueRequired\":true,\"valueName\":\"search_term_string\"}}],\"inLanguage\":\"fr-FR\"}]}<\/script>\n<!-- \/ Yoast SEO plugin. -->","yoast_head_json":{"title":"Crit\u00e8res de la communaut\u00e9 d\u00e9viante - D\u00e9rives dans l&#039;eglise catholique","robots":{"index":"index","follow":"follow","max-snippet":"max-snippet:-1","max-image-preview":"max-image-preview:large","max-video-preview":"max-video-preview:-1"},"canonical":"http:\/\/WWW.derivesdansleglisecatholique.fr\/?page_id=259","og_locale":"fr_FR","og_type":"article","og_title":"Crit\u00e8res de la communaut\u00e9 d\u00e9viante - D\u00e9rives dans l&#039;eglise catholique","og_description":"\u00a0 \u00a0 Vous avez \u00e9t\u00e9 s\u00e9duit Vous avez d\u00e9couvert cette communaut\u00e9 charismatique, ou bien certains de ses membres qui vous ont s\u00e9duit. Par leur joie, leur liturgie, leur fa\u00e7on de vivre, la nouveaut\u00e9 de l\u2019approche dite catholique, etc. Et vous avez eu envie de les rejoindre. Tout est nouveau. Le discours rassurant, vous vous sentez &hellip; Read More &rarr;","og_url":"http:\/\/WWW.derivesdansleglisecatholique.fr\/?page_id=259","og_site_name":"D\u00e9rives dans l&#039;eglise catholique","article_modified_time":"2016-12-30T20:27:45+00:00","twitter_misc":{"Dur\u00e9e de lecture estim\u00e9e":"6 minutes"},"schema":{"@context":"https:\/\/schema.org","@graph":[{"@type":"WebPage","@id":"http:\/\/WWW.derivesdansleglisecatholique.fr\/?page_id=259","url":"http:\/\/WWW.derivesdansleglisecatholique.fr\/?page_id=259","name":"Crit\u00e8res de la communaut\u00e9 d\u00e9viante - D\u00e9rives dans l&#039;eglise catholique","isPartOf":{"@id":"https:\/\/WWW.derivesdansleglisecatholique.fr\/#website"},"datePublished":"2016-12-30T14:00:08+00:00","dateModified":"2016-12-30T20:27:45+00:00","breadcrumb":{"@id":"http:\/\/WWW.derivesdansleglisecatholique.fr\/?page_id=259#breadcrumb"},"inLanguage":"fr-FR","potentialAction":[{"@type":"ReadAction","target":["http:\/\/WWW.derivesdansleglisecatholique.fr\/?page_id=259"]}]},{"@type":"BreadcrumbList","@id":"http:\/\/WWW.derivesdansleglisecatholique.fr\/?page_id=259#breadcrumb","itemListElement":[{"@type":"ListItem","position":1,"name":"Accueil","item":"https:\/\/WWW.derivesdansleglisecatholique.fr\/"},{"@type":"ListItem","position":2,"name":"Crit\u00e8res de la communaut\u00e9 d\u00e9viante"}]},{"@type":"WebSite","@id":"https:\/\/WWW.derivesdansleglisecatholique.fr\/#website","url":"https:\/\/WWW.derivesdansleglisecatholique.fr\/","name":"D\u00e9rives dans l&#039;eglise catholique","description":"Justice et V\u00e9rit\u00e9 pour les familles","potentialAction":[{"@type":"SearchAction","target":{"@type":"EntryPoint","urlTemplate":"https:\/\/WWW.derivesdansleglisecatholique.fr\/?s={search_term_string}"},"query-input":{"@type":"PropertyValueSpecification","valueRequired":true,"valueName":"search_term_string"}}],"inLanguage":"fr-FR"}]}},"_links":{"self":[{"href":"https:\/\/WWW.derivesdansleglisecatholique.fr\/index.php?rest_route=\/wp\/v2\/pages\/259","targetHints":{"allow":["GET"]}}],"collection":[{"href":"https:\/\/WWW.derivesdansleglisecatholique.fr\/index.php?rest_route=\/wp\/v2\/pages"}],"about":[{"href":"https:\/\/WWW.derivesdansleglisecatholique.fr\/index.php?rest_route=\/wp\/v2\/types\/page"}],"author":[{"embeddable":true,"href":"https:\/\/WWW.derivesdansleglisecatholique.fr\/index.php?rest_route=\/wp\/v2\/users\/2"}],"replies":[{"embeddable":true,"href":"https:\/\/WWW.derivesdansleglisecatholique.fr\/index.php?rest_route=%2Fwp%2Fv2%2Fcomments&post=259"}],"version-history":[{"count":13,"href":"https:\/\/WWW.derivesdansleglisecatholique.fr\/index.php?rest_route=\/wp\/v2\/pages\/259\/revisions"}],"predecessor-version":[{"id":318,"href":"https:\/\/WWW.derivesdansleglisecatholique.fr\/index.php?rest_route=\/wp\/v2\/pages\/259\/revisions\/318"}],"wp:attachment":[{"href":"https:\/\/WWW.derivesdansleglisecatholique.fr\/index.php?rest_route=%2Fwp%2Fv2%2Fmedia&parent=259"}],"curies":[{"name":"wp","href":"https:\/\/api.w.org\/{rel}","templated":true}]}}