{"id":26,"date":"2016-11-26T21:15:52","date_gmt":"2016-11-26T20:15:52","guid":{"rendered":"http:\/\/WWW.derivesdansleglisecatholique.fr\/?page_id=26"},"modified":"2024-09-13T23:08:26","modified_gmt":"2024-09-13T22:08:26","slug":"accueil","status":"publish","type":"page","link":"https:\/\/WWW.derivesdansleglisecatholique.fr\/","title":{"rendered":"Accueil"},"content":{"rendered":"<p style=\"text-align: center; padding-left: 30px;\"><img loading=\"lazy\" decoding=\"async\" class=\"alignnone wp-image-1192 size-full\" src=\"http:\/\/derivesdansleglisecatholique.fr\/wp-content\/uploads\/2017\/06\/pour-prevenir4.gif\" alt=\"\" width=\"750\" height=\"50\" \/><\/p>\n<p><a href=\"http:\/\/WWW.derivesdansleglisecatholique.fr\/?attachment_id=849\" rel=\"attachment wp-att-849\"><img loading=\"lazy\" decoding=\"async\" class=\"size-full wp-image-849 aligncenter\" src=\"http:\/\/derivesdansleglisecatholique.fr\/wp-content\/uploads\/2017\/03\/FLASH-NEWS.gif\" alt=\"\" width=\"125\" height=\"125\" \/><\/a><\/p>\n<p><a href=\"http:\/\/derivesdansleglisecatholique.fr\/wp-content\/uploads\/2022\/10\/livre-CCMM.png\"><img loading=\"lazy\" decoding=\"async\" class=\"aligncenter wp-image-6596\" src=\"http:\/\/derivesdansleglisecatholique.fr\/wp-content\/uploads\/2022\/10\/livre-CCMM.png\" alt=\"Le psycho spirituel mis \u00e0 nu\" width=\"268\" height=\"450\" \/><\/a><\/p>\n<p><span style=\"font-family: times new roman, times, serif;\"><strong>R\u00e9sum\u00e9 :<\/strong><\/span><\/p>\n<p><span style=\"font-family: times new roman, times, serif;\">Voil\u00e0 plus de quarante ans, que les autorit\u00e9s eccl\u00e9siales sont sensibilis\u00e9es \u00e0 des cas de d\u00e9rives sectaires infiltrant et se d\u00e9veloppant au sein de l\u2019\u00c9glise, mais celles-ci fuient la r\u00e9alit\u00e9 des faits.<\/span><br \/>\n<span style=\"font-family: times new roman, times, serif;\">Voil\u00e0 plus de quarante ans que les pouvoirs publics sont inform\u00e9s r\u00e9guli\u00e8rement de l\u2019\u00e9volution de la situation, mais trop peu de d\u00e9cisions sont prises par l\u2019Ex\u00e9cutif pour porter une aide efficace aux victimes ou \u00e0 leurs proches et punir les auteurs de ces manipulations mentales.<\/span><\/p>\n<p>&nbsp;<\/p>\n<p>&nbsp;<\/p>\n<p><strong><span style=\"font-family: times new roman, times, serif; font-size: 14pt;\"><a href=\"https:\/\/www.ccmm.asso.fr\/produit\/le-psycho-spirituel-mis-a-nu\/\"><span style=\"font-size: 16pt;\">Le psycho spirituel mis \u00e0 nu<\/span><\/a><\/span><\/strong><\/p>\n<p><strong><span style=\"font-family: times new roman, times, serif; font-size: 14pt;\">25,00\u20ac<\/span><\/strong><\/p>\n<p><strong><span style=\"font-family: times new roman, times, serif;\">par CCMM-Centre National Roger Ikor<\/span><\/strong><\/p>\n<p><span style=\"font-family: times new roman, times, serif;\">Editeur : CCMM \u2013 42-52 rue de la Py \u2013 75020 PARIS<\/span><br \/>\n<span style=\"font-family: times new roman, times, serif;\">Date de parution : juin 2022 \u2013 348 pages<\/span><\/p>\n<p>&nbsp;<\/p>\n<p><span style=\"font-family: times new roman, times, serif;\">La pr\u00e9sente enqu\u00eate de victimisation a pour but d\u2019alerter le public sur les graves dangers que pr\u00e9sente le psycho-spirituel, sur les cons\u00e9quences parfois irr\u00e9versibles encourues par celles ou ceux qui sont pris, innocemment, dans les bras tentaculaires de cette cr\u00e9ature.<\/span><br \/>\n<span style=\"font-family: times new roman, times, serif;\">La pr\u00e9sente enqu\u00eate a aussi pour objet de mettre nos \u00e9v\u00eaques et nos dirigeants devant leurs responsabilit\u00e9s respectives afin que soient prises les mesures qui s\u2019imposent pour mettre un terme \u00e0 cette h\u00e9catombe de victimes.<\/span><br \/>\n<span style=\"font-family: times new roman, times, serif;\">Ce recueil de t\u00e9moignages est un nouveau cri d\u2019alarme avant que ne se produise un deuxi\u00e8me chaos, succ\u00e9dant \u00e0 celui de la p\u00e9docriminalit\u00e9, scandale qui submergerait, sans nul doute, l\u2019\u00c9glise en France.<\/span><\/p>\n<p>&nbsp;<\/p>\n<p style=\"text-align: center;\"><a href=\"http:\/\/www.derivesdansleglisecatholique.fr\/?p=6627\"><span style=\"font-size: 18pt;\"><strong>Appel pour que nous retrouvions nos enfants disparus<\/strong><\/span><\/a><\/p>\n<p style=\"text-align: center;\"><a href=\"http:\/\/www.derivesdansleglisecatholique.fr\/?p=6621\"><span style=\"font-size: 18pt;\"><strong>Le psychospirituel: un combat de tous les jours depuis 20 ans<\/strong><\/span><\/a><\/p>\n<p style=\"text-align: center;\"><a href=\"http:\/\/derivesdansleglisecatholique.fr\/wp-content\/uploads\/2022\/10\/GOLIAS-CATHY.pdf\"><strong><span style=\"font-size: 16pt;\">D\u00e9rives du Psycho-spirituel<\/span><\/strong><\/a><br \/>\n<a href=\"http:\/\/derivesdansleglisecatholique.fr\/wp-content\/uploads\/2022\/10\/GOLIAS-CATHY.pdf\"><strong><span style=\"font-size: 16pt;\">B\u00e9atitudes : r\u00e9v\u00e9lations sur la mort suspecte de Cathy<\/span><\/strong><\/a><\/p>\n<p style=\"text-align: center;\"><a href=\"http:\/\/www.derivesdansleglisecatholique.fr\/?p=6564\"><span style=\"font-size: 18pt;\"><strong>Au plus offrant Monast\u00e8res \u00e0 vendre<\/strong><\/span><\/a><\/p>\n<p style=\"text-align: center;\"><a href=\"http:\/\/www.derivesdansleglisecatholique.fr\/?p=6554\"><span style=\"font-size: 18pt;\"><strong>Les angles morts du Rapport Sauv\u00e9<\/strong><\/span><\/a><\/p>\n<p style=\"text-align: center;\"><a href=\"http:\/\/www.derivesdansleglisecatholique.fr\/?p=6489\"><span style=\"font-size: 18pt;\"><strong>Cri de douleur d&rsquo;une Maman !<\/strong><\/span><\/a><\/p>\n<p style=\"text-align: center; padding-left: 30px;\"><a href=\"http:\/\/www.derivesdansleglisecatholique.fr\/?page_id=785\" rel=\"attachment wp-att-6585\"><img loading=\"lazy\" decoding=\"async\" class=\"alignnone wp-image-6585 size-full\" src=\"http:\/\/derivesdansleglisecatholique.fr\/wp-content\/uploads\/2022\/04\/buttonHumeur.png\" alt=\"\" width=\"219\" height=\"50\" \/><\/a> <a href=\"http:\/\/www.derivesdansleglisecatholique.fr\/?page_id=829\" rel=\"attachment wp-att-6584\"><img loading=\"lazy\" decoding=\"async\" class=\"alignnone wp-image-6584 size-full\" src=\"http:\/\/derivesdansleglisecatholique.fr\/wp-content\/uploads\/2022\/04\/buttonJeunes.png\" alt=\"\" width=\"253\" height=\"50\" \/><\/a><a href=\"http:\/\/www.derivesdansleglisecatholique.fr\/?page_id=855\" rel=\"attachment wp-att-6583\"> <img loading=\"lazy\" decoding=\"async\" class=\"alignnone wp-image-6583 size-full\" src=\"http:\/\/derivesdansleglisecatholique.fr\/wp-content\/uploads\/2022\/04\/buttonDictionnaire.png\" alt=\"\" width=\"190\" height=\"50\" \/><\/a><a href=\"http:\/\/www.derivesdansleglisecatholique.fr\/?page_id=1278\" rel=\"attachment wp-att-6582\"> <img loading=\"lazy\" decoding=\"async\" class=\"alignnone wp-image-6582 size-full\" src=\"http:\/\/derivesdansleglisecatholique.fr\/wp-content\/uploads\/2022\/04\/buttonPhilo.png\" alt=\"\" width=\"281\" height=\"50\" \/> <\/a><a href=\" http:\/\/www.derivesdansleglisecatholique.fr\/?page_id=892\" rel=\"attachment wp-att-6589\"><img loading=\"lazy\" decoding=\"async\" class=\"alignnone wp-image-6589 size-full\" src=\"http:\/\/derivesdansleglisecatholique.fr\/wp-content\/uploads\/2022\/04\/buttonPretre.png\" alt=\"\" width=\"231\" height=\"50\" \/> <\/a><a href=\"http:\/\/www.derivesdansleglisecatholique.fr\/?page_id=1350\" rel=\"attachment wp-att-6588\"><img loading=\"lazy\" decoding=\"async\" class=\"alignnone wp-image-6588 size-full\" src=\"http:\/\/derivesdansleglisecatholique.fr\/wp-content\/uploads\/2022\/04\/buttonPsy.png\" alt=\"\" width=\"297\" height=\"50\" \/> <\/a><a href=\"http:\/\/www.derivesdansleglisecatholique.fr\/?page_id=1062\" rel=\"attachment wp-att-6587\"><img loading=\"lazy\" decoding=\"async\" class=\"alignnone wp-image-6587 size-full\" src=\"http:\/\/derivesdansleglisecatholique.fr\/wp-content\/uploads\/2022\/04\/buttonBetisier.png\" alt=\"\" width=\"147\" height=\"50\" \/> <\/a><a href=\"http:\/\/WWW.derivesdansleglisecatholique.fr\/?page_id=1231\" rel=\"attachment wp-att-6586\"><img loading=\"lazy\" decoding=\"async\" class=\"alignnone wp-image-6586 size-full\" src=\"http:\/\/derivesdansleglisecatholique.fr\/wp-content\/uploads\/2022\/04\/buttonParoles.png\" alt=\"\" width=\"258\" height=\"50\" \/><\/a><\/p>\n<p style=\"text-align: center; padding-left: 30px;\"><a href=\"http:\/\/www.derivesdansleglisecatholique.fr\/?page_id=1392\" target=\"_blank\" rel=\"noopener noreferrer\"><img loading=\"lazy\" decoding=\"async\" class=\"alignnone wp-image-1342 size-full\" src=\"http:\/\/derivesdansleglisecatholique.fr\/wp-content\/uploads\/2017\/09\/nouveau-bebe-gourou1.gif\" alt=\"\" width=\"250\" height=\"40\" \/><\/a> <a href=\"http:\/\/www.derivesdansleglisecatholique.fr\/?page_id=1758\" rel=\"attachment wp-att-6592\"><img loading=\"lazy\" decoding=\"async\" class=\"alignnone wp-image-6592 size-full\" src=\"http:\/\/derivesdansleglisecatholique.fr\/wp-content\/uploads\/2022\/04\/buttonNewsletters.png\" alt=\"\" width=\"186\" height=\"50\" \/><\/a><\/p>\n<div class=\"jwl_one_fourth\"><\/p>\n<p><img loading=\"lazy\" decoding=\"async\" class=\"alignnone wp-image-441\" src=\"http:\/\/derivesdansleglisecatholique.fr\/wp-content\/uploads\/2017\/01\/Le-livre-noir-de-lemprise-psycho-spirituelle.jpg\" alt=\"Le livre Noir\" width=\"180\" height=\"269\" \/><\/p>\n<p><span style=\"color: #ffcc99;\">.<\/span><\/div>\n<p style=\"text-align: left;\"><div class=\"jwl_one_half\"><\/p>\n<p style=\"text-align: center; padding-left: 30px;\"><span style=\"font-size: 12pt; color: #0000ff; font-family: 'times new roman', times, serif;\"><a href=\"http:\/\/WWW.derivesdansleglisecatholique.fr\/?page_id=1146\">Un appel aux parents<\/a><br \/>\n<\/span><\/p>\n<p style=\"padding-left: 30px; text-align: center;\"><span style=\"color: #0000ff; font-size: 12pt; font-family: 'times new roman', times, serif;\"><a style=\"color: #0000ff;\" href=\"http:\/\/www.derivesdansleglisecatholique.fr\/?p=6370\">A nos \u00e9v\u00eaques<\/a><\/span><\/p>\n<div dir=\"ltr\">\n<div>\n<div style=\"text-align: center; padding-left: 30px;\"><span style=\"font-size: 12pt; font-family: 'times new roman', times, serif;\"><a href=\"http:\/\/WWW.derivesdansleglisecatholique.fr\/?p=1439\">Le denier du Culte ?<\/a><\/span><\/div>\n<div style=\"padding-left: 30px; text-align: center;\">\n<p class=\"MsoNormal\" style=\"text-align: center;\" align=\"center\"><span style=\"font-size: 12pt; font-family: 'times new roman', times, serif;\"><a href=\"http:\/\/www.derivesdansleglisecatholique.fr\/?p=6167\">Le viol psychique dans le communautarisme catholique<\/a><\/span><\/p>\n<p>&nbsp;<\/p>\n<\/div>\n<p style=\"text-align: center; padding-left: 40px;\"><strong><span style=\"font-size: 16pt;\"><a href=\"http:\/\/WWW.derivesdansleglisecatholique.fr\/?p=6448\">S\u0153ur Marie-Ancilla r\u00e9pond \u00e0 Dom Dysmas de Lassus\u00a0<\/a><\/span><\/strong><\/p>\n<\/div>\n<\/div>\n<p>&nbsp;<\/p>\n<p><img loading=\"lazy\" decoding=\"async\" class=\"wp-image-6226 aligncenter\" src=\"http:\/\/derivesdansleglisecatholique.fr\/wp-content\/uploads\/2018\/09\/En-page-daccueil.jpg\" alt=\"Le Nouvel Age \u00e0 l'\u0153uvre dans l'\u00c9glise\" width=\"252\" height=\"324\" \/><\/p>\n<p>&nbsp;<\/p>\n<p>&nbsp;<\/p>\n<p style=\"text-align: center; padding-left: 70px;\"><span style=\"font-size: 14pt;\"><strong>Vous \u00eates jeunes cathos<\/strong><\/span><\/p>\n<p style=\"text-align: center; padding-left: 70px;\"><span style=\"font-size: 14pt;\"><strong>rejoignez Th\u00e9o et Claire sur YouTube<\/strong><\/span><\/p>\n<p style=\"padding-left: 70px; text-align: center;\"><a href=\"https:\/\/www.youtube.com\/channel\/UCrYJ68yw4YfrNdHfQPUkdeA\" target=\"_blank\" rel=\"noopener noreferrer\"><img loading=\"lazy\" decoding=\"async\" class=\"aligncenter wp-image-679\" src=\"http:\/\/derivesdansleglisecatholique.fr\/wp-content\/uploads\/2017\/02\/Jeunes-cathos-e1726263979706-300x178.jpg\" alt=\"Jeunes cathos - Informez vous !\" width=\"337\" height=\"200\" \/><\/a><\/p>\n<p style=\"padding-left: 70px; text-align: center;\"><strong><a href=\"https:\/\/youtu.be\/Ikw88NkAP7o\">1er Episode ;\u00a0<\/a><a href=\"https:\/\/youtu.be\/MyR3-6Lur0w\">2\u00e8me \u00c9pisode<\/a><\/strong><br \/>\n<strong><a href=\"https:\/\/www.youtube.com\/watch?v=kwj_FfsfTfY\">3\u00e8me Episode<\/a> ;\u00a0<a href=\"https:\/\/youtu.be\/z4BjemLcb7I\">4\u00e8me Episode<\/a><\/strong><br \/>\n<strong><a href=\"https:\/\/youtu.be\/QD9RArz7jio\">5\u00e8me \u00c9pisode ;\u00a0<\/a><a href=\"https:\/\/youtu.be\/bok8-jfYkl4\">6\u00e8me Episode<\/a><\/strong><\/p>\n<p style=\"padding-left: 70px; text-align: center;\"><span style=\"font-size: 14pt;\"><a href=\"http:\/\/www.derivesdansleglisecatholique.fr\/?page_id=16\">Contactez-nous<\/a><\/span><\/p>\n<p style=\"padding-left: 30px; text-align: center;\"><code>\u00a0<\/code><\/p>\n<p><\/div><\/p>\n<div class=\"jwl_one_fourth last\"><\/p>\n<p><img loading=\"lazy\" decoding=\"async\" class=\"alignnone wp-image-900\" src=\"http:\/\/derivesdansleglisecatholique.fr\/wp-content\/uploads\/2017\/03\/foi-et-guerison-001-199x300.jpg\" alt=\"Foi et Gu\u00e9rison\" width=\"180\" height=\"271\" \/><\/p>\n<p><span style=\"color: #ffcc99;\">.<\/span><\/p>\n<p><span style=\"color: #ffcc99;\">.<\/span><\/p>\n<p><span style=\"color: #ffcc99;\">.<\/span><\/p>\n<p><span style=\"color: #ffcc99;\">.<\/span><\/p>\n<p style=\"text-align: center;\"><span style=\"color: #ffcc99;\">.<\/span><\/p>\n<p>&nbsp;<\/p>\n<p><\/div><div class=\"clearboth\"><\/div>\n<p style=\"text-align: center; padding-left: 30px;\"><span style=\"font-size: 12pt;\"><span style=\"color: #ffcc99;\">.<\/span><span style=\"color: #993300;\"><strong>TOUS CONCERN\u00c9S\u00a0<\/strong><\/span><\/span><\/p>\n<p style=\"text-align: center; padding-left: 30px;\"><span style=\"font-size: 12pt; color: #993300;\"><strong>JEUNES CATHOS &#8230; PARENTS &#8230; AMIS &#8230; PR\u00caTRES &#8230; RELIGIEUX &#8230; ENSEIGNANTS &#8230; PSYCHOLOGUES &#8230; PSYCHIATRES &#8230;<\/strong><\/span><\/p>\n<p style=\"text-align: center; padding-left: 30px;\"><span style=\"font-size: 16pt; color: #ffcc99;\">.<\/span><\/p>\n<p style=\"text-align: center; padding-left: 30px;\"><span style=\"font-size: 14pt; color: #0000ff;\"><strong>Ce site vous transmet 22 ans de recherches et de luttes contre \u00a0les d\u00e9rives du psycho-spirituel dans l&rsquo;\u00e9glise.<\/strong><\/span><\/p>\n<p>&nbsp;<\/p>\n<p style=\"text-align: left;\"><span style=\"color: #ffcc99;\">.<\/span><\/p>\n<p>&nbsp;<\/p>\n<p>&nbsp;<\/p>\n","protected":false},"excerpt":{"rendered":"<p>R\u00e9sum\u00e9 : Voil\u00e0 plus de quarante ans, que les autorit\u00e9s eccl\u00e9siales sont sensibilis\u00e9es \u00e0 des cas de d\u00e9rives sectaires infiltrant et se d\u00e9veloppant au sein de l\u2019\u00c9glise, mais celles-ci fuient la r\u00e9alit\u00e9 des faits. Voil\u00e0 plus de quarante ans que les pouvoirs publics sont inform\u00e9s r\u00e9guli\u00e8rement de l\u2019\u00e9volution de la situation, mais trop peu de <span class=\"ellipsis\">&hellip;<\/span> <span class=\"more-link-wrap\"><a href=\"https:\/\/WWW.derivesdansleglisecatholique.fr\/\" class=\"more-link\"><span>Read More &rarr;<\/span><\/a><\/span><\/p>\n","protected":false},"author":1,"featured_media":0,"parent":0,"menu_order":0,"comment_status":"closed","ping_status":"closed","template":"","meta":{"footnotes":""},"class_list":["post-26","page","type-page","status-publish","hentry"],"yoast_head":"<!-- This site is optimized with the Yoast SEO plugin v27.4 - https:\/\/yoast.com\/product\/yoast-seo-wordpress\/ -->\n<title>Accueil - D\u00e9rives dans l&#039;eglise catholique<\/title>\n<meta name=\"description\" content=\"Nos familles ne pouvaient se douter de l\u2019assaut qu\u2019elles allaient subir. Comment l\u2019imaginer ? C\u2019\u00e9tait inconcevable et m\u00eame si d\u2019autres personnes nous en avaient avertis, nous ne les aurions pas crus. Il fallait \u00eatre affront\u00e9 \u00e0 cette horreur pour SAVOIR.TOUS CONCERN\u00c9S. JEUNES CATHOS ... PARENTS ... AMIS ... PR\u00caTRES ... RELIGIEUX ... ENSEIGNANTS ... PSYCHOLOGUES ... PSYCHIATRES ...\" \/>\n<meta name=\"robots\" content=\"index, follow, max-snippet:-1, max-image-preview:large, max-video-preview:-1\" \/>\n<link rel=\"canonical\" href=\"https:\/\/WWW.derivesdansleglisecatholique.fr\/\" \/>\n<meta property=\"og:locale\" content=\"fr_FR\" \/>\n<meta property=\"og:type\" content=\"article\" \/>\n<meta property=\"og:title\" content=\"Accueil - D\u00e9rives dans l&#039;eglise catholique\" \/>\n<meta property=\"og:description\" content=\"Nos familles ne pouvaient se douter de l\u2019assaut qu\u2019elles allaient subir. Comment l\u2019imaginer ? C\u2019\u00e9tait inconcevable et m\u00eame si d\u2019autres personnes nous en avaient avertis, nous ne les aurions pas crus. Il fallait \u00eatre affront\u00e9 \u00e0 cette horreur pour SAVOIR.TOUS CONCERN\u00c9S. JEUNES CATHOS ... PARENTS ... AMIS ... PR\u00caTRES ... RELIGIEUX ... ENSEIGNANTS ... PSYCHOLOGUES ... PSYCHIATRES ...\" \/>\n<meta property=\"og:url\" content=\"https:\/\/WWW.derivesdansleglisecatholique.fr\/\" \/>\n<meta property=\"og:site_name\" content=\"D\u00e9rives dans l&#039;eglise catholique\" \/>\n<meta property=\"article:modified_time\" content=\"2024-09-13T22:08:26+00:00\" \/>\n<meta property=\"og:image\" content=\"http:\/\/derivesdansleglisecatholique.fr\/wp-content\/uploads\/2017\/06\/pour-prevenir4.gif\" \/>\n<meta name=\"twitter:label1\" content=\"Dur\u00e9e de lecture estim\u00e9e\" \/>\n\t<meta name=\"twitter:data1\" content=\"6 minutes\" \/>\n<script type=\"application\/ld+json\" class=\"yoast-schema-graph\">{\"@context\":\"https:\\\/\\\/schema.org\",\"@graph\":[{\"@type\":\"WebPage\",\"@id\":\"https:\\\/\\\/WWW.derivesdansleglisecatholique.fr\\\/\",\"url\":\"https:\\\/\\\/WWW.derivesdansleglisecatholique.fr\\\/\",\"name\":\"Accueil - D\u00e9rives dans l&#039;eglise catholique\",\"isPartOf\":{\"@id\":\"https:\\\/\\\/WWW.derivesdansleglisecatholique.fr\\\/#website\"},\"primaryImageOfPage\":{\"@id\":\"https:\\\/\\\/WWW.derivesdansleglisecatholique.fr\\\/#primaryimage\"},\"image\":{\"@id\":\"https:\\\/\\\/WWW.derivesdansleglisecatholique.fr\\\/#primaryimage\"},\"thumbnailUrl\":\"http:\\\/\\\/derivesdansleglisecatholique.fr\\\/wp-content\\\/uploads\\\/2017\\\/06\\\/pour-prevenir4.gif\",\"datePublished\":\"2016-11-26T20:15:52+00:00\",\"dateModified\":\"2024-09-13T22:08:26+00:00\",\"description\":\"Nos familles ne pouvaient se douter de l\u2019assaut qu\u2019elles allaient subir. Comment l\u2019imaginer ? C\u2019\u00e9tait inconcevable et m\u00eame si d\u2019autres personnes nous en avaient avertis, nous ne les aurions pas crus. Il fallait \u00eatre affront\u00e9 \u00e0 cette horreur pour SAVOIR.TOUS CONCERN\u00c9S. JEUNES CATHOS ... PARENTS ... AMIS ... PR\u00caTRES ... RELIGIEUX ... ENSEIGNANTS ... PSYCHOLOGUES ... PSYCHIATRES ...\",\"breadcrumb\":{\"@id\":\"https:\\\/\\\/WWW.derivesdansleglisecatholique.fr\\\/#breadcrumb\"},\"inLanguage\":\"fr-FR\",\"potentialAction\":[{\"@type\":\"ReadAction\",\"target\":[\"https:\\\/\\\/WWW.derivesdansleglisecatholique.fr\\\/\"]}]},{\"@type\":\"ImageObject\",\"inLanguage\":\"fr-FR\",\"@id\":\"https:\\\/\\\/WWW.derivesdansleglisecatholique.fr\\\/#primaryimage\",\"url\":\"http:\\\/\\\/derivesdansleglisecatholique.fr\\\/wp-content\\\/uploads\\\/2017\\\/06\\\/pour-prevenir4.gif\",\"contentUrl\":\"http:\\\/\\\/derivesdansleglisecatholique.fr\\\/wp-content\\\/uploads\\\/2017\\\/06\\\/pour-prevenir4.gif\"},{\"@type\":\"BreadcrumbList\",\"@id\":\"https:\\\/\\\/WWW.derivesdansleglisecatholique.fr\\\/#breadcrumb\",\"itemListElement\":[{\"@type\":\"ListItem\",\"position\":1,\"name\":\"Accueil\",\"item\":\"https:\\\/\\\/WWW.derivesdansleglisecatholique.fr\\\/\"},{\"@type\":\"ListItem\",\"position\":2,\"name\":\"Accueil\"}]},{\"@type\":\"WebSite\",\"@id\":\"https:\\\/\\\/WWW.derivesdansleglisecatholique.fr\\\/#website\",\"url\":\"https:\\\/\\\/WWW.derivesdansleglisecatholique.fr\\\/\",\"name\":\"D\u00e9rives dans l&#039;eglise catholique\",\"description\":\"Justice et V\u00e9rit\u00e9 pour les familles\",\"potentialAction\":[{\"@type\":\"SearchAction\",\"target\":{\"@type\":\"EntryPoint\",\"urlTemplate\":\"https:\\\/\\\/WWW.derivesdansleglisecatholique.fr\\\/?s={search_term_string}\"},\"query-input\":{\"@type\":\"PropertyValueSpecification\",\"valueRequired\":true,\"valueName\":\"search_term_string\"}}],\"inLanguage\":\"fr-FR\"}]}<\/script>\n<!-- \/ Yoast SEO plugin. -->","yoast_head_json":{"title":"Accueil - D\u00e9rives dans l&#039;eglise catholique","description":"Nos familles ne pouvaient se douter de l\u2019assaut qu\u2019elles allaient subir. Comment l\u2019imaginer ? C\u2019\u00e9tait inconcevable et m\u00eame si d\u2019autres personnes nous en avaient avertis, nous ne les aurions pas crus. Il fallait \u00eatre affront\u00e9 \u00e0 cette horreur pour SAVOIR.TOUS CONCERN\u00c9S. JEUNES CATHOS ... PARENTS ... AMIS ... PR\u00caTRES ... RELIGIEUX ... ENSEIGNANTS ... PSYCHOLOGUES ... PSYCHIATRES ...","robots":{"index":"index","follow":"follow","max-snippet":"max-snippet:-1","max-image-preview":"max-image-preview:large","max-video-preview":"max-video-preview:-1"},"canonical":"https:\/\/WWW.derivesdansleglisecatholique.fr\/","og_locale":"fr_FR","og_type":"article","og_title":"Accueil - D\u00e9rives dans l&#039;eglise catholique","og_description":"Nos familles ne pouvaient se douter de l\u2019assaut qu\u2019elles allaient subir. Comment l\u2019imaginer ? C\u2019\u00e9tait inconcevable et m\u00eame si d\u2019autres personnes nous en avaient avertis, nous ne les aurions pas crus. Il fallait \u00eatre affront\u00e9 \u00e0 cette horreur pour SAVOIR.TOUS CONCERN\u00c9S. JEUNES CATHOS ... PARENTS ... AMIS ... PR\u00caTRES ... RELIGIEUX ... ENSEIGNANTS ... PSYCHOLOGUES ... PSYCHIATRES ...","og_url":"https:\/\/WWW.derivesdansleglisecatholique.fr\/","og_site_name":"D\u00e9rives dans l&#039;eglise catholique","article_modified_time":"2024-09-13T22:08:26+00:00","og_image":[{"url":"http:\/\/derivesdansleglisecatholique.fr\/wp-content\/uploads\/2017\/06\/pour-prevenir4.gif","type":"","width":"","height":""}],"twitter_misc":{"Dur\u00e9e de lecture estim\u00e9e":"6 minutes"},"schema":{"@context":"https:\/\/schema.org","@graph":[{"@type":"WebPage","@id":"https:\/\/WWW.derivesdansleglisecatholique.fr\/","url":"https:\/\/WWW.derivesdansleglisecatholique.fr\/","name":"Accueil - D\u00e9rives dans l&#039;eglise catholique","isPartOf":{"@id":"https:\/\/WWW.derivesdansleglisecatholique.fr\/#website"},"primaryImageOfPage":{"@id":"https:\/\/WWW.derivesdansleglisecatholique.fr\/#primaryimage"},"image":{"@id":"https:\/\/WWW.derivesdansleglisecatholique.fr\/#primaryimage"},"thumbnailUrl":"http:\/\/derivesdansleglisecatholique.fr\/wp-content\/uploads\/2017\/06\/pour-prevenir4.gif","datePublished":"2016-11-26T20:15:52+00:00","dateModified":"2024-09-13T22:08:26+00:00","description":"Nos familles ne pouvaient se douter de l\u2019assaut qu\u2019elles allaient subir. Comment l\u2019imaginer ? C\u2019\u00e9tait inconcevable et m\u00eame si d\u2019autres personnes nous en avaient avertis, nous ne les aurions pas crus. Il fallait \u00eatre affront\u00e9 \u00e0 cette horreur pour SAVOIR.TOUS CONCERN\u00c9S. JEUNES CATHOS ... PARENTS ... AMIS ... PR\u00caTRES ... RELIGIEUX ... ENSEIGNANTS ... PSYCHOLOGUES ... PSYCHIATRES ...","breadcrumb":{"@id":"https:\/\/WWW.derivesdansleglisecatholique.fr\/#breadcrumb"},"inLanguage":"fr-FR","potentialAction":[{"@type":"ReadAction","target":["https:\/\/WWW.derivesdansleglisecatholique.fr\/"]}]},{"@type":"ImageObject","inLanguage":"fr-FR","@id":"https:\/\/WWW.derivesdansleglisecatholique.fr\/#primaryimage","url":"http:\/\/derivesdansleglisecatholique.fr\/wp-content\/uploads\/2017\/06\/pour-prevenir4.gif","contentUrl":"http:\/\/derivesdansleglisecatholique.fr\/wp-content\/uploads\/2017\/06\/pour-prevenir4.gif"},{"@type":"BreadcrumbList","@id":"https:\/\/WWW.derivesdansleglisecatholique.fr\/#breadcrumb","itemListElement":[{"@type":"ListItem","position":1,"name":"Accueil","item":"https:\/\/WWW.derivesdansleglisecatholique.fr\/"},{"@type":"ListItem","position":2,"name":"Accueil"}]},{"@type":"WebSite","@id":"https:\/\/WWW.derivesdansleglisecatholique.fr\/#website","url":"https:\/\/WWW.derivesdansleglisecatholique.fr\/","name":"D\u00e9rives dans l&#039;eglise catholique","description":"Justice et V\u00e9rit\u00e9 pour les familles","potentialAction":[{"@type":"SearchAction","target":{"@type":"EntryPoint","urlTemplate":"https:\/\/WWW.derivesdansleglisecatholique.fr\/?s={search_term_string}"},"query-input":{"@type":"PropertyValueSpecification","valueRequired":true,"valueName":"search_term_string"}}],"inLanguage":"fr-FR"}]}},"_links":{"self":[{"href":"https:\/\/WWW.derivesdansleglisecatholique.fr\/index.php?rest_route=\/wp\/v2\/pages\/26","targetHints":{"allow":["GET"]}}],"collection":[{"href":"https:\/\/WWW.derivesdansleglisecatholique.fr\/index.php?rest_route=\/wp\/v2\/pages"}],"about":[{"href":"https:\/\/WWW.derivesdansleglisecatholique.fr\/index.php?rest_route=\/wp\/v2\/types\/page"}],"author":[{"embeddable":true,"href":"https:\/\/WWW.derivesdansleglisecatholique.fr\/index.php?rest_route=\/wp\/v2\/users\/1"}],"replies":[{"embeddable":true,"href":"https:\/\/WWW.derivesdansleglisecatholique.fr\/index.php?rest_route=%2Fwp%2Fv2%2Fcomments&post=26"}],"version-history":[{"count":334,"href":"https:\/\/WWW.derivesdansleglisecatholique.fr\/index.php?rest_route=\/wp\/v2\/pages\/26\/revisions"}],"predecessor-version":[{"id":6728,"href":"https:\/\/WWW.derivesdansleglisecatholique.fr\/index.php?rest_route=\/wp\/v2\/pages\/26\/revisions\/6728"}],"wp:attachment":[{"href":"https:\/\/WWW.derivesdansleglisecatholique.fr\/index.php?rest_route=%2Fwp%2Fv2%2Fmedia&parent=26"}],"curies":[{"name":"wp","href":"https:\/\/api.w.org\/{rel}","templated":true}]}}