{"id":286,"date":"2016-12-30T16:02:01","date_gmt":"2016-12-30T15:02:01","guid":{"rendered":"http:\/\/WWW.derivesdansleglisecatholique.fr\/?page_id=286"},"modified":"2016-12-30T21:46:55","modified_gmt":"2016-12-30T20:46:55","slug":"la-juste-colere","status":"publish","type":"page","link":"https:\/\/WWW.derivesdansleglisecatholique.fr\/?page_id=286","title":{"rendered":"La juste col\u00e8re"},"content":{"rendered":"<p><strong>\u00a0<\/strong><\/p>\n<p><strong>\u00a0<\/strong><\/p>\n<p style=\"padding-left: 30px;\"><span style=\"font-size: 12pt; font-family: times new roman,times,serif;\">Nos enfants \u00e9panouis, vivaient leur vie d\u2019adolescents entour\u00e9s de parents aimants et attentionn\u00e9s. Notre vie familiale riche de l\u2019affection de chacun \u00e9tait un v\u00e9ritable cocon, milieu intellectuel o\u00f9 nos enfants ont nourri leur r\u00e9flexion et leur raison. Une \u00e9ducation qui leur a permis de faire de tr\u00e8s bonnes \u00e9tudes. Un milieu catholique o\u00f9 ils ont rencontr\u00e9 la foi. Nos familles \u00e9taient heureuses, nos enfants pr\u00e9paraient un bel avenir.<\/span><\/p>\n<p style=\"padding-left: 30px;\"><span style=\"font-size: 12pt; font-family: times new roman,times,serif;\">Parents responsables, engag\u00e9s dans la soci\u00e9t\u00e9 et dans l\u2019Eglise, nous n\u2019acceptons pas que des religieux, des la\u00efcs d\u00e9guis\u00e9s en robe de bure, aussi irresponsables les uns que les autres, aient viol\u00e9 et d\u00e9sagr\u00e9g\u00e9 nos familles, falsifiant son histoire, manipul\u00e9 nos enfants avec les d\u00e9g\u00e2ts humains que nous d\u00e9non\u00e7ons. \u00a0Qui sont ces cr\u00e9atures\u00a0? Des moines perturb\u00e9s mentalement qui veulent jouer aux parents, des la\u00efcs avides qui trouvent refuge dans leur d\u00e9guisement de moines, des couples st\u00e9riles en mal d\u2019enfant, des c\u00e9libataires aux instincts insatisfaits, qui pr\u00e9tendent g\u00e9rer la sexualit\u00e9 des couples. Tous de larmoyants \u00ab\u00a0bless\u00e9s de la vie\u00a0\u00bb\u2026 Des incomp\u00e9tents qui jouent au psychologue, des incapables en recherche de reconnaissance\u2026 C\u2019est une histoire de fous. Ces cr\u00e9atures se substituant \u00e0 une th\u00e9rapie n\u00e9cessaire sont venues projeter leurs d\u00e9lires dans nos familles, accusant les parents de leurs propres pathologies. Tout cela gr\u00e2ce \u00e0 l\u2019aval de leurs \u00e9v\u00eaques \u00ab\u00a0bienveillants\u00a0\u00bb d\u00e9pourvus du plus \u00e9l\u00e9mentaire bon sens.<\/span><\/p>\n<p style=\"padding-left: 30px;\"><span style=\"font-size: 12pt; font-family: times new roman,times,serif;\">.<\/span><\/p>\n<p style=\"padding-left: 30px;\"><span style=\"font-size: 12pt; font-family: times new roman,times,serif;\">Qui ne serait en col\u00e8re en constatant le droit de<em> veto<\/em> que ces insignifiants, au nom d\u2019un pouvoir eccl\u00e9sial abusif, ont pris sur nos familles\u00a0?<\/span><\/p>\n<p style=\"padding-left: 30px;\"><span style=\"font-size: 12pt; font-family: times new roman,times,serif;\">Qui ne serait en col\u00e8re de voir son enfant an\u00e9anti sous cette emprise, se faire manipuler dans l\u2019Eglise, ne rencontrant autour de lui aucun responsable religieux ou eccl\u00e9sial pr\u00eat \u00e0 lui venir en aide\u00a0?<\/span><\/p>\n<p style=\"padding-left: 30px;\"><span style=\"font-size: 12pt; font-family: times new roman,times,serif;\">Qui ne serait en col\u00e8re \u00e0 entendre ces \u00e9mouvantes hom\u00e9lies sur la famille, des chants de sir\u00e8nes\u00a0 se propageant de Rome jusqu\u2019en nos paroisses ?<\/span><\/p>\n<p style=\"padding-left: 30px;\"><span style=\"font-size: 12pt; font-family: times new roman,times,serif;\">Qui ne serait en col\u00e8re devant de tels mensonges\u00a0?<\/span><\/p>\n<p style=\"padding-left: 30px;\"><span style=\"font-size: 12pt; font-family: times new roman,times,serif;\">Qui ne serait en col\u00e8re devant une telle Eglise\u00a0que nous ne reconnaissons plus ?<\/span><\/p>\n<p style=\"padding-left: 30px;\"><span style=\"font-size: 12pt; font-family: times new roman,times,serif;\">Alors oui\u00a0! Nous sommes des parents en col\u00e8re, avec de justes raisons de l\u2019\u00eatre, nous l\u2019assumons et nous agissons. <\/span><\/p>\n<p style=\"padding-left: 30px; text-align: center;\"><span style=\"font-size: 14pt; color: #0000ff;\"><strong><span style=\"font-family: times new roman,times,serif;\">Ce texte de St Thomas d\u2019Aquin, nous conforte dans notre juste col\u00e8re\u00a0:<\/span><\/strong><\/span><\/p>\n<p style=\"padding-left: 30px;\"><span style=\"font-size: 12pt; font-family: times new roman,times,serif;\">\u00a0\u00ab\u00a0<em>La <strong>col\u00e8re<\/strong>, on l&rsquo;a vu, d\u00e9signe proprement une passion. Or une passion de l&rsquo;app\u00e9tit sensible est <strong>bonne<\/strong> pour autant qu&rsquo;elle est <strong>r\u00e9gl\u00e9e par la raison<\/strong> ; mais si elle exclut l&rsquo;ordre de la raison, elle est mauvaise. <\/em>\u00bb (II-II q 158 a 2)\u00a0<\/span><\/p>\n<p style=\"padding-left: 30px;\"><span style=\"font-size: 12pt; font-family: times new roman,times,serif;\">\u00ab\u00a0<em>La <strong>col\u00e8re<\/strong> peut s&rsquo;entendre de deux fa\u00e7ons. D&rsquo;une premi\u00e8re fa\u00e7on, comme le simple mouvement de la volont\u00e9 par lequel, non par passion, mais en vertu du jugement de la raison, on inflige une peine. En ce sens <strong>un manque de col\u00e8re est sans aucun doute un p\u00e9ch\u00e9<\/strong>. C&rsquo;est de cette fa\u00e7on que S. Jean Chrysostome con\u00e7oit la col\u00e8re, lorsqu&rsquo;il dit : \u00a0\u00bb La col\u00e8re qui est motiv\u00e9e n&rsquo;est pas col\u00e8re mais jugement. En effet la col\u00e8re proprement dite signifie un \u00e9branlement de la passion. Or celui qui s&rsquo;irrite avec raison ne le fait pas par passion. <strong>C&rsquo;est pourquoi on dit qu<\/strong>&lsquo;<strong>il fait justice<\/strong>,<strong> et non qu&rsquo;il se met en col\u00e8re<\/strong><\/em><strong>. \u00a0\u00bb\u00a0\u00bb (II-II q 158 a 8)<\/strong><\/span><\/p>\n<p style=\"padding-left: 30px;\"><span style=\"color: #ffcc99;\">.<\/span><\/p>\n","protected":false},"excerpt":{"rendered":"<p>\u00a0 \u00a0 Nos enfants \u00e9panouis, vivaient leur vie d\u2019adolescents entour\u00e9s de parents aimants et attentionn\u00e9s. Notre vie familiale riche de l\u2019affection de chacun \u00e9tait un v\u00e9ritable cocon, milieu intellectuel o\u00f9 nos enfants ont nourri leur r\u00e9flexion et leur raison. Une \u00e9ducation qui leur a permis de faire de tr\u00e8s bonnes \u00e9tudes. Un milieu catholique o\u00f9 <span class=\"ellipsis\">&hellip;<\/span> <span class=\"more-link-wrap\"><a href=\"https:\/\/WWW.derivesdansleglisecatholique.fr\/?page_id=286\" class=\"more-link\"><span>Read More &rarr;<\/span><\/a><\/span><\/p>\n","protected":false},"author":2,"featured_media":0,"parent":0,"menu_order":0,"comment_status":"closed","ping_status":"closed","template":"","meta":{"footnotes":""},"class_list":["post-286","page","type-page","status-publish","hentry"],"yoast_head":"<!-- This site is optimized with the Yoast SEO plugin v27.4 - https:\/\/yoast.com\/product\/yoast-seo-wordpress\/ -->\n<title>La juste col\u00e8re - D\u00e9rives dans l&#039;eglise catholique<\/title>\n<meta name=\"robots\" content=\"index, follow, max-snippet:-1, max-image-preview:large, max-video-preview:-1\" \/>\n<link rel=\"canonical\" href=\"https:\/\/WWW.derivesdansleglisecatholique.fr\/?page_id=286\" \/>\n<meta property=\"og:locale\" content=\"fr_FR\" \/>\n<meta property=\"og:type\" content=\"article\" \/>\n<meta property=\"og:title\" content=\"La juste col\u00e8re - D\u00e9rives dans l&#039;eglise catholique\" \/>\n<meta property=\"og:description\" content=\"\u00a0 \u00a0 Nos enfants \u00e9panouis, vivaient leur vie d\u2019adolescents entour\u00e9s de parents aimants et attentionn\u00e9s. Notre vie familiale riche de l\u2019affection de chacun \u00e9tait un v\u00e9ritable cocon, milieu intellectuel o\u00f9 nos enfants ont nourri leur r\u00e9flexion et leur raison. Une \u00e9ducation qui leur a permis de faire de tr\u00e8s bonnes \u00e9tudes. Un milieu catholique o\u00f9 &hellip; Read More &rarr;\" \/>\n<meta property=\"og:url\" content=\"https:\/\/WWW.derivesdansleglisecatholique.fr\/?page_id=286\" \/>\n<meta property=\"og:site_name\" content=\"D\u00e9rives dans l&#039;eglise catholique\" \/>\n<meta property=\"article:modified_time\" content=\"2016-12-30T20:46:55+00:00\" \/>\n<meta name=\"twitter:label1\" content=\"Dur\u00e9e de lecture estim\u00e9e\" \/>\n\t<meta name=\"twitter:data1\" content=\"3 minutes\" \/>\n<script type=\"application\/ld+json\" class=\"yoast-schema-graph\">{\"@context\":\"https:\\\/\\\/schema.org\",\"@graph\":[{\"@type\":\"WebPage\",\"@id\":\"https:\\\/\\\/WWW.derivesdansleglisecatholique.fr\\\/?page_id=286\",\"url\":\"https:\\\/\\\/WWW.derivesdansleglisecatholique.fr\\\/?page_id=286\",\"name\":\"La juste col\u00e8re - D\u00e9rives dans l&#039;eglise catholique\",\"isPartOf\":{\"@id\":\"https:\\\/\\\/WWW.derivesdansleglisecatholique.fr\\\/#website\"},\"datePublished\":\"2016-12-30T15:02:01+00:00\",\"dateModified\":\"2016-12-30T20:46:55+00:00\",\"breadcrumb\":{\"@id\":\"https:\\\/\\\/WWW.derivesdansleglisecatholique.fr\\\/?page_id=286#breadcrumb\"},\"inLanguage\":\"fr-FR\",\"potentialAction\":[{\"@type\":\"ReadAction\",\"target\":[\"https:\\\/\\\/WWW.derivesdansleglisecatholique.fr\\\/?page_id=286\"]}]},{\"@type\":\"BreadcrumbList\",\"@id\":\"https:\\\/\\\/WWW.derivesdansleglisecatholique.fr\\\/?page_id=286#breadcrumb\",\"itemListElement\":[{\"@type\":\"ListItem\",\"position\":1,\"name\":\"Accueil\",\"item\":\"https:\\\/\\\/WWW.derivesdansleglisecatholique.fr\\\/\"},{\"@type\":\"ListItem\",\"position\":2,\"name\":\"La juste col\u00e8re\"}]},{\"@type\":\"WebSite\",\"@id\":\"https:\\\/\\\/WWW.derivesdansleglisecatholique.fr\\\/#website\",\"url\":\"https:\\\/\\\/WWW.derivesdansleglisecatholique.fr\\\/\",\"name\":\"D\u00e9rives dans l&#039;eglise catholique\",\"description\":\"Justice et V\u00e9rit\u00e9 pour les familles\",\"potentialAction\":[{\"@type\":\"SearchAction\",\"target\":{\"@type\":\"EntryPoint\",\"urlTemplate\":\"https:\\\/\\\/WWW.derivesdansleglisecatholique.fr\\\/?s={search_term_string}\"},\"query-input\":{\"@type\":\"PropertyValueSpecification\",\"valueRequired\":true,\"valueName\":\"search_term_string\"}}],\"inLanguage\":\"fr-FR\"}]}<\/script>\n<!-- \/ Yoast SEO plugin. -->","yoast_head_json":{"title":"La juste col\u00e8re - D\u00e9rives dans l&#039;eglise catholique","robots":{"index":"index","follow":"follow","max-snippet":"max-snippet:-1","max-image-preview":"max-image-preview:large","max-video-preview":"max-video-preview:-1"},"canonical":"https:\/\/WWW.derivesdansleglisecatholique.fr\/?page_id=286","og_locale":"fr_FR","og_type":"article","og_title":"La juste col\u00e8re - D\u00e9rives dans l&#039;eglise catholique","og_description":"\u00a0 \u00a0 Nos enfants \u00e9panouis, vivaient leur vie d\u2019adolescents entour\u00e9s de parents aimants et attentionn\u00e9s. Notre vie familiale riche de l\u2019affection de chacun \u00e9tait un v\u00e9ritable cocon, milieu intellectuel o\u00f9 nos enfants ont nourri leur r\u00e9flexion et leur raison. Une \u00e9ducation qui leur a permis de faire de tr\u00e8s bonnes \u00e9tudes. Un milieu catholique o\u00f9 &hellip; Read More &rarr;","og_url":"https:\/\/WWW.derivesdansleglisecatholique.fr\/?page_id=286","og_site_name":"D\u00e9rives dans l&#039;eglise catholique","article_modified_time":"2016-12-30T20:46:55+00:00","twitter_misc":{"Dur\u00e9e de lecture estim\u00e9e":"3 minutes"},"schema":{"@context":"https:\/\/schema.org","@graph":[{"@type":"WebPage","@id":"https:\/\/WWW.derivesdansleglisecatholique.fr\/?page_id=286","url":"https:\/\/WWW.derivesdansleglisecatholique.fr\/?page_id=286","name":"La juste col\u00e8re - D\u00e9rives dans l&#039;eglise catholique","isPartOf":{"@id":"https:\/\/WWW.derivesdansleglisecatholique.fr\/#website"},"datePublished":"2016-12-30T15:02:01+00:00","dateModified":"2016-12-30T20:46:55+00:00","breadcrumb":{"@id":"https:\/\/WWW.derivesdansleglisecatholique.fr\/?page_id=286#breadcrumb"},"inLanguage":"fr-FR","potentialAction":[{"@type":"ReadAction","target":["https:\/\/WWW.derivesdansleglisecatholique.fr\/?page_id=286"]}]},{"@type":"BreadcrumbList","@id":"https:\/\/WWW.derivesdansleglisecatholique.fr\/?page_id=286#breadcrumb","itemListElement":[{"@type":"ListItem","position":1,"name":"Accueil","item":"https:\/\/WWW.derivesdansleglisecatholique.fr\/"},{"@type":"ListItem","position":2,"name":"La juste col\u00e8re"}]},{"@type":"WebSite","@id":"https:\/\/WWW.derivesdansleglisecatholique.fr\/#website","url":"https:\/\/WWW.derivesdansleglisecatholique.fr\/","name":"D\u00e9rives dans l&#039;eglise catholique","description":"Justice et V\u00e9rit\u00e9 pour les familles","potentialAction":[{"@type":"SearchAction","target":{"@type":"EntryPoint","urlTemplate":"https:\/\/WWW.derivesdansleglisecatholique.fr\/?s={search_term_string}"},"query-input":{"@type":"PropertyValueSpecification","valueRequired":true,"valueName":"search_term_string"}}],"inLanguage":"fr-FR"}]}},"_links":{"self":[{"href":"https:\/\/WWW.derivesdansleglisecatholique.fr\/index.php?rest_route=\/wp\/v2\/pages\/286","targetHints":{"allow":["GET"]}}],"collection":[{"href":"https:\/\/WWW.derivesdansleglisecatholique.fr\/index.php?rest_route=\/wp\/v2\/pages"}],"about":[{"href":"https:\/\/WWW.derivesdansleglisecatholique.fr\/index.php?rest_route=\/wp\/v2\/types\/page"}],"author":[{"embeddable":true,"href":"https:\/\/WWW.derivesdansleglisecatholique.fr\/index.php?rest_route=\/wp\/v2\/users\/2"}],"replies":[{"embeddable":true,"href":"https:\/\/WWW.derivesdansleglisecatholique.fr\/index.php?rest_route=%2Fwp%2Fv2%2Fcomments&post=286"}],"version-history":[{"count":5,"href":"https:\/\/WWW.derivesdansleglisecatholique.fr\/index.php?rest_route=\/wp\/v2\/pages\/286\/revisions"}],"predecessor-version":[{"id":332,"href":"https:\/\/WWW.derivesdansleglisecatholique.fr\/index.php?rest_route=\/wp\/v2\/pages\/286\/revisions\/332"}],"wp:attachment":[{"href":"https:\/\/WWW.derivesdansleglisecatholique.fr\/index.php?rest_route=%2Fwp%2Fv2%2Fmedia&parent=286"}],"curies":[{"name":"wp","href":"https:\/\/api.w.org\/{rel}","templated":true}]}}