{"id":297,"date":"2016-12-30T16:14:55","date_gmt":"2016-12-30T15:14:55","guid":{"rendered":"http:\/\/WWW.derivesdansleglisecatholique.fr\/?page_id=297"},"modified":"2016-12-30T21:58:40","modified_gmt":"2016-12-30T20:58:40","slug":"personne-manipulee-proches","status":"publish","type":"page","link":"https:\/\/WWW.derivesdansleglisecatholique.fr\/?page_id=297","title":{"rendered":"La personne manipul\u00e9e et ses proches"},"content":{"rendered":"<p><strong>\u00a0<\/strong><\/p>\n<p><strong>\u00a0<\/strong><\/p>\n<p><strong>\u00a0<\/strong><\/p>\n<p style=\"padding-left: 30px;\"><span style=\"font-size: 12pt; font-family: times new roman,times,serif;\">S\u00e9duite, d\u00e9stabilis\u00e9e, d\u00e9truite et reconstruite selon les normes psycho-spirituelles, la personne manipul\u00e9e va devenir <strong>un agent d\u00e9stabilisant et destructeur<\/strong> <strong>de son milieu familial<\/strong> qu\u2019elle soumet \u00e0 des relations affectives malsaines (chantage, sadisme et conflit).<\/span><\/p>\n<p style=\"padding-left: 30px;\"><span style=\"font-size: 12pt; font-family: times new roman,times,serif;\">Un pardon pourrait la ramener \u00e0 sa famille si l\u2019affectif n\u2019\u00e9tait pas d\u00e9truit\u00a0; le pardon est abord\u00e9 d\u2019une mani\u00e8re virtuelle, avec des mots dans un discours sans construction personnelle qui reste dans l\u2019intellectuel de l\u2019id\u00e9ologie re\u00e7ue. <strong>Elle a ab\u00eem\u00e9 ou bris\u00e9 ses liens avec ses proches. Isol\u00e9e, elle est d\u00e9personnalis\u00e9e et ni\u00e9e par le\u00a0\u00ab\u00a0th\u00e9rapeute\u00a0\u00bb dont elle est devenue l\u2019objet et le jouet. D\u2019o\u00f9 le d\u00e9ni dans lequel elle\u00a0 met ses proches qu\u2019elle fait souffrir sans aucune culpabilit\u00e9 objective car elle ne peut les regarder\u00a0 comme des personnes.<\/strong><\/span><\/p>\n<p style=\"padding-left: 30px;\"><span style=\"font-size: 12pt; font-family: times new roman,times,serif;\"><strong>\u00a0<\/strong><\/span><\/p>\n<p style=\"padding-left: 30px;\"><span style=\"font-size: 12pt; font-family: times new roman,times,serif;\">\u00a0\u00a0\u00a0\u00a0\u00a0\u00a0\u00a0\u00a0\u00a0\u00a0\u00a0 Elle est prise dans le non amour d\u2019une toute puissance narcissique perverse\u00a0; elle y subit un ressenti infantile en relation de d\u00e9pendance et de r\u00e9gression avec son pseudo th\u00e9rapeute.<\/span><\/p>\n<p style=\"padding-left: 30px;\"><span style=\"font-size: 12pt; font-family: times new roman,times,serif;\">Avec ses parents, une relation malsaine peut-\u00eatre maintenue tant qu\u2019ils acceptent d\u2019\u00eatre devenus boucs \u00e9missaires reconnus porteurs de tout ce qui est n\u00e9gatif et de tout ce dont on les charge.<\/span><\/p>\n<p style=\"padding-left: 30px;\"><span style=\"color: #ffcc99;\">.<\/span><\/p>\n<p style=\"padding-left: 30px; text-align: center;\"><span style=\"font-size: 14pt; font-family: times new roman,times,serif; color: #0000ff;\"><strong>O\u00f9 va alors la personne devenue adepte\u00a0?<\/strong><\/span><\/p>\n<p style=\"padding-left: 30px;\"><span style=\"font-size: 12pt; font-family: times new roman,times,serif;\">Dans le mal-\u00eatre provoqu\u00e9 n\u00e9cessitant une gu\u00e9rison confondue avec une d\u00e9marche spirituelle, <strong>la communaut\u00e9 devient<\/strong> \u00a0<strong>pour l\u2019adepte le seul lieu de gu\u00e9rison int\u00e9rieure qui lui est pr\u00e9sent\u00e9 comme seul lieu d\u2019Eglise. <\/strong>De plus on l\u2019a amen\u00e9 par transferts affectifs \u00e0 faire de son th\u00e9rapeute ses parents et de la communaut\u00e9 sa famille. Les blessures remplacent le p\u00e9ch\u00e9, il ne peut y avoir de culpabilit\u00e9 car l\u2019amour est d\u00e9truit par une construction intellectuelle mise \u00e0 la place de l\u2019affection o\u00f9 l\u2019autre est instrumentalis\u00e9.<\/span><\/p>\n<p style=\"padding-left: 30px;\"><span style=\"font-size: 12pt; font-family: times new roman,times,serif;\">\u00a0\u00a0\u00a0\u00a0\u00a0\u00a0\u00a0\u00a0\u00a0\u00a0\u00a0 <strong>Pour vivre dans la communaut\u00e9, il faut \u00eatre bless\u00e9.<\/strong> \u00ab\u00a0 Je suis bless\u00e9 donc je suis\u00a0\u00bb. Etre reconnu par la communaut\u00e9 passe par l\u00e0. Ce qui met le sujet dans l\u2019obligation de s\u2019auto manipuler au quotidien tout en subissant d\u2019autres manipulations d\u2019adeptes ou de gourous. Il renie son v\u00e9cu ant\u00e9rieur d\u00e9sign\u00e9 comme mauvais. <strong>Il renie ainsi ce qui l\u2019a construit, il se renie sans le savoir, pour devenir l\u2019image impos\u00e9e par le gourou<\/strong>.<\/span><\/p>\n<p style=\"padding-left: 30px;\"><span style=\"font-size: 12pt; font-family: times new roman,times,serif;\">\u00a0\u00a0\u00a0\u00a0\u00a0\u00a0\u00a0\u00a0\u00a0\u00a0\u00a0 Sous l\u2019emprise de la communaut\u00e9 et de ses bergers ou responsables, mais en fait de ses gourous, les liens du sujet avec ses proches ne peuvent \u00eatre que manipulations des proches par le sujet selon les pratiques de la communaut\u00e9, <strong>car retrouver son v\u00e9cu r\u00e9el mettrait en danger la construction psychique fabriqu\u00e9e par le th\u00e9rapeute,<\/strong> qui agit pour la communaut\u00e9 et instille sous le nom de communaut\u00e9 un communautarisme.<\/span><\/p>\n<p style=\"padding-left: 30px;\"><span style=\"font-size: 12pt; font-family: times new roman,times,serif;\">\u00a0\u00a0\u00a0\u00a0\u00a0\u00a0\u00a0\u00a0\u00a0\u00a0\u00a0 Partant de l\u00e0, il ne peut y avoir de mis\u00e9ricorde, ni de pardon, puisque le sujet fonctionne dans le d\u00e9ni de l\u2019autre, le non amour et la toute puissance. La seule chose qui existe est <strong>le chemin de gu\u00e9rison, seul projet de vie<\/strong>. <strong>La spiritualit\u00e9 bascule sur le psychisme alt\u00e9r\u00e9 ne vivant que dans le ressenti uniquement subjectif<\/strong>.<\/span><\/p>\n<p style=\"padding-left: 30px;\"><span style=\"font-size: 12pt; font-family: times new roman,times,serif;\"><strong>La gu\u00e9rison non d\u00e9finie est la finalit\u00e9 de cette foi dans un enfermement pathologique.<\/strong><\/span><\/p>\n<p style=\"padding-left: 30px;\"><span style=\"font-size: 12pt; font-family: times new roman,times,serif;\"><strong>L\u2019id\u00e9ologie de la gu\u00e9rison y donne l\u2019illusion d\u2019une \u00e9coute \u00e0 la souffrance de l\u2019autre et donc aussi l\u2019illusion d\u2019une relation humaine.<\/strong><\/span><\/p>\n<p style=\"padding-left: 30px;\"><span style=\"font-size: 12pt; font-family: times new roman,times,serif;\"><strong>\u00a0<\/strong><\/span><\/p>\n<p style=\"padding-left: 30px;\"><span style=\"font-size: 12pt; font-family: times new roman,times,serif;\">\u00a0\u00a0\u00a0\u00a0\u00a0\u00a0\u00a0\u00a0\u00a0\u00a0\u00a0 Mais le sujet manipul\u00e9 a besoin d\u2019\u00eatre assur\u00e9 de sa toute puissance car si le proche d\u00e9sign\u00e9 comme bouc \u00e9missaire devient r\u00e9actif ou r\u00e9sistant il risque \u00e0 son tour d\u2019\u00eatre d\u00e9stabilisant pour le sujet et le syst\u00e8me. <strong>Le sujet pour se s\u00e9curiser va alors utiliser des<\/strong> <strong>membres fragiles de la famille<\/strong> (fragilit\u00e9 mentale conflit, manque de discernement, etc&#8230;)<\/span><\/p>\n<p style=\"padding-left: 30px;\"><span style=\"font-size: 12pt; font-family: times new roman,times,serif;\">Par <strong>l\u00e0 il les d\u00e9stabilise et les fait adh\u00e9rer \u00e0 sa th\u00e8se d\u00e9signant le proche mauvais. Eux-m\u00eames vont alors avec lui mettre en place un syst\u00e8me pervers d\u2019exclusion et d\u2019isolement pour rejeter de leur famille la personne d\u00e9sign\u00e9e nocive<\/strong>, qui la plupart du temps subit sans comprendre.<\/span><\/p>\n<p style=\"padding-left: 30px;\"><span style=\"font-size: 12pt; font-family: times new roman,times,serif;\"><strong>Il s\u2019agit l\u00e0 d\u2019une des plus violentes manipulations mentales pour d\u00e9truire un \u00eatre psychiquement et parfois par voie de cons\u00e9quences le tuer physiquement. <\/strong>Cette cons\u00e9quence logique de la perversit\u00e9 narcissique \u00e9tablie en religiosit\u00e9 est le fonctionnement habituel de ceux qui pratiquent et de ceux qui subissent comme adeptes ces techniques.<\/span><\/p>\n<p style=\"padding-left: 30px;\"><span style=\"font-size: 12pt; font-family: times new roman,times,serif;\">L\u2019endurcissement, le d\u00e9ni de l\u2019autre, l\u2019enfermement dans l\u2019id\u00e9ologie des blessures peuvent aller jusqu\u2019\u00e0 la rupture du lien familial.<\/span><\/p>\n<p style=\"padding-left: 30px;\"><span style=\"font-size: 12pt; font-family: times new roman,times,serif;\">D\u00e9christianisation et d\u00e9shumanisation\u00a0 camoufl\u00e9es sous un comportement religieux et s\u00e9ducteur de personnes en apparence \u00ab\u00a0 bien dans leur peau\u00a0\u00bb. Car la manipulation, ne touchant qu\u2019un secteur-cl\u00e9 de la personnalit\u00e9, n\u2019appara\u00eet pas toujours dans le comportement social qui donne ainsi l\u2019illusion d\u2019une trompeuse normalit\u00e9.<\/span><\/p>\n<p style=\"padding-left: 30px;\"><span style=\"color: #ffcc99;\">.<\/span><\/p>\n","protected":false},"excerpt":{"rendered":"<p>\u00a0 \u00a0 \u00a0 S\u00e9duite, d\u00e9stabilis\u00e9e, d\u00e9truite et reconstruite selon les normes psycho-spirituelles, la personne manipul\u00e9e va devenir un agent d\u00e9stabilisant et destructeur de son milieu familial qu\u2019elle soumet \u00e0 des relations affectives malsaines (chantage, sadisme et conflit). Un pardon pourrait la ramener \u00e0 sa famille si l\u2019affectif n\u2019\u00e9tait pas d\u00e9truit\u00a0; le pardon est abord\u00e9 d\u2019une <span class=\"ellipsis\">&hellip;<\/span> <span class=\"more-link-wrap\"><a href=\"https:\/\/WWW.derivesdansleglisecatholique.fr\/?page_id=297\" class=\"more-link\"><span>Read More &rarr;<\/span><\/a><\/span><\/p>\n","protected":false},"author":2,"featured_media":0,"parent":0,"menu_order":0,"comment_status":"closed","ping_status":"closed","template":"","meta":{"footnotes":""},"class_list":["post-297","page","type-page","status-publish","hentry"],"yoast_head":"<!-- This site is optimized with the Yoast SEO plugin v27.4 - https:\/\/yoast.com\/product\/yoast-seo-wordpress\/ -->\n<title>La personne manipul\u00e9e et ses proches - D\u00e9rives dans l&#039;eglise catholique<\/title>\n<meta name=\"robots\" content=\"index, follow, max-snippet:-1, max-image-preview:large, max-video-preview:-1\" \/>\n<link rel=\"canonical\" href=\"https:\/\/WWW.derivesdansleglisecatholique.fr\/?page_id=297\" \/>\n<meta property=\"og:locale\" content=\"fr_FR\" \/>\n<meta property=\"og:type\" content=\"article\" \/>\n<meta property=\"og:title\" content=\"La personne manipul\u00e9e et ses proches - D\u00e9rives dans l&#039;eglise catholique\" \/>\n<meta property=\"og:description\" content=\"\u00a0 \u00a0 \u00a0 S\u00e9duite, d\u00e9stabilis\u00e9e, d\u00e9truite et reconstruite selon les normes psycho-spirituelles, la personne manipul\u00e9e va devenir un agent d\u00e9stabilisant et destructeur de son milieu familial qu\u2019elle soumet \u00e0 des relations affectives malsaines (chantage, sadisme et conflit). Un pardon pourrait la ramener \u00e0 sa famille si l\u2019affectif n\u2019\u00e9tait pas d\u00e9truit\u00a0; le pardon est abord\u00e9 d\u2019une &hellip; Read More &rarr;\" \/>\n<meta property=\"og:url\" content=\"https:\/\/WWW.derivesdansleglisecatholique.fr\/?page_id=297\" \/>\n<meta property=\"og:site_name\" content=\"D\u00e9rives dans l&#039;eglise catholique\" \/>\n<meta property=\"article:modified_time\" content=\"2016-12-30T20:58:40+00:00\" \/>\n<meta name=\"twitter:label1\" content=\"Dur\u00e9e de lecture estim\u00e9e\" \/>\n\t<meta name=\"twitter:data1\" content=\"4 minutes\" \/>\n<script type=\"application\/ld+json\" class=\"yoast-schema-graph\">{\"@context\":\"https:\\\/\\\/schema.org\",\"@graph\":[{\"@type\":\"WebPage\",\"@id\":\"https:\\\/\\\/WWW.derivesdansleglisecatholique.fr\\\/?page_id=297\",\"url\":\"https:\\\/\\\/WWW.derivesdansleglisecatholique.fr\\\/?page_id=297\",\"name\":\"La personne manipul\u00e9e et ses proches - D\u00e9rives dans l&#039;eglise catholique\",\"isPartOf\":{\"@id\":\"https:\\\/\\\/WWW.derivesdansleglisecatholique.fr\\\/#website\"},\"datePublished\":\"2016-12-30T15:14:55+00:00\",\"dateModified\":\"2016-12-30T20:58:40+00:00\",\"breadcrumb\":{\"@id\":\"https:\\\/\\\/WWW.derivesdansleglisecatholique.fr\\\/?page_id=297#breadcrumb\"},\"inLanguage\":\"fr-FR\",\"potentialAction\":[{\"@type\":\"ReadAction\",\"target\":[\"https:\\\/\\\/WWW.derivesdansleglisecatholique.fr\\\/?page_id=297\"]}]},{\"@type\":\"BreadcrumbList\",\"@id\":\"https:\\\/\\\/WWW.derivesdansleglisecatholique.fr\\\/?page_id=297#breadcrumb\",\"itemListElement\":[{\"@type\":\"ListItem\",\"position\":1,\"name\":\"Accueil\",\"item\":\"https:\\\/\\\/WWW.derivesdansleglisecatholique.fr\\\/\"},{\"@type\":\"ListItem\",\"position\":2,\"name\":\"La personne manipul\u00e9e et ses proches\"}]},{\"@type\":\"WebSite\",\"@id\":\"https:\\\/\\\/WWW.derivesdansleglisecatholique.fr\\\/#website\",\"url\":\"https:\\\/\\\/WWW.derivesdansleglisecatholique.fr\\\/\",\"name\":\"D\u00e9rives dans l&#039;eglise catholique\",\"description\":\"Justice et V\u00e9rit\u00e9 pour les familles\",\"potentialAction\":[{\"@type\":\"SearchAction\",\"target\":{\"@type\":\"EntryPoint\",\"urlTemplate\":\"https:\\\/\\\/WWW.derivesdansleglisecatholique.fr\\\/?s={search_term_string}\"},\"query-input\":{\"@type\":\"PropertyValueSpecification\",\"valueRequired\":true,\"valueName\":\"search_term_string\"}}],\"inLanguage\":\"fr-FR\"}]}<\/script>\n<!-- \/ Yoast SEO plugin. -->","yoast_head_json":{"title":"La personne manipul\u00e9e et ses proches - D\u00e9rives dans l&#039;eglise catholique","robots":{"index":"index","follow":"follow","max-snippet":"max-snippet:-1","max-image-preview":"max-image-preview:large","max-video-preview":"max-video-preview:-1"},"canonical":"https:\/\/WWW.derivesdansleglisecatholique.fr\/?page_id=297","og_locale":"fr_FR","og_type":"article","og_title":"La personne manipul\u00e9e et ses proches - D\u00e9rives dans l&#039;eglise catholique","og_description":"\u00a0 \u00a0 \u00a0 S\u00e9duite, d\u00e9stabilis\u00e9e, d\u00e9truite et reconstruite selon les normes psycho-spirituelles, la personne manipul\u00e9e va devenir un agent d\u00e9stabilisant et destructeur de son milieu familial qu\u2019elle soumet \u00e0 des relations affectives malsaines (chantage, sadisme et conflit). Un pardon pourrait la ramener \u00e0 sa famille si l\u2019affectif n\u2019\u00e9tait pas d\u00e9truit\u00a0; le pardon est abord\u00e9 d\u2019une &hellip; Read More &rarr;","og_url":"https:\/\/WWW.derivesdansleglisecatholique.fr\/?page_id=297","og_site_name":"D\u00e9rives dans l&#039;eglise catholique","article_modified_time":"2016-12-30T20:58:40+00:00","twitter_misc":{"Dur\u00e9e de lecture estim\u00e9e":"4 minutes"},"schema":{"@context":"https:\/\/schema.org","@graph":[{"@type":"WebPage","@id":"https:\/\/WWW.derivesdansleglisecatholique.fr\/?page_id=297","url":"https:\/\/WWW.derivesdansleglisecatholique.fr\/?page_id=297","name":"La personne manipul\u00e9e et ses proches - D\u00e9rives dans l&#039;eglise catholique","isPartOf":{"@id":"https:\/\/WWW.derivesdansleglisecatholique.fr\/#website"},"datePublished":"2016-12-30T15:14:55+00:00","dateModified":"2016-12-30T20:58:40+00:00","breadcrumb":{"@id":"https:\/\/WWW.derivesdansleglisecatholique.fr\/?page_id=297#breadcrumb"},"inLanguage":"fr-FR","potentialAction":[{"@type":"ReadAction","target":["https:\/\/WWW.derivesdansleglisecatholique.fr\/?page_id=297"]}]},{"@type":"BreadcrumbList","@id":"https:\/\/WWW.derivesdansleglisecatholique.fr\/?page_id=297#breadcrumb","itemListElement":[{"@type":"ListItem","position":1,"name":"Accueil","item":"https:\/\/WWW.derivesdansleglisecatholique.fr\/"},{"@type":"ListItem","position":2,"name":"La personne manipul\u00e9e et ses proches"}]},{"@type":"WebSite","@id":"https:\/\/WWW.derivesdansleglisecatholique.fr\/#website","url":"https:\/\/WWW.derivesdansleglisecatholique.fr\/","name":"D\u00e9rives dans l&#039;eglise catholique","description":"Justice et V\u00e9rit\u00e9 pour les familles","potentialAction":[{"@type":"SearchAction","target":{"@type":"EntryPoint","urlTemplate":"https:\/\/WWW.derivesdansleglisecatholique.fr\/?s={search_term_string}"},"query-input":{"@type":"PropertyValueSpecification","valueRequired":true,"valueName":"search_term_string"}}],"inLanguage":"fr-FR"}]}},"_links":{"self":[{"href":"https:\/\/WWW.derivesdansleglisecatholique.fr\/index.php?rest_route=\/wp\/v2\/pages\/297","targetHints":{"allow":["GET"]}}],"collection":[{"href":"https:\/\/WWW.derivesdansleglisecatholique.fr\/index.php?rest_route=\/wp\/v2\/pages"}],"about":[{"href":"https:\/\/WWW.derivesdansleglisecatholique.fr\/index.php?rest_route=\/wp\/v2\/types\/page"}],"author":[{"embeddable":true,"href":"https:\/\/WWW.derivesdansleglisecatholique.fr\/index.php?rest_route=\/wp\/v2\/users\/2"}],"replies":[{"embeddable":true,"href":"https:\/\/WWW.derivesdansleglisecatholique.fr\/index.php?rest_route=%2Fwp%2Fv2%2Fcomments&post=297"}],"version-history":[{"count":4,"href":"https:\/\/WWW.derivesdansleglisecatholique.fr\/index.php?rest_route=\/wp\/v2\/pages\/297\/revisions"}],"predecessor-version":[{"id":341,"href":"https:\/\/WWW.derivesdansleglisecatholique.fr\/index.php?rest_route=\/wp\/v2\/pages\/297\/revisions\/341"}],"wp:attachment":[{"href":"https:\/\/WWW.derivesdansleglisecatholique.fr\/index.php?rest_route=%2Fwp%2Fv2%2Fmedia&parent=297"}],"curies":[{"name":"wp","href":"https:\/\/api.w.org\/{rel}","templated":true}]}}