{"id":360,"date":"2016-12-31T23:10:12","date_gmt":"2016-12-31T22:10:12","guid":{"rendered":"http:\/\/WWW.derivesdansleglisecatholique.fr\/?page_id=360"},"modified":"2017-01-10T16:09:25","modified_gmt":"2017-01-10T15:09:25","slug":"bouc-emissaire","status":"publish","type":"page","link":"https:\/\/WWW.derivesdansleglisecatholique.fr\/?page_id=360","title":{"rendered":"Le bouc \u00e9missaire"},"content":{"rendered":"<p style=\"padding-left: 30px; text-align: center;\"><span style=\"color: #ffcc99;\">.<\/span><\/p>\n<p style=\"padding-left: 30px; text-align: center;\"><span style=\"font-size: 14pt; font-family: times new roman,times,serif; color: #0000ff;\"><strong>Connaissez-vous le pilier du psycho-spirituel\u00a0?<\/strong><\/span><\/p>\n<p style=\"padding-left: 30px; text-align: left;\"><span style=\"color: #ffcc99;\">.<\/span><\/p>\n<p style=\"padding-left: 30px;\"><span style=\"font-size: 12pt; font-family: times new roman,times,serif;\">L<strong>e fondement du psycho-spirituel est une id\u00e9ologie pseudo religieuse dont le pilier est le \u00ab\u00a0 bouc-\u00e9missaire\u00a0\u00bb.<\/strong> <strong>C&rsquo;est le r\u00f4le impos\u00e9 aux parents qui vont \u00eatre d\u00e9sign\u00e9s responsables de toutes les \u00ab\u00a0blessures\u00a0\u00bb imagin\u00e9es par les gourous. C\u2019est dans cette seule \u00ab\u00a0relation\u00a0\u00bb perverse que les parents seront enferm\u00e9s avec leurs enfants. \u00a0Sans le bouc \u00e9missaire, la religiosit\u00e9 pernicieuse de\u00a0 \u00ab\u00a0blessures-gu\u00e9rison\u00a0\u00bb serait caduque. <\/strong><\/span><\/p>\n<p style=\"padding-left: 30px;\"><span style=\"color: #ffcc99;\">.<\/span><\/p>\n<p style=\"padding-left: 30px;\"><span style=\"font-size: 12pt; font-family: times new roman,times,serif;\">Essayons de voir comment ce syst\u00e8me se met en place, \u00e0 partir de la lettre n\u00b0 40 \u00ab\u00a0La Croix Glorieuse\u00a0\u00bb :<\/span><\/p>\n<p style=\"padding-left: 30px;\"><span style=\"color: #ffcc99;\">.<\/span><\/p>\n<p style=\"padding-left: 30px;\"><span style=\"font-size: 12pt; font-family: times new roman,times,serif;\">\u00ab\u00a0<strong><em> quelques jalons pour <\/em><\/strong><strong><em>ACCOMPAGNER SUR LE CHEMIN DU PARDON&#8230;\u00a0\u00bb<\/em><\/strong>de la Fraternit\u00e9 St Camille de Lellis.<\/span><\/p>\n<p style=\"padding-left: 30px;\"><span style=\"color: #ffcc99;\">.<\/span><\/p>\n<p style=\"padding-left: 30px;\"><span style=\"font-size: 14pt; font-family: times new roman,times,serif;\"><strong><em>Mes ennemis sont mes plus proches<\/em><\/strong><\/span><\/p>\n<p style=\"padding-left: 30px;\"><span style=\"color: #ffcc99;\">.<\/span><\/p>\n<p style=\"padding-left: 30px;\"><span style=\"font-size: 12pt; font-family: times new roman,times,serif;\"><em>&#8211; Une chose qu&rsquo;il (&#8230;) est parfois souhaitable d&rsquo;expliciter pour l&rsquo;accompagn\u00e9, c&rsquo;est que mes ennemis authentiques ne sont g\u00e9n\u00e9ralement pas des adversaires \u00ab\u00a0d\u00e9clar\u00e9s (&#8230;) \u00a0Non. <strong>Mes ennemis sont d&rsquo;abord <u>mes plus proches<\/u>, ceux que j&rsquo;aime, et justement parce que je les aime ! Parce que je les aime, j&rsquo;en attends de l&rsquo;amour, et je suis d\u00e9\u00e7u dans mon attente. &#8230;. Non pas forc\u00e9ment parce qu&rsquo;il m&rsquo;ont clairement \u00a0\u00bb fait du mal\u00a0\u00bb mais parce que souvent,\u00a0 il ne m&rsquo;ont pas fait le bien que j&rsquo;attendais.<\/strong> <\/em><\/span><\/p>\n<p style=\"padding-left: 30px;\"><span style=\"font-size: 12pt; font-family: times new roman,times,serif;\"><strong><em>(&#8230;) <\/em><\/strong><em>\u00a0<strong>Se pardonner \u00e0 soi-m\u00eame<\/strong><\/em><\/span><\/p>\n<p style=\"padding-left: 30px;\"><span style=\"font-size: 12pt; font-family: times new roman,times,serif;\"><em>&#8211; (&#8230;) l&rsquo;accompagn\u00e9 (&#8230;) \u00a0peut avoir besoin de se pardonner \u00e0 lui-m\u00eame. Ce sera parfois sa fa\u00e7on de r\u00e9agir \u00e0 l&rsquo;offense. D&rsquo;autre fois, plus subtilement, se pardonner de l&rsquo;avoir provoqu\u00e9. <\/em><\/span><\/p>\n<p style=\"padding-left: 30px;\"><span style=\"font-size: 12pt; font-family: times new roman,times,serif;\"><strong><em>Car le pardon n&rsquo;est pas un happy end&#8230;<\/em><\/strong><\/span><\/p>\n<p style=\"padding-left: 30px;\"><span style=\"font-size: 12pt; font-family: times new roman,times,serif;\"><em>&#8211; (&#8230;) la gr\u00e2ce du pardon ne supprime pas et ne r\u00e9sout pas toutes les souffrances et les difficult\u00e9s cons\u00e9cutives \u00e0 la blessure. &#8230;\u00a0\u00bb<\/em><\/span><\/p>\n<p style=\"padding-left: 30px;\"><span style=\"color: #ffcc99;\">.<\/span><\/p>\n<p style=\"padding-left: 30px;\"><span style=\"font-size: 12pt; font-family: times new roman,times,serif;\">On constate dans ce bref passage que :<\/span><\/p>\n<p style=\"padding-left: 30px;\"><span style=\"font-size: 12pt; font-family: times new roman,times,serif;\">&#8211; on <strong><em>\u00ab\u00a0explicite\u00a0\u00bb<\/em><\/strong> \u00e0 \u00a0\u00bb l&rsquo;accompagn\u00e9 \u00a0\u00bb <strong><em>que ses ennemis sont ses proches\u00a0\u00bb.<\/em><\/strong> <strong>Non pas par le mal fait<\/strong> (difficile \u00e0 prouver) mais <strong>dans la subjectivit\u00e9 du bien qui n&rsquo;a pas \u00e9t\u00e9 fait.<\/strong> Ce sont des m\u00e9thodes qui cr\u00e9ent de faux souvenirs. <strong>\u00a0<\/strong><\/span><\/p>\n<p style=\"padding-left: 30px;\"><span style=\"font-size: 12pt; font-family: times new roman,times,serif;\"><strong>&#8211; <em>Parce que je les aime, j&rsquo;en attends de l&rsquo;amour, et je suis d\u00e9\u00e7u dans mon attente.<\/em><\/strong><\/span><\/p>\n<p style=\"padding-left: 30px;\"><span style=\"font-size: 12pt; font-family: times new roman,times,serif;\">La personne manipul\u00e9e est infantilis\u00e9e\u00a0: elle attend de l\u2019amour. En donne-t-elle\u00a0? Y a-t-il une relation d\u2019alt\u00e9rit\u00e9 dans cette utilisation de l\u2019autre coupable de ne pas combler ses besoins\u00a0?\u00a0<\/span><\/p>\n<p style=\"padding-left: 30px;\"><span style=\"font-size: 12pt; font-family: times new roman,times,serif;\">&#8211; \u00ab\u00a0<strong><em>se pardonner \u00e0 soi-m\u00eame\u00a0\u00bb<\/em><\/strong> : un moyen de d\u00e9responsabiliser \u00ab\u00a0l&rsquo;accompagn\u00e9\u00a0\u00bb du mal qu\u2019il fera \u00e0 sa famille, et de le maintenir dans la posture de victime. Ce renvoi vers soi est un enfermement. Se pardonner \u00e0 soi m\u00eame \u00e9vacue toute relation \u00e0 l\u2019autre en tant que personne.<\/span><\/p>\n<p style=\"padding-left: 30px;\"><span style=\"color: #ffcc99;\">.<\/span><\/p>\n<p style=\"padding-left: 30px;\"><span style=\"font-size: 12pt; font-family: times new roman,times,serif;\">Et pour finir : <strong>\u00ab\u00a0<em>le<\/em><\/strong><em> <strong>pardon ne r\u00e9sout pas toutes les souffrances&#8230; cons\u00e9cutives \u00e0 la blessure.<\/strong><\/em><strong>\u00a0\u00bb <\/strong>L&rsquo;accompagnateur devrait se poser la question : pourquoi ? La r\u00e9ponse est \u00e9vidente : parce qu&rsquo;il est aussi virtuel que lesdites\u00a0 \u00ab\u00a0blessures \u00ab\u00a0&#8230; Cette doctrine de \u00ab blessures-gu\u00e9rison-pardon-virtuels\u00a0\u00bb rend les personnes irresponsables et les enferme dans leur <em>ego<\/em> \u00ab\u00a0offens\u00e9\u00a0\u00bb o\u00f9<strong> le pardon donn\u00e9 est impossible puisque pardonner au\u00a0 \u00ab\u00a0 bouc \u00e9missaire\u00a0\u00bb, c&rsquo;est effondrer le syst\u00e8me. La perversit\u00e9 demeure que l&rsquo;enfant est condamn\u00e9 \u00e0 la posture de victime et d&rsquo;accusateur et ses parents \u00e0 rester bouc \u00e9missaire. Il n&rsquo;y a pas de porte de sortie. <\/strong><\/span><\/p>\n<p style=\"padding-left: 30px;\"><span style=\"color: #ffcc99;\">.<\/span><\/p>\n<p style=\"padding-left: 30px;\"><span style=\"font-size: 12pt; font-family: times new roman,times,serif;\">Nombre de parents ont re\u00e7u des lettres de leurs enfants disant : \u00ab\u00a0je t&rsquo;ai pardonn\u00e9 mais je ne veux plus te voir\u00a0\u00bb. Pardonn\u00e9 de quoi ? Seul le th\u00e9oricien pervers qui a fabriqu\u00e9 les pr\u00e9tendues blessures, et leur enfant qui les a faites siennes, le savent. Quant aux parents, ils se torturent \u00e0 essayer de les trouver, avant de comprendre qu&rsquo;il n&rsquo;y a rien \u00e0 comprendre en dehors du fait que <strong>leur famille subit\u00a0 une attaque de nature sectaire.\u00a0 <\/strong>\u00a0\u00a0<\/span><\/p>\n<p style=\"padding-left: 30px;\"><span style=\"color: #ffcc99;\">.<\/span><\/p>\n<p style=\"padding-left: 30px;\"><span style=\"font-size: 12pt; font-family: times new roman,times,serif;\">Une autre question se pose, les th\u00e9oriciens du psycho-spirituel sont-ils capables de sortir de cet enfermement victimaire infantile pour se reconnaitre coupables de leurs fautes et en assumer les cons\u00e9quences ? On peut en douter :\u00a0<\/span><\/p>\n<p style=\"padding-left: 30px;\"><span style=\"font-size: 12pt; font-family: times new roman,times,serif;\">En janvier 2003,\u00a0 Mgr Carr\u00e9, l&rsquo;\u00e9v\u00eaque responsable, au courant de ces d\u00e9rives, conduisait la communaut\u00e9 des B\u00e9atitudes \u00e0 la reconnaissance romaine <em>ad experimentum <\/em>pour cinq ans. En d\u00e9cembre 2002, juste avant cette \u00a0occasion, le Mod\u00e9rateur G\u00e9n\u00e9ral des B\u00e9atitudes, le P\u00e8re Wallays, adressait une lettre aux nombreuses victimes de la communaut\u00e9, dans laquelle il demandait pardon. En\u00a0 voici le passage:<\/span><\/p>\n<p style=\"padding-left: 30px;\"><span style=\"color: #ffcc99;\">.<\/span><\/p>\n<p style=\"padding-left: 30px;\"><span style=\"font-size: 12pt; font-family: times new roman,times,serif;\"><strong><em>\u00ab\u00a0&#8230; je voudrais demander pardon \u00e0 chacun au nom de la communaut\u00e9 pour les fautes commises et pour les souffrance inflig\u00e9es &#8230;Peut-\u00eatre certains d&rsquo;entre vous ne pourront pas accueillir cette d\u00e9marche, mais je la fais du fond du c\u0153ur.\u00a0\u00bb<\/em><\/strong><\/span><\/p>\n<p style=\"padding-left: 30px;\"><span style=\"color: #ffcc99;\">.<\/span><\/p>\n<p style=\"padding-left: 30px;\"><span style=\"font-size: 12pt; font-family: times new roman,times,serif;\">En deux phrases le mod\u00e9rateur se d\u00e9fausse de ses responsabilit\u00e9s, avec une l\u00e9g\u00e8ret\u00e9 d\u00e9concertante. Il parle pourtant\u00a0 de <em>\u00ab\u00a0fautes commises\u00a0\u00bb<\/em> de \u00ab\u00a0<em>souffrances inflig\u00e9es<\/em>\u00ab\u00a0. M\u00eame si des mots sont pos\u00e9s sur ce qu\u2019ont endur\u00e9 les victimes, ce ne sont que des mots qui restent dans l&rsquo;incons\u00e9quence puisqu&rsquo;il lui suffit de demander pardon \u00ab\u00a0<em>du fond du c\u0153ur\u00a0\u00bb<\/em> pour s&rsquo;absoudre.<\/span><\/p>\n<p style=\"padding-left: 30px;\"><span style=\"color: #ffcc99;\">.<\/span><\/p>\n<p style=\"padding-left: 30px;\"><span style=\"font-size: 12pt; font-family: times new roman,times,serif;\">A l\u2019encontre de la religiosit\u00e9 psycho-spirituelle, voici la position de l\u2019Eglise sur le pardon\u00a0:\u00a0<\/span><\/p>\n<p style=\"padding-left: 30px;\"><span style=\"font-size: 12pt; font-family: times new roman,times,serif;\">In \u00ab\u00a0Dives in Misericordia\u00a0\u00bb de \u00a0Jean-Paul II<\/span><\/p>\n<p style=\"padding-left: 30px;\"><span style=\"font-size: 12pt; font-family: times new roman,times,serif;\">Chapitre 14\u00a0: L\u2019Eglise s\u2019efforce de mettre en \u0153uvre la Mis\u00e9ricorde<\/span><\/p>\n<p style=\"padding-left: 30px;\"><span style=\"color: #ffcc99;\">.<\/span><\/p>\n<p style=\"padding-left: 30px;\"><span style=\"font-size: 12pt; font-family: times new roman,times,serif;\"><strong>Il est \u00e9vident qu&rsquo;une exigence aussi g\u00e9n\u00e9reuse de pardon n&rsquo;annule pas les exigences objectives de la justice . La justice bien comprise constitue pour ainsi dire le but du pardon. Dans aucun passage du message \u00e9vang\u00e9lique, le pardon, ni m\u00eame la mis\u00e9ricorde qui en est la source, ne signifient indulgence envers le mal, envers le scandale, envers le tort caus\u00e9 ou les offenses. En chaque cas, la r\u00e9paration du mal et du scandale, le d\u00e9dommagement du tort caus\u00e9, la satisfaction de l&rsquo;offense sont conditions du pardon. <\/strong><\/span><\/p>\n<p style=\"padding-left: 30px;\"><span style=\"color: #ffcc99;\">.<\/span><\/p>\n<p style=\"padding-left: 30px;\"><span style=\"font-size: 12pt; font-family: times new roman,times,serif;\">Ce que demande Jean-Paul II est impossible \u00e0 r\u00e9aliser \u00a0dans le psycho-spirituel. Dans la r\u00e9alit\u00e9 \u00a0et dans la foi catholique, tout chemin de pardon est un chemin humain o\u00f9 se retrouvent l\u2019offenseur et l\u2019offens\u00e9, tous deux li\u00e9s au m\u00eame mal\u00a0: commis par l\u2019un, subi par l\u2019autre. Le psycho-spirituel n\u2019a aucun fondement humain. Il s\u2019enracine dans les d\u00e9lires accusateurs de ses th\u00e9oriciens. Il ne peut reconnaitre le mal commis, le coupable c\u2019est l\u2019autre. <strong>\u00a0<\/strong>\u00a0<\/span><\/p>\n<p style=\"padding-left: 30px;\"><span style=\"color: #ffcc99;\">.<\/span><\/p>\n<p style=\"padding-left: 30px;\"><span style=\"font-size: 12pt; font-family: times new roman,times,serif;\">En r\u00e9duisant une personne \u00e0 \u00eatre l\u2019accusateur de ses parents, sans aucune notion de responsabilit\u00e9, on constate qu\u2019elle n\u2019a plus ni sa raison ni son jugement. Pas davantage sa libert\u00e9 dont s\u2019est empar\u00e9e le gourou pour la d\u00e9truire et \u00e0 travers elle ses parents. L\u00e0 o\u00f9 passe le psycho-spirituel, c\u2019est la terre br\u00fbl\u00e9e. L\u2019id\u00e9ologie du n\u00e9ant.<\/span><\/p>\n<p style=\"padding-left: 30px;\"><span style=\"color: #ffcc99;\">.<\/span><\/p>\n","protected":false},"excerpt":{"rendered":"<p>. Connaissez-vous le pilier du psycho-spirituel\u00a0? . Le fondement du psycho-spirituel est une id\u00e9ologie pseudo religieuse dont le pilier est le \u00ab\u00a0 bouc-\u00e9missaire\u00a0\u00bb. C&rsquo;est le r\u00f4le impos\u00e9 aux parents qui vont \u00eatre d\u00e9sign\u00e9s responsables de toutes les \u00ab\u00a0blessures\u00a0\u00bb imagin\u00e9es par les gourous. C\u2019est dans cette seule \u00ab\u00a0relation\u00a0\u00bb perverse que les parents seront enferm\u00e9s avec leurs <span class=\"ellipsis\">&hellip;<\/span> <span class=\"more-link-wrap\"><a href=\"https:\/\/WWW.derivesdansleglisecatholique.fr\/?page_id=360\" class=\"more-link\"><span>Read More &rarr;<\/span><\/a><\/span><\/p>\n","protected":false},"author":2,"featured_media":0,"parent":0,"menu_order":0,"comment_status":"closed","ping_status":"closed","template":"","meta":{"footnotes":""},"class_list":["post-360","page","type-page","status-publish","hentry"],"yoast_head":"<!-- This site is optimized with the Yoast SEO plugin v27.4 - https:\/\/yoast.com\/product\/yoast-seo-wordpress\/ -->\n<title>Le bouc \u00e9missaire - D\u00e9rives dans l&#039;eglise catholique<\/title>\n<meta name=\"robots\" content=\"index, follow, max-snippet:-1, max-image-preview:large, max-video-preview:-1\" \/>\n<link rel=\"canonical\" href=\"https:\/\/WWW.derivesdansleglisecatholique.fr\/?page_id=360\" \/>\n<meta property=\"og:locale\" content=\"fr_FR\" \/>\n<meta property=\"og:type\" content=\"article\" \/>\n<meta property=\"og:title\" content=\"Le bouc \u00e9missaire - D\u00e9rives dans l&#039;eglise catholique\" \/>\n<meta property=\"og:description\" content=\". Connaissez-vous le pilier du psycho-spirituel\u00a0? . Le fondement du psycho-spirituel est une id\u00e9ologie pseudo religieuse dont le pilier est le \u00ab\u00a0 bouc-\u00e9missaire\u00a0\u00bb. C&rsquo;est le r\u00f4le impos\u00e9 aux parents qui vont \u00eatre d\u00e9sign\u00e9s responsables de toutes les \u00ab\u00a0blessures\u00a0\u00bb imagin\u00e9es par les gourous. C\u2019est dans cette seule \u00ab\u00a0relation\u00a0\u00bb perverse que les parents seront enferm\u00e9s avec leurs &hellip; Read More &rarr;\" \/>\n<meta property=\"og:url\" content=\"https:\/\/WWW.derivesdansleglisecatholique.fr\/?page_id=360\" \/>\n<meta property=\"og:site_name\" content=\"D\u00e9rives dans l&#039;eglise catholique\" \/>\n<meta property=\"article:modified_time\" content=\"2017-01-10T15:09:25+00:00\" \/>\n<meta name=\"twitter:label1\" content=\"Dur\u00e9e de lecture estim\u00e9e\" \/>\n\t<meta name=\"twitter:data1\" content=\"5 minutes\" \/>\n<script type=\"application\/ld+json\" class=\"yoast-schema-graph\">{\"@context\":\"https:\\\/\\\/schema.org\",\"@graph\":[{\"@type\":\"WebPage\",\"@id\":\"https:\\\/\\\/WWW.derivesdansleglisecatholique.fr\\\/?page_id=360\",\"url\":\"https:\\\/\\\/WWW.derivesdansleglisecatholique.fr\\\/?page_id=360\",\"name\":\"Le bouc \u00e9missaire - D\u00e9rives dans l&#039;eglise catholique\",\"isPartOf\":{\"@id\":\"https:\\\/\\\/WWW.derivesdansleglisecatholique.fr\\\/#website\"},\"datePublished\":\"2016-12-31T22:10:12+00:00\",\"dateModified\":\"2017-01-10T15:09:25+00:00\",\"breadcrumb\":{\"@id\":\"https:\\\/\\\/WWW.derivesdansleglisecatholique.fr\\\/?page_id=360#breadcrumb\"},\"inLanguage\":\"fr-FR\",\"potentialAction\":[{\"@type\":\"ReadAction\",\"target\":[\"https:\\\/\\\/WWW.derivesdansleglisecatholique.fr\\\/?page_id=360\"]}]},{\"@type\":\"BreadcrumbList\",\"@id\":\"https:\\\/\\\/WWW.derivesdansleglisecatholique.fr\\\/?page_id=360#breadcrumb\",\"itemListElement\":[{\"@type\":\"ListItem\",\"position\":1,\"name\":\"Accueil\",\"item\":\"https:\\\/\\\/WWW.derivesdansleglisecatholique.fr\\\/\"},{\"@type\":\"ListItem\",\"position\":2,\"name\":\"Le bouc \u00e9missaire\"}]},{\"@type\":\"WebSite\",\"@id\":\"https:\\\/\\\/WWW.derivesdansleglisecatholique.fr\\\/#website\",\"url\":\"https:\\\/\\\/WWW.derivesdansleglisecatholique.fr\\\/\",\"name\":\"D\u00e9rives dans l&#039;eglise catholique\",\"description\":\"Justice et V\u00e9rit\u00e9 pour les familles\",\"potentialAction\":[{\"@type\":\"SearchAction\",\"target\":{\"@type\":\"EntryPoint\",\"urlTemplate\":\"https:\\\/\\\/WWW.derivesdansleglisecatholique.fr\\\/?s={search_term_string}\"},\"query-input\":{\"@type\":\"PropertyValueSpecification\",\"valueRequired\":true,\"valueName\":\"search_term_string\"}}],\"inLanguage\":\"fr-FR\"}]}<\/script>\n<!-- \/ Yoast SEO plugin. -->","yoast_head_json":{"title":"Le bouc \u00e9missaire - D\u00e9rives dans l&#039;eglise catholique","robots":{"index":"index","follow":"follow","max-snippet":"max-snippet:-1","max-image-preview":"max-image-preview:large","max-video-preview":"max-video-preview:-1"},"canonical":"https:\/\/WWW.derivesdansleglisecatholique.fr\/?page_id=360","og_locale":"fr_FR","og_type":"article","og_title":"Le bouc \u00e9missaire - D\u00e9rives dans l&#039;eglise catholique","og_description":". Connaissez-vous le pilier du psycho-spirituel\u00a0? . Le fondement du psycho-spirituel est une id\u00e9ologie pseudo religieuse dont le pilier est le \u00ab\u00a0 bouc-\u00e9missaire\u00a0\u00bb. C&rsquo;est le r\u00f4le impos\u00e9 aux parents qui vont \u00eatre d\u00e9sign\u00e9s responsables de toutes les \u00ab\u00a0blessures\u00a0\u00bb imagin\u00e9es par les gourous. C\u2019est dans cette seule \u00ab\u00a0relation\u00a0\u00bb perverse que les parents seront enferm\u00e9s avec leurs &hellip; Read More &rarr;","og_url":"https:\/\/WWW.derivesdansleglisecatholique.fr\/?page_id=360","og_site_name":"D\u00e9rives dans l&#039;eglise catholique","article_modified_time":"2017-01-10T15:09:25+00:00","twitter_misc":{"Dur\u00e9e de lecture estim\u00e9e":"5 minutes"},"schema":{"@context":"https:\/\/schema.org","@graph":[{"@type":"WebPage","@id":"https:\/\/WWW.derivesdansleglisecatholique.fr\/?page_id=360","url":"https:\/\/WWW.derivesdansleglisecatholique.fr\/?page_id=360","name":"Le bouc \u00e9missaire - D\u00e9rives dans l&#039;eglise catholique","isPartOf":{"@id":"https:\/\/WWW.derivesdansleglisecatholique.fr\/#website"},"datePublished":"2016-12-31T22:10:12+00:00","dateModified":"2017-01-10T15:09:25+00:00","breadcrumb":{"@id":"https:\/\/WWW.derivesdansleglisecatholique.fr\/?page_id=360#breadcrumb"},"inLanguage":"fr-FR","potentialAction":[{"@type":"ReadAction","target":["https:\/\/WWW.derivesdansleglisecatholique.fr\/?page_id=360"]}]},{"@type":"BreadcrumbList","@id":"https:\/\/WWW.derivesdansleglisecatholique.fr\/?page_id=360#breadcrumb","itemListElement":[{"@type":"ListItem","position":1,"name":"Accueil","item":"https:\/\/WWW.derivesdansleglisecatholique.fr\/"},{"@type":"ListItem","position":2,"name":"Le bouc \u00e9missaire"}]},{"@type":"WebSite","@id":"https:\/\/WWW.derivesdansleglisecatholique.fr\/#website","url":"https:\/\/WWW.derivesdansleglisecatholique.fr\/","name":"D\u00e9rives dans l&#039;eglise catholique","description":"Justice et V\u00e9rit\u00e9 pour les familles","potentialAction":[{"@type":"SearchAction","target":{"@type":"EntryPoint","urlTemplate":"https:\/\/WWW.derivesdansleglisecatholique.fr\/?s={search_term_string}"},"query-input":{"@type":"PropertyValueSpecification","valueRequired":true,"valueName":"search_term_string"}}],"inLanguage":"fr-FR"}]}},"_links":{"self":[{"href":"https:\/\/WWW.derivesdansleglisecatholique.fr\/index.php?rest_route=\/wp\/v2\/pages\/360","targetHints":{"allow":["GET"]}}],"collection":[{"href":"https:\/\/WWW.derivesdansleglisecatholique.fr\/index.php?rest_route=\/wp\/v2\/pages"}],"about":[{"href":"https:\/\/WWW.derivesdansleglisecatholique.fr\/index.php?rest_route=\/wp\/v2\/types\/page"}],"author":[{"embeddable":true,"href":"https:\/\/WWW.derivesdansleglisecatholique.fr\/index.php?rest_route=\/wp\/v2\/users\/2"}],"replies":[{"embeddable":true,"href":"https:\/\/WWW.derivesdansleglisecatholique.fr\/index.php?rest_route=%2Fwp%2Fv2%2Fcomments&post=360"}],"version-history":[{"count":5,"href":"https:\/\/WWW.derivesdansleglisecatholique.fr\/index.php?rest_route=\/wp\/v2\/pages\/360\/revisions"}],"predecessor-version":[{"id":497,"href":"https:\/\/WWW.derivesdansleglisecatholique.fr\/index.php?rest_route=\/wp\/v2\/pages\/360\/revisions\/497"}],"wp:attachment":[{"href":"https:\/\/WWW.derivesdansleglisecatholique.fr\/index.php?rest_route=%2Fwp%2Fv2%2Fmedia&parent=360"}],"curies":[{"name":"wp","href":"https:\/\/api.w.org\/{rel}","templated":true}]}}