{"id":363,"date":"2016-12-31T23:14:04","date_gmt":"2016-12-31T22:14:04","guid":{"rendered":"http:\/\/WWW.derivesdansleglisecatholique.fr\/?page_id=363"},"modified":"2018-03-15T13:32:21","modified_gmt":"2018-03-15T12:32:21","slug":"violence-psycho-spirituel","status":"publish","type":"page","link":"https:\/\/WWW.derivesdansleglisecatholique.fr\/?page_id=363","title":{"rendered":"La violence du psycho-spirituel"},"content":{"rendered":"<p style=\"padding-left: 30px; text-align: left;\"><span style=\"color: #ffcc99;\">.<\/span><\/p>\n<p style=\"padding-left: 30px; text-align: center;\"><span style=\"font-size: 14pt; font-family: times new roman,times,serif; color: #0000ff;\"><strong>Le psycho-spirituel et ses violences insidieuses<\/strong><\/span><\/p>\n<p style=\"text-align: center; padding-left: 30px;\"><a href=\"http:\/\/derivesdansleglisecatholique.fr\/wp-content\/uploads\/2018\/03\/cyclone-2102397_960_720.jpg\"><img loading=\"lazy\" decoding=\"async\" class=\"alignnone size-medium wp-image-4535\" src=\"http:\/\/derivesdansleglisecatholique.fr\/wp-content\/uploads\/2018\/03\/cyclone-2102397_960_720-300x200.jpg\" alt=\"\" width=\"300\" height=\"200\" \/><\/a><\/p>\n<p style=\"padding-left: 30px;\"><span style=\"font-size: 12pt; font-family: times new roman,times,serif;\"><strong>\u00a0<\/strong><\/span><\/p>\n<p style=\"padding-left: 30px;\"><span style=\"font-size: 12pt; font-family: times new roman,times,serif;\">Derri\u00e8re beaucoup de sessions dites de gu\u00e9rison, de \u00ab\u00a0relecture de vie\u00a0\u00bb aux diverses appellations racoleuses, se camouflent de dangereuses\u00a0 pratiques\u00a0 psycho-sectaires<\/span><\/p>\n<p style=\"padding-left: 30px;\"><span style=\"font-size: 12pt; font-family: times new roman,times,serif;\">Ces sessions sont initi\u00e9es et pratiqu\u00e9es par de pr\u00e9tendues th\u00e9rapeutes auto-proclam\u00e9s d\u00e9pourvus de formation et de titre\u00a0 universitaire valide, qui se pr\u00e9valent d&rsquo;agir au nom de la foi et dans l&rsquo;Eglise catholique, sous vigilance d&rsquo;un \u00e9v\u00eaque.<\/span><\/p>\n<p style=\"padding-left: 30px;\"><span style=\"font-size: 12pt; font-family: times new roman,times,serif;\">Les personnes pi\u00e9g\u00e9es par cette fa\u00e7ade, se croient dans l\u2019accueil d\u2019une session catholique. Elles vont \u00eatre suivies par des \u00ab\u00a0accompagnateurs\u00a0\u00bb qui vont p\u00e9n\u00e9trer par ce biais leur for interne et l&rsquo;intimit\u00e9 de tous leurs liens familiaux. Cette tromperie fait de nombreuses victimes dont la vie va basculer en entrainant leurs proches dans une barbarie programm\u00e9e.<\/span><\/p>\n<p style=\"padding-left: 30px;\"><span style=\"color: #ffcc99;\">.<\/span><\/p>\n<p style=\"padding-left: 30px; text-align: center;\"><span style=\"font-size: 14pt; font-family: times new roman,times,serif; color: #0000ff;\"><strong>La violence cach\u00e9e dans le psycho-spirituel<\/strong><\/span><\/p>\n<p style=\"padding-left: 30px; text-align: left;\"><span style=\"color: #ffcc99;\">.<\/span><\/p>\n<p style=\"padding-left: 30px;\"><span style=\"font-size: 12pt; font-family: times new roman,times,serif;\">Parmi toutes les violences psychiques, celles qui r\u00e9sultent des pratiques du psycho-spirituel demeurent encore largement m\u00e9connues. Pourtant elles sont multiples et souvent extr\u00eames. Fonctionnant de mani\u00e8re souterraine avec lui, elles d\u00e9truisent implacablement les \u00eatres d\u2019une mani\u00e8re cach\u00e9e parce que perverse. Essayons de voir comment.<\/span><\/p>\n<p style=\"padding-left: 30px;\"><span style=\"font-size: 12pt; font-family: times new roman,times,serif;\">Une famille est faite de nombreuses personnes unies par des liens tiss\u00e9s dans la dur\u00e9e par le quotidien de la vie, liens qui sont affectivement puissants. Le v\u00e9cu familial est leur propri\u00e9t\u00e9 commune. La famille est un lieu \u00ab sacr\u00e9 \u00bb. Si un jour, pour des raisons personnelles, une personne se laisse tenter par les propositions all\u00e9chantes de sessions dites de gu\u00e9rison, d\u2019agap\u00e8, de psychog\u00e9n\u00e9alogie ou du m\u00eame tonneau, elle en deviendra tr\u00e8s vite d\u00e9pendante, et ne tardera pas \u00e0 livrer \u00e0 de redoutables pr\u00e9dateurs tous ses liens familiaux, et cela sans en avoir toujours conscience. En effet, par le moyen de psychotechniques nocives, dissimul\u00e9es dans un amalgame s\u00e9ducteur associant le psychologique et le spirituel, ces manipulateurs vont d\u00e9truire \u00e0 travers lui plusieurs de ses proches, affecter toutes les relations familiales et jeter ainsi toute la famille, qui l\u2019ignore g\u00e9n\u00e9ralement, dans les mailles du filet d\u2019un \u00ab th\u00e9rapeute \u00bb faisant office de gourou tout puissant.<\/span><\/p>\n<p style=\"padding-left: 30px;\"><span style=\"font-size: 12pt; font-family: times new roman,times,serif;\">Quand, s\u00e9duite par un p\u00e8lerinage, une rencontre d\u2019aum\u00f4nerie ou une autre proposition eccl\u00e9siale a priori attirante, une personne est prise dans le syst\u00e8me, elle croit se trouver dans une d\u00e9marche de foi, o\u00f9 les propos des responsables sont en quelque sorte paroles d\u2019Evangile. <\/span><br \/>\n<span style=\"font-size: 12pt; font-family: times new roman,times,serif;\"> C\u2019est ainsi que, sans le savoir, en croyant suivre une retraite spirituelle, elle se retrouve trop souvent embarqu\u00e9e dans une d\u00e9marche autre, de nature psycho-spirituelle.<\/span><\/p>\n<p style=\"padding-left: 30px;\"><span style=\"font-size: 12pt; font-family: times new roman,times,serif;\">De fil en aiguille, cette personne est conduite par l\u2019intervenant \u00e0 parler de sa famille et \u00e0 relire son pass\u00e9 en le d\u00e9connectant de la r\u00e9alit\u00e9 de son v\u00e9cu auquel, par <strong>des techniques insidieuses qui falsifient la m\u00e9moire et induisent de faux souvenirs<\/strong>, il va substituer une autre, inspir\u00e9e par une id\u00e9ologie malsaine. C\u2019est ainsi que les parents vont devenir des \u00eatres nocifs, voire des monstres, \u00e0 l\u2019origine de tous les maux r\u00e9els ou suppos\u00e9s endur\u00e9s par la personne. Maux \u00ab d\u00e9-couverts \u00bb gr\u00e2ce au \u00ab th\u00e9rapeute \u00bb. Maux g\u00e9n\u00e9ralement qualifi\u00e9s de \u00ab blessures \u00bb n\u00e9cessitant une \u00ab gu\u00e9rison \u00bb, que le pseudo-th\u00e9rapeute garantira pour peu que le \u00abmalade\u00bb s\u2019engage \u00e0 suivre une s\u00e9rie de stages, sessions ou s\u00e9minaires, tous prometteurs de bonheur.<\/span><\/p>\n<p style=\"padding-left: 30px;\"><span style=\"font-size: 12pt; font-family: times new roman,times,serif;\">Pour le nouveau venu, la d\u00e9marche psycho-spirituelle devient peu \u00e0 peu son seul projet de vie. Passage et chemin oblig\u00e9s puisque, selon la th\u00e9orie enseign\u00e9e, <strong>on ne peut aller au Ciel que \u00ab gu\u00e9ri \u00bb. Par rapport \u00e0 un tel enjeu, tous les sacrifices demand\u00e9s para\u00eetront l\u00e9gers et faciles.<\/strong><\/span><\/p>\n<p style=\"padding-left: 30px;\"><span style=\"font-size: 12pt; font-family: times new roman,times,serif;\">Voil\u00e0 comment la porte d\u2019entr\u00e9e du p\u00e9rim\u00e8tre familial est ouverte par le \u00ab gourou \u00bb qui, mine de rien, sans avoir l\u2019air d\u2019y toucher, se trouve en mesure de jouer avec tous les liens familiaux. En fait, il s\u2019agit d\u2019une v\u00e9ritable entr\u00e9e par effraction, violente et brutale. Le cambrioleur visite et revisite l\u2019histoire de chacun, qu\u2019il ne conna\u00eet pourtant pas. A travers son \u00ab patient \u00bb, il se livre \u00e0 une v\u00e9ritable \u00ab psychanalyse \u00bb de toute la famille \u00e0 la lumi\u00e8re aveugle de th\u00e9ories pernicieuses et d\u00e9vastatrices. <strong>Les cons\u00e9quences de la th\u00e9rapie sauvage \u00e0 laquelle est soumis un seul membre ne tardent pas \u00e0 se faire sentir sur l\u2019ensemble du corps familial comme une injection l\u00e9tale dans un organisme sain. <\/strong><\/span><\/p>\n<p style=\"padding-left: 30px;\"><span style=\"color: #ffcc99;\">.<\/span><\/p>\n<p style=\"padding-left: 30px; text-align: center;\"><span style=\"font-size: 14pt; font-family: times new roman,times,serif; color: #0000ff;\"><strong>Le syst\u00e8me pervers est mis en place.<\/strong><\/span><\/p>\n<p style=\"padding-left: 30px; text-align: left;\"><span style=\"color: #ffcc99;\">.<\/span><\/p>\n<p style=\"padding-left: 30px;\"><span style=\"font-size: 12pt; font-family: times new roman,times,serif;\">Dans un premier temps, le comportement de la personne va changer. Sans explication, elle distend ses liens avec ses proches. Le m\u00e9pris et l\u2019indiff\u00e9rence remplacent l\u2019affection \u00e0 l\u2019\u00e9gard des parents. Les rapports se font sur la base du sch\u00e9ma \u00ab blessures &#8211; gu\u00e9rison \u00bb, ce qui revient \u00e0 dire que la personne enferm\u00e9e dans un pareil discours ne peut plus communiquer qu\u2019avec ceux qui vivent la m\u00eame exp\u00e9rience. Elle peut aller jusqu\u2019\u00e0 revoir ses projets de vie pour entrer dans une de ces communaut\u00e9s, \u00ab cocon \u00bb d\u2019autant plus protecteur et indispensable \u00e0 sa vie que \u00ab la fin des temps \u00bb est pour demain\u2026<\/span><\/p>\n<p style=\"padding-left: 30px;\"><span style=\"font-size: 12pt; font-family: times new roman,times,serif;\">D\u00e9concert\u00e9s puis effondr\u00e9s par un tel changement dans les propos et comportements de leur enfant, les parents en subissent le rejet sans comprendre. Mais parce qu\u2019ils continuent \u00e0 aimer leur fils ou leur fille instrumentalis\u00e9 contre eux par le \u00ab th\u00e9rapeute \u00bb, ils vont subir, dans un non-dit habilement install\u00e9, des accusations sous-jacentes, racont\u00e9es aux uns et rapport\u00e9es par les autres les accusant d\u2019actes indicibles \u2026Actes g\u00e9n\u00e9ralement jamais nomm\u00e9s puisque imaginaires.<\/span><\/p>\n<p style=\"padding-left: 30px;\"><span style=\"font-size: 12pt; font-family: times new roman,times,serif;\">Les liens tr\u00e8s forts qui unissent souvent un enfant \u00e0 ses parents ne peuvent s\u2019ab\u00eemer de la sorte sans que n\u2019aient \u00e9t\u00e9 mises en \u0153uvre des psychotechniques de manipulation mentale. Le matraquage subi par la personne pour la d\u00e9tacher ainsi et la livrer \u00e0 son \u00ab gourou \u00bb est d\u2019une violence inou\u00efe. <strong>Instrumentaliser un enfant contre ses parents est un acte \u00e0 la fois pervers et sadique<\/strong>. Le suppos\u00e9 th\u00e9rapeute qui s\u2019interpose ainsi dans des relations familiales en se les soumettant est un barbare. Oui, quelle puissance de violence faut-il pour pervertir et d\u00e9truire ainsi des liens d\u2019amour aussi solides ! Et <strong>plus les liens affectifs sont solides, plus forte est la violence du processus de destruction.<\/strong><\/span><\/p>\n<p style=\"padding-left: 30px;\"><span style=\"font-size: 12pt; font-family: times new roman,times,serif;\">Comme si elle ne se contentait pas d\u2019exclure les parents de la vie de leur enfant, la violence va<\/span><\/p>\n<p style=\"padding-left: 30px;\"><span style=\"font-size: 12pt; font-family: times new roman,times,serif;\">aller plus loin par des actes de cruaut\u00e9 mentale et morale. Sous l\u2019influence de son \u00ab gourou-th\u00e9rapeute \u00bb, le sujet va s\u2019employer \u00e0 faire des adeptes parmi les proches et s\u2019appliquer \u00e0 les dresser contre ses parents. Choqu\u00e9s, stup\u00e9faits, incapables de comprendre ce qui se joue en fait, <strong>les autres membres de la famille se trouvent tr\u00e8s souvent \u00e0 la merci de la personne manipul\u00e9e et manipulante<\/strong>, laquelle, \u00e0 l\u2019occasion d\u2019une tension, d\u2019un conflit mineur ou de tout autre ouverture opportune va faire des ses parents les boucs \u00e9missaires de tout son v\u00e9cu n\u00e9gatif, selon le sch\u00e9ma-type du psycho-spirituel. Car, profond\u00e9ment d\u00e9stabilis\u00e9e par la coupure d\u2019avec ses racines et de son histoire familiale, la personne plong\u00e9e dans le d\u00e9lire construit par son gourou vit elle aussi une grande souffrance et se trouve la proie d\u2019une profonde angoisse qui l\u2019oblige \u00e0 rallier \u00e0 elle le plus possible de personnes pour se rassurer.<\/span><\/p>\n<p style=\"padding-left: 30px;\"><span style=\"font-size: 12pt; font-family: times new roman,times,serif;\">Injustement accabl\u00e9s, d\u00e9savou\u00e9s, rejet\u00e9s, les parents vont entrer sans comprendre dans une immense d\u00e9tresse. Faute de r\u00e9ponse \u00e0 leur demande d\u2019explication rationnelle, leur chagrin s\u2019aggrave immanquablement, tout simplement parce qu\u2019ils sont ni\u00e9s non seulement comme p\u00e8re et m\u00e8re mais aussi comme \u00eatre humains. Ils n\u2019existent plus. Ils sont devenus des objets, tout comme leur enfant s\u2019est transform\u00e9e en marionnette entre les mains du gourou omnipotent.<\/span><\/p>\n<p style=\"padding-left: 30px;\"><span style=\"font-size: 12pt; font-family: times new roman,times,serif;\">Le d\u00e9ni du mal subi, le d\u00e9ni d\u2019un \u00eatre humain, est l\u2019une des pires violences qui soient. La destruction d\u2019une famille qui se portait bien, bris\u00e9e et \u00e9clat\u00e9e par de telles pratiques, en est une autre.<\/span><\/p>\n<p style=\"padding-left: 30px;\"><span style=\"font-size: 12pt; font-family: times new roman,times,serif;\">Cela ne suffit pourtant pas. <strong>Apr\u00e8s l\u2019opprobre jet\u00e9 sur les parents, c\u2019est au tour des a\u00efeux, des anc\u00eatres d\u2019\u00eatre les victimes de l\u2019entreprise de discr\u00e9dit et de d\u00e9molition.<\/strong> Avec les doctrinaires du psycho-spirituel, il faut aller les d\u00e9busquer car ils polluent leurs descendants \u00e0 cause de leur mal, de leurs pratiques occultes, de leurs secrets monstrueux, de leurs actes innommables. D\u2019eux aussi il convient de se lib\u00e9rer puisqu\u2019ils \u00e9taient n\u00e9cessairement malfaisants ou mal\u00e9fiques. Pour y parvenir, un seul rem\u00e8de : purifier \u00ab l\u2019arbre g\u00e9n\u00e9alogique \u00bb au cours d\u2019eucharisties adapt\u00e9es. <\/span><\/p>\n<p style=\"padding-left: 30px;\"><span style=\"font-size: 12pt; font-family: times new roman,times,serif;\"> Ces pratiques psycho-spirituelles d\u00e9lirantes qui utilisent et salissent aussi honteusement les morts en enfermant dangereusement dans la peur les vivants, ne sont-elles pas porteuses d\u2019une violence haineuse sans fin ?<\/span><\/p>\n<p style=\"padding-left: 30px;\"><span style=\"font-size: 12pt; font-family: times new roman,times,serif;\"> Il faut nommer et bien regarder ce mal destructeur qui violente psychiquement des \u00eatres humains. En effet, si la personne manipul\u00e9e vit dans une apparence de normalit\u00e9 trompeuse, elle n\u2019en demeure pas moins d\u00e9connect\u00e9e de la r\u00e9alit\u00e9 de son v\u00e9cu, propuls\u00e9e dans une folie construite qu\u2019elle est oblig\u00e9e d\u2019entretenir en s\u2019auto-manipulant, ce qui va la conduire jusqu\u2019\u00e0 la dissociation psychique avec tous les risques que cela comporte. Par elle, toute sa famille entre en souffrance. <strong>De pareils actes sont violents parce que mortif\u00e8res, porteurs de mort : affective, mentale, psychique, voire physique.<\/strong> Conduits par l\u2019isolement et l\u2019exclusion \u00e0 toucher le fond du d\u00e9sespoir, certains ont c\u00e9d\u00e9 \u00e0 la tentation de mettre un terme \u00e0 leur douleur en se suicidant.<\/span><\/p>\n<p style=\"padding-left: 30px;\"><span style=\"font-size: 12pt; font-family: times new roman,times,serif;\">Pareille fin s\u2019inscrit dans la logique de l\u2019an\u00e9antissement programm\u00e9. La destruction de l\u2019\u00eatre est men\u00e9e de pair avec <strong>une violence camoufl\u00e9e dans un discours d\u00e9goulinant de douceur<\/strong> qui promet le bonheur \u00e0 celui qui rena\u00eetra de ses \u00ab blessures \u00bb par un \u00ab chemin de gu\u00e9rison \u00bb salvateur. Mais ce qui est tu, car le gourou induit toujours dans le non-dit, c\u2019est que pour atteindre ce paradis il faut tout casser. Briser sa propre vie remise \u00e0 un manipulateur, briser ses liens, ses parents, son avenir, ses possibilit\u00e9s de croissance et d\u2019\u00e9panouissement.<\/span><\/p>\n<p style=\"padding-left: 30px;\"><span style=\"font-size: 12pt; font-family: times new roman,times,serif;\">Le pr\u00e9dateur a r\u00e9ussi quand il a fait de celui qui s\u2019est confi\u00e9 \u00e0 lui son jouet apr\u00e8s l\u2019avoir amen\u00e9 par \u00e9tapes successives \u00e0 renier ses racines, \u00e0 renier ceux qui l\u2019ont construit, \u00e0 se renier lui-m\u00eame, \u00e0 faire exploser sa famille. D\u00e9truire l\u2019amour, c\u2019est mettre des personnes dans la non-existence, les plonger dans le n\u00e9ant de la d\u00e9shumanisation. Y a-t-il pire violence qu\u2019une telle chosification ?<\/span><\/p>\n<p style=\"padding-left: 30px;\"><span style=\"color: #ffcc99;\">.<\/span><\/p>\n","protected":false},"excerpt":{"rendered":"<p>. Le psycho-spirituel et ses violences insidieuses \u00a0 Derri\u00e8re beaucoup de sessions dites de gu\u00e9rison, de \u00ab\u00a0relecture de vie\u00a0\u00bb aux diverses appellations racoleuses, se camouflent de dangereuses\u00a0 pratiques\u00a0 psycho-sectaires Ces sessions sont initi\u00e9es et pratiqu\u00e9es par de pr\u00e9tendues th\u00e9rapeutes auto-proclam\u00e9s d\u00e9pourvus de formation et de titre\u00a0 universitaire valide, qui se pr\u00e9valent d&rsquo;agir au nom de <span class=\"ellipsis\">&hellip;<\/span> <span class=\"more-link-wrap\"><a href=\"https:\/\/WWW.derivesdansleglisecatholique.fr\/?page_id=363\" class=\"more-link\"><span>Read More &rarr;<\/span><\/a><\/span><\/p>\n","protected":false},"author":2,"featured_media":0,"parent":0,"menu_order":0,"comment_status":"closed","ping_status":"closed","template":"","meta":{"footnotes":""},"class_list":["post-363","page","type-page","status-publish","hentry"],"yoast_head":"<!-- This site is optimized with the Yoast SEO plugin v27.4 - https:\/\/yoast.com\/product\/yoast-seo-wordpress\/ -->\n<title>La violence du psycho-spirituel - D\u00e9rives dans l&#039;eglise catholique<\/title>\n<meta name=\"robots\" content=\"index, follow, max-snippet:-1, max-image-preview:large, max-video-preview:-1\" \/>\n<link rel=\"canonical\" href=\"https:\/\/WWW.derivesdansleglisecatholique.fr\/?page_id=363\" \/>\n<meta property=\"og:locale\" content=\"fr_FR\" \/>\n<meta property=\"og:type\" content=\"article\" \/>\n<meta property=\"og:title\" content=\"La violence du psycho-spirituel - D\u00e9rives dans l&#039;eglise catholique\" \/>\n<meta property=\"og:description\" content=\". Le psycho-spirituel et ses violences insidieuses \u00a0 Derri\u00e8re beaucoup de sessions dites de gu\u00e9rison, de \u00ab\u00a0relecture de vie\u00a0\u00bb aux diverses appellations racoleuses, se camouflent de dangereuses\u00a0 pratiques\u00a0 psycho-sectaires Ces sessions sont initi\u00e9es et pratiqu\u00e9es par de pr\u00e9tendues th\u00e9rapeutes auto-proclam\u00e9s d\u00e9pourvus de formation et de titre\u00a0 universitaire valide, qui se pr\u00e9valent d&rsquo;agir au nom de &hellip; Read More &rarr;\" \/>\n<meta property=\"og:url\" content=\"https:\/\/WWW.derivesdansleglisecatholique.fr\/?page_id=363\" \/>\n<meta property=\"og:site_name\" content=\"D\u00e9rives dans l&#039;eglise catholique\" \/>\n<meta property=\"article:modified_time\" content=\"2018-03-15T12:32:21+00:00\" \/>\n<meta property=\"og:image\" content=\"http:\/\/derivesdansleglisecatholique.fr\/wp-content\/uploads\/2018\/03\/cyclone-2102397_960_720-300x200.jpg\" \/>\n<meta name=\"twitter:label1\" content=\"Dur\u00e9e de lecture estim\u00e9e\" \/>\n\t<meta name=\"twitter:data1\" content=\"9 minutes\" \/>\n<script type=\"application\/ld+json\" class=\"yoast-schema-graph\">{\"@context\":\"https:\\\/\\\/schema.org\",\"@graph\":[{\"@type\":\"WebPage\",\"@id\":\"https:\\\/\\\/WWW.derivesdansleglisecatholique.fr\\\/?page_id=363\",\"url\":\"https:\\\/\\\/WWW.derivesdansleglisecatholique.fr\\\/?page_id=363\",\"name\":\"La violence du psycho-spirituel - D\u00e9rives dans l&#039;eglise catholique\",\"isPartOf\":{\"@id\":\"https:\\\/\\\/WWW.derivesdansleglisecatholique.fr\\\/#website\"},\"primaryImageOfPage\":{\"@id\":\"https:\\\/\\\/WWW.derivesdansleglisecatholique.fr\\\/?page_id=363#primaryimage\"},\"image\":{\"@id\":\"https:\\\/\\\/WWW.derivesdansleglisecatholique.fr\\\/?page_id=363#primaryimage\"},\"thumbnailUrl\":\"http:\\\/\\\/derivesdansleglisecatholique.fr\\\/wp-content\\\/uploads\\\/2018\\\/03\\\/cyclone-2102397_960_720-300x200.jpg\",\"datePublished\":\"2016-12-31T22:14:04+00:00\",\"dateModified\":\"2018-03-15T12:32:21+00:00\",\"breadcrumb\":{\"@id\":\"https:\\\/\\\/WWW.derivesdansleglisecatholique.fr\\\/?page_id=363#breadcrumb\"},\"inLanguage\":\"fr-FR\",\"potentialAction\":[{\"@type\":\"ReadAction\",\"target\":[\"https:\\\/\\\/WWW.derivesdansleglisecatholique.fr\\\/?page_id=363\"]}]},{\"@type\":\"ImageObject\",\"inLanguage\":\"fr-FR\",\"@id\":\"https:\\\/\\\/WWW.derivesdansleglisecatholique.fr\\\/?page_id=363#primaryimage\",\"url\":\"http:\\\/\\\/derivesdansleglisecatholique.fr\\\/wp-content\\\/uploads\\\/2018\\\/03\\\/cyclone-2102397_960_720-300x200.jpg\",\"contentUrl\":\"http:\\\/\\\/derivesdansleglisecatholique.fr\\\/wp-content\\\/uploads\\\/2018\\\/03\\\/cyclone-2102397_960_720-300x200.jpg\"},{\"@type\":\"BreadcrumbList\",\"@id\":\"https:\\\/\\\/WWW.derivesdansleglisecatholique.fr\\\/?page_id=363#breadcrumb\",\"itemListElement\":[{\"@type\":\"ListItem\",\"position\":1,\"name\":\"Accueil\",\"item\":\"https:\\\/\\\/WWW.derivesdansleglisecatholique.fr\\\/\"},{\"@type\":\"ListItem\",\"position\":2,\"name\":\"La violence du psycho-spirituel\"}]},{\"@type\":\"WebSite\",\"@id\":\"https:\\\/\\\/WWW.derivesdansleglisecatholique.fr\\\/#website\",\"url\":\"https:\\\/\\\/WWW.derivesdansleglisecatholique.fr\\\/\",\"name\":\"D\u00e9rives dans l&#039;eglise catholique\",\"description\":\"Justice et V\u00e9rit\u00e9 pour les familles\",\"potentialAction\":[{\"@type\":\"SearchAction\",\"target\":{\"@type\":\"EntryPoint\",\"urlTemplate\":\"https:\\\/\\\/WWW.derivesdansleglisecatholique.fr\\\/?s={search_term_string}\"},\"query-input\":{\"@type\":\"PropertyValueSpecification\",\"valueRequired\":true,\"valueName\":\"search_term_string\"}}],\"inLanguage\":\"fr-FR\"}]}<\/script>\n<!-- \/ Yoast SEO plugin. -->","yoast_head_json":{"title":"La violence du psycho-spirituel - D\u00e9rives dans l&#039;eglise catholique","robots":{"index":"index","follow":"follow","max-snippet":"max-snippet:-1","max-image-preview":"max-image-preview:large","max-video-preview":"max-video-preview:-1"},"canonical":"https:\/\/WWW.derivesdansleglisecatholique.fr\/?page_id=363","og_locale":"fr_FR","og_type":"article","og_title":"La violence du psycho-spirituel - D\u00e9rives dans l&#039;eglise catholique","og_description":". Le psycho-spirituel et ses violences insidieuses \u00a0 Derri\u00e8re beaucoup de sessions dites de gu\u00e9rison, de \u00ab\u00a0relecture de vie\u00a0\u00bb aux diverses appellations racoleuses, se camouflent de dangereuses\u00a0 pratiques\u00a0 psycho-sectaires Ces sessions sont initi\u00e9es et pratiqu\u00e9es par de pr\u00e9tendues th\u00e9rapeutes auto-proclam\u00e9s d\u00e9pourvus de formation et de titre\u00a0 universitaire valide, qui se pr\u00e9valent d&rsquo;agir au nom de &hellip; Read More &rarr;","og_url":"https:\/\/WWW.derivesdansleglisecatholique.fr\/?page_id=363","og_site_name":"D\u00e9rives dans l&#039;eglise catholique","article_modified_time":"2018-03-15T12:32:21+00:00","og_image":[{"url":"http:\/\/derivesdansleglisecatholique.fr\/wp-content\/uploads\/2018\/03\/cyclone-2102397_960_720-300x200.jpg","type":"","width":"","height":""}],"twitter_misc":{"Dur\u00e9e de lecture estim\u00e9e":"9 minutes"},"schema":{"@context":"https:\/\/schema.org","@graph":[{"@type":"WebPage","@id":"https:\/\/WWW.derivesdansleglisecatholique.fr\/?page_id=363","url":"https:\/\/WWW.derivesdansleglisecatholique.fr\/?page_id=363","name":"La violence du psycho-spirituel - D\u00e9rives dans l&#039;eglise catholique","isPartOf":{"@id":"https:\/\/WWW.derivesdansleglisecatholique.fr\/#website"},"primaryImageOfPage":{"@id":"https:\/\/WWW.derivesdansleglisecatholique.fr\/?page_id=363#primaryimage"},"image":{"@id":"https:\/\/WWW.derivesdansleglisecatholique.fr\/?page_id=363#primaryimage"},"thumbnailUrl":"http:\/\/derivesdansleglisecatholique.fr\/wp-content\/uploads\/2018\/03\/cyclone-2102397_960_720-300x200.jpg","datePublished":"2016-12-31T22:14:04+00:00","dateModified":"2018-03-15T12:32:21+00:00","breadcrumb":{"@id":"https:\/\/WWW.derivesdansleglisecatholique.fr\/?page_id=363#breadcrumb"},"inLanguage":"fr-FR","potentialAction":[{"@type":"ReadAction","target":["https:\/\/WWW.derivesdansleglisecatholique.fr\/?page_id=363"]}]},{"@type":"ImageObject","inLanguage":"fr-FR","@id":"https:\/\/WWW.derivesdansleglisecatholique.fr\/?page_id=363#primaryimage","url":"http:\/\/derivesdansleglisecatholique.fr\/wp-content\/uploads\/2018\/03\/cyclone-2102397_960_720-300x200.jpg","contentUrl":"http:\/\/derivesdansleglisecatholique.fr\/wp-content\/uploads\/2018\/03\/cyclone-2102397_960_720-300x200.jpg"},{"@type":"BreadcrumbList","@id":"https:\/\/WWW.derivesdansleglisecatholique.fr\/?page_id=363#breadcrumb","itemListElement":[{"@type":"ListItem","position":1,"name":"Accueil","item":"https:\/\/WWW.derivesdansleglisecatholique.fr\/"},{"@type":"ListItem","position":2,"name":"La violence du psycho-spirituel"}]},{"@type":"WebSite","@id":"https:\/\/WWW.derivesdansleglisecatholique.fr\/#website","url":"https:\/\/WWW.derivesdansleglisecatholique.fr\/","name":"D\u00e9rives dans l&#039;eglise catholique","description":"Justice et V\u00e9rit\u00e9 pour les familles","potentialAction":[{"@type":"SearchAction","target":{"@type":"EntryPoint","urlTemplate":"https:\/\/WWW.derivesdansleglisecatholique.fr\/?s={search_term_string}"},"query-input":{"@type":"PropertyValueSpecification","valueRequired":true,"valueName":"search_term_string"}}],"inLanguage":"fr-FR"}]}},"_links":{"self":[{"href":"https:\/\/WWW.derivesdansleglisecatholique.fr\/index.php?rest_route=\/wp\/v2\/pages\/363","targetHints":{"allow":["GET"]}}],"collection":[{"href":"https:\/\/WWW.derivesdansleglisecatholique.fr\/index.php?rest_route=\/wp\/v2\/pages"}],"about":[{"href":"https:\/\/WWW.derivesdansleglisecatholique.fr\/index.php?rest_route=\/wp\/v2\/types\/page"}],"author":[{"embeddable":true,"href":"https:\/\/WWW.derivesdansleglisecatholique.fr\/index.php?rest_route=\/wp\/v2\/users\/2"}],"replies":[{"embeddable":true,"href":"https:\/\/WWW.derivesdansleglisecatholique.fr\/index.php?rest_route=%2Fwp%2Fv2%2Fcomments&post=363"}],"version-history":[{"count":7,"href":"https:\/\/WWW.derivesdansleglisecatholique.fr\/index.php?rest_route=\/wp\/v2\/pages\/363\/revisions"}],"predecessor-version":[{"id":4536,"href":"https:\/\/WWW.derivesdansleglisecatholique.fr\/index.php?rest_route=\/wp\/v2\/pages\/363\/revisions\/4536"}],"wp:attachment":[{"href":"https:\/\/WWW.derivesdansleglisecatholique.fr\/index.php?rest_route=%2Fwp%2Fv2%2Fmedia&parent=363"}],"curies":[{"name":"wp","href":"https:\/\/api.w.org\/{rel}","templated":true}]}}