{"id":374,"date":"2017-01-03T14:36:13","date_gmt":"2017-01-03T13:36:13","guid":{"rendered":"http:\/\/WWW.derivesdansleglisecatholique.fr\/?page_id=374"},"modified":"2017-01-03T14:44:25","modified_gmt":"2017-01-03T13:44:25","slug":"des-mots-pour-dire","status":"publish","type":"page","link":"https:\/\/WWW.derivesdansleglisecatholique.fr\/?page_id=374","title":{"rendered":"Des mots pour dire"},"content":{"rendered":"<p><span style=\"color: #ffcc99; font-size: 12pt; font-family: 'times new roman', times, serif;\">.<\/span><\/p>\n<p style=\"padding-left: 30px;\"><span style=\"font-size: 12pt; font-family: 'times new roman', times, serif;\">Nous avons d\u00fb prendre du recul par rapport \u00e0 l\u2019emprise psycho-spirituelle qui a touch\u00e9 nos familles de plein fouet et ce afin de pouvoir analyser objectivement ce ph\u00e9nom\u00e8ne qui nous a agress\u00e9s sournoisement, sans que nous n\u2019en comprenions ni la raison ni le but. Nous \u00e9tions an\u00e9antis devant le d\u00e9sastre qui s\u2019\u00e9talait sous nos yeux effar\u00e9s.<\/span><\/p>\n<p style=\"padding-left: 30px;\"><span style=\"color: #ffcc99; font-size: 12pt; font-family: 'times new roman', times, serif;\">.<\/span><\/p>\n<p style=\"padding-left: 30px;\"><span style=\"color: #0000ff; font-size: 14pt; font-family: 'times new roman', times, serif;\"><strong>Les mots de l\u2019horreur\u00a0 <\/strong><\/span><\/p>\n<p style=\"padding-left: 30px;\"><span style=\"font-size: 12pt; font-family: 'times new roman', times, serif;\">Qui, comment et pourquoi\u00a0 peut concevoir une attaque aussi bien dirig\u00e9e, et d\u2019une telle violence contre une famille ? Notre travail en donne la r\u00e9ponse. Les documents ont \u00e9t\u00e9 remis \u00e0 l\u2019\u00e9piscopat. Ils sont irr\u00e9futables. Les mots sont pos\u00e9s et mesur\u00e9s. Les responsables eccl\u00e9siaux n\u2019en sont nullement perturb\u00e9s. Un travail intellectuel, aussi indispensable soit-il, peut aussi offrir une porte de sortie pour fuir les situations concr\u00e8tes. Les concepts peuvent \u00eatre utilis\u00e9s par ceux qui se d\u00e9faussent, pour \u00e9viter la r\u00e9alit\u00e9 qu\u2019ils cachent. Nous avons pos\u00e9 des mots sur l\u2019horreur. Nous sommes s\u00fbrs en nous r\u00e9f\u00e9rant aux courriers \u00e9chang\u00e9s que les mots ont \u00e9t\u00e9 bien compris. Nous sommes certains que l\u2019horreur a \u00e9t\u00e9 soigneusement \u00e9lud\u00e9e.<\/span><\/p>\n<p style=\"padding-left: 30px;\"><span style=\"color: #ffcc99;\">.<\/span><\/p>\n<p style=\"padding-left: 30px;\"><span style=\"font-size: 14pt; font-family: 'times new roman', times, serif; color: #0000ff;\"><strong>L\u2019horreur des mots<\/strong><\/span><\/p>\n<p style=\"padding-left: 30px;\"><span style=\"font-size: 12pt; font-family: 'times new roman', times, serif;\">Il faut donc maintenant mettre au grand jour l\u2019horreur cach\u00e9e derri\u00e8re les mots. La pire de toutes reste nos enfants livr\u00e9s \u00e0 des loups d\u00e9guis\u00e9s en agneaux. Une violence qui s\u00e9vit dans notre Eglise o\u00f9 ces pr\u00e9dateurs sont prot\u00e9g\u00e9s. Nous ne pouvons tout dire des actes de cruaut\u00e9 morale et mentale que nos enfants et nous subissons. Leur violence en est insoutenable. Beaucoup de documents, sur ce site vous en donneront un aper\u00e7u concret.<\/span><\/p>\n<p style=\"padding-left: 30px;\"><span style=\"color: #ffcc99;\">.<\/span><\/p>\n<p style=\"padding-left: 30px;\"><span style=\"font-size: 14pt; font-family: 'times new roman', times, serif; color: #0000ff;\"><strong>La violence<\/strong><\/span><\/p>\n<p style=\"padding-left: 30px;\"><span style=\"font-size: 12pt; font-family: 'times new roman', times, serif;\">Certains de nos lecteurs, en d\u00e9couvrant nos \u00e9crits peuvent en juger les mots agressifs. Qu\u2019ils ne se trompent pas, les mots sont justes, ils ne font que traduire concr\u00e8tement la violence de l\u2019emprise psycho-spirituelle et de ses doctrinaires. Une emprise perverse, inhumaine. \u00a0\u00a0<\/span><\/p>\n<p style=\"padding-left: 30px;\"><span style=\"font-size: 12pt; font-family: 'times new roman', times, serif;\">L\u2019hypocrisie de l\u2019\u00e9piscopat, sous couvert de saintes pri\u00e8res et de bonnes intentions, qui nous sont envoy\u00e9s comme des hochets vides, est une autre violence. Ce n\u2019est pas une nouveaut\u00e9 comme le d\u00e9montre les scandales de p\u00e9dophilie. Y a-t-il pire violence que celle l\u00e0\u00a0?<\/span><\/p>\n<p style=\"padding-left: 30px;\"><span style=\"font-size: 12pt; font-family: 'times new roman', times, serif;\">Les discours de charit\u00e9,\u00a0 l\u2019ann\u00e9e de la mis\u00e9ricorde, et la derni\u00e8re trouvaille le \u00ab\u00a0chemin de consolation\u00a0\u00bb etc., sont\u00a0 dans ce contexte d\u00e9l\u00e9t\u00e8re des chemins trompeurs. Les messes de repentance, quant \u00e0 elles sont une autre forme de violence. Inqualifiable. Celle de la toute puissance de responsables eccl\u00e9siaux qui s\u2019auto-pardonnent.<\/span><\/p>\n<p style=\"padding-left: 30px;\"><span style=\"font-size: 12pt; font-family: 'times new roman', times, serif;\"><strong>\u00a0<\/strong><\/span><\/p>\n<p style=\"padding-left: 30px;\"><span style=\"font-size: 14pt; font-family: 'times new roman', times, serif; color: #0000ff;\"><strong>Parce que nous rejetons cette violence meurtri\u00e8re que nous d\u00e9non\u00e7ons, les mots sont nos seules armes.\u00a0 \u00a0<\/strong><\/span><\/p>\n<p><span style=\"color: #ffcc99;\">.<\/span><\/p>\n","protected":false},"excerpt":{"rendered":"<p>. Nous avons d\u00fb prendre du recul par rapport \u00e0 l\u2019emprise psycho-spirituelle qui a touch\u00e9 nos familles de plein fouet et ce afin de pouvoir analyser objectivement ce ph\u00e9nom\u00e8ne qui nous a agress\u00e9s sournoisement, sans que nous n\u2019en comprenions ni la raison ni le but. Nous \u00e9tions an\u00e9antis devant le d\u00e9sastre qui s\u2019\u00e9talait sous nos <span class=\"ellipsis\">&hellip;<\/span> <span class=\"more-link-wrap\"><a href=\"https:\/\/WWW.derivesdansleglisecatholique.fr\/?page_id=374\" class=\"more-link\"><span>Read More &rarr;<\/span><\/a><\/span><\/p>\n","protected":false},"author":2,"featured_media":0,"parent":0,"menu_order":0,"comment_status":"closed","ping_status":"closed","template":"","meta":{"footnotes":""},"class_list":["post-374","page","type-page","status-publish","hentry"],"yoast_head":"<!-- This site is optimized with the Yoast SEO plugin v27.4 - https:\/\/yoast.com\/product\/yoast-seo-wordpress\/ -->\n<title>Des mots pour dire - D\u00e9rives dans l&#039;eglise catholique<\/title>\n<meta name=\"robots\" content=\"index, follow, max-snippet:-1, max-image-preview:large, max-video-preview:-1\" \/>\n<link rel=\"canonical\" href=\"http:\/\/WWW.derivesdansleglisecatholique.fr\/?page_id=374\" \/>\n<meta property=\"og:locale\" content=\"fr_FR\" \/>\n<meta property=\"og:type\" content=\"article\" \/>\n<meta property=\"og:title\" content=\"Des mots pour dire - D\u00e9rives dans l&#039;eglise catholique\" \/>\n<meta property=\"og:description\" content=\". Nous avons d\u00fb prendre du recul par rapport \u00e0 l\u2019emprise psycho-spirituelle qui a touch\u00e9 nos familles de plein fouet et ce afin de pouvoir analyser objectivement ce ph\u00e9nom\u00e8ne qui nous a agress\u00e9s sournoisement, sans que nous n\u2019en comprenions ni la raison ni le but. Nous \u00e9tions an\u00e9antis devant le d\u00e9sastre qui s\u2019\u00e9talait sous nos &hellip; Read More &rarr;\" \/>\n<meta property=\"og:url\" content=\"http:\/\/WWW.derivesdansleglisecatholique.fr\/?page_id=374\" \/>\n<meta property=\"og:site_name\" content=\"D\u00e9rives dans l&#039;eglise catholique\" \/>\n<meta property=\"article:modified_time\" content=\"2017-01-03T13:44:25+00:00\" \/>\n<meta name=\"twitter:label1\" content=\"Dur\u00e9e de lecture estim\u00e9e\" \/>\n\t<meta name=\"twitter:data1\" content=\"2 minutes\" \/>\n<script type=\"application\/ld+json\" class=\"yoast-schema-graph\">{\"@context\":\"https:\\\/\\\/schema.org\",\"@graph\":[{\"@type\":\"WebPage\",\"@id\":\"http:\\\/\\\/WWW.derivesdansleglisecatholique.fr\\\/?page_id=374\",\"url\":\"http:\\\/\\\/WWW.derivesdansleglisecatholique.fr\\\/?page_id=374\",\"name\":\"Des mots pour dire - D\u00e9rives dans l&#039;eglise catholique\",\"isPartOf\":{\"@id\":\"https:\\\/\\\/WWW.derivesdansleglisecatholique.fr\\\/#website\"},\"datePublished\":\"2017-01-03T13:36:13+00:00\",\"dateModified\":\"2017-01-03T13:44:25+00:00\",\"breadcrumb\":{\"@id\":\"http:\\\/\\\/WWW.derivesdansleglisecatholique.fr\\\/?page_id=374#breadcrumb\"},\"inLanguage\":\"fr-FR\",\"potentialAction\":[{\"@type\":\"ReadAction\",\"target\":[\"http:\\\/\\\/WWW.derivesdansleglisecatholique.fr\\\/?page_id=374\"]}]},{\"@type\":\"BreadcrumbList\",\"@id\":\"http:\\\/\\\/WWW.derivesdansleglisecatholique.fr\\\/?page_id=374#breadcrumb\",\"itemListElement\":[{\"@type\":\"ListItem\",\"position\":1,\"name\":\"Accueil\",\"item\":\"https:\\\/\\\/WWW.derivesdansleglisecatholique.fr\\\/\"},{\"@type\":\"ListItem\",\"position\":2,\"name\":\"Des mots pour dire\"}]},{\"@type\":\"WebSite\",\"@id\":\"https:\\\/\\\/WWW.derivesdansleglisecatholique.fr\\\/#website\",\"url\":\"https:\\\/\\\/WWW.derivesdansleglisecatholique.fr\\\/\",\"name\":\"D\u00e9rives dans l&#039;eglise catholique\",\"description\":\"Justice et V\u00e9rit\u00e9 pour les familles\",\"potentialAction\":[{\"@type\":\"SearchAction\",\"target\":{\"@type\":\"EntryPoint\",\"urlTemplate\":\"https:\\\/\\\/WWW.derivesdansleglisecatholique.fr\\\/?s={search_term_string}\"},\"query-input\":{\"@type\":\"PropertyValueSpecification\",\"valueRequired\":true,\"valueName\":\"search_term_string\"}}],\"inLanguage\":\"fr-FR\"}]}<\/script>\n<!-- \/ Yoast SEO plugin. -->","yoast_head_json":{"title":"Des mots pour dire - D\u00e9rives dans l&#039;eglise catholique","robots":{"index":"index","follow":"follow","max-snippet":"max-snippet:-1","max-image-preview":"max-image-preview:large","max-video-preview":"max-video-preview:-1"},"canonical":"http:\/\/WWW.derivesdansleglisecatholique.fr\/?page_id=374","og_locale":"fr_FR","og_type":"article","og_title":"Des mots pour dire - D\u00e9rives dans l&#039;eglise catholique","og_description":". Nous avons d\u00fb prendre du recul par rapport \u00e0 l\u2019emprise psycho-spirituelle qui a touch\u00e9 nos familles de plein fouet et ce afin de pouvoir analyser objectivement ce ph\u00e9nom\u00e8ne qui nous a agress\u00e9s sournoisement, sans que nous n\u2019en comprenions ni la raison ni le but. Nous \u00e9tions an\u00e9antis devant le d\u00e9sastre qui s\u2019\u00e9talait sous nos &hellip; Read More &rarr;","og_url":"http:\/\/WWW.derivesdansleglisecatholique.fr\/?page_id=374","og_site_name":"D\u00e9rives dans l&#039;eglise catholique","article_modified_time":"2017-01-03T13:44:25+00:00","twitter_misc":{"Dur\u00e9e de lecture estim\u00e9e":"2 minutes"},"schema":{"@context":"https:\/\/schema.org","@graph":[{"@type":"WebPage","@id":"http:\/\/WWW.derivesdansleglisecatholique.fr\/?page_id=374","url":"http:\/\/WWW.derivesdansleglisecatholique.fr\/?page_id=374","name":"Des mots pour dire - D\u00e9rives dans l&#039;eglise catholique","isPartOf":{"@id":"https:\/\/WWW.derivesdansleglisecatholique.fr\/#website"},"datePublished":"2017-01-03T13:36:13+00:00","dateModified":"2017-01-03T13:44:25+00:00","breadcrumb":{"@id":"http:\/\/WWW.derivesdansleglisecatholique.fr\/?page_id=374#breadcrumb"},"inLanguage":"fr-FR","potentialAction":[{"@type":"ReadAction","target":["http:\/\/WWW.derivesdansleglisecatholique.fr\/?page_id=374"]}]},{"@type":"BreadcrumbList","@id":"http:\/\/WWW.derivesdansleglisecatholique.fr\/?page_id=374#breadcrumb","itemListElement":[{"@type":"ListItem","position":1,"name":"Accueil","item":"https:\/\/WWW.derivesdansleglisecatholique.fr\/"},{"@type":"ListItem","position":2,"name":"Des mots pour dire"}]},{"@type":"WebSite","@id":"https:\/\/WWW.derivesdansleglisecatholique.fr\/#website","url":"https:\/\/WWW.derivesdansleglisecatholique.fr\/","name":"D\u00e9rives dans l&#039;eglise catholique","description":"Justice et V\u00e9rit\u00e9 pour les familles","potentialAction":[{"@type":"SearchAction","target":{"@type":"EntryPoint","urlTemplate":"https:\/\/WWW.derivesdansleglisecatholique.fr\/?s={search_term_string}"},"query-input":{"@type":"PropertyValueSpecification","valueRequired":true,"valueName":"search_term_string"}}],"inLanguage":"fr-FR"}]}},"_links":{"self":[{"href":"https:\/\/WWW.derivesdansleglisecatholique.fr\/index.php?rest_route=\/wp\/v2\/pages\/374","targetHints":{"allow":["GET"]}}],"collection":[{"href":"https:\/\/WWW.derivesdansleglisecatholique.fr\/index.php?rest_route=\/wp\/v2\/pages"}],"about":[{"href":"https:\/\/WWW.derivesdansleglisecatholique.fr\/index.php?rest_route=\/wp\/v2\/types\/page"}],"author":[{"embeddable":true,"href":"https:\/\/WWW.derivesdansleglisecatholique.fr\/index.php?rest_route=\/wp\/v2\/users\/2"}],"replies":[{"embeddable":true,"href":"https:\/\/WWW.derivesdansleglisecatholique.fr\/index.php?rest_route=%2Fwp%2Fv2%2Fcomments&post=374"}],"version-history":[{"count":4,"href":"https:\/\/WWW.derivesdansleglisecatholique.fr\/index.php?rest_route=\/wp\/v2\/pages\/374\/revisions"}],"predecessor-version":[{"id":379,"href":"https:\/\/WWW.derivesdansleglisecatholique.fr\/index.php?rest_route=\/wp\/v2\/pages\/374\/revisions\/379"}],"wp:attachment":[{"href":"https:\/\/WWW.derivesdansleglisecatholique.fr\/index.php?rest_route=%2Fwp%2Fv2%2Fmedia&parent=374"}],"curies":[{"name":"wp","href":"https:\/\/api.w.org\/{rel}","templated":true}]}}