{"id":405,"date":"2017-01-04T16:05:32","date_gmt":"2017-01-04T15:05:32","guid":{"rendered":"http:\/\/WWW.derivesdansleglisecatholique.fr\/?page_id=405"},"modified":"2018-02-22T15:29:48","modified_gmt":"2018-02-22T14:29:48","slug":"mystification-de-lepiscopat","status":"publish","type":"page","link":"https:\/\/WWW.derivesdansleglisecatholique.fr\/?page_id=405","title":{"rendered":"La mystification de l\u2019\u00e9piscopat"},"content":{"rendered":"<p><strong>\u00a0<\/strong><\/p>\n<p style=\"text-align: center; padding-left: 30px;\"><a href=\"http:\/\/derivesdansleglisecatholique.fr\/wp-content\/uploads\/2018\/02\/gargoyle-2516606_1920.jpg\"><img loading=\"lazy\" decoding=\"async\" class=\"alignnone size-medium wp-image-4134\" src=\"http:\/\/derivesdansleglisecatholique.fr\/wp-content\/uploads\/2018\/02\/gargoyle-2516606_1920-300x300.jpg\" alt=\"\" width=\"300\" height=\"300\" \/><\/a><\/p>\n<p>&nbsp;<\/p>\n<p style=\"padding-left: 30px;\"><span style=\"font-size: 12pt; font-family: times new roman,times,serif;\">Dans notre Eglise, on constate que ce n\u2019est pas le mal qui d\u00e9range, c\u2019est qu\u2019il se sache. Les scandales m\u00e9diatiques des d\u00e9rives sectaires que nous d\u00e9non\u00e7ons, ont secou\u00e9 l\u2019\u00e9piscopat. Dos au mur, il r\u00e9agit habituellement en annon\u00e7ant l\u2019ouverture d\u2019un lieu d\u2019\u00e9coute &#8211; encore un &#8211; pour donner \u00e0 croire que les victimes sont prises en compte. Quelques na\u00effs s\u2019y font encore prendre. Pour la plupart des personnes, la strat\u00e9gie est \u00e9vent\u00e9e depuis longtemps.<\/span><\/p>\n<p style=\"padding-left: 30px;\"><span style=\"color: #ffcc99;\">.<\/span><\/p>\n<p style=\"padding-left: 30px;\"><span style=\"font-size: 12pt; font-family: times new roman,times,serif;\">Pour vous donner une petite id\u00e9e de la mystification des r\u00e9ponses \u00e9piscopales, voir trois articles de Golias\u00a0:<\/span><\/p>\n<p style=\"padding-left: 30px;\"><span style=\"color: #ffcc99;\">.<\/span><\/p>\n<p style=\"padding-left: 30px;\"><span style=\"font-size: 12pt; font-family: times new roman,times,serif;\"><a href=\"http:\/\/golias-news.fr\/article5860.html\">http:\/\/golias-news.fr\/article5860.html<\/a><\/span><\/p>\n<p style=\"padding-left: 30px;\"><span style=\"font-size: 12pt; font-family: times new roman,times,serif;\"><a href=\"http:\/\/golias-news.fr\/article5923.html\">http:\/\/golias-news.fr\/article5923.html<\/a><\/span><\/p>\n<p style=\"padding-left: 30px;\"><span style=\"font-size: 12pt; font-family: times new roman,times,serif;\"><a href=\"http:\/\/golias-news.fr\/article6017.html\">http:\/\/golias-news.fr\/article6017.html<\/a><\/span><\/p>\n<p style=\"padding-left: 30px;\"><span style=\"color: #ffcc99;\">.<\/span><\/p>\n<p style=\"padding-left: 30px;\"><span style=\"font-size: 12pt; font-family: times new roman,times,serif;\"><strong>La strat\u00e9gie de l\u2019\u00e9piscopat, qui se veut habile, consiste \u00e0 s\u00e9parer la doctrine d\u00e9viante des victimes qu\u2019elle g\u00e9n\u00e8re.<\/strong> Cela revient \u00e0 <strong>changer le go\u00fbt du poison<\/strong> pour mieux <strong>renier les personnes empoisonn\u00e9es<\/strong>. Pour cela, on donne \u00e0\u00a0 croire qu\u2019on d\u00e9couvre ces d\u00e9rives doctrinales dans l\u2019Eglise et on annonce, \u00e0 grands renforts m\u00e9diatiques bien orchestr\u00e9s, les \u00ab\u00a0nouveaux\u00a0\u00bb moyens mis en place, qui datent des vieilles lunes. L\u2019Eglise a de bons communicants, des m\u00e9dias \u00ab\u00a0bienveillants\u00a0\u00bb, aux techniques bien r\u00f4d\u00e9es, capables de faire \u00ab\u00a0mousser\u00a0\u00bb ces annonces. On parach\u00e8ve en mettant en pleine lumi\u00e8re la nomination de doctes \u00ab\u00a0personnalit\u00e9s\u00a0\u00bb charg\u00e9es de mettre droite la doctrine tordue. Hormis que quelques recherches suffisent \u00e0 retrouver ces \u00ab\u00a0personnalit\u00e9s\u00a0\u00bb dans les r\u00e9seaux des gourous. Si cela \u00ab\u00a0chauffe\u00a0\u00bb de trop, on peut aller jusqu\u2019\u00e0 jeter en p\u00e2ture un doctrinaire d\u00e9viant, un fondateur sulfureux, encens\u00e9s pourtant depuis des ann\u00e9es. Pas d\u2019\u00e9tat d\u2019\u00e2me. Ouf\u00a0! Les boucs \u00e9missaires clou\u00e9s au pilori, on le jure maintenant tout ira bien. <strong>Ce tour de passe-passe bien\u00a0 jou\u00e9 dans l\u2019enfumage qui va avec, permet d\u2019\u00e9luder la seule r\u00e9alit\u00e9 qui fait trembler l\u2019\u00e9piscopat\u00a0: les victimes. <\/strong><\/span><\/p>\n<p style=\"padding-left: 30px;\"><span style=\"font-size: 12pt; font-family: times new roman,times,serif;\">Jusqu\u2019au prochain scandale\u2026<\/span><\/p>\n<p style=\"padding-left: 30px;\"><span style=\"color: #ffcc99;\">.<\/span><\/p>\n<p style=\"padding-left: 30px;\"><span style=\"font-size: 14pt; font-family: times new roman,times,serif; color: #0000ff;\"><strong>Selon l\u2019exp\u00e9rience des \u00a0parents, \u00a0la situation peut se r\u00e9sumer ainsi\u00a0:<\/strong><\/span><\/p>\n<p style=\"padding-left: 30px;\"><span style=\"font-size: 12pt; font-family: times new roman,times,serif;\"><strong>\u00a0<\/strong><\/span><\/p>\n<p style=\"padding-left: 30px;\"><span style=\"font-size: 12pt; font-family: times new roman,times,serif;\">&#8211; L\u2019\u00e9piscopat \u00ab\u00a0\u00e9coute\u00a0\u00bb les victimes.<\/span><\/p>\n<p style=\"padding-left: 30px;\"><span style=\"font-size: 12pt; font-family: times new roman,times,serif;\">&#8211; Les gourous continuent en toute tranquillit\u00e9.<\/span><\/p>\n<p style=\"padding-left: 30px;\"><span style=\"font-size: 12pt; font-family: times new roman,times,serif;\">&#8211; Les jeunes se font prendre par centaines.<\/span><\/p>\n<p style=\"padding-left: 30px;\"><span style=\"font-size: 12pt; font-family: times new roman,times,serif;\">&#8211; Les familles subissent ce d\u00e9sastre.<\/span><\/p>\n<p style=\"padding-left: 30px;\"><span style=\"font-size: 12pt; font-family: times new roman,times,serif;\">&#8211; Les m\u00e9dias s\u2019en m\u00ealent, les scandales sont in\u00e9vitables<\/span><\/p>\n<p style=\"padding-left: 30px;\"><span style=\"font-size: 12pt; font-family: times new roman,times,serif;\">&#8211; L\u2019\u00e9piscopat met en place la strat\u00e9gie \u00e9cul\u00e9e qui a fait ses preuves<\/span><\/p>\n<p style=\"padding-left: 30px;\"><span style=\"font-size: 12pt; font-family: times new roman,times,serif;\">&#8211; Les apparences sont sauvegard\u00e9es<\/span><\/p>\n<p style=\"padding-left: 30px;\"><span style=\"font-size: 12pt; font-family: times new roman,times,serif;\">&#8211; On continue \u2026<\/span><\/p>\n<p style=\"padding-left: 30px;\"><span style=\"font-size: 12pt; font-family: times new roman,times,serif;\">Et le cycle infernal se reproduit.<\/span><\/p>\n<p style=\"padding-left: 30px;\"><span style=\"color: #ffcc99;\">.<\/span><\/p>\n<p style=\"padding-left: 30px;\"><span style=\"font-family: times new roman,times,serif; color: #0000ff; font-size: 14pt;\"><strong>Une situation verrouill\u00e9e, monstrueuse, scandaleuse, qui est et sera de plus en plus difficile \u00e0 tenir. <\/strong><\/span><\/p>\n<p style=\"padding-left: 30px;\"><span style=\"color: #ffcc99;\">.<\/span><\/p>\n","protected":false},"excerpt":{"rendered":"<p>\u00a0 &nbsp; Dans notre Eglise, on constate que ce n\u2019est pas le mal qui d\u00e9range, c\u2019est qu\u2019il se sache. Les scandales m\u00e9diatiques des d\u00e9rives sectaires que nous d\u00e9non\u00e7ons, ont secou\u00e9 l\u2019\u00e9piscopat. Dos au mur, il r\u00e9agit habituellement en annon\u00e7ant l\u2019ouverture d\u2019un lieu d\u2019\u00e9coute &#8211; encore un &#8211; pour donner \u00e0 croire que les victimes sont <span class=\"ellipsis\">&hellip;<\/span> <span class=\"more-link-wrap\"><a href=\"https:\/\/WWW.derivesdansleglisecatholique.fr\/?page_id=405\" class=\"more-link\"><span>Read More &rarr;<\/span><\/a><\/span><\/p>\n","protected":false},"author":2,"featured_media":0,"parent":0,"menu_order":0,"comment_status":"closed","ping_status":"closed","template":"","meta":{"footnotes":""},"class_list":["post-405","page","type-page","status-publish","hentry"],"yoast_head":"<!-- This site is optimized with the Yoast SEO plugin v27.4 - https:\/\/yoast.com\/product\/yoast-seo-wordpress\/ -->\n<title>La mystification de l\u2019\u00e9piscopat - D\u00e9rives dans l&#039;eglise catholique<\/title>\n<meta name=\"robots\" content=\"index, follow, max-snippet:-1, max-image-preview:large, max-video-preview:-1\" \/>\n<link rel=\"canonical\" href=\"https:\/\/WWW.derivesdansleglisecatholique.fr\/?page_id=405\" \/>\n<meta property=\"og:locale\" content=\"fr_FR\" \/>\n<meta property=\"og:type\" content=\"article\" \/>\n<meta property=\"og:title\" content=\"La mystification de l\u2019\u00e9piscopat - D\u00e9rives dans l&#039;eglise catholique\" \/>\n<meta property=\"og:description\" content=\"\u00a0 &nbsp; Dans notre Eglise, on constate que ce n\u2019est pas le mal qui d\u00e9range, c\u2019est qu\u2019il se sache. Les scandales m\u00e9diatiques des d\u00e9rives sectaires que nous d\u00e9non\u00e7ons, ont secou\u00e9 l\u2019\u00e9piscopat. Dos au mur, il r\u00e9agit habituellement en annon\u00e7ant l\u2019ouverture d\u2019un lieu d\u2019\u00e9coute &#8211; encore un &#8211; pour donner \u00e0 croire que les victimes sont &hellip; Read More &rarr;\" \/>\n<meta property=\"og:url\" content=\"https:\/\/WWW.derivesdansleglisecatholique.fr\/?page_id=405\" \/>\n<meta property=\"og:site_name\" content=\"D\u00e9rives dans l&#039;eglise catholique\" \/>\n<meta property=\"article:modified_time\" content=\"2018-02-22T14:29:48+00:00\" \/>\n<meta property=\"og:image\" content=\"http:\/\/derivesdansleglisecatholique.fr\/wp-content\/uploads\/2018\/02\/gargoyle-2516606_1920-300x300.jpg\" \/>\n<meta name=\"twitter:label1\" content=\"Dur\u00e9e de lecture estim\u00e9e\" \/>\n\t<meta name=\"twitter:data1\" content=\"2 minutes\" \/>\n<script type=\"application\/ld+json\" class=\"yoast-schema-graph\">{\"@context\":\"https:\\\/\\\/schema.org\",\"@graph\":[{\"@type\":\"WebPage\",\"@id\":\"https:\\\/\\\/WWW.derivesdansleglisecatholique.fr\\\/?page_id=405\",\"url\":\"https:\\\/\\\/WWW.derivesdansleglisecatholique.fr\\\/?page_id=405\",\"name\":\"La mystification de l\u2019\u00e9piscopat - D\u00e9rives dans l&#039;eglise catholique\",\"isPartOf\":{\"@id\":\"https:\\\/\\\/WWW.derivesdansleglisecatholique.fr\\\/#website\"},\"primaryImageOfPage\":{\"@id\":\"https:\\\/\\\/WWW.derivesdansleglisecatholique.fr\\\/?page_id=405#primaryimage\"},\"image\":{\"@id\":\"https:\\\/\\\/WWW.derivesdansleglisecatholique.fr\\\/?page_id=405#primaryimage\"},\"thumbnailUrl\":\"http:\\\/\\\/derivesdansleglisecatholique.fr\\\/wp-content\\\/uploads\\\/2018\\\/02\\\/gargoyle-2516606_1920-300x300.jpg\",\"datePublished\":\"2017-01-04T15:05:32+00:00\",\"dateModified\":\"2018-02-22T14:29:48+00:00\",\"breadcrumb\":{\"@id\":\"https:\\\/\\\/WWW.derivesdansleglisecatholique.fr\\\/?page_id=405#breadcrumb\"},\"inLanguage\":\"fr-FR\",\"potentialAction\":[{\"@type\":\"ReadAction\",\"target\":[\"https:\\\/\\\/WWW.derivesdansleglisecatholique.fr\\\/?page_id=405\"]}]},{\"@type\":\"ImageObject\",\"inLanguage\":\"fr-FR\",\"@id\":\"https:\\\/\\\/WWW.derivesdansleglisecatholique.fr\\\/?page_id=405#primaryimage\",\"url\":\"http:\\\/\\\/derivesdansleglisecatholique.fr\\\/wp-content\\\/uploads\\\/2018\\\/02\\\/gargoyle-2516606_1920-300x300.jpg\",\"contentUrl\":\"http:\\\/\\\/derivesdansleglisecatholique.fr\\\/wp-content\\\/uploads\\\/2018\\\/02\\\/gargoyle-2516606_1920-300x300.jpg\"},{\"@type\":\"BreadcrumbList\",\"@id\":\"https:\\\/\\\/WWW.derivesdansleglisecatholique.fr\\\/?page_id=405#breadcrumb\",\"itemListElement\":[{\"@type\":\"ListItem\",\"position\":1,\"name\":\"Accueil\",\"item\":\"https:\\\/\\\/WWW.derivesdansleglisecatholique.fr\\\/\"},{\"@type\":\"ListItem\",\"position\":2,\"name\":\"La mystification de l\u2019\u00e9piscopat\"}]},{\"@type\":\"WebSite\",\"@id\":\"https:\\\/\\\/WWW.derivesdansleglisecatholique.fr\\\/#website\",\"url\":\"https:\\\/\\\/WWW.derivesdansleglisecatholique.fr\\\/\",\"name\":\"D\u00e9rives dans l&#039;eglise catholique\",\"description\":\"Justice et V\u00e9rit\u00e9 pour les familles\",\"potentialAction\":[{\"@type\":\"SearchAction\",\"target\":{\"@type\":\"EntryPoint\",\"urlTemplate\":\"https:\\\/\\\/WWW.derivesdansleglisecatholique.fr\\\/?s={search_term_string}\"},\"query-input\":{\"@type\":\"PropertyValueSpecification\",\"valueRequired\":true,\"valueName\":\"search_term_string\"}}],\"inLanguage\":\"fr-FR\"}]}<\/script>\n<!-- \/ Yoast SEO plugin. -->","yoast_head_json":{"title":"La mystification de l\u2019\u00e9piscopat - D\u00e9rives dans l&#039;eglise catholique","robots":{"index":"index","follow":"follow","max-snippet":"max-snippet:-1","max-image-preview":"max-image-preview:large","max-video-preview":"max-video-preview:-1"},"canonical":"https:\/\/WWW.derivesdansleglisecatholique.fr\/?page_id=405","og_locale":"fr_FR","og_type":"article","og_title":"La mystification de l\u2019\u00e9piscopat - D\u00e9rives dans l&#039;eglise catholique","og_description":"\u00a0 &nbsp; Dans notre Eglise, on constate que ce n\u2019est pas le mal qui d\u00e9range, c\u2019est qu\u2019il se sache. Les scandales m\u00e9diatiques des d\u00e9rives sectaires que nous d\u00e9non\u00e7ons, ont secou\u00e9 l\u2019\u00e9piscopat. Dos au mur, il r\u00e9agit habituellement en annon\u00e7ant l\u2019ouverture d\u2019un lieu d\u2019\u00e9coute &#8211; encore un &#8211; pour donner \u00e0 croire que les victimes sont &hellip; Read More &rarr;","og_url":"https:\/\/WWW.derivesdansleglisecatholique.fr\/?page_id=405","og_site_name":"D\u00e9rives dans l&#039;eglise catholique","article_modified_time":"2018-02-22T14:29:48+00:00","og_image":[{"url":"http:\/\/derivesdansleglisecatholique.fr\/wp-content\/uploads\/2018\/02\/gargoyle-2516606_1920-300x300.jpg","type":"","width":"","height":""}],"twitter_misc":{"Dur\u00e9e de lecture estim\u00e9e":"2 minutes"},"schema":{"@context":"https:\/\/schema.org","@graph":[{"@type":"WebPage","@id":"https:\/\/WWW.derivesdansleglisecatholique.fr\/?page_id=405","url":"https:\/\/WWW.derivesdansleglisecatholique.fr\/?page_id=405","name":"La mystification de l\u2019\u00e9piscopat - D\u00e9rives dans l&#039;eglise catholique","isPartOf":{"@id":"https:\/\/WWW.derivesdansleglisecatholique.fr\/#website"},"primaryImageOfPage":{"@id":"https:\/\/WWW.derivesdansleglisecatholique.fr\/?page_id=405#primaryimage"},"image":{"@id":"https:\/\/WWW.derivesdansleglisecatholique.fr\/?page_id=405#primaryimage"},"thumbnailUrl":"http:\/\/derivesdansleglisecatholique.fr\/wp-content\/uploads\/2018\/02\/gargoyle-2516606_1920-300x300.jpg","datePublished":"2017-01-04T15:05:32+00:00","dateModified":"2018-02-22T14:29:48+00:00","breadcrumb":{"@id":"https:\/\/WWW.derivesdansleglisecatholique.fr\/?page_id=405#breadcrumb"},"inLanguage":"fr-FR","potentialAction":[{"@type":"ReadAction","target":["https:\/\/WWW.derivesdansleglisecatholique.fr\/?page_id=405"]}]},{"@type":"ImageObject","inLanguage":"fr-FR","@id":"https:\/\/WWW.derivesdansleglisecatholique.fr\/?page_id=405#primaryimage","url":"http:\/\/derivesdansleglisecatholique.fr\/wp-content\/uploads\/2018\/02\/gargoyle-2516606_1920-300x300.jpg","contentUrl":"http:\/\/derivesdansleglisecatholique.fr\/wp-content\/uploads\/2018\/02\/gargoyle-2516606_1920-300x300.jpg"},{"@type":"BreadcrumbList","@id":"https:\/\/WWW.derivesdansleglisecatholique.fr\/?page_id=405#breadcrumb","itemListElement":[{"@type":"ListItem","position":1,"name":"Accueil","item":"https:\/\/WWW.derivesdansleglisecatholique.fr\/"},{"@type":"ListItem","position":2,"name":"La mystification de l\u2019\u00e9piscopat"}]},{"@type":"WebSite","@id":"https:\/\/WWW.derivesdansleglisecatholique.fr\/#website","url":"https:\/\/WWW.derivesdansleglisecatholique.fr\/","name":"D\u00e9rives dans l&#039;eglise catholique","description":"Justice et V\u00e9rit\u00e9 pour les familles","potentialAction":[{"@type":"SearchAction","target":{"@type":"EntryPoint","urlTemplate":"https:\/\/WWW.derivesdansleglisecatholique.fr\/?s={search_term_string}"},"query-input":{"@type":"PropertyValueSpecification","valueRequired":true,"valueName":"search_term_string"}}],"inLanguage":"fr-FR"}]}},"_links":{"self":[{"href":"https:\/\/WWW.derivesdansleglisecatholique.fr\/index.php?rest_route=\/wp\/v2\/pages\/405","targetHints":{"allow":["GET"]}}],"collection":[{"href":"https:\/\/WWW.derivesdansleglisecatholique.fr\/index.php?rest_route=\/wp\/v2\/pages"}],"about":[{"href":"https:\/\/WWW.derivesdansleglisecatholique.fr\/index.php?rest_route=\/wp\/v2\/types\/page"}],"author":[{"embeddable":true,"href":"https:\/\/WWW.derivesdansleglisecatholique.fr\/index.php?rest_route=\/wp\/v2\/users\/2"}],"replies":[{"embeddable":true,"href":"https:\/\/WWW.derivesdansleglisecatholique.fr\/index.php?rest_route=%2Fwp%2Fv2%2Fcomments&post=405"}],"version-history":[{"count":7,"href":"https:\/\/WWW.derivesdansleglisecatholique.fr\/index.php?rest_route=\/wp\/v2\/pages\/405\/revisions"}],"predecessor-version":[{"id":4135,"href":"https:\/\/WWW.derivesdansleglisecatholique.fr\/index.php?rest_route=\/wp\/v2\/pages\/405\/revisions\/4135"}],"wp:attachment":[{"href":"https:\/\/WWW.derivesdansleglisecatholique.fr\/index.php?rest_route=%2Fwp%2Fv2%2Fmedia&parent=405"}],"curies":[{"name":"wp","href":"https:\/\/api.w.org\/{rel}","templated":true}]}}