{"id":417,"date":"2017-01-04T16:21:25","date_gmt":"2017-01-04T15:21:25","guid":{"rendered":"http:\/\/WWW.derivesdansleglisecatholique.fr\/?page_id=417"},"modified":"2017-01-23T22:01:02","modified_gmt":"2017-01-23T21:01:02","slug":"renouveau-charismatique-leglise","status":"publish","type":"page","link":"https:\/\/WWW.derivesdansleglisecatholique.fr\/?page_id=417","title":{"rendered":"Le renouveau charismatique et l\u2019\u00c9glise"},"content":{"rendered":"<p><strong><br \/>\n<\/strong><\/p>\n<p style=\"padding-left: 30px;\"><span style=\"font-size: 14pt; font-family: times new roman,times,serif; color: #0000ff;\"><strong>Une O.P.A.r\u00e9ussie<\/strong><\/span><\/p>\n<p style=\"padding-left: 30px;\"><span style=\"font-size: 12pt; font-family: times new roman,times,serif;\">Les demandes de dons de l\u2019Eglise ne cessent d\u2019encombrer nos bo\u00eetes aux lettres. L\u2019\u00c9glise n\u2019aurait-elle plus d\u2019argent\u00a0? C\u2019est la p\u00e9nurie dans bien des domaines. Les biens immobiliers se vendent dans tous les dioc\u00e8ses, les couvents ferment faute de vocations. De plus en plus de paroisses \u00ab\u00a0passent\u00a0\u00bb au renouveau. Dans celles qui restent, de courageux pr\u00eatres restent fid\u00e8les \u00e0 la foi des ap\u00f4tres, celle de l\u2019\u00c9glise qui se transmet depuis 2000 ans. Une flamme entretenue par l\u2019humble pri\u00e8re des croyants.<\/span><\/p>\n<p style=\"padding-left: 30px;\"><span style=\"color: #ffcc99;\">.<\/span><\/p>\n<p style=\"padding-left: 30px;\"><span style=\"font-size: 14pt; font-family: times new roman,times,serif; color: #0000ff;\"><strong>Pendant ce temps\u00a0:<\/strong><\/span><\/p>\n<p style=\"padding-left: 30px;\"><span style=\"font-size: 12pt; font-family: times new roman,times,serif;\">Le renouveau est \u00e0 la t\u00eate d\u2019un empire financier et immobilier. Ses fondations prolif\u00e8rent. Il recrute des jeunes par centaines. Ses rassemblements regroupent des milliers de personnes. Il pr\u00f4ne un messianisme temporel.<\/span><\/p>\n<p style=\"padding-left: 30px;\"><span style=\"font-size: 12pt; font-family: times new roman,times,serif;\">Ses pr\u00eatres ne se comptent plus. Ils pr\u00eachent la foi en J\u00e9sus gu\u00e9risseur.<\/span><\/p>\n<p style=\"padding-left: 30px;\"><span style=\"color: #ffcc99;\">.<\/span><\/p>\n<p style=\"padding-left: 30px;\"><span style=\"font-size: 14pt; font-family: times new roman,times,serif;\"><strong><span style=\"color: #0000ff;\">Constat\u00a0:<\/span> <\/strong><\/span><\/p>\n<p style=\"padding-left: 30px;\"><span style=\"font-size: 12pt; font-family: times new roman,times,serif;\">&#8211; Le renouveau a d\u00e9voy\u00e9 les vocations de l\u2019Eglise<\/span><\/p>\n<p style=\"padding-left: 30px;\"><span style=\"font-size: 12pt; font-family: times new roman,times,serif;\">&#8211; Les jeunes se font s\u00e9duire, dans des groupes qui n\u2019ont aucun avenir \u00e0 leur offrir.<\/span><\/p>\n<p style=\"padding-left: 30px;\"><span style=\"font-size: 12pt; font-family: times new roman,times,serif;\">&#8211; Le renouveau s\u2019est empar\u00e9 des couvents vides<\/span><\/p>\n<p style=\"padding-left: 30px;\"><span style=\"font-size: 12pt; font-family: times new roman,times,serif;\">&#8211; L\u2019argent coule \u00e0 flots. De la poche des pauvres comme des gros financiers.<\/span><\/p>\n<p style=\"padding-left: 30px;\"><span style=\"font-size: 12pt; font-family: times new roman,times,serif;\">Les marchands dans le temple se sont empar\u00e9s du temple.<\/span><\/p>\n<p style=\"padding-left: 30px;\"><span style=\"color: #ffcc99;\">.<\/span><\/p>\n<div id=\"attachment_101\" style=\"width: 310px\" class=\"wp-caption alignnone\"><img loading=\"lazy\" decoding=\"async\" aria-describedby=\"caption-attachment-101\" class=\"wp-image-101 size-medium\" src=\"http:\/\/derivesdansleglisecatholique.fr\/wp-content\/uploads\/2016\/12\/veau_poussin-300x215.jpg\" width=\"300\" height=\"215\" \/><p id=\"caption-attachment-101\" class=\"wp-caption-text\">Veau d&rsquo;or<\/p><\/div>\n<p style=\"padding-left: 30px;\"><span style=\"font-size: 14pt; font-family: times new roman,times,serif; color: #0000ff;\"><strong>En bonne logique, cela s\u2019appelle une OPA.<\/strong><\/span><\/p>\n<p style=\"padding-left: 30px;\"><span style=\"font-size: 12pt; font-family: times new roman,times,serif;\">Ce tsunami remake pentec\u00f4tiste qui pr\u00f4ne un messianisme temporel laisse de nombreuses victimes sur son passage. La nouvelle \u00ab\u00a0foi\u00a0\u00bb dite catholique\u00a0? On peut le croire lorsque le Pape Fran\u00e7ois demande que toute l\u2019\u00c9glise re\u00e7oive le bapt\u00eame dans l\u2019Esprit\u00a0! Lorsque tant d\u2019\u00e9v\u00eaques encensent leurs pratiques aussi nocives qu\u2019idiotes du d\u00e9veloppement personnel sauce catho.<\/span><\/p>\n<p style=\"padding-left: 30px;\"><span style=\"font-size: 12pt; font-family: times new roman,times,serif;\">Jusqu\u2019ici, comme de bons cathos lambda,\u00a0 nous avons toujours r\u00e9pondu aux demandes de dons de l\u2019Eglise. Une Eglise qui n\u2019a pas boug\u00e9 lorsque nos enfants ont \u00e9t\u00e9 d\u00e9truits par le renouveau. Aussi d\u00e9sormais, qu\u2019elle aille pleurer aupr\u00e8s du veau d\u2019or. Nous ne donnerons plus un sou.<\/span><\/p>\n<p style=\"padding-left: 30px;\"><span style=\"color: #ffcc99;\">.<\/span><\/p>\n","protected":false},"excerpt":{"rendered":"<p>Une O.P.A.r\u00e9ussie Les demandes de dons de l\u2019Eglise ne cessent d\u2019encombrer nos bo\u00eetes aux lettres. L\u2019\u00c9glise n\u2019aurait-elle plus d\u2019argent\u00a0? C\u2019est la p\u00e9nurie dans bien des domaines. Les biens immobiliers se vendent dans tous les dioc\u00e8ses, les couvents ferment faute de vocations. De plus en plus de paroisses \u00ab\u00a0passent\u00a0\u00bb au renouveau. Dans celles qui restent, de <span class=\"ellipsis\">&hellip;<\/span> <span class=\"more-link-wrap\"><a href=\"https:\/\/WWW.derivesdansleglisecatholique.fr\/?page_id=417\" class=\"more-link\"><span>Read More &rarr;<\/span><\/a><\/span><\/p>\n","protected":false},"author":2,"featured_media":0,"parent":0,"menu_order":0,"comment_status":"closed","ping_status":"closed","template":"","meta":{"footnotes":""},"class_list":["post-417","page","type-page","status-publish","hentry"],"yoast_head":"<!-- This site is optimized with the Yoast SEO plugin v27.4 - https:\/\/yoast.com\/product\/yoast-seo-wordpress\/ -->\n<title>Le renouveau charismatique et l\u2019\u00c9glise - D\u00e9rives dans l&#039;eglise catholique<\/title>\n<meta name=\"robots\" content=\"index, follow, max-snippet:-1, max-image-preview:large, max-video-preview:-1\" \/>\n<link rel=\"canonical\" href=\"https:\/\/WWW.derivesdansleglisecatholique.fr\/?page_id=417\" \/>\n<meta property=\"og:locale\" content=\"fr_FR\" \/>\n<meta property=\"og:type\" content=\"article\" \/>\n<meta property=\"og:title\" content=\"Le renouveau charismatique et l\u2019\u00c9glise - D\u00e9rives dans l&#039;eglise catholique\" \/>\n<meta property=\"og:description\" content=\"Une O.P.A.r\u00e9ussie Les demandes de dons de l\u2019Eglise ne cessent d\u2019encombrer nos bo\u00eetes aux lettres. L\u2019\u00c9glise n\u2019aurait-elle plus d\u2019argent\u00a0? C\u2019est la p\u00e9nurie dans bien des domaines. Les biens immobiliers se vendent dans tous les dioc\u00e8ses, les couvents ferment faute de vocations. De plus en plus de paroisses \u00ab\u00a0passent\u00a0\u00bb au renouveau. Dans celles qui restent, de &hellip; Read More &rarr;\" \/>\n<meta property=\"og:url\" content=\"https:\/\/WWW.derivesdansleglisecatholique.fr\/?page_id=417\" \/>\n<meta property=\"og:site_name\" content=\"D\u00e9rives dans l&#039;eglise catholique\" \/>\n<meta property=\"article:modified_time\" content=\"2017-01-23T21:01:02+00:00\" \/>\n<meta property=\"og:image\" content=\"http:\/\/derivesdansleglisecatholique.fr\/wp-content\/uploads\/2016\/12\/veau_poussin-300x215.jpg\" \/>\n<meta name=\"twitter:label1\" content=\"Dur\u00e9e de lecture estim\u00e9e\" \/>\n\t<meta name=\"twitter:data1\" content=\"2 minutes\" \/>\n<script type=\"application\/ld+json\" class=\"yoast-schema-graph\">{\"@context\":\"https:\\\/\\\/schema.org\",\"@graph\":[{\"@type\":\"WebPage\",\"@id\":\"https:\\\/\\\/WWW.derivesdansleglisecatholique.fr\\\/?page_id=417\",\"url\":\"https:\\\/\\\/WWW.derivesdansleglisecatholique.fr\\\/?page_id=417\",\"name\":\"Le renouveau charismatique et l\u2019\u00c9glise - D\u00e9rives dans l&#039;eglise catholique\",\"isPartOf\":{\"@id\":\"https:\\\/\\\/WWW.derivesdansleglisecatholique.fr\\\/#website\"},\"primaryImageOfPage\":{\"@id\":\"https:\\\/\\\/WWW.derivesdansleglisecatholique.fr\\\/?page_id=417#primaryimage\"},\"image\":{\"@id\":\"https:\\\/\\\/WWW.derivesdansleglisecatholique.fr\\\/?page_id=417#primaryimage\"},\"thumbnailUrl\":\"http:\\\/\\\/derivesdansleglisecatholique.fr\\\/wp-content\\\/uploads\\\/2016\\\/12\\\/veau_poussin-300x215.jpg\",\"datePublished\":\"2017-01-04T15:21:25+00:00\",\"dateModified\":\"2017-01-23T21:01:02+00:00\",\"breadcrumb\":{\"@id\":\"https:\\\/\\\/WWW.derivesdansleglisecatholique.fr\\\/?page_id=417#breadcrumb\"},\"inLanguage\":\"fr-FR\",\"potentialAction\":[{\"@type\":\"ReadAction\",\"target\":[\"https:\\\/\\\/WWW.derivesdansleglisecatholique.fr\\\/?page_id=417\"]}]},{\"@type\":\"ImageObject\",\"inLanguage\":\"fr-FR\",\"@id\":\"https:\\\/\\\/WWW.derivesdansleglisecatholique.fr\\\/?page_id=417#primaryimage\",\"url\":\"http:\\\/\\\/derivesdansleglisecatholique.fr\\\/wp-content\\\/uploads\\\/2016\\\/12\\\/veau_poussin-300x215.jpg\",\"contentUrl\":\"http:\\\/\\\/derivesdansleglisecatholique.fr\\\/wp-content\\\/uploads\\\/2016\\\/12\\\/veau_poussin-300x215.jpg\"},{\"@type\":\"BreadcrumbList\",\"@id\":\"https:\\\/\\\/WWW.derivesdansleglisecatholique.fr\\\/?page_id=417#breadcrumb\",\"itemListElement\":[{\"@type\":\"ListItem\",\"position\":1,\"name\":\"Accueil\",\"item\":\"https:\\\/\\\/WWW.derivesdansleglisecatholique.fr\\\/\"},{\"@type\":\"ListItem\",\"position\":2,\"name\":\"Le renouveau charismatique et l\u2019\u00c9glise\"}]},{\"@type\":\"WebSite\",\"@id\":\"https:\\\/\\\/WWW.derivesdansleglisecatholique.fr\\\/#website\",\"url\":\"https:\\\/\\\/WWW.derivesdansleglisecatholique.fr\\\/\",\"name\":\"D\u00e9rives dans l&#039;eglise catholique\",\"description\":\"Justice et V\u00e9rit\u00e9 pour les familles\",\"potentialAction\":[{\"@type\":\"SearchAction\",\"target\":{\"@type\":\"EntryPoint\",\"urlTemplate\":\"https:\\\/\\\/WWW.derivesdansleglisecatholique.fr\\\/?s={search_term_string}\"},\"query-input\":{\"@type\":\"PropertyValueSpecification\",\"valueRequired\":true,\"valueName\":\"search_term_string\"}}],\"inLanguage\":\"fr-FR\"}]}<\/script>\n<!-- \/ Yoast SEO plugin. -->","yoast_head_json":{"title":"Le renouveau charismatique et l\u2019\u00c9glise - D\u00e9rives dans l&#039;eglise catholique","robots":{"index":"index","follow":"follow","max-snippet":"max-snippet:-1","max-image-preview":"max-image-preview:large","max-video-preview":"max-video-preview:-1"},"canonical":"https:\/\/WWW.derivesdansleglisecatholique.fr\/?page_id=417","og_locale":"fr_FR","og_type":"article","og_title":"Le renouveau charismatique et l\u2019\u00c9glise - D\u00e9rives dans l&#039;eglise catholique","og_description":"Une O.P.A.r\u00e9ussie Les demandes de dons de l\u2019Eglise ne cessent d\u2019encombrer nos bo\u00eetes aux lettres. L\u2019\u00c9glise n\u2019aurait-elle plus d\u2019argent\u00a0? C\u2019est la p\u00e9nurie dans bien des domaines. Les biens immobiliers se vendent dans tous les dioc\u00e8ses, les couvents ferment faute de vocations. De plus en plus de paroisses \u00ab\u00a0passent\u00a0\u00bb au renouveau. Dans celles qui restent, de &hellip; Read More &rarr;","og_url":"https:\/\/WWW.derivesdansleglisecatholique.fr\/?page_id=417","og_site_name":"D\u00e9rives dans l&#039;eglise catholique","article_modified_time":"2017-01-23T21:01:02+00:00","og_image":[{"url":"http:\/\/derivesdansleglisecatholique.fr\/wp-content\/uploads\/2016\/12\/veau_poussin-300x215.jpg","type":"","width":"","height":""}],"twitter_misc":{"Dur\u00e9e de lecture estim\u00e9e":"2 minutes"},"schema":{"@context":"https:\/\/schema.org","@graph":[{"@type":"WebPage","@id":"https:\/\/WWW.derivesdansleglisecatholique.fr\/?page_id=417","url":"https:\/\/WWW.derivesdansleglisecatholique.fr\/?page_id=417","name":"Le renouveau charismatique et l\u2019\u00c9glise - D\u00e9rives dans l&#039;eglise catholique","isPartOf":{"@id":"https:\/\/WWW.derivesdansleglisecatholique.fr\/#website"},"primaryImageOfPage":{"@id":"https:\/\/WWW.derivesdansleglisecatholique.fr\/?page_id=417#primaryimage"},"image":{"@id":"https:\/\/WWW.derivesdansleglisecatholique.fr\/?page_id=417#primaryimage"},"thumbnailUrl":"http:\/\/derivesdansleglisecatholique.fr\/wp-content\/uploads\/2016\/12\/veau_poussin-300x215.jpg","datePublished":"2017-01-04T15:21:25+00:00","dateModified":"2017-01-23T21:01:02+00:00","breadcrumb":{"@id":"https:\/\/WWW.derivesdansleglisecatholique.fr\/?page_id=417#breadcrumb"},"inLanguage":"fr-FR","potentialAction":[{"@type":"ReadAction","target":["https:\/\/WWW.derivesdansleglisecatholique.fr\/?page_id=417"]}]},{"@type":"ImageObject","inLanguage":"fr-FR","@id":"https:\/\/WWW.derivesdansleglisecatholique.fr\/?page_id=417#primaryimage","url":"http:\/\/derivesdansleglisecatholique.fr\/wp-content\/uploads\/2016\/12\/veau_poussin-300x215.jpg","contentUrl":"http:\/\/derivesdansleglisecatholique.fr\/wp-content\/uploads\/2016\/12\/veau_poussin-300x215.jpg"},{"@type":"BreadcrumbList","@id":"https:\/\/WWW.derivesdansleglisecatholique.fr\/?page_id=417#breadcrumb","itemListElement":[{"@type":"ListItem","position":1,"name":"Accueil","item":"https:\/\/WWW.derivesdansleglisecatholique.fr\/"},{"@type":"ListItem","position":2,"name":"Le renouveau charismatique et l\u2019\u00c9glise"}]},{"@type":"WebSite","@id":"https:\/\/WWW.derivesdansleglisecatholique.fr\/#website","url":"https:\/\/WWW.derivesdansleglisecatholique.fr\/","name":"D\u00e9rives dans l&#039;eglise catholique","description":"Justice et V\u00e9rit\u00e9 pour les familles","potentialAction":[{"@type":"SearchAction","target":{"@type":"EntryPoint","urlTemplate":"https:\/\/WWW.derivesdansleglisecatholique.fr\/?s={search_term_string}"},"query-input":{"@type":"PropertyValueSpecification","valueRequired":true,"valueName":"search_term_string"}}],"inLanguage":"fr-FR"}]}},"_links":{"self":[{"href":"https:\/\/WWW.derivesdansleglisecatholique.fr\/index.php?rest_route=\/wp\/v2\/pages\/417","targetHints":{"allow":["GET"]}}],"collection":[{"href":"https:\/\/WWW.derivesdansleglisecatholique.fr\/index.php?rest_route=\/wp\/v2\/pages"}],"about":[{"href":"https:\/\/WWW.derivesdansleglisecatholique.fr\/index.php?rest_route=\/wp\/v2\/types\/page"}],"author":[{"embeddable":true,"href":"https:\/\/WWW.derivesdansleglisecatholique.fr\/index.php?rest_route=\/wp\/v2\/users\/2"}],"replies":[{"embeddable":true,"href":"https:\/\/WWW.derivesdansleglisecatholique.fr\/index.php?rest_route=%2Fwp%2Fv2%2Fcomments&post=417"}],"version-history":[{"count":8,"href":"https:\/\/WWW.derivesdansleglisecatholique.fr\/index.php?rest_route=\/wp\/v2\/pages\/417\/revisions"}],"predecessor-version":[{"id":607,"href":"https:\/\/WWW.derivesdansleglisecatholique.fr\/index.php?rest_route=\/wp\/v2\/pages\/417\/revisions\/607"}],"wp:attachment":[{"href":"https:\/\/WWW.derivesdansleglisecatholique.fr\/index.php?rest_route=%2Fwp%2Fv2%2Fmedia&parent=417"}],"curies":[{"name":"wp","href":"https:\/\/api.w.org\/{rel}","templated":true}]}}