{"id":458,"date":"2017-01-10T14:55:42","date_gmt":"2017-01-10T13:55:42","guid":{"rendered":"http:\/\/WWW.derivesdansleglisecatholique.fr\/?page_id=458"},"modified":"2018-03-12T21:09:37","modified_gmt":"2018-03-12T20:09:37","slug":"paroles-de-parents","status":"publish","type":"page","link":"https:\/\/WWW.derivesdansleglisecatholique.fr\/?page_id=458","title":{"rendered":"Paroles de parents"},"content":{"rendered":"<p style=\"padding-left: 30px;\"><span style=\"color: #ffcc99;\">.<\/span><\/p>\n<p>&nbsp;<\/p>\n<p style=\"padding-left: 30px;\"><span style=\"font-family: times\\ new\\ roman, times, serif; font-size: 12pt;\">&#8211; \u00ab D\u00e9noncer co\u00fbte cher et on comprend que les victimes n\u2019en aient pas la force. La r\u00e9ponse est redoutable \u00e0 l\u2019encontre de parents qui osent parler et agir. Pour preuve : apr\u00e8s avoir d\u00e9nonc\u00e9 les gourous et leurs th\u00e9rapies sauvages, o\u00f9 nos enfants se sont fait d\u00e9labrer en se croyant dans des retraites spirituelles, les sanctions \u00e0 notre encontre sont tomb\u00e9es. Nous n\u2019avons pas revu nos enfants pendant 15 ans. Envoy\u00e9s \u00e0 l\u2019\u00e9tranger par leurs gourous. L\u2019\u00c9glise r\u00e9pondant qu\u2019ils sont majeurs. \u2026Alors que ce d\u00e9sastre s\u2019est fait sous la responsabilit\u00e9 d\u2019\u00e9v\u00eaques. Apr\u00e8s bien des d\u00e9marches nous avons pu revoir nos enfants une fois. Ce f\u00fbt une grande violence \u00e0 notre encontre. Ils nous ont accus\u00e9s de toutes les salet\u00e9s que les gourous leur ont implant\u00e9es dans le cerveau. Humainement, c\u2019est un naufrage.<\/span><\/p>\n<p style=\"padding-left: 30px;\"><span style=\"font-family: times\\ new\\ roman, times, serif; font-size: 12pt;\">Toucher \u00e0 la m\u00e9moire pour un psy comp\u00e9tent et dipl\u00f4m\u00e9 est un risque \u00e9valu\u00e9 pour aider un patient. Que des apprentis-sorciers s\u2019en donnent le droit au nom de la foi, sur des jeunes \u00e9quilibr\u00e9s, intelligents, heureux et confiants pour les d\u00e9truire de la sorte, n\u2019est-ce pas un meurtre psychique ?&#8230;Dont nous endurons les souffrances au quotidien. \u00bb<\/span><\/p>\n<p><span style=\"color: #ffcc99;\">.<\/span><\/p>\n<p style=\"padding-left: 30px;\"><span style=\"font-family: times new roman,times,serif; font-size: 12pt;\">&#8211; \u00ab\u00a0Apr\u00e8s des \u00e9tudes sup\u00e9rieures, notre fille avait rejoint la joie dans le c\u0153ur, la vie active. Heureuse au sein de sa famille qu\u2019elle aimait, elle s\u2019\u00e9tait constitu\u00e9e un important r\u00e9seau d\u2019amis. Mais, tout a bascul\u00e9, lorsqu\u2019elle a rencontr\u00e9 un pr\u00eatre du renouveau charismatique qui l\u2019a exorcis\u00e9e sans raison. Elle a subi un v\u00e9ritable lavage de cerveau. Notre calvaire a commenc\u00e9, accusations monstrueuses et arr\u00eat brutal des relations avec la famille. Sid\u00e9r\u00e9s, an\u00e9antis, nous n\u2019avons pas compris ce qui nous arrivait.\u00a0\u00bb<\/span><\/p>\n<p style=\"padding-left: 30px;\"><span style=\"color: #ffcc99;\">.<\/span><\/p>\n<p style=\"padding-left: 30px;\"><span style=\"font-family: times new roman,times,serif; font-size: 12pt;\">&#8211; \u00ab\u00a0Notre fille nous a demand\u00e9 beaucoup d\u2019argent, plusieurs dizaine de milliers d\u2019Euros, pour sa communaut\u00e9 charismatique. Nous avons refus\u00e9. Elle a insist\u00e9, le regard terroris\u00e9, \u00a0ses mains et ses l\u00e8vres tremblaient. Nous avons compris qu\u2019elle avait peur du berger qui attendait notre argent. Un ami qui connait bien notre fille, pr\u00e9sent \u00e0 cet entretien \u00e9tait boulevers\u00e9. Il nous a dit \u00ab\u00a0Ces gens la r\u00e9duisent \u00e0 mendier\u00a0\u00bb. Ma femme et moi en avons pleur\u00e9. Sans surprise, elle n\u2019\u00e9tait plus libre ensuite pour nous recevoir \u2026 Nos jeunes sont utilis\u00e9s dans un travail harassant, sans aucune r\u00e9tribution pas m\u00eame les cotisations l\u00e9gales dues \u00e0 tous les citoyens fran\u00e7ais Le but de ces marchands dans le temple, \u00a0ce n\u2019est que l\u2019argent pour remplir leurs coffres forts. \u00a0\u00bb<\/span><\/p>\n<p style=\"padding-left: 30px;\"><span style=\"color: #ffcc99;\">.<\/span><\/p>\n<p style=\"padding-left: 30px;\"><span style=\"font-family: times new roman,times,serif; font-size: 12pt;\">&#8211; \u00ab\u00a0Notre fille a d\u00e9couvert le renouveau. C\u2019\u00e9tait une fille \u00e9quilibr\u00e9e, aussi ses discours incoh\u00e9rents en revenant chez nous, ont inqui\u00e9t\u00e9 mon mari m\u00e9decin. Nous avons d\u00e9couvert qu\u2019elle a\u00a0 \u00e9t\u00e9 d\u00e9sax\u00e9e par un exorcisme sauvage. Nous avons eu des renseignements alarmants sur ce groupe et nous avons appris que ces exorcismes se font, en catimini, dans une \u00e9glise. Ce que le cur\u00e9 ne peut ignorer. Le drame c\u2019est que beaucoup de jeunes sont touch\u00e9s. C\u2019est atterrant\u00a0! Dans ces groupes, le d\u00e9mon est partout. On exorcise \u00e0 tour de bras. En m\u00eame temps on d\u00e9truit l\u2019amour dans les familles. Il faut voir comment les gens en ressortent. Ce n\u2019est pas chez nous qu\u2019est le d\u00e9mon, ni chez nos enfants, c\u2019est dans cette Eglise\u00a0!<\/span><\/p>\n<p style=\"padding-left: 30px;\"><span style=\"color: #ffcc99;\">.<\/span><\/p>\n<p style=\"padding-left: 30px;\"><span style=\"font-family: times new roman,times,serif; font-size: 12pt;\">&#8211; \u00ab\u00a0Notre fille \u00e9tait intelligente, d\u00e9termin\u00e9e tr\u00e8s droite, bien tremp\u00e9e. Notre confiance \u00e9tait r\u00e9ciproque. Elle allait souvent voir des amis rencontr\u00e9 dans des lieux d\u2019Eglise. Des amis que nous ne connaissions pas. Peu \u00e0 peu, nous l\u2019avons vu changer. Elle mentait, devenait sournoise, nous m\u00e9prisait. Elle a quitt\u00e9 la maison sans nous le dire pour rejoindre une communaut\u00e9 charismatique sulfureuse. C\u2019\u00e9tait trop tard. Tout s\u2019est pr\u00e9par\u00e9 derri\u00e8re notre dos. Elle n\u2019a aucun sentiment, froide, glaciale. Affectivement, elle est morte. Elle nous a rejet\u00e9s d\u2019une fa\u00e7on inhumaine. Nous vivons le pire au quotidien.\u00a0\u00bb<\/span><\/p>\n<p style=\"padding-left: 30px;\"><span style=\"color: #ffcc99;\">.<\/span><\/p>\n<p style=\"padding-left: 30px;\"><span style=\"font-family: times new roman,times,serif; font-size: 12pt;\">&#8211; \u00ab\u00a0Pour notre plus grand malheur, notre enfant a \u00e9t\u00e9 embrigad\u00e9 par un groupe de pri\u00e8re. Les responsables lui ont mis tr\u00e8s rapidement\u00a0 la main dessus. Notre enfant venait de d\u00e9buter la valse des messes biquotidiennes, des pri\u00e8res \u00e0 tout va, des rassemblements sans fin, des s\u00e9minaires, des retraites, etc. Enti\u00e8rement \u00e0 leur service comme une esclave. Elle a tourn\u00e9 le dos \u00e0 sa jeunesse, quid de sa vie professionnelle, nous l\u2019ignorons. Mais, nous avons voulu rencontrer ces marchands de r\u00eaves. Leur comportement a \u00e9t\u00e9 odieux et horrible. En conclusion, notre enfant ne veut plus nous voir.\u00a0\u00bb<\/span><\/p>\n<p style=\"padding-left: 30px;\"><span style=\"color: #ffcc99;\">.<\/span><\/p>\n<p style=\"padding-left: 30px;\"><span style=\"font-family: times new roman,times,serif; font-size: 12pt;\">&#8211; \u00ab\u00a0Je me bats contre un cancer. Ma fille religieuse qui \u00e9tait proche de moi m\u2019a rejet\u00e9. Nous avons d\u00e9couvert, ma femme et moi, qu\u2019on lui avait lessiv\u00e9 le cerveau dans son couvent, o\u00f9 des pratiques sectaires sont entr\u00e9es. Pour lui donner des nouvelles de ma sant\u00e9, on me met dans l\u2019obligation de passer par sa sup\u00e9rieure. Comment penser un seul instant que je vais me soumettre ce diktat. Sa sup\u00e9rieure n\u2019a pas \u00e0 s\u2019imposer dans nos relations, ni \u00e0 les g\u00e9rer. Pas davantage \u00e0 connaitre mon dossier m\u00e9dical. C\u2019est une mise sous emprise non seulement de notre fille mais de notre famille. On craint le pire pour notre fille et les autres s\u0153urs \u00bb<\/span><\/p>\n<p style=\"padding-left: 30px;\"><span style=\"color: #ffcc99;\">.<\/span><\/p>\n<p style=\"padding-left: 30px;\"><span style=\"font-family: times new roman,times,serif; font-size: 12pt;\">&#8211; \u00ab\u00a0Apr\u00e8s sa rencontre avec un th\u00e9rapeute d\u2019une communaut\u00e9 charismatique, ma fille est devenue indiff\u00e9rente, agressive, haineuse. Elle parle de \u00ab\u00a0blessures\u00a0\u00bb auxquelles je ne comprends rien. Tout dialogue est impossible. La col\u00e8re l\u2019envahit, elle ne se maitrise plus. Elle a r\u00e9gress\u00e9 dans un \u00e9tat d\u2019infantilisme inqui\u00e9tant. De l\u2019ext\u00e9rieur, personne ne peut se douter de ce qui se passe. Elle assume sa profession, son statut social, elle fait bonne figure. Le grand d\u00e9sordre de sa vie personnelle n\u2019est pas soup\u00e7onnable. Elle a\u00a0 deux faces \u00e0 l\u2019oppos\u00e9 l\u2019une de l\u2019autre et qui se r\u00e9v\u00e8lent selon les circonstances. L&rsquo;Eglise cautionne ses groupes dangereux, \u00e0 elle de r\u00e9parer\u00a0 SES fautes gravissimes.\u00a0\u00bb<\/span><\/p>\n<p style=\"padding-left: 30px;\"><span style=\"color: #ffcc99;\">.<\/span><\/p>\n<p style=\"padding-left: 30px;\"><span style=\"font-family: times new roman,times,serif; font-size: 12pt;\">&#8211; \u00ab\u00a0Notre fille a demand\u00e9 le bapt\u00eame \u00e0 l\u2019Eglise. Sa formation s\u2019est faite tr\u00e8s vite dans un groupe charismatique. Mon mari retenu par son travail, j\u2019ai voulu assister seule \u00e0 cette c\u00e9r\u00e9monie. J\u2019ai tent\u00e9 d\u2019embrasser mon enfant avant la c\u00e9r\u00e9monie, ses \u00ab\u00a0gourous\u00a0\u00bb m\u2019ont violement bouscul\u00e9e et rejet\u00e9e avec des paroles haineuses. Je me suis r\u00e9fugi\u00e9e en larmes, tremblante, au fond de l\u2019Eglise. Ce sont des paroissiens qui m\u2019ont aid\u00e9e \u00e0 sortir. Dehors, j\u2019ai eu un gros malaise. Pendant ce temps notre enfant recevait le bapt\u00eame. Nous avons d\u00e9cid\u00e9 de ne pas accepter l\u2019inacceptable.\u00a0\u00bb\u00a0<\/span><\/p>\n<p style=\"padding-left: 30px;\"><span style=\"color: #ffcc99;\">.<\/span><\/p>\n<p style=\"padding-left: 30px;\"><span style=\"font-family: times new roman,times,serif; font-size: 12pt;\">&#8211; \u00ab\u00a0Notre fille est soumise \u00e0 un groupe charismatique\u00a0 fanatique qui l\u2019obligeait aux rares moments o\u00f9 elle venait chez nous, \u00e0 s\u2019isoler dans sa chambre plusieurs fois par jour pour \u00ab\u00a0prier\u00a0\u00bb. C\u2019\u00e9tait insupportable. Elle nous accuse d\u2019activit\u00e9s sataniques, de sorcellerie, de voyance. Des accusations sans fondement, sans preuves et pour cause. Nous ne pouvons plus communiquer avec elle. Elle agit sur ordre. Nous avons saisi les responsables eccl\u00e9siaux qui ont tout fait pour nous d\u00e9bouter et ne nous r\u00e9pondent plus. Nous sommes amen\u00e9s \u00e0 penser qu\u2019ils soutiennent ce groupe.\u00a0\u00bb<\/span><\/p>\n<p style=\"padding-left: 30px;\"><span style=\"color: #ffcc99;\">.<\/span><\/p>\n<p style=\"padding-left: 30px;\"><span style=\"font-family: times new roman,times,serif; font-size: 12pt;\">&#8211; \u00ab\u00a0Notre fille religieuse a chang\u00e9 de comportement suite \u00e0 des sessions psycho-spirituelles qui se faisaient dans son couvent. Nos relations en ont \u00e9t\u00e9 brouill\u00e9es par des arguments incoh\u00e9rents. Nous avons compris qu\u2019elle \u00e9tait manipul\u00e9e contre nous, sans savoir par qui. Nos informations alarmantes nous ont amen\u00e9s \u00e0 saisir les autorit\u00e9s. Le retour en f\u00fbt une rupture totale. \u00bb<\/span><\/p>\n<p style=\"padding-left: 30px;\"><span style=\"color: #ffcc99;\">.<\/span><\/p>\n<p style=\"padding-left: 30px;\"><span style=\"font-family: times new roman,times,serif; font-size: 12pt;\">&#8211; \u00ab\u00a0Ces communaut\u00e9s utilisent des jeunes, les dressent contre leurs parents et les utilisent dans un travail au noir, au gr\u00e9 de leurs besoins. C\u2019est une horreur indicible. Dans ces sessions nocives o\u00f9 on leur lave le cerveau par de faux souvenirs, les parents sont train\u00e9s dans la boue, tout comme les anc\u00eatres dont on \u00ab\u00a0revisite la vie\u00a0\u00bb.\u00a0 Nous souhaitions voir notre fille quelques jours par an. Impossible. A la place, on l\u2019envoyait dans des familles \u00ab\u00a0amies\u00a0\u00bb des gourous, sans m\u00eame nous dire o\u00f9 elle \u00e9tait. Pendant ce temps, le chagrin et le souci nous ravageaient. Peu \u00e0 peu, nous ne l\u2019avons plus vue. Elle ne donne plus de nouvelle. Nous ne savons pas o\u00f9 elle est. Ceux qui font \u00e7a, et les hommes d\u2019Eglise qui laissent faire devraient \u00eatre en prison\u00a0!\u00a0\u00bb<\/span><\/p>\n<p style=\"padding-left: 30px;\"><span style=\"color: #ffcc99;\">.<\/span><\/p>\n<p style=\"padding-left: 30px;\"><span style=\"font-family: times new roman,times,serif; font-size: 12pt;\">&#8211; \u00a0\u00ab\u00a0Nous sommes en lien avec des parents, des familles, ravag\u00e9s par ces groupes d\u00e9viants. Des groupes qui s\u2019enrichissent par le travail de nos enfants soumis \u00e0 une loi soi-disant religieuse qui d\u00e9nie leurs droits de citoyens et les droits de leurs parents. C\u2019est du communautarisme. Les responsables eccl\u00e9siaux nous manifestent leur plus profond m\u00e9pris. Ils devraient avoir honte\u00a0!\u00a0\u00a0 Que faut-il faire pour arr\u00eater ce d\u00e9sastre\u00a0?\u00a0\u00bb<\/span><\/p>\n<p style=\"padding-left: 30px;\"><span style=\"color: #ffcc99;\">.<\/span><\/p>\n<p style=\"padding-left: 30px;\"><span style=\"font-family: times new roman,times,serif; font-size: 12pt;\">&#8211; \u00ab\u00a0Comme d\u2019autres parents bien na\u00effs, nous avons fait confiance \u00e0 ces lieux d\u2019\u00e9coute pensant que les pr\u00eatres, les religieux, les la\u00efcs, qui \u00e9taient l\u00e0 nous aideraient. Nous avions encore des liens avec nos enfants, bien que distendus. Nous avons \u00e9t\u00e9 tromp\u00e9s. Les gourous, inform\u00e9s de nos d\u00e9marches,\u00a0 ont violemment activ\u00e9 leur \u00a0manipulation mentale jusqu\u2019\u00e0 briser nos liens\u00a0 familiaux. L\u2019\u00e9piscopat joue double jeu\u00a0: il est juge et partie. Nous avons vu, comme d\u2019autres parents, \u00e0 nos d\u00e9pens qu\u2019il prot\u00e9geait les gourous.\u00a0\u00bb<\/span><\/p>\n<p style=\"padding-left: 30px;\"><span style=\"color: #ffcc99;\">.<\/span><\/p>\n<p style=\"padding-left: 30px;\"><span style=\"font-family: 'times new roman', times, serif; font-size: 12pt;\">&#8211; \u00ab\u00a0Il est des rencontres qui changent le cours d&rsquo;une vie, parfois c&rsquo;est pour le meilleur, parfois pour le pire. Nous avons perdu notre fille il y a maintenant pr\u00e8s de 20 ans, le jour o\u00f9, dans un moment de d\u00e9tresse, elle a crois\u00e9 le chemin d&rsquo;un psychanalyste; jusque l\u00e0, rien que d&rsquo;\u00e0 peu pr\u00e8s commun: rencontrer un psy un peu tordu est une exp\u00e9rience qui n&rsquo;a rien d&rsquo;unique&#8230;Sauf que ce psy-l\u00e0 \u00e9tait aussi pr\u00eatre de la sainte \u00e9glise catholique: psy et confesseur, m\u00e9lange d\u00e9tonant et la famille a explos\u00e9. La rupture fut brutale, totale, les accusations affreuses tant pour le papa que pour la maman.\u00a0\u00bb<\/span><\/p>\n<p style=\"padding-left: 30px;\"><span style=\"color: #ffcc99;\">.<\/span><\/p>\n","protected":false},"excerpt":{"rendered":"<p>. &nbsp; &#8211; \u00ab D\u00e9noncer co\u00fbte cher et on comprend que les victimes n\u2019en aient pas la force. La r\u00e9ponse est redoutable \u00e0 l\u2019encontre de parents qui osent parler et agir. Pour preuve : apr\u00e8s avoir d\u00e9nonc\u00e9 les gourous et leurs th\u00e9rapies sauvages, o\u00f9 nos enfants se sont fait d\u00e9labrer en se croyant dans des <span class=\"ellipsis\">&hellip;<\/span> <span class=\"more-link-wrap\"><a href=\"https:\/\/WWW.derivesdansleglisecatholique.fr\/?page_id=458\" class=\"more-link\"><span>Read More &rarr;<\/span><\/a><\/span><\/p>\n","protected":false},"author":3,"featured_media":0,"parent":0,"menu_order":0,"comment_status":"closed","ping_status":"closed","template":"","meta":{"footnotes":""},"class_list":["post-458","page","type-page","status-publish","hentry"],"yoast_head":"<!-- This site is optimized with the Yoast SEO plugin v27.4 - https:\/\/yoast.com\/product\/yoast-seo-wordpress\/ -->\n<title>Paroles de parents - D\u00e9rives dans l&#039;eglise catholique<\/title>\n<meta name=\"robots\" content=\"index, follow, max-snippet:-1, max-image-preview:large, max-video-preview:-1\" \/>\n<link rel=\"canonical\" href=\"https:\/\/WWW.derivesdansleglisecatholique.fr\/?page_id=458\" \/>\n<meta property=\"og:locale\" content=\"fr_FR\" \/>\n<meta property=\"og:type\" content=\"article\" \/>\n<meta property=\"og:title\" content=\"Paroles de parents - D\u00e9rives dans l&#039;eglise catholique\" \/>\n<meta property=\"og:description\" content=\". &nbsp; &#8211; \u00ab D\u00e9noncer co\u00fbte cher et on comprend que les victimes n\u2019en aient pas la force. La r\u00e9ponse est redoutable \u00e0 l\u2019encontre de parents qui osent parler et agir. Pour preuve : apr\u00e8s avoir d\u00e9nonc\u00e9 les gourous et leurs th\u00e9rapies sauvages, o\u00f9 nos enfants se sont fait d\u00e9labrer en se croyant dans des &hellip; Read More &rarr;\" \/>\n<meta property=\"og:url\" content=\"https:\/\/WWW.derivesdansleglisecatholique.fr\/?page_id=458\" \/>\n<meta property=\"og:site_name\" content=\"D\u00e9rives dans l&#039;eglise catholique\" \/>\n<meta property=\"article:modified_time\" content=\"2018-03-12T20:09:37+00:00\" \/>\n<meta name=\"twitter:label1\" content=\"Dur\u00e9e de lecture estim\u00e9e\" \/>\n\t<meta name=\"twitter:data1\" content=\"9 minutes\" \/>\n<script type=\"application\/ld+json\" class=\"yoast-schema-graph\">{\"@context\":\"https:\\\/\\\/schema.org\",\"@graph\":[{\"@type\":\"WebPage\",\"@id\":\"https:\\\/\\\/WWW.derivesdansleglisecatholique.fr\\\/?page_id=458\",\"url\":\"https:\\\/\\\/WWW.derivesdansleglisecatholique.fr\\\/?page_id=458\",\"name\":\"Paroles de parents - D\u00e9rives dans l&#039;eglise catholique\",\"isPartOf\":{\"@id\":\"https:\\\/\\\/WWW.derivesdansleglisecatholique.fr\\\/#website\"},\"datePublished\":\"2017-01-10T13:55:42+00:00\",\"dateModified\":\"2018-03-12T20:09:37+00:00\",\"breadcrumb\":{\"@id\":\"https:\\\/\\\/WWW.derivesdansleglisecatholique.fr\\\/?page_id=458#breadcrumb\"},\"inLanguage\":\"fr-FR\",\"potentialAction\":[{\"@type\":\"ReadAction\",\"target\":[\"https:\\\/\\\/WWW.derivesdansleglisecatholique.fr\\\/?page_id=458\"]}]},{\"@type\":\"BreadcrumbList\",\"@id\":\"https:\\\/\\\/WWW.derivesdansleglisecatholique.fr\\\/?page_id=458#breadcrumb\",\"itemListElement\":[{\"@type\":\"ListItem\",\"position\":1,\"name\":\"Accueil\",\"item\":\"https:\\\/\\\/WWW.derivesdansleglisecatholique.fr\\\/\"},{\"@type\":\"ListItem\",\"position\":2,\"name\":\"Paroles de parents\"}]},{\"@type\":\"WebSite\",\"@id\":\"https:\\\/\\\/WWW.derivesdansleglisecatholique.fr\\\/#website\",\"url\":\"https:\\\/\\\/WWW.derivesdansleglisecatholique.fr\\\/\",\"name\":\"D\u00e9rives dans l&#039;eglise catholique\",\"description\":\"Justice et V\u00e9rit\u00e9 pour les familles\",\"potentialAction\":[{\"@type\":\"SearchAction\",\"target\":{\"@type\":\"EntryPoint\",\"urlTemplate\":\"https:\\\/\\\/WWW.derivesdansleglisecatholique.fr\\\/?s={search_term_string}\"},\"query-input\":{\"@type\":\"PropertyValueSpecification\",\"valueRequired\":true,\"valueName\":\"search_term_string\"}}],\"inLanguage\":\"fr-FR\"}]}<\/script>\n<!-- \/ Yoast SEO plugin. -->","yoast_head_json":{"title":"Paroles de parents - D\u00e9rives dans l&#039;eglise catholique","robots":{"index":"index","follow":"follow","max-snippet":"max-snippet:-1","max-image-preview":"max-image-preview:large","max-video-preview":"max-video-preview:-1"},"canonical":"https:\/\/WWW.derivesdansleglisecatholique.fr\/?page_id=458","og_locale":"fr_FR","og_type":"article","og_title":"Paroles de parents - D\u00e9rives dans l&#039;eglise catholique","og_description":". &nbsp; &#8211; \u00ab D\u00e9noncer co\u00fbte cher et on comprend que les victimes n\u2019en aient pas la force. La r\u00e9ponse est redoutable \u00e0 l\u2019encontre de parents qui osent parler et agir. Pour preuve : apr\u00e8s avoir d\u00e9nonc\u00e9 les gourous et leurs th\u00e9rapies sauvages, o\u00f9 nos enfants se sont fait d\u00e9labrer en se croyant dans des &hellip; Read More &rarr;","og_url":"https:\/\/WWW.derivesdansleglisecatholique.fr\/?page_id=458","og_site_name":"D\u00e9rives dans l&#039;eglise catholique","article_modified_time":"2018-03-12T20:09:37+00:00","twitter_misc":{"Dur\u00e9e de lecture estim\u00e9e":"9 minutes"},"schema":{"@context":"https:\/\/schema.org","@graph":[{"@type":"WebPage","@id":"https:\/\/WWW.derivesdansleglisecatholique.fr\/?page_id=458","url":"https:\/\/WWW.derivesdansleglisecatholique.fr\/?page_id=458","name":"Paroles de parents - D\u00e9rives dans l&#039;eglise catholique","isPartOf":{"@id":"https:\/\/WWW.derivesdansleglisecatholique.fr\/#website"},"datePublished":"2017-01-10T13:55:42+00:00","dateModified":"2018-03-12T20:09:37+00:00","breadcrumb":{"@id":"https:\/\/WWW.derivesdansleglisecatholique.fr\/?page_id=458#breadcrumb"},"inLanguage":"fr-FR","potentialAction":[{"@type":"ReadAction","target":["https:\/\/WWW.derivesdansleglisecatholique.fr\/?page_id=458"]}]},{"@type":"BreadcrumbList","@id":"https:\/\/WWW.derivesdansleglisecatholique.fr\/?page_id=458#breadcrumb","itemListElement":[{"@type":"ListItem","position":1,"name":"Accueil","item":"https:\/\/WWW.derivesdansleglisecatholique.fr\/"},{"@type":"ListItem","position":2,"name":"Paroles de parents"}]},{"@type":"WebSite","@id":"https:\/\/WWW.derivesdansleglisecatholique.fr\/#website","url":"https:\/\/WWW.derivesdansleglisecatholique.fr\/","name":"D\u00e9rives dans l&#039;eglise catholique","description":"Justice et V\u00e9rit\u00e9 pour les familles","potentialAction":[{"@type":"SearchAction","target":{"@type":"EntryPoint","urlTemplate":"https:\/\/WWW.derivesdansleglisecatholique.fr\/?s={search_term_string}"},"query-input":{"@type":"PropertyValueSpecification","valueRequired":true,"valueName":"search_term_string"}}],"inLanguage":"fr-FR"}]}},"_links":{"self":[{"href":"https:\/\/WWW.derivesdansleglisecatholique.fr\/index.php?rest_route=\/wp\/v2\/pages\/458","targetHints":{"allow":["GET"]}}],"collection":[{"href":"https:\/\/WWW.derivesdansleglisecatholique.fr\/index.php?rest_route=\/wp\/v2\/pages"}],"about":[{"href":"https:\/\/WWW.derivesdansleglisecatholique.fr\/index.php?rest_route=\/wp\/v2\/types\/page"}],"author":[{"embeddable":true,"href":"https:\/\/WWW.derivesdansleglisecatholique.fr\/index.php?rest_route=\/wp\/v2\/users\/3"}],"replies":[{"embeddable":true,"href":"https:\/\/WWW.derivesdansleglisecatholique.fr\/index.php?rest_route=%2Fwp%2Fv2%2Fcomments&post=458"}],"version-history":[{"count":7,"href":"https:\/\/WWW.derivesdansleglisecatholique.fr\/index.php?rest_route=\/wp\/v2\/pages\/458\/revisions"}],"predecessor-version":[{"id":4453,"href":"https:\/\/WWW.derivesdansleglisecatholique.fr\/index.php?rest_route=\/wp\/v2\/pages\/458\/revisions\/4453"}],"wp:attachment":[{"href":"https:\/\/WWW.derivesdansleglisecatholique.fr\/index.php?rest_route=%2Fwp%2Fv2%2Fmedia&parent=458"}],"curies":[{"name":"wp","href":"https:\/\/api.w.org\/{rel}","templated":true}]}}