{"id":525,"date":"2017-01-16T16:09:52","date_gmt":"2017-01-16T15:09:52","guid":{"rendered":"http:\/\/WWW.derivesdansleglisecatholique.fr\/?page_id=525"},"modified":"2017-01-25T21:19:37","modified_gmt":"2017-01-25T20:19:37","slug":"paroles-de-jeunes","status":"publish","type":"page","link":"https:\/\/WWW.derivesdansleglisecatholique.fr\/?page_id=525","title":{"rendered":"Paroles de jeunes"},"content":{"rendered":"<p style=\"padding-left: 30px;\"><span style=\"color: #ffcc99;\">.<\/span><\/p>\n<p style=\"padding-left: 30px;\"><span style=\"font-size: 12pt; font-family: 'times new roman', times, serif;\">&#8211; J\u2019ai rencontr\u00e9 une communaut\u00e9 via un mouvement scout. Dans ce mouvement, chaque jeune, doit avoir un p\u00e8re spirituel. C\u2019est dans ce cadre, que l\u2019un des fr\u00e8res de cette communaut\u00e9 a d\u00e9cid\u00e9, sans me demander mon avis qu\u2019il serait mon p\u00e8re spirituel. Cette relation devenue tr\u00e8s pr\u00e9gnante, \u00e0 mon insu, n\u2019\u00e9tait qu\u2019un filet d\u2019\u00e9motionnel et d\u2019affectif. Seule la culpabilisation \u00e0 outrance \u00e9tait reine. Via chantage affectif, j\u2019ai \u00e9t\u00e9 contrainte de participer \u00e0 tous les week-ends, tous les rassemblements et retraites de cette abbaye. Mon intelligence n\u2019avait aucune place. J\u2019ai heureusement rencontr\u00e9 une moniale, qui, par un travail intellectuel, a redonn\u00e9 sa place \u00e0 la raison et au discernement. J\u2019ai coup\u00e9 tous liens avec cette abbaye. Il m\u2019a fallu plusieurs ann\u00e9es pour que mon affectif retrouve sa juste place. Depuis, j\u2019ai retrouv\u00e9 ma libert\u00e9, des relations normales avec mes amis.<\/span><\/p>\n<p style=\"padding-left: 30px;\"><img loading=\"lazy\" decoding=\"async\" class=\"size-medium wp-image-96 aligncenter\" src=\"http:\/\/derivesdansleglisecatholique.fr\/wp-content\/uploads\/2016\/12\/Samuel_speaking_to_the_Lord-233x300.jpg\" alt=\"\" width=\"233\" height=\"300\" \/><\/p>\n<p style=\"padding-left: 30px;\"><span style=\"color: #ffcc99; font-size: 12pt; font-family: 'times new roman', times, serif;\">.<\/span><\/p>\n<p style=\"padding-left: 30px;\"><span style=\"font-size: 12pt; font-family: 'times new roman', times, serif;\">&#8211; Une de mes amies voulait entrer au couvent et m\u2019a emmen\u00e9e \u00e0 plusieurs reprises dans une communaut\u00e9, au sein de laquelle se trouvait son p\u00e8re spirituel. Puis, son p\u00e8re spirituel est devenu le lien. J\u2019ai subi pendant plusieurs ann\u00e9es une emprise effroyable. J\u2019\u00e9tais jeune, je n\u2019avais aucune formation ni aucun discernement. Il se comportait comme un v\u00e9ritable gourou. Petit \u00e0 petit il m\u2019a prise sous sa coupe. Je n\u2019arrivais pas \u00e0 me d\u00e9faire de ces liens, car il me culpabilisait sans cesse. Je devais \u00e9couter la musique qu\u2019il me disait d\u2019\u00e9couter, m\u2019habiller selon ses go\u00fbts\u00a0: je subissais critiques et remarques meurtri\u00e8res. Je n\u2019avais presque pas d\u2019amis, car cette relation \u00e9tait exclusive. J\u2019ai su plus tard qu\u2019il \u00e9tait tr\u00e8s proche d\u2019une communaut\u00e9 nouvelle, et son p\u00e8re abb\u00e9 \u00e9tait fan des retraites de gu\u00e9rison. Il avait d\u00e9cid\u00e9 que j\u2019avais une vocation religieuse, mais se moquait de mon avis. Pire, j\u2019en ai parl\u00e9 un jour \u00e0 un pr\u00eatre qui ne m\u2019a pas crue. Cette abbaye avait pignon sur rue. Heureusement, un pr\u00eatre j\u00e9suite m\u2019a sortie de l\u00e0, sans trop de dommages.<\/span><\/p>\n<p style=\"padding-left: 30px;\"><span style=\"color: #ffcc99;\">.<\/span><\/p>\n<p style=\"padding-left: 30px;\"><span style=\"font-family: times new roman,times,serif; font-size: 12pt;\">&#8211; J&rsquo;ai 16 ans et je participe pour la premi\u00e8re fois \u00e0 une retraite de 3 jours dans une Communaut\u00e9 Nouvelle experte dans les rassemblements de jeunes.<\/span><\/p>\n<p style=\"padding-left: 30px;\"><span style=\"color: #ffcc99;\">.<\/span><\/p>\n<p style=\"padding-left: 30px;\"><span style=\"font-family: times new roman,times,serif; font-size: 12pt;\">Lors d\u2019un temps de partage-relecture, j&rsquo;exprime rapidement, clairement et respectueusement ma surprise d\u2019avoir du longuement chercher mes blessures et mes faiblesses (objectif demand\u00e9 par les diverses activit\u00e9s). En effet, je suis du genre \u00e0 voir le verre \u00e0 moiti\u00e9 plein\u00a0! Et je m&rsquo;estime privil\u00e9gi\u00e9 &#8230;J&rsquo;argumente vite\u00a0:\u00a0\u00ab\u00a0oui, je ne suis pas n\u00e9 dans une favela\u00a0! \u2026 et si je suis ici aujourd&rsquo;hui c&rsquo;est parce que mes parents ont pay\u00e9 la session et le transport\u00a0!&#8230;\u00a0\u00bb<\/span><\/p>\n<p style=\"padding-left: 30px;\"><span style=\"font-family: times new roman,times,serif; font-size: 12pt;\">Quand subitement, des animateurs me poussent \u00e0 quitter la pi\u00e8ce\u00a0 A l&rsquo;ext\u00e9rieur, ils tentent de me d\u00e9stabiliser en pointant mon \u00ab\u00a0incapacit\u00e9\u00a0\u00bb \u00e0 rentrer dans la retraite, \u00e0 prier\u00a0\u2026 et mon \u00ab\u00a0attitude n\u00e9faste\u00a0\u00bb pour les autres \u2026<\/span><\/p>\n<p>&nbsp;<\/p>\n<p style=\"padding-left: 30px;\"><span style=\"font-family: times new roman,times,serif; font-size: 12pt;\">Je suis saisi par\u00a0:<\/span><\/p>\n<p style=\"padding-left: 30px;\"><span style=\"color: #ffcc99;\">.<\/span><\/p>\n<ul>\n<li style=\"padding-left: 30px;\"><span style=\"font-family: times new roman,times,serif; font-size: 12pt;\">le d\u00e9calage entre ma prise de parole et la r\u00e9action des animateurs<\/span><\/li>\n<li style=\"padding-left: 30px;\"><span style=\"font-family: times new roman,times,serif; font-size: 12pt;\">l&rsquo;absence de libert\u00e9 de pens\u00e9e et de libert\u00e9 d&rsquo;expression<\/span><\/li>\n<li style=\"padding-left: 30px;\"><span style=\"font-family: times new roman,times,serif; font-size: 12pt;\">la volont\u00e9 de me culpabiliser, de me rendre fautif, malsain<\/span><\/li>\n<li style=\"padding-left: 30px;\"><span style=\"font-family: times new roman,times,serif; font-size: 12pt;\">l&rsquo;importance accord\u00e9e aux \u00ab\u00a0blessures\u00a0\u00bb<\/span><\/li>\n<\/ul>\n<p style=\"padding-left: 30px;\"><span style=\"color: #ffcc99;\">.<\/span><\/p>\n<p style=\"padding-left: 30px;\"><span style=\"font-family: times new roman,times,serif; font-size: 12pt;\">Je termine le week-end, totalement isol\u00e9&#8230;et je repars assur\u00e9 que la forme fraternelle, moderne, festive\u00a0 ne sauve pas le fond n\u00e9gatif, violent, pervers \u2026<\/span><\/p>\n<p style=\"padding-left: 30px;\"><span style=\"color: #ffcc99;\">.<\/span><\/p>\n<p style=\"padding-left: 30px;\"><strong><span style=\"font-family: times new roman,times,serif; font-size: 12pt;\">Le Renouveau Charismatique \u2026 se passera de moi\u00a0!<\/span><\/strong><\/p>\n<p style=\"padding-left: 30px;\"><span style=\"font-family: times new roman,times,serif; font-size: 12pt; color: #ffcc99;\">\u00a0.<\/span><\/p>\n","protected":false},"excerpt":{"rendered":"<p>. &#8211; J\u2019ai rencontr\u00e9 une communaut\u00e9 via un mouvement scout. Dans ce mouvement, chaque jeune, doit avoir un p\u00e8re spirituel. C\u2019est dans ce cadre, que l\u2019un des fr\u00e8res de cette communaut\u00e9 a d\u00e9cid\u00e9, sans me demander mon avis qu\u2019il serait mon p\u00e8re spirituel. Cette relation devenue tr\u00e8s pr\u00e9gnante, \u00e0 mon insu, n\u2019\u00e9tait qu\u2019un filet d\u2019\u00e9motionnel <span class=\"ellipsis\">&hellip;<\/span> <span class=\"more-link-wrap\"><a href=\"https:\/\/WWW.derivesdansleglisecatholique.fr\/?page_id=525\" class=\"more-link\"><span>Read More &rarr;<\/span><\/a><\/span><\/p>\n","protected":false},"author":3,"featured_media":0,"parent":0,"menu_order":0,"comment_status":"closed","ping_status":"closed","template":"","meta":{"footnotes":""},"class_list":["post-525","page","type-page","status-publish","hentry"],"yoast_head":"<!-- This site is optimized with the Yoast SEO plugin v27.4 - https:\/\/yoast.com\/product\/yoast-seo-wordpress\/ -->\n<title>Paroles de jeunes - D\u00e9rives dans l&#039;eglise catholique<\/title>\n<meta name=\"robots\" content=\"index, follow, max-snippet:-1, max-image-preview:large, max-video-preview:-1\" \/>\n<link rel=\"canonical\" href=\"https:\/\/WWW.derivesdansleglisecatholique.fr\/?page_id=525\" \/>\n<meta property=\"og:locale\" content=\"fr_FR\" \/>\n<meta property=\"og:type\" content=\"article\" \/>\n<meta property=\"og:title\" content=\"Paroles de jeunes - D\u00e9rives dans l&#039;eglise catholique\" \/>\n<meta property=\"og:description\" content=\". &#8211; J\u2019ai rencontr\u00e9 une communaut\u00e9 via un mouvement scout. Dans ce mouvement, chaque jeune, doit avoir un p\u00e8re spirituel. C\u2019est dans ce cadre, que l\u2019un des fr\u00e8res de cette communaut\u00e9 a d\u00e9cid\u00e9, sans me demander mon avis qu\u2019il serait mon p\u00e8re spirituel. Cette relation devenue tr\u00e8s pr\u00e9gnante, \u00e0 mon insu, n\u2019\u00e9tait qu\u2019un filet d\u2019\u00e9motionnel &hellip; Read More &rarr;\" \/>\n<meta property=\"og:url\" content=\"https:\/\/WWW.derivesdansleglisecatholique.fr\/?page_id=525\" \/>\n<meta property=\"og:site_name\" content=\"D\u00e9rives dans l&#039;eglise catholique\" \/>\n<meta property=\"article:modified_time\" content=\"2017-01-25T20:19:37+00:00\" \/>\n<meta property=\"og:image\" content=\"http:\/\/derivesdansleglisecatholique.fr\/wp-content\/uploads\/2016\/12\/Samuel_speaking_to_the_Lord-233x300.jpg\" \/>\n<meta name=\"twitter:label1\" content=\"Dur\u00e9e de lecture estim\u00e9e\" \/>\n\t<meta name=\"twitter:data1\" content=\"3 minutes\" \/>\n<script type=\"application\/ld+json\" class=\"yoast-schema-graph\">{\"@context\":\"https:\\\/\\\/schema.org\",\"@graph\":[{\"@type\":\"WebPage\",\"@id\":\"https:\\\/\\\/WWW.derivesdansleglisecatholique.fr\\\/?page_id=525\",\"url\":\"https:\\\/\\\/WWW.derivesdansleglisecatholique.fr\\\/?page_id=525\",\"name\":\"Paroles de jeunes - D\u00e9rives dans l&#039;eglise catholique\",\"isPartOf\":{\"@id\":\"https:\\\/\\\/WWW.derivesdansleglisecatholique.fr\\\/#website\"},\"primaryImageOfPage\":{\"@id\":\"https:\\\/\\\/WWW.derivesdansleglisecatholique.fr\\\/?page_id=525#primaryimage\"},\"image\":{\"@id\":\"https:\\\/\\\/WWW.derivesdansleglisecatholique.fr\\\/?page_id=525#primaryimage\"},\"thumbnailUrl\":\"http:\\\/\\\/derivesdansleglisecatholique.fr\\\/wp-content\\\/uploads\\\/2016\\\/12\\\/Samuel_speaking_to_the_Lord-233x300.jpg\",\"datePublished\":\"2017-01-16T15:09:52+00:00\",\"dateModified\":\"2017-01-25T20:19:37+00:00\",\"breadcrumb\":{\"@id\":\"https:\\\/\\\/WWW.derivesdansleglisecatholique.fr\\\/?page_id=525#breadcrumb\"},\"inLanguage\":\"fr-FR\",\"potentialAction\":[{\"@type\":\"ReadAction\",\"target\":[\"https:\\\/\\\/WWW.derivesdansleglisecatholique.fr\\\/?page_id=525\"]}]},{\"@type\":\"ImageObject\",\"inLanguage\":\"fr-FR\",\"@id\":\"https:\\\/\\\/WWW.derivesdansleglisecatholique.fr\\\/?page_id=525#primaryimage\",\"url\":\"http:\\\/\\\/derivesdansleglisecatholique.fr\\\/wp-content\\\/uploads\\\/2016\\\/12\\\/Samuel_speaking_to_the_Lord-233x300.jpg\",\"contentUrl\":\"http:\\\/\\\/derivesdansleglisecatholique.fr\\\/wp-content\\\/uploads\\\/2016\\\/12\\\/Samuel_speaking_to_the_Lord-233x300.jpg\"},{\"@type\":\"BreadcrumbList\",\"@id\":\"https:\\\/\\\/WWW.derivesdansleglisecatholique.fr\\\/?page_id=525#breadcrumb\",\"itemListElement\":[{\"@type\":\"ListItem\",\"position\":1,\"name\":\"Accueil\",\"item\":\"https:\\\/\\\/WWW.derivesdansleglisecatholique.fr\\\/\"},{\"@type\":\"ListItem\",\"position\":2,\"name\":\"Paroles de jeunes\"}]},{\"@type\":\"WebSite\",\"@id\":\"https:\\\/\\\/WWW.derivesdansleglisecatholique.fr\\\/#website\",\"url\":\"https:\\\/\\\/WWW.derivesdansleglisecatholique.fr\\\/\",\"name\":\"D\u00e9rives dans l&#039;eglise catholique\",\"description\":\"Justice et V\u00e9rit\u00e9 pour les familles\",\"potentialAction\":[{\"@type\":\"SearchAction\",\"target\":{\"@type\":\"EntryPoint\",\"urlTemplate\":\"https:\\\/\\\/WWW.derivesdansleglisecatholique.fr\\\/?s={search_term_string}\"},\"query-input\":{\"@type\":\"PropertyValueSpecification\",\"valueRequired\":true,\"valueName\":\"search_term_string\"}}],\"inLanguage\":\"fr-FR\"}]}<\/script>\n<!-- \/ Yoast SEO plugin. -->","yoast_head_json":{"title":"Paroles de jeunes - D\u00e9rives dans l&#039;eglise catholique","robots":{"index":"index","follow":"follow","max-snippet":"max-snippet:-1","max-image-preview":"max-image-preview:large","max-video-preview":"max-video-preview:-1"},"canonical":"https:\/\/WWW.derivesdansleglisecatholique.fr\/?page_id=525","og_locale":"fr_FR","og_type":"article","og_title":"Paroles de jeunes - D\u00e9rives dans l&#039;eglise catholique","og_description":". &#8211; J\u2019ai rencontr\u00e9 une communaut\u00e9 via un mouvement scout. Dans ce mouvement, chaque jeune, doit avoir un p\u00e8re spirituel. C\u2019est dans ce cadre, que l\u2019un des fr\u00e8res de cette communaut\u00e9 a d\u00e9cid\u00e9, sans me demander mon avis qu\u2019il serait mon p\u00e8re spirituel. Cette relation devenue tr\u00e8s pr\u00e9gnante, \u00e0 mon insu, n\u2019\u00e9tait qu\u2019un filet d\u2019\u00e9motionnel &hellip; Read More &rarr;","og_url":"https:\/\/WWW.derivesdansleglisecatholique.fr\/?page_id=525","og_site_name":"D\u00e9rives dans l&#039;eglise catholique","article_modified_time":"2017-01-25T20:19:37+00:00","og_image":[{"url":"http:\/\/derivesdansleglisecatholique.fr\/wp-content\/uploads\/2016\/12\/Samuel_speaking_to_the_Lord-233x300.jpg","type":"","width":"","height":""}],"twitter_misc":{"Dur\u00e9e de lecture estim\u00e9e":"3 minutes"},"schema":{"@context":"https:\/\/schema.org","@graph":[{"@type":"WebPage","@id":"https:\/\/WWW.derivesdansleglisecatholique.fr\/?page_id=525","url":"https:\/\/WWW.derivesdansleglisecatholique.fr\/?page_id=525","name":"Paroles de jeunes - D\u00e9rives dans l&#039;eglise catholique","isPartOf":{"@id":"https:\/\/WWW.derivesdansleglisecatholique.fr\/#website"},"primaryImageOfPage":{"@id":"https:\/\/WWW.derivesdansleglisecatholique.fr\/?page_id=525#primaryimage"},"image":{"@id":"https:\/\/WWW.derivesdansleglisecatholique.fr\/?page_id=525#primaryimage"},"thumbnailUrl":"http:\/\/derivesdansleglisecatholique.fr\/wp-content\/uploads\/2016\/12\/Samuel_speaking_to_the_Lord-233x300.jpg","datePublished":"2017-01-16T15:09:52+00:00","dateModified":"2017-01-25T20:19:37+00:00","breadcrumb":{"@id":"https:\/\/WWW.derivesdansleglisecatholique.fr\/?page_id=525#breadcrumb"},"inLanguage":"fr-FR","potentialAction":[{"@type":"ReadAction","target":["https:\/\/WWW.derivesdansleglisecatholique.fr\/?page_id=525"]}]},{"@type":"ImageObject","inLanguage":"fr-FR","@id":"https:\/\/WWW.derivesdansleglisecatholique.fr\/?page_id=525#primaryimage","url":"http:\/\/derivesdansleglisecatholique.fr\/wp-content\/uploads\/2016\/12\/Samuel_speaking_to_the_Lord-233x300.jpg","contentUrl":"http:\/\/derivesdansleglisecatholique.fr\/wp-content\/uploads\/2016\/12\/Samuel_speaking_to_the_Lord-233x300.jpg"},{"@type":"BreadcrumbList","@id":"https:\/\/WWW.derivesdansleglisecatholique.fr\/?page_id=525#breadcrumb","itemListElement":[{"@type":"ListItem","position":1,"name":"Accueil","item":"https:\/\/WWW.derivesdansleglisecatholique.fr\/"},{"@type":"ListItem","position":2,"name":"Paroles de jeunes"}]},{"@type":"WebSite","@id":"https:\/\/WWW.derivesdansleglisecatholique.fr\/#website","url":"https:\/\/WWW.derivesdansleglisecatholique.fr\/","name":"D\u00e9rives dans l&#039;eglise catholique","description":"Justice et V\u00e9rit\u00e9 pour les familles","potentialAction":[{"@type":"SearchAction","target":{"@type":"EntryPoint","urlTemplate":"https:\/\/WWW.derivesdansleglisecatholique.fr\/?s={search_term_string}"},"query-input":{"@type":"PropertyValueSpecification","valueRequired":true,"valueName":"search_term_string"}}],"inLanguage":"fr-FR"}]}},"_links":{"self":[{"href":"https:\/\/WWW.derivesdansleglisecatholique.fr\/index.php?rest_route=\/wp\/v2\/pages\/525","targetHints":{"allow":["GET"]}}],"collection":[{"href":"https:\/\/WWW.derivesdansleglisecatholique.fr\/index.php?rest_route=\/wp\/v2\/pages"}],"about":[{"href":"https:\/\/WWW.derivesdansleglisecatholique.fr\/index.php?rest_route=\/wp\/v2\/types\/page"}],"author":[{"embeddable":true,"href":"https:\/\/WWW.derivesdansleglisecatholique.fr\/index.php?rest_route=\/wp\/v2\/users\/3"}],"replies":[{"embeddable":true,"href":"https:\/\/WWW.derivesdansleglisecatholique.fr\/index.php?rest_route=%2Fwp%2Fv2%2Fcomments&post=525"}],"version-history":[{"count":11,"href":"https:\/\/WWW.derivesdansleglisecatholique.fr\/index.php?rest_route=\/wp\/v2\/pages\/525\/revisions"}],"predecessor-version":[{"id":630,"href":"https:\/\/WWW.derivesdansleglisecatholique.fr\/index.php?rest_route=\/wp\/v2\/pages\/525\/revisions\/630"}],"wp:attachment":[{"href":"https:\/\/WWW.derivesdansleglisecatholique.fr\/index.php?rest_route=%2Fwp%2Fv2%2Fmedia&parent=525"}],"curies":[{"name":"wp","href":"https:\/\/api.w.org\/{rel}","templated":true}]}}