{"id":6278,"date":"2018-09-19T14:01:43","date_gmt":"2018-09-19T13:01:43","guid":{"rendered":"http:\/\/WWW.derivesdansleglisecatholique.fr\/?page_id=6278"},"modified":"2018-09-19T14:05:39","modified_gmt":"2018-09-19T13:05:39","slug":"reflexions","status":"publish","type":"page","link":"https:\/\/WWW.derivesdansleglisecatholique.fr\/?page_id=6278","title":{"rendered":"R\u00e9flexions"},"content":{"rendered":"<p>&nbsp;<\/p>\n<p>&nbsp;<\/p>\n<p><img loading=\"lazy\" decoding=\"async\" class=\"aligncenter wp-image-6274 size-full\" src=\"http:\/\/derivesdansleglisecatholique.fr\/wp-content\/uploads\/2018\/09\/Le-loup-gourou-psychospirituel.jpg\" alt=\"\" width=\"572\" height=\"499\" srcset=\"http:\/\/derivesdansleglisecatholique.fr\/wp-content\/uploads\/2018\/09\/Le-loup-gourou-psychospirituel.jpg 572w, http:\/\/derivesdansleglisecatholique.fr\/wp-content\/uploads\/2018\/09\/Le-loup-gourou-psychospirituel-300x262.jpg 300w\" sizes=\"auto, (max-width: 572px) 100vw, 572px\" \/><img loading=\"lazy\" decoding=\"async\" class=\"wp-image-6276 size-full aligncenter\" src=\"http:\/\/derivesdansleglisecatholique.fr\/wp-content\/uploads\/2018\/09\/Le-Psy-spi-la-grande-illusion.jpg\" alt=\"\" width=\"629\" height=\"634\" srcset=\"http:\/\/derivesdansleglisecatholique.fr\/wp-content\/uploads\/2018\/09\/Le-Psy-spi-la-grande-illusion.jpg 629w, http:\/\/derivesdansleglisecatholique.fr\/wp-content\/uploads\/2018\/09\/Le-Psy-spi-la-grande-illusion-150x150.jpg 150w, http:\/\/derivesdansleglisecatholique.fr\/wp-content\/uploads\/2018\/09\/Le-Psy-spi-la-grande-illusion-298x300.jpg 298w\" sizes=\"auto, (max-width: 629px) 100vw, 629px\" \/><img loading=\"lazy\" decoding=\"async\" class=\"aligncenter wp-image-6273 size-full\" src=\"http:\/\/derivesdansleglisecatholique.fr\/wp-content\/uploads\/2018\/09\/La-complicit\u00e9-de-linstitution.jpg\" alt=\"\" width=\"594\" height=\"469\" srcset=\"http:\/\/derivesdansleglisecatholique.fr\/wp-content\/uploads\/2018\/09\/La-complicit\u00e9-de-linstitution.jpg 594w, http:\/\/derivesdansleglisecatholique.fr\/wp-content\/uploads\/2018\/09\/La-complicit\u00e9-de-linstitution-300x237.jpg 300w\" sizes=\"auto, (max-width: 594px) 100vw, 594px\" \/><a href=\"http:\/\/derivesdansleglisecatholique.fr\/wp-content\/uploads\/2018\/09\/Eglise-en-otage.jpg\"><img loading=\"lazy\" decoding=\"async\" class=\"aligncenter wp-image-6272 size-full\" src=\"http:\/\/derivesdansleglisecatholique.fr\/wp-content\/uploads\/2018\/09\/Eglise-en-otage.jpg\" alt=\"\" width=\"603\" height=\"661\" srcset=\"http:\/\/derivesdansleglisecatholique.fr\/wp-content\/uploads\/2018\/09\/Eglise-en-otage.jpg 603w, http:\/\/derivesdansleglisecatholique.fr\/wp-content\/uploads\/2018\/09\/Eglise-en-otage-274x300.jpg 274w\" sizes=\"auto, (max-width: 603px) 100vw, 603px\" \/><\/a><a href=\"http:\/\/derivesdansleglisecatholique.fr\/wp-content\/uploads\/2018\/09\/Le-pi\u00e8ge-du-silence-de-l\u00e9glise.jpg\"><img loading=\"lazy\" decoding=\"async\" class=\"aligncenter wp-image-6275 size-full\" src=\"http:\/\/derivesdansleglisecatholique.fr\/wp-content\/uploads\/2018\/09\/Le-pi\u00e8ge-du-silence-de-l\u00e9glise.jpg\" alt=\"\" width=\"648\" height=\"525\" srcset=\"http:\/\/derivesdansleglisecatholique.fr\/wp-content\/uploads\/2018\/09\/Le-pi\u00e8ge-du-silence-de-l\u00e9glise.jpg 648w, http:\/\/derivesdansleglisecatholique.fr\/wp-content\/uploads\/2018\/09\/Le-pi\u00e8ge-du-silence-de-l\u00e9glise-300x243.jpg 300w\" sizes=\"auto, (max-width: 648px) 100vw, 648px\" \/><\/a> <a href=\"http:\/\/derivesdansleglisecatholique.fr\/wp-content\/uploads\/2018\/09\/LEglise-juge-et-partie.jpg\"><img loading=\"lazy\" decoding=\"async\" class=\"aligncenter wp-image-6277 size-full\" src=\"http:\/\/derivesdansleglisecatholique.fr\/wp-content\/uploads\/2018\/09\/LEglise-juge-et-partie.jpg\" alt=\"\" width=\"583\" height=\"474\" srcset=\"http:\/\/derivesdansleglisecatholique.fr\/wp-content\/uploads\/2018\/09\/LEglise-juge-et-partie.jpg 583w, http:\/\/derivesdansleglisecatholique.fr\/wp-content\/uploads\/2018\/09\/LEglise-juge-et-partie-300x244.jpg 300w\" sizes=\"auto, (max-width: 583px) 100vw, 583px\" \/><\/a><\/p>\n<p>&nbsp;<\/p>\n<p>&nbsp;<\/p>\n","protected":false},"excerpt":{"rendered":"<p>&nbsp; &nbsp; &nbsp; &nbsp;<\/p>\n","protected":false},"author":3,"featured_media":0,"parent":0,"menu_order":0,"comment_status":"closed","ping_status":"closed","template":"","meta":{"footnotes":""},"class_list":["post-6278","page","type-page","status-publish","hentry"],"yoast_head":"<!-- This site is optimized with the Yoast SEO plugin v27.4 - https:\/\/yoast.com\/product\/yoast-seo-wordpress\/ -->\n<title>R\u00e9flexions - D\u00e9rives dans l&#039;eglise catholique<\/title>\n<meta name=\"robots\" content=\"index, follow, max-snippet:-1, max-image-preview:large, max-video-preview:-1\" \/>\n<link rel=\"canonical\" href=\"https:\/\/WWW.derivesdansleglisecatholique.fr\/?page_id=6278\" \/>\n<meta property=\"og:locale\" content=\"fr_FR\" \/>\n<meta property=\"og:type\" content=\"article\" \/>\n<meta property=\"og:title\" content=\"R\u00e9flexions - D\u00e9rives dans l&#039;eglise catholique\" \/>\n<meta property=\"og:description\" content=\"&nbsp; &nbsp; &nbsp; &nbsp;\" \/>\n<meta property=\"og:url\" content=\"https:\/\/WWW.derivesdansleglisecatholique.fr\/?page_id=6278\" \/>\n<meta property=\"og:site_name\" content=\"D\u00e9rives dans l&#039;eglise catholique\" \/>\n<meta property=\"article:modified_time\" content=\"2018-09-19T13:05:39+00:00\" \/>\n<meta property=\"og:image\" content=\"http:\/\/derivesdansleglisecatholique.fr\/wp-content\/uploads\/2018\/09\/Le-loup-gourou-psychospirituel.jpg\" \/>\n<script type=\"application\/ld+json\" class=\"yoast-schema-graph\">{\"@context\":\"https:\\\/\\\/schema.org\",\"@graph\":[{\"@type\":\"WebPage\",\"@id\":\"https:\\\/\\\/WWW.derivesdansleglisecatholique.fr\\\/?page_id=6278\",\"url\":\"https:\\\/\\\/WWW.derivesdansleglisecatholique.fr\\\/?page_id=6278\",\"name\":\"R\u00e9flexions - D\u00e9rives dans l&#039;eglise catholique\",\"isPartOf\":{\"@id\":\"https:\\\/\\\/WWW.derivesdansleglisecatholique.fr\\\/#website\"},\"primaryImageOfPage\":{\"@id\":\"https:\\\/\\\/WWW.derivesdansleglisecatholique.fr\\\/?page_id=6278#primaryimage\"},\"image\":{\"@id\":\"https:\\\/\\\/WWW.derivesdansleglisecatholique.fr\\\/?page_id=6278#primaryimage\"},\"thumbnailUrl\":\"http:\\\/\\\/derivesdansleglisecatholique.fr\\\/wp-content\\\/uploads\\\/2018\\\/09\\\/Le-loup-gourou-psychospirituel.jpg\",\"datePublished\":\"2018-09-19T13:01:43+00:00\",\"dateModified\":\"2018-09-19T13:05:39+00:00\",\"breadcrumb\":{\"@id\":\"https:\\\/\\\/WWW.derivesdansleglisecatholique.fr\\\/?page_id=6278#breadcrumb\"},\"inLanguage\":\"fr-FR\",\"potentialAction\":[{\"@type\":\"ReadAction\",\"target\":[\"https:\\\/\\\/WWW.derivesdansleglisecatholique.fr\\\/?page_id=6278\"]}]},{\"@type\":\"ImageObject\",\"inLanguage\":\"fr-FR\",\"@id\":\"https:\\\/\\\/WWW.derivesdansleglisecatholique.fr\\\/?page_id=6278#primaryimage\",\"url\":\"http:\\\/\\\/derivesdansleglisecatholique.fr\\\/wp-content\\\/uploads\\\/2018\\\/09\\\/Le-loup-gourou-psychospirituel.jpg\",\"contentUrl\":\"http:\\\/\\\/derivesdansleglisecatholique.fr\\\/wp-content\\\/uploads\\\/2018\\\/09\\\/Le-loup-gourou-psychospirituel.jpg\"},{\"@type\":\"BreadcrumbList\",\"@id\":\"https:\\\/\\\/WWW.derivesdansleglisecatholique.fr\\\/?page_id=6278#breadcrumb\",\"itemListElement\":[{\"@type\":\"ListItem\",\"position\":1,\"name\":\"Accueil\",\"item\":\"https:\\\/\\\/WWW.derivesdansleglisecatholique.fr\\\/\"},{\"@type\":\"ListItem\",\"position\":2,\"name\":\"R\u00e9flexions\"}]},{\"@type\":\"WebSite\",\"@id\":\"https:\\\/\\\/WWW.derivesdansleglisecatholique.fr\\\/#website\",\"url\":\"https:\\\/\\\/WWW.derivesdansleglisecatholique.fr\\\/\",\"name\":\"D\u00e9rives dans l&#039;eglise catholique\",\"description\":\"Justice et V\u00e9rit\u00e9 pour les familles\",\"potentialAction\":[{\"@type\":\"SearchAction\",\"target\":{\"@type\":\"EntryPoint\",\"urlTemplate\":\"https:\\\/\\\/WWW.derivesdansleglisecatholique.fr\\\/?s={search_term_string}\"},\"query-input\":{\"@type\":\"PropertyValueSpecification\",\"valueRequired\":true,\"valueName\":\"search_term_string\"}}],\"inLanguage\":\"fr-FR\"}]}<\/script>\n<!-- \/ Yoast SEO plugin. -->","yoast_head_json":{"title":"R\u00e9flexions - D\u00e9rives dans l&#039;eglise catholique","robots":{"index":"index","follow":"follow","max-snippet":"max-snippet:-1","max-image-preview":"max-image-preview:large","max-video-preview":"max-video-preview:-1"},"canonical":"https:\/\/WWW.derivesdansleglisecatholique.fr\/?page_id=6278","og_locale":"fr_FR","og_type":"article","og_title":"R\u00e9flexions - D\u00e9rives dans l&#039;eglise catholique","og_description":"&nbsp; &nbsp; &nbsp; &nbsp;","og_url":"https:\/\/WWW.derivesdansleglisecatholique.fr\/?page_id=6278","og_site_name":"D\u00e9rives dans l&#039;eglise catholique","article_modified_time":"2018-09-19T13:05:39+00:00","og_image":[{"url":"http:\/\/derivesdansleglisecatholique.fr\/wp-content\/uploads\/2018\/09\/Le-loup-gourou-psychospirituel.jpg","type":"","width":"","height":""}],"schema":{"@context":"https:\/\/schema.org","@graph":[{"@type":"WebPage","@id":"https:\/\/WWW.derivesdansleglisecatholique.fr\/?page_id=6278","url":"https:\/\/WWW.derivesdansleglisecatholique.fr\/?page_id=6278","name":"R\u00e9flexions - D\u00e9rives dans l&#039;eglise catholique","isPartOf":{"@id":"https:\/\/WWW.derivesdansleglisecatholique.fr\/#website"},"primaryImageOfPage":{"@id":"https:\/\/WWW.derivesdansleglisecatholique.fr\/?page_id=6278#primaryimage"},"image":{"@id":"https:\/\/WWW.derivesdansleglisecatholique.fr\/?page_id=6278#primaryimage"},"thumbnailUrl":"http:\/\/derivesdansleglisecatholique.fr\/wp-content\/uploads\/2018\/09\/Le-loup-gourou-psychospirituel.jpg","datePublished":"2018-09-19T13:01:43+00:00","dateModified":"2018-09-19T13:05:39+00:00","breadcrumb":{"@id":"https:\/\/WWW.derivesdansleglisecatholique.fr\/?page_id=6278#breadcrumb"},"inLanguage":"fr-FR","potentialAction":[{"@type":"ReadAction","target":["https:\/\/WWW.derivesdansleglisecatholique.fr\/?page_id=6278"]}]},{"@type":"ImageObject","inLanguage":"fr-FR","@id":"https:\/\/WWW.derivesdansleglisecatholique.fr\/?page_id=6278#primaryimage","url":"http:\/\/derivesdansleglisecatholique.fr\/wp-content\/uploads\/2018\/09\/Le-loup-gourou-psychospirituel.jpg","contentUrl":"http:\/\/derivesdansleglisecatholique.fr\/wp-content\/uploads\/2018\/09\/Le-loup-gourou-psychospirituel.jpg"},{"@type":"BreadcrumbList","@id":"https:\/\/WWW.derivesdansleglisecatholique.fr\/?page_id=6278#breadcrumb","itemListElement":[{"@type":"ListItem","position":1,"name":"Accueil","item":"https:\/\/WWW.derivesdansleglisecatholique.fr\/"},{"@type":"ListItem","position":2,"name":"R\u00e9flexions"}]},{"@type":"WebSite","@id":"https:\/\/WWW.derivesdansleglisecatholique.fr\/#website","url":"https:\/\/WWW.derivesdansleglisecatholique.fr\/","name":"D\u00e9rives dans l&#039;eglise catholique","description":"Justice et V\u00e9rit\u00e9 pour les familles","potentialAction":[{"@type":"SearchAction","target":{"@type":"EntryPoint","urlTemplate":"https:\/\/WWW.derivesdansleglisecatholique.fr\/?s={search_term_string}"},"query-input":{"@type":"PropertyValueSpecification","valueRequired":true,"valueName":"search_term_string"}}],"inLanguage":"fr-FR"}]}},"_links":{"self":[{"href":"https:\/\/WWW.derivesdansleglisecatholique.fr\/index.php?rest_route=\/wp\/v2\/pages\/6278","targetHints":{"allow":["GET"]}}],"collection":[{"href":"https:\/\/WWW.derivesdansleglisecatholique.fr\/index.php?rest_route=\/wp\/v2\/pages"}],"about":[{"href":"https:\/\/WWW.derivesdansleglisecatholique.fr\/index.php?rest_route=\/wp\/v2\/types\/page"}],"author":[{"embeddable":true,"href":"https:\/\/WWW.derivesdansleglisecatholique.fr\/index.php?rest_route=\/wp\/v2\/users\/3"}],"replies":[{"embeddable":true,"href":"https:\/\/WWW.derivesdansleglisecatholique.fr\/index.php?rest_route=%2Fwp%2Fv2%2Fcomments&post=6278"}],"version-history":[{"count":3,"href":"https:\/\/WWW.derivesdansleglisecatholique.fr\/index.php?rest_route=\/wp\/v2\/pages\/6278\/revisions"}],"predecessor-version":[{"id":6281,"href":"https:\/\/WWW.derivesdansleglisecatholique.fr\/index.php?rest_route=\/wp\/v2\/pages\/6278\/revisions\/6281"}],"wp:attachment":[{"href":"https:\/\/WWW.derivesdansleglisecatholique.fr\/index.php?rest_route=%2Fwp%2Fv2%2Fmedia&parent=6278"}],"curies":[{"name":"wp","href":"https:\/\/api.w.org\/{rel}","templated":true}]}}