{"id":842,"date":"2017-03-25T21:12:45","date_gmt":"2017-03-25T20:12:45","guid":{"rendered":"http:\/\/WWW.derivesdansleglisecatholique.fr\/?page_id=842"},"modified":"2017-03-25T21:30:57","modified_gmt":"2017-03-25T20:30:57","slug":"eveque-priere-pardon","status":"publish","type":"page","link":"https:\/\/WWW.derivesdansleglisecatholique.fr\/?page_id=842","title":{"rendered":"Un \u00e9v\u00eaque, sa pri\u00e8re et le pardon"},"content":{"rendered":"<p><span style=\"color: #0000ff;\"><strong><span style=\"color: #ffcc99;\">.<\/span><br \/>\n<\/strong><\/span><\/p>\n<p style=\"padding-left: 30px;\"><span style=\"color: #0000ff; font-family: times new roman,times,serif; font-size: 14pt;\"><strong>La pri\u00e8re secr\u00e8te d\u2019un \u00e9v\u00eaque pour demander pardon pour les scandales dans\u00a0l\u2019\u00c9glise<\/strong><\/span><\/p>\n<p style=\"padding-left: 30px;\"><span style=\"color: #ffcc99;\">.<\/span><\/p>\n<p style=\"padding-left: 30px;\"><span style=\"font-family: times new roman,times,serif; font-size: 12pt;\">Pri\u00e8re que vous trouverez, avec la note de la r\u00e9daction sur le site\u00a0:<\/span><\/p>\n<p style=\"padding-left: 30px;\"><span style=\"color: #ffcc99;\">.<\/span><\/p>\n<p style=\"padding-left: 30px;\"><a href=\"http:\/\/fr.aleteia.org\/2017\/03\/23\/la-priere-secrete-dun-eveque-pour-demander-pardon-pour-les-scandales-dans-leglise\/?utm_campaign=NL_fr&amp;utm_source=daily_newsletter&amp;utm_medium=mail&amp;utm_content=NL_fr\">http:\/\/fr.aleteia.org\/2017\/03\/23\/la-priere-secrete-dun-eveque-pour-demander-pardon-pour-les-scandales-dans-leglise\/?utm_campaign=NL_fr&amp;utm_source=daily_newsletter&amp;utm_medium=mail&amp;utm_content=NL_fr<\/a><\/p>\n<p style=\"padding-left: 30px;\"><span style=\"color: #ffcc99;\">.<\/span><\/p>\n<p style=\"padding-left: 30px;\"><span style=\"font-family: times new roman,times,serif; font-size: 12pt;\"><em>\u00ab\u00a0C\u2019est parce qu\u2019en v\u00e9rit\u00e9, nous sommes impardonnables, qu\u2019il nous est si difficile de demander pardon \u00e0 nos victimes.\u00a0\u00bb Face aux affaires de p\u00e9dophilie et d&rsquo;abus sexuels qui entachent l&rsquo;Eglise, la pri\u00e8re reste irrempla\u00e7able. Il ne faut pas l&rsquo;oublier parall\u00e8lement aux n\u00e9cessaires mesures temporelles qu&rsquo;il convient de mettre en place.\u00a0\u00bb<\/em><\/span><\/p>\n<p style=\"padding-left: 30px;\"><span style=\"color: #ffcc99;\">.<\/span><\/p>\n<p style=\"padding-left: 30px;\"><span style=\"font-family: times new roman,times,serif; font-size: 12pt;\">Nous r\u00e9agissons d\u2019abord \u00e0\u00a0 l\u2019introduction\u00a0:<\/span><\/p>\n<p style=\"padding-left: 30px;\"><span style=\"color: #ffcc99;\">.<\/span><\/p>\n<p style=\"padding-left: 30px;\"><span style=\"font-family: times new roman,times,serif; font-size: 12pt;\">&#8211;\u00a0 <em>\u00ab\u00a0C\u2019est parce qu\u2019en v\u00e9rit\u00e9, nous sommes impardonnables, qu\u2019il nous est si difficile de demander pardon \u00e0 nos victimes.\u00a0\u00bb<\/em><\/span><\/p>\n<p style=\"padding-left: 30px;\"><span style=\"font-family: times new roman,times,serif; font-size: 12pt;\">\u00ab\u00a0Etre impardonnable\u00a0\u00bb n\u2019existe pas dans l\u2019Evangile. C\u2019est une offense \u00e0 Dieu de le croire et une fausse justification de la faute sous couvert d\u2019humilit\u00e9.\u00a0<\/span><\/p>\n<p style=\"padding-left: 30px;\"><span style=\"color: #ffcc99;\">.<\/span><\/p>\n<p style=\"padding-left: 30px;\"><span style=\"font-family: times new roman,times,serif; font-size: 12pt;\">\u00ab\u00a0Une affaire qui d\u00e9passe l\u2019entendement\u00a0\u00bb dit la r\u00e9daction. Nous ne pouvons qu\u2019approuver. \u00a0La p\u00e9dophilie est qualifi\u00e9e de crime. Cependant, ce\u00a0 qui d\u00e9passe l\u2019entendement, c\u2019est que pour faire \u00e9clater la v\u00e9rit\u00e9 sur ce fl\u00e9au, et obtenir justice, il faille arriver \u00e0 ce que ce soient les m\u00e9dias qui d\u00e9busquent les p\u00e9dophiles dans l\u2019Eglise. Un scandale dont l\u2019Eglise est seule responsable par son silence coupable et\u00a0 inacceptable.\u00a0\u00a0\u00a0 \u00a0<\/span><\/p>\n<p style=\"padding-left: 30px;\"><span style=\"font-family: times new roman,times,serif; font-size: 12pt;\">Bien que vous ayez le courage de poser des mots sur l\u2019horreur de la situation qui est la v\u00f4tre, nous sommes choqu\u00e9s, Monseigneur, par votre pri\u00e8re. Elle est \u00a0\u00e9mouvante \u00e0 une premi\u00e8re lecture, mais, \u00e0 l\u2019analyse d\u00e9voile ses failles. Nous ne pouvons y adh\u00e9rer et nous vous en \u00a0disons les raisons en reprenant quelques passages de votre texte.<\/span><\/p>\n<p style=\"padding-left: 30px;\"><span style=\"color: #ffcc99;\">.<\/span><\/p>\n<p style=\"padding-left: 30px;\"><span style=\"font-family: times new roman,times,serif; font-size: 12pt;\"><em>\u00a0<\/em><\/span><\/p>\n<p style=\"padding-left: 30px;\"><span style=\"font-family: times new roman,times,serif; font-size: 12pt;\"><em>&#8211; \u00ab\u00a0Dieu notre P\u00e8re,<br \/>\nDes profondeurs du pi\u00e8ge o\u00f9 nous sommes tomb\u00e9s, nous crions vers Toi\u00a0! Ne nous abandonne pas, nous, ton clerg\u00e9, dans cette \u00e9preuve.\u00a0\u00bb<\/em><\/span><\/p>\n<p style=\"padding-left: 30px;\"><span style=\"font-family: times new roman,times,serif; font-size: 12pt;\">Vous avez abandonn\u00e9 les victimes pi\u00e9g\u00e9es de la sorte dans leur souffrance. Votre \u00e9preuve n\u2019est-elle pas \u00a0le mal que vous avez d\u00e9ni\u00e9 qui vous lie \u00e0 elles tant que vous ne les aurez pas lib\u00e9r\u00e9es\u00a0? \u00a0Seule la v\u00e9rit\u00e9 rend libre. C\u2019est le cas pour les victimes tout autant que pour vous.<\/span><\/p>\n<p style=\"padding-left: 30px;\"><span style=\"color: #ffcc99;\">.<\/span><\/p>\n<p style=\"padding-left: 30px;\"><span style=\"font-family: times new roman,times,serif; font-size: 12pt;\"><em><br \/>\n&#8211; \u00ab\u00a0Nous t\u2019en prions, dis-nous comment nous pourrions bien \u00eatre pardonn\u00e9s. Et retrouver avec la paix du c\u0153ur, la confiance du monde.\u00a0\u00bb<br \/>\n<\/em>Vous connaissez parfaitement le chemin \u00e0 faire\u00a0: il ne suffit pas de prier pour \u00eatre pardonn\u00e9, la reconnaissance du tort caus\u00e9, et la r\u00e9paration sont conditions du pardon. Un chemin humain, spirituel, et non virtuel.<\/span><\/p>\n<p style=\"padding-left: 30px;\"><span style=\"font-family: times new roman,times,serif; font-size: 12pt; color: #ffcc99;\"><em>\u00a0.<\/em><\/span><\/p>\n<p style=\"padding-left: 30px;\"><span style=\"font-family: times new roman,times,serif; font-size: 12pt;\">\u00a0<em>&#8211; \u00ab\u00a0<\/em><em>Nous n\u2019osons pas demander pardon \u00e0 tous les humbles, tous les petits (\u2026) \u00e0 nos victimes. Et pas seulement les enfants, mais aussi les innombrables adultes (\u2026) Ces hommes et ces femmes de bonne volont\u00e9 qui mettaient toute leur confiance en nous, Comment serions-nous cr\u00e9dibles, en leur demandant pardon\u00a0?\u00a0\u00bb<\/em><\/span><\/p>\n<p style=\"padding-left: 30px;\"><span style=\"color: #ffcc99;\">.<\/span><\/p>\n<p style=\"padding-left: 30px;\"><span style=\"font-family: times new roman,times,serif; font-size: 12pt;\">Et oui, Monseigneur, se battre la coulpe ne suffit pas pour devenir cr\u00e9dible, il faut rejeter l\u2019orgueil qui semble se camoufler derri\u00e8re vos propos. Croyez-vous que vous restez cr\u00e9dible dans une pareille nasse, par la justification\u00a0 de votre pri\u00e8re\u00a0? L\u2019urgence est-elle d\u2019\u00eatre cr\u00e9dible c&rsquo;est-\u00e0-dire de sauver la face, ou de faire la v\u00e9rit\u00e9\u00a0? Avez-vous daign\u00e9 rencontrer les victimes\u00a0? Sont-elles pour vous seulement des dossiers\u00a0? Des num\u00e9ros\u00a0? Des matricules\u00a0? O\u00f9 bien comme ce devrait l\u2019\u00eatre, des fr\u00e8res\u00a0dans la foi ?<\/span><\/p>\n<p style=\"padding-left: 30px;\"><span style=\"font-family: times new roman,times,serif; font-size: 12pt; color: #ffcc99;\"><em>\u00a0.<\/em><\/span><\/p>\n<p style=\"padding-left: 30px;\"><span style=\"font-family: times new roman,times,serif; font-size: 12pt;\"><em>&#8211; \u00ab\u00a0C\u2019est parce qu\u2019en v\u00e9rit\u00e9, nous sommes impardonnables, Qu\u2019il nous est si difficile de demander pardon \u00e0 nos victimes\u00a0\u00bb.<\/em><\/span><\/p>\n<p style=\"padding-left: 30px;\"><span style=\"font-family: times new roman,times,serif; font-size: 12pt;\">Se croire impardonnable est le pire des p\u00e9ch\u00e9s d\u2019orgueil. Vous devez le savoir, Monseigneur, puisque c\u2019est d\u00e9sesp\u00e9rer de Dieu.\u00a0<\/span><\/p>\n<p style=\"padding-left: 30px;\"><span style=\"color: #ffcc99;\">.<\/span><\/p>\n<p style=\"padding-left: 30px;\"><span style=\"font-family: times new roman,times,serif; font-size: 12pt;\">Et paradoxalement vous continuez\u00a0:<\/span><\/p>\n<p style=\"padding-left: 30px;\"><span style=\"color: #ffcc99;\">.<\/span><\/p>\n<p style=\"padding-left: 30px;\"><span style=\"font-family: times new roman,times,serif; font-size: 12pt;\"><em>\u00ab\u00a0Mais Dieu de Mis\u00e9ricorde, Tu nous as promis que Toi, \u00a0tu nous pardonnerais comme nous-m\u00eames nous aurons pardonn\u00e9 \u00e0 ceux qui nous ont fait du mal. Piti\u00e9 Seigneur, P\u00e8re infiniment bon\u00a0: \u00e0 qui irions-nous pour trouver le pardon et la paix, sinon \u00e0 Toi qui a envoy\u00e9 l\u2019Esprit saint pour la r\u00e9mission des p\u00e9ch\u00e9s\u00a0?<br \/>\nJ\u2019esp\u00e8re Seigneur, j\u2019esp\u00e8re\u00a0: pr\u00e8s de Toi seul se trouve notre rachat.\u00a0\u00bb<\/em><\/span><\/p>\n<p style=\"padding-left: 30px;\"><span style=\"color: #ffcc99;\">.<\/span><\/p>\n<p style=\"padding-left: 30px;\"><span style=\"font-family: times new roman,times,serif; font-size: 12pt;\">Votre conclusion est de vous appuyer sur la certitude que Dieu vous pardonnera comme vous avez pardonn\u00e9. C\u2019est un peu l\u00e9ger. Il y a des conditions \u00e0 cela que vous n\u00e9gligez. Vous restez libre de pardonner \u00e0 ceux qui vous ont bless\u00e9, vous ne pouvez en revanche, vous pardonner de la sorte le mal que vous avez fait.<\/span><\/p>\n<p style=\"padding-left: 30px;\"><span style=\"color: #ffcc99;\">.<\/span><\/p>\n<p style=\"padding-left: 30px;\"><span style=\"font-family: times new roman,times,serif; font-size: 12pt;\">Voici \u00a0ce que dit St Jean-Paul II \u00e0 ce sujet dans \u00ab <strong>Dives in misericordia,<\/strong><strong>\u00a0<\/strong>au ch. 14 \u00bb :<\/span><\/p>\n<p style=\"padding-left: 30px;\"><span style=\"color: #ffcc99;\">.<\/span><\/p>\n<p style=\"padding-left: 30px;\"><span style=\"font-family: times new roman,times,serif; font-size: 12pt;\">\u00ab \u2026<strong>Il est \u00e9vident qu\u2019une exigence aussi g\u00e9n\u00e9reuse de pardon n\u2019annule pas les exigences objectives de la justice. La justice bien comprise constitue pour ainsi dire le but du pardon. Dans aucun passage du message \u00e9vang\u00e9lique, le pardon, ni m\u00eame la mis\u00e9ricorde qui en est la source, ne signifient indulgence envers le mal, envers le scandale, envers le tort caus\u00e9 ou les offenses. En chaque cas, la r\u00e9paration du mal et du scandale, le d\u00e9dommagement du tort caus\u00e9, la satisfaction de l\u2019offense sont conditions du pardon. \u00bb<\/strong><\/span><\/p>\n<p style=\"padding-left: 30px;\"><span style=\"color: #ffcc99;\">.<\/span><\/p>\n<p style=\"padding-left: 30px;\"><span style=\"font-family: times new roman,times,serif; font-size: 12pt;\">Et les victimes\u00a0? Leurs parents\u00a0? Leurs familles\u00a0? Qu\u2019en faites-vous\u00a0? Dieu n\u2019est pas le refuge du pardon virtuel. Vous, comme les autres responsables, aurez des comptes \u00e0 rendre pour chacun de ceux qu\u2019Il vous a confi\u00e9s. Si ce sont vos fr\u00e8res, prouvez-le\u00a0: prenez votre b\u00e2ton de pasteur et allez \u00e0 leur rencontre. Vous reconstruirez leur humanit\u00e9 bless\u00e9e, la v\u00f4tre, et\u00a0 l\u2019Eglise. Sinon comment pouvez-vous pr\u00eacher l\u2019Amour de Dieu\u00a0?<\/span><\/p>\n<p style=\"padding-left: 30px;\"><span style=\"color: #ffcc99;\">.<\/span><\/p>\n<p style=\"padding-left: 30px;\"><span style=\"font-family: times new roman,times,serif; font-size: 12pt;\">A votre avis, pourquoi la foi se perd-t-elle\u00a0? Dans une Eglise qui couvre tant de scandales, poser la question c\u2019est d\u00e9j\u00e0 y r\u00e9pondre. Malgr\u00e9 cela, nous sommes pr\u00eats \u00e0 dialoguer, dans l\u2019exigence de la v\u00e9rit\u00e9 et de la charit\u00e9, avec vous. Il suffit de nous contacter.<em><br \/>\n<span style=\"color: #ffcc99;\">.<\/span><br \/>\n<\/em><\/span><\/p>\n<p style=\"padding-left: 30px;\"><span style=\"font-family: times new roman,times,serif; font-size: 12pt;\">Vous recevrez ce billet d\u2019humeur \u00e9crit par des parents catholiques qui ont subi le pire dans l\u2019Eglise. Leurs enfants \u00a0sont enchain\u00e9s par l\u2019emprise mentale psycho-spirituelle qui a bris\u00e9 leurs liens familiaux et d\u00e9truit leur humanit\u00e9.<\/span><\/p>\n<p style=\"padding-left: 30px;\"><span style=\"color: #ffcc99;\">.<\/span><\/p>\n","protected":false},"excerpt":{"rendered":"<p>. La pri\u00e8re secr\u00e8te d\u2019un \u00e9v\u00eaque pour demander pardon pour les scandales dans\u00a0l\u2019\u00c9glise . Pri\u00e8re que vous trouverez, avec la note de la r\u00e9daction sur le site\u00a0: . http:\/\/fr.aleteia.org\/2017\/03\/23\/la-priere-secrete-dun-eveque-pour-demander-pardon-pour-les-scandales-dans-leglise\/?utm_campaign=NL_fr&amp;utm_source=daily_newsletter&amp;utm_medium=mail&amp;utm_content=NL_fr . \u00ab\u00a0C\u2019est parce qu\u2019en v\u00e9rit\u00e9, nous sommes impardonnables, qu\u2019il nous est si difficile de demander pardon \u00e0 nos victimes.\u00a0\u00bb Face aux affaires de p\u00e9dophilie et d&rsquo;abus <span class=\"ellipsis\">&hellip;<\/span> <span class=\"more-link-wrap\"><a href=\"https:\/\/WWW.derivesdansleglisecatholique.fr\/?page_id=842\" class=\"more-link\"><span>Read More &rarr;<\/span><\/a><\/span><\/p>\n","protected":false},"author":2,"featured_media":0,"parent":0,"menu_order":0,"comment_status":"closed","ping_status":"closed","template":"","meta":{"footnotes":""},"class_list":["post-842","page","type-page","status-publish","hentry"],"yoast_head":"<!-- This site is optimized with the Yoast SEO plugin v27.4 - https:\/\/yoast.com\/product\/yoast-seo-wordpress\/ -->\n<title>Un \u00e9v\u00eaque, sa pri\u00e8re et le pardon - D\u00e9rives dans l&#039;eglise catholique<\/title>\n<meta name=\"robots\" content=\"index, follow, max-snippet:-1, max-image-preview:large, max-video-preview:-1\" \/>\n<link rel=\"canonical\" href=\"http:\/\/WWW.derivesdansleglisecatholique.fr\/?page_id=842\" \/>\n<meta property=\"og:locale\" content=\"fr_FR\" \/>\n<meta property=\"og:type\" content=\"article\" \/>\n<meta property=\"og:title\" content=\"Un \u00e9v\u00eaque, sa pri\u00e8re et le pardon - D\u00e9rives dans l&#039;eglise catholique\" \/>\n<meta property=\"og:description\" content=\". La pri\u00e8re secr\u00e8te d\u2019un \u00e9v\u00eaque pour demander pardon pour les scandales dans\u00a0l\u2019\u00c9glise . Pri\u00e8re que vous trouverez, avec la note de la r\u00e9daction sur le site\u00a0: . http:\/\/fr.aleteia.org\/2017\/03\/23\/la-priere-secrete-dun-eveque-pour-demander-pardon-pour-les-scandales-dans-leglise\/?utm_campaign=NL_fr&amp;utm_source=daily_newsletter&amp;utm_medium=mail&amp;utm_content=NL_fr . \u00ab\u00a0C\u2019est parce qu\u2019en v\u00e9rit\u00e9, nous sommes impardonnables, qu\u2019il nous est si difficile de demander pardon \u00e0 nos victimes.\u00a0\u00bb Face aux affaires de p\u00e9dophilie et d&rsquo;abus &hellip; Read More &rarr;\" \/>\n<meta property=\"og:url\" content=\"http:\/\/WWW.derivesdansleglisecatholique.fr\/?page_id=842\" \/>\n<meta property=\"og:site_name\" content=\"D\u00e9rives dans l&#039;eglise catholique\" \/>\n<meta property=\"article:modified_time\" content=\"2017-03-25T20:30:57+00:00\" \/>\n<meta name=\"twitter:label1\" content=\"Dur\u00e9e de lecture estim\u00e9e\" \/>\n\t<meta name=\"twitter:data1\" content=\"5 minutes\" \/>\n<script type=\"application\/ld+json\" class=\"yoast-schema-graph\">{\"@context\":\"https:\\\/\\\/schema.org\",\"@graph\":[{\"@type\":\"WebPage\",\"@id\":\"http:\\\/\\\/WWW.derivesdansleglisecatholique.fr\\\/?page_id=842\",\"url\":\"http:\\\/\\\/WWW.derivesdansleglisecatholique.fr\\\/?page_id=842\",\"name\":\"Un \u00e9v\u00eaque, sa pri\u00e8re et le pardon - D\u00e9rives dans l&#039;eglise catholique\",\"isPartOf\":{\"@id\":\"https:\\\/\\\/WWW.derivesdansleglisecatholique.fr\\\/#website\"},\"datePublished\":\"2017-03-25T20:12:45+00:00\",\"dateModified\":\"2017-03-25T20:30:57+00:00\",\"breadcrumb\":{\"@id\":\"http:\\\/\\\/WWW.derivesdansleglisecatholique.fr\\\/?page_id=842#breadcrumb\"},\"inLanguage\":\"fr-FR\",\"potentialAction\":[{\"@type\":\"ReadAction\",\"target\":[\"http:\\\/\\\/WWW.derivesdansleglisecatholique.fr\\\/?page_id=842\"]}]},{\"@type\":\"BreadcrumbList\",\"@id\":\"http:\\\/\\\/WWW.derivesdansleglisecatholique.fr\\\/?page_id=842#breadcrumb\",\"itemListElement\":[{\"@type\":\"ListItem\",\"position\":1,\"name\":\"Accueil\",\"item\":\"https:\\\/\\\/WWW.derivesdansleglisecatholique.fr\\\/\"},{\"@type\":\"ListItem\",\"position\":2,\"name\":\"Un \u00e9v\u00eaque, sa pri\u00e8re et le pardon\"}]},{\"@type\":\"WebSite\",\"@id\":\"https:\\\/\\\/WWW.derivesdansleglisecatholique.fr\\\/#website\",\"url\":\"https:\\\/\\\/WWW.derivesdansleglisecatholique.fr\\\/\",\"name\":\"D\u00e9rives dans l&#039;eglise catholique\",\"description\":\"Justice et V\u00e9rit\u00e9 pour les familles\",\"potentialAction\":[{\"@type\":\"SearchAction\",\"target\":{\"@type\":\"EntryPoint\",\"urlTemplate\":\"https:\\\/\\\/WWW.derivesdansleglisecatholique.fr\\\/?s={search_term_string}\"},\"query-input\":{\"@type\":\"PropertyValueSpecification\",\"valueRequired\":true,\"valueName\":\"search_term_string\"}}],\"inLanguage\":\"fr-FR\"}]}<\/script>\n<!-- \/ Yoast SEO plugin. -->","yoast_head_json":{"title":"Un \u00e9v\u00eaque, sa pri\u00e8re et le pardon - D\u00e9rives dans l&#039;eglise catholique","robots":{"index":"index","follow":"follow","max-snippet":"max-snippet:-1","max-image-preview":"max-image-preview:large","max-video-preview":"max-video-preview:-1"},"canonical":"http:\/\/WWW.derivesdansleglisecatholique.fr\/?page_id=842","og_locale":"fr_FR","og_type":"article","og_title":"Un \u00e9v\u00eaque, sa pri\u00e8re et le pardon - D\u00e9rives dans l&#039;eglise catholique","og_description":". La pri\u00e8re secr\u00e8te d\u2019un \u00e9v\u00eaque pour demander pardon pour les scandales dans\u00a0l\u2019\u00c9glise . Pri\u00e8re que vous trouverez, avec la note de la r\u00e9daction sur le site\u00a0: . http:\/\/fr.aleteia.org\/2017\/03\/23\/la-priere-secrete-dun-eveque-pour-demander-pardon-pour-les-scandales-dans-leglise\/?utm_campaign=NL_fr&amp;utm_source=daily_newsletter&amp;utm_medium=mail&amp;utm_content=NL_fr . \u00ab\u00a0C\u2019est parce qu\u2019en v\u00e9rit\u00e9, nous sommes impardonnables, qu\u2019il nous est si difficile de demander pardon \u00e0 nos victimes.\u00a0\u00bb Face aux affaires de p\u00e9dophilie et d&rsquo;abus &hellip; Read More &rarr;","og_url":"http:\/\/WWW.derivesdansleglisecatholique.fr\/?page_id=842","og_site_name":"D\u00e9rives dans l&#039;eglise catholique","article_modified_time":"2017-03-25T20:30:57+00:00","twitter_misc":{"Dur\u00e9e de lecture estim\u00e9e":"5 minutes"},"schema":{"@context":"https:\/\/schema.org","@graph":[{"@type":"WebPage","@id":"http:\/\/WWW.derivesdansleglisecatholique.fr\/?page_id=842","url":"http:\/\/WWW.derivesdansleglisecatholique.fr\/?page_id=842","name":"Un \u00e9v\u00eaque, sa pri\u00e8re et le pardon - D\u00e9rives dans l&#039;eglise catholique","isPartOf":{"@id":"https:\/\/WWW.derivesdansleglisecatholique.fr\/#website"},"datePublished":"2017-03-25T20:12:45+00:00","dateModified":"2017-03-25T20:30:57+00:00","breadcrumb":{"@id":"http:\/\/WWW.derivesdansleglisecatholique.fr\/?page_id=842#breadcrumb"},"inLanguage":"fr-FR","potentialAction":[{"@type":"ReadAction","target":["http:\/\/WWW.derivesdansleglisecatholique.fr\/?page_id=842"]}]},{"@type":"BreadcrumbList","@id":"http:\/\/WWW.derivesdansleglisecatholique.fr\/?page_id=842#breadcrumb","itemListElement":[{"@type":"ListItem","position":1,"name":"Accueil","item":"https:\/\/WWW.derivesdansleglisecatholique.fr\/"},{"@type":"ListItem","position":2,"name":"Un \u00e9v\u00eaque, sa pri\u00e8re et le pardon"}]},{"@type":"WebSite","@id":"https:\/\/WWW.derivesdansleglisecatholique.fr\/#website","url":"https:\/\/WWW.derivesdansleglisecatholique.fr\/","name":"D\u00e9rives dans l&#039;eglise catholique","description":"Justice et V\u00e9rit\u00e9 pour les familles","potentialAction":[{"@type":"SearchAction","target":{"@type":"EntryPoint","urlTemplate":"https:\/\/WWW.derivesdansleglisecatholique.fr\/?s={search_term_string}"},"query-input":{"@type":"PropertyValueSpecification","valueRequired":true,"valueName":"search_term_string"}}],"inLanguage":"fr-FR"}]}},"_links":{"self":[{"href":"https:\/\/WWW.derivesdansleglisecatholique.fr\/index.php?rest_route=\/wp\/v2\/pages\/842","targetHints":{"allow":["GET"]}}],"collection":[{"href":"https:\/\/WWW.derivesdansleglisecatholique.fr\/index.php?rest_route=\/wp\/v2\/pages"}],"about":[{"href":"https:\/\/WWW.derivesdansleglisecatholique.fr\/index.php?rest_route=\/wp\/v2\/types\/page"}],"author":[{"embeddable":true,"href":"https:\/\/WWW.derivesdansleglisecatholique.fr\/index.php?rest_route=\/wp\/v2\/users\/2"}],"replies":[{"embeddable":true,"href":"https:\/\/WWW.derivesdansleglisecatholique.fr\/index.php?rest_route=%2Fwp%2Fv2%2Fcomments&post=842"}],"version-history":[{"count":2,"href":"https:\/\/WWW.derivesdansleglisecatholique.fr\/index.php?rest_route=\/wp\/v2\/pages\/842\/revisions"}],"predecessor-version":[{"id":848,"href":"https:\/\/WWW.derivesdansleglisecatholique.fr\/index.php?rest_route=\/wp\/v2\/pages\/842\/revisions\/848"}],"wp:attachment":[{"href":"https:\/\/WWW.derivesdansleglisecatholique.fr\/index.php?rest_route=%2Fwp%2Fv2%2Fmedia&parent=842"}],"curies":[{"name":"wp","href":"https:\/\/api.w.org\/{rel}","templated":true}]}}